{"id":11278,"date":"2026-02-24T16:45:32","date_gmt":"2026-02-24T16:45:32","guid":{"rendered":"https:\/\/westonclimate.com\/?post_type=product&#038;p=11278"},"modified":"2026-02-25T08:13:45","modified_gmt":"2026-02-25T08:13:45","slug":"weston-climate-180mm-4m-pompa-di-circolazione-acqua-calda-3fix-auto-pwm-25w-g1-5-g1","status":"publish","type":"product","link":"https:\/\/westonclimate.com\/it\/tooted\/weston-climate-180mm-4m-kuuma-vee-tsirkulatsioonipump-3fix-auto-pwm-25w-g1-5-%e2%86%92-g1\/","title":{"rendered":"Weston Climate 180mm 4m pompa di circolazione acqua calda 3fix\/Auto\/PWM 25W G1.5\u2019\u2019 \u2192 G1\u2019\u2019"},"content":{"rendered":"<ul>\n<li data-start=\"1028\" data-end=\"1051\">Altezza di sollevamento: fino a 4 m<\/li>\n<li data-start=\"1054\" data-end=\"1092\">Portata (L\/min): fino a 40 L\/min<\/li>\n<li>Modalit\u00e0 di funzionamento: 3 velocit\u00e0 fisse + modalit\u00e0 automatica + PWM<\/li>\n<li data-start=\"1095\" data-end=\"1109\">Potenza: 25W<\/li>\n<li data-start=\"1112\" data-end=\"1131\">Lunghezza di installazione: 180 mm<\/li>\n<li data-start=\"1134\" data-end=\"1166\">Voltage\/frequency: 220-250V\/50-60Hz<\/li>\n<li data-start=\"1169\" data-end=\"1212\">Grado di protezione: IP44<\/li>\n<li data-start=\"1237\" data-end=\"1252\">Cuneo: G1.5\u2019\u2019<\/li>\n<li data-start=\"1255\" data-end=\"1280\">Transizione: G1,5\u2019\u2019 \u2192 G1\u2019\u2019<\/li>\n<\/ul>","protected":false},"excerpt":{"rendered":"<p data-start=\"109\" data-end=\"387\">La pompa di circolazione Weston Climate 180 mm \u00e8 una soluzione affidabile e a risparmio energetico per il riscaldamento o la circolazione dell'acqua calda sanitaria. L'unit\u00e0 \u00e8 adatta all'uso in case private, condomini e impianti di riscaldamento pi\u00f9 piccoli, dove sono richiesti un flusso d'acqua stabile e un'altezza di sollevamento fino a 4 metri.<\/p>\n<p data-start=\"389\" data-end=\"722\">Clima di Weston <strong>180mm 4m pompa di circolazione acqua calda 3fix\/Auto\/PWM 25W G1.5\u2019\u2019 \u2192 G1\u2019\u2019<\/strong> sono dotati di <strong data-start=\"408\" data-end=\"473\">tre velocit\u00e0 fisse, modalit\u00e0 automatica e controllo PWM<\/strong>. La modalit\u00e0 Auto adatta automaticamente il funzionamento alle esigenze dell'impianto, contribuendo a ridurre il consumo energetico e a prolungare la durata dell'apparecchio. La funzione PWM consente un controllo pi\u00f9 preciso del funzionamento della pompa e l'integrazione con l'automazione dei moderni sistemi di riscaldamento.<\/p>\n<p data-start=\"724\" data-end=\"920\"><strong data-start=\"724\" data-end=\"750\">180 mm di lunghezza di installazione<\/strong> \u00e8 conforme a uno standard comune, rendendo la pompa adatta sia a impianti nuovi che a quelli esistenti. La classe di protezione IP44 garantisce un funzionamento sicuro nelle normali condizioni del locale caldaia.<\/p>\n<p data-start=\"922\" data-end=\"1037\">Grazie a <strong data-start=\"927\" data-end=\"948\">per connettore G1,5<\/strong> e il modulo fornito <strong data-start=\"971\" data-end=\"1000\">transizione da G1,5\u2019\u2019 \u2192 G1\u2019\u2019<\/strong> l'installazione \u00e8 semplice e universale.<\/p>","protected":false},"featured_media":11279,"template":"","meta":[],"product_brand":[],"product_cat":[67,294],"product_tag":[],"class_list":{"0":"post-11278","1":"product","2":"type-product","3":"status-publish","4":"has-post-thumbnail","6":"product_cat-tsirkulatsioonipumbad","7":"product_cat-weston-climate","9":"first","10":"instock","11":"taxable","12":"shipping-taxable","13":"purchasable","14":"product-type-simple"},"_links":{"self":[{"href":"https:\/\/westonclimate.com\/it\/wp-json\/wp\/v2\/product\/11278","targetHints":{"allow":["GET"]}}],"collection":[{"href":"https:\/\/westonclimate.com\/it\/wp-json\/wp\/v2\/product"}],"about":[{"href":"https:\/\/westonclimate.com\/it\/wp-json\/wp\/v2\/types\/product"}],"version-history":[{"count":2,"href":"https:\/\/westonclimate.com\/it\/wp-json\/wp\/v2\/product\/11278\/revisions"}],"predecessor-version":[{"id":11281,"href":"https:\/\/westonclimate.com\/it\/wp-json\/wp\/v2\/product\/11278\/revisions\/11281"}],"wp:featuredmedia":[{"embeddable":true,"href":"https:\/\/westonclimate.com\/it\/wp-json\/wp\/v2\/media\/11279"}],"wp:attachment":[{"href":"https:\/\/westonclimate.com\/it\/wp-json\/wp\/v2\/media?parent=11278"}],"wp:term":[{"taxonomy":"product_brand","embeddable":true,"href":"https:\/\/westonclimate.com\/it\/wp-json\/wp\/v2\/product_brand?post=11278"},{"taxonomy":"product_cat","embeddable":true,"href":"https:\/\/westonclimate.com\/it\/wp-json\/wp\/v2\/product_cat?post=11278"},{"taxonomy":"product_tag","embeddable":true,"href":"https:\/\/westonclimate.com\/it\/wp-json\/wp\/v2\/product_tag?post=11278"}],"curies":[{"name":"wp","href":"https:\/\/api.w.org\/{rel}","templated":true}]}}