{"id":11282,"date":"2026-02-24T16:54:04","date_gmt":"2026-02-24T16:54:04","guid":{"rendered":"https:\/\/westonclimate.com\/?post_type=product&#038;p=11282"},"modified":"2026-02-25T08:13:36","modified_gmt":"2026-02-25T08:13:36","slug":"weston-climate-180mm-4m-pompa-di-circolazione-acqua-calda-3fix-auto-pwm-25w-g2-g1-2","status":"publish","type":"product","link":"https:\/\/westonclimate.com\/it\/tooted\/weston-climate-180mm-4m-kuuma-vee-tsirkulatsioonipump-3fix-auto-pwm-25w-g2-%e2%86%92-g1-2\/","title":{"rendered":"Weston Climate 180mm 4m pompa di circolazione acqua calda 3fix\/Auto\/PWM 25W G2\u2019\u2019 \u2192 G1.2\u2019\u2019"},"content":{"rendered":"<ul>\n<li data-start=\"1028\" data-end=\"1051\">Altezza di sollevamento: fino a 4 m<\/li>\n<li data-start=\"1054\" data-end=\"1092\">Portata (L\/min): fino a 45 L\/min<\/li>\n<li>Modalit\u00e0 di funzionamento: 3 velocit\u00e0 fisse + modalit\u00e0 automatica + PWM<\/li>\n<li data-start=\"1095\" data-end=\"1109\">Potenza: 25W<\/li>\n<li data-start=\"1112\" data-end=\"1131\">Lunghezza di installazione: 180 mm<\/li>\n<li data-start=\"1134\" data-end=\"1166\">Voltage\/frequency: 220-250V\/50-60Hz<\/li>\n<li data-start=\"1169\" data-end=\"1212\">Grado di protezione: IP44<\/li>\n<li data-start=\"1237\" data-end=\"1252\">Vuoto: G2\u2019\u2019<\/li>\n<li data-start=\"1255\" data-end=\"1280\">Transizione: G2\u2019\u2019 \u2192 G1.2\u2019\u2019<\/li>\n<\/ul>","protected":false},"excerpt":{"rendered":"<p data-start=\"110\" data-end=\"388\">La pompa di circolazione Weston Climate 180 mm \u00e8 una soluzione affidabile e a risparmio energetico per il riscaldamento o la circolazione dell'acqua calda sanitaria. L'unit\u00e0 \u00e8 adatta all'uso in case private, condomini e impianti di riscaldamento pi\u00f9 piccoli, dove sono richiesti un flusso d'acqua stabile e un'altezza di sollevamento fino a 4 metri.<\/p>\n<p data-start=\"390\" data-end=\"798\">Clima di Weston <strong>180mm 4m pompa di circolazione acqua calda 3fix\/Auto\/PWM 25W G2\u2019\u2019 \u2192 G1.2\u2019\u2019<\/strong> sono dotati di<strong> tre velocit\u00e0 fisse, modalit\u00e0 automatica e controllo PWM<\/strong>. La modalit\u00e0 Auto adatta automaticamente il funzionamento alle esigenze dell'impianto, contribuendo a ridurre il consumo energetico e a prolungare la durata dell'apparecchio. La funzione PWM consente un controllo pi\u00f9 preciso del funzionamento della pompa e l'integrazione con l'automazione dei moderni sistemi di riscaldamento.<\/p>\n<p data-start=\"800\" data-end=\"992\">La lunghezza di installazione di 180 mm \u00e8 uno standard comune, che rende la pompa adatta sia agli impianti nuovi che a quelli esistenti. La classe di protezione IP44 garantisce un funzionamento sicuro nelle normali condizioni del locale caldaia.<\/p>\n<p data-start=\"994\" data-end=\"1099\">Grazie alla connessione G2\u2019\u2019 e all'adattatore G2\u2019\u2019 \u2192 G1,2\u2019\u2019 in dotazione, l'installazione \u00e8 facile e universale.<\/p>","protected":false},"featured_media":11283,"template":"","meta":[],"product_brand":[],"product_cat":[67,294],"product_tag":[],"class_list":{"0":"post-11282","1":"product","2":"type-product","3":"status-publish","4":"has-post-thumbnail","6":"product_cat-tsirkulatsioonipumbad","7":"product_cat-weston-climate","9":"first","10":"instock","11":"taxable","12":"shipping-taxable","13":"purchasable","14":"product-type-simple"},"_links":{"self":[{"href":"https:\/\/westonclimate.com\/it\/wp-json\/wp\/v2\/product\/11282","targetHints":{"allow":["GET"]}}],"collection":[{"href":"https:\/\/westonclimate.com\/it\/wp-json\/wp\/v2\/product"}],"about":[{"href":"https:\/\/westonclimate.com\/it\/wp-json\/wp\/v2\/types\/product"}],"version-history":[{"count":2,"href":"https:\/\/westonclimate.com\/it\/wp-json\/wp\/v2\/product\/11282\/revisions"}],"predecessor-version":[{"id":11285,"href":"https:\/\/westonclimate.com\/it\/wp-json\/wp\/v2\/product\/11282\/revisions\/11285"}],"wp:featuredmedia":[{"embeddable":true,"href":"https:\/\/westonclimate.com\/it\/wp-json\/wp\/v2\/media\/11283"}],"wp:attachment":[{"href":"https:\/\/westonclimate.com\/it\/wp-json\/wp\/v2\/media?parent=11282"}],"wp:term":[{"taxonomy":"product_brand","embeddable":true,"href":"https:\/\/westonclimate.com\/it\/wp-json\/wp\/v2\/product_brand?post=11282"},{"taxonomy":"product_cat","embeddable":true,"href":"https:\/\/westonclimate.com\/it\/wp-json\/wp\/v2\/product_cat?post=11282"},{"taxonomy":"product_tag","embeddable":true,"href":"https:\/\/westonclimate.com\/it\/wp-json\/wp\/v2\/product_tag?post=11282"}],"curies":[{"name":"wp","href":"https:\/\/api.w.org\/{rel}","templated":true}]}}