{"id":11336,"date":"2026-02-24T18:14:36","date_gmt":"2026-02-24T18:14:36","guid":{"rendered":"https:\/\/westonclimate.com\/?post_type=product&#038;p=11336"},"modified":"2026-04-29T19:17:08","modified_gmt":"2026-04-29T19:17:08","slug":"weston-climate-180mm-12m-kuuma-vee-tsirkulatsioonipump-3fix-120w-g1-5-%e2%86%92-g1","status":"publish","type":"product","link":"https:\/\/westonclimate.com\/it\/tooted\/weston-climate-180mm-12m-pompa-di-circolazione-acqua-calda-3fix-120w-g1-5-g1\/","title":{"rendered":"Weston Climate 180mm 12m pompa di circolazione acqua calda 3fix 120W G1.5\u2019\u2019 \u2192 G1\u2019\u2019"},"content":{"rendered":"<ul>\n<li data-start=\"1028\" data-end=\"1051\">Altezza di sollevamento: fino a 12 m<\/li>\n<li data-start=\"1054\" data-end=\"1092\">Portata (L\/min): fino a 95 L\/min<\/li>\n<li>Modalit\u00e0 operative: 3 velocit\u00e0 fisse<\/li>\n<li data-start=\"1095\" data-end=\"1109\">Potenza: 120W<\/li>\n<li data-start=\"1112\" data-end=\"1131\">Lunghezza di installazione: 180 mm<\/li>\n<li data-start=\"1134\" data-end=\"1166\">Voltage\/frequency: 220-250V\/50-60Hz<\/li>\n<li data-start=\"1169\" data-end=\"1212\">Grado di protezione: IP44<\/li>\n<li data-start=\"1237\" data-end=\"1252\">Cuneo: G1.5\u2019\u2019<\/li>\n<li data-start=\"1255\" data-end=\"1280\">Transizione: G1,5\u2019\u2019 \u2192 G1\u2019\u2019<\/li>\n<\/ul>","protected":false},"excerpt":{"rendered":"<p data-start=\"104\" data-end=\"382\">La pompa di circolazione Weston Climate 180 mm \u00e8 una soluzione affidabile e a risparmio energetico per il riscaldamento o la circolazione dell'acqua calda sanitaria. L'unit\u00e0 \u00e8 adatta per l'uso in case private, condomini e vari sistemi di riscaldamento dove sono richiesti un flusso d'acqua stabile e un'altezza di sollevamento fino a 12 metri.<\/p>\n<p data-start=\"384\" data-end=\"602\">Clima di Weston <strong>180mm 12m pompa di circolazione acqua calda 3fix 120W G1.5\u2019\u2019 \u2192 G1\u2019\u2019<\/strong> \u00e8 dotato di tre velocit\u00e0 fisse. Questo semplice funzionamento garantisce un flusso d'acqua stabile e un funzionamento affidabile nei sistemi pi\u00f9 intensivi.<\/p>\n<p data-start=\"604\" data-end=\"796\">La lunghezza di installazione di 180 mm \u00e8 uno standard comune, che rende la pompa adatta sia agli impianti nuovi che a quelli esistenti. La classe di protezione IP44 garantisce un funzionamento sicuro nelle normali condizioni del locale caldaia.<\/p>\n<p data-start=\"798\" data-end=\"905\">Grazie all'attacco G1,5\u2019\u2019 e all'adattatore G1,5\u2019\u2019 \u2192 G1\u2019\u2019 in dotazione, l'installazione \u00e8 facile e universale.<\/p>","protected":false},"featured_media":11337,"template":"","meta":[],"product_brand":[],"product_cat":[67,294],"product_tag":[],"class_list":{"0":"post-11336","1":"product","2":"type-product","3":"status-publish","4":"has-post-thumbnail","6":"product_cat-tsirkulatsioonipumbad","7":"product_cat-weston-climate","9":"first","10":"instock","11":"taxable","12":"shipping-taxable","13":"purchasable","14":"product-type-simple"},"_links":{"self":[{"href":"https:\/\/westonclimate.com\/it\/wp-json\/wp\/v2\/product\/11336","targetHints":{"allow":["GET"]}}],"collection":[{"href":"https:\/\/westonclimate.com\/it\/wp-json\/wp\/v2\/product"}],"about":[{"href":"https:\/\/westonclimate.com\/it\/wp-json\/wp\/v2\/types\/product"}],"version-history":[{"count":2,"href":"https:\/\/westonclimate.com\/it\/wp-json\/wp\/v2\/product\/11336\/revisions"}],"predecessor-version":[{"id":11339,"href":"https:\/\/westonclimate.com\/it\/wp-json\/wp\/v2\/product\/11336\/revisions\/11339"}],"wp:featuredmedia":[{"embeddable":true,"href":"https:\/\/westonclimate.com\/it\/wp-json\/wp\/v2\/media\/11337"}],"wp:attachment":[{"href":"https:\/\/westonclimate.com\/it\/wp-json\/wp\/v2\/media?parent=11336"}],"wp:term":[{"taxonomy":"product_brand","embeddable":true,"href":"https:\/\/westonclimate.com\/it\/wp-json\/wp\/v2\/product_brand?post=11336"},{"taxonomy":"product_cat","embeddable":true,"href":"https:\/\/westonclimate.com\/it\/wp-json\/wp\/v2\/product_cat?post=11336"},{"taxonomy":"product_tag","embeddable":true,"href":"https:\/\/westonclimate.com\/it\/wp-json\/wp\/v2\/product_tag?post=11336"}],"curies":[{"name":"wp","href":"https:\/\/api.w.org\/{rel}","templated":true}]}}