{"id":3192,"date":"2024-05-04T19:47:44","date_gmt":"2024-05-04T19:47:44","guid":{"rendered":"https:\/\/wmdcompany.eu\/?post_type=product&#038;p=3192"},"modified":"2025-09-29T06:48:44","modified_gmt":"2025-09-29T06:48:44","slug":"paagile-monteeritav-kuivati-ja-filtriga-kruvikompressor","status":"publish","type":"product","link":"https:\/\/westonclimate.com\/it\/tooted\/compressore-a-vite-con-filtro-ed-essiccatore-montabili-su-serbatoio\/","title":{"rendered":"Compressore a vite con filtro ed essiccatore montabili su serbatoio"},"content":{"rendered":"","protected":false},"excerpt":{"rendered":"<p style=\"font-weight: 400;\"><strong>Compressore a vite con filtro ed essiccatore montabile su serbatoio AIRHORSE.\u00a0<\/strong><\/p>\n<ul>\n<li>Componenti ad alta efficienza.<\/li>\n<li>Il Total Air System incorpora solo componenti di altissima qualit\u00e0 per garantire la massimizzazione dell'efficienza e della produttivit\u00e0 del sistema: una sala compressori ad alta efficienza senza il fastidio, la complessit\u00e0 e il costo di una sala compressori tradizionale.<\/li>\n<li>I pacchetti Total Air System sono completamente attrezzati:\n<ul>\n<li>Compressore d'aria rotativo a vite ad alta efficienza.<\/li>\n<li>Deumidificatore a risparmio energetico.<\/li>\n<li>Filtro a coalescenza ad alta efficienza.<\/li>\n<li>Filtro antiparticolato ad alta efficienza.<\/li>\n<li>Ricevitore d'aria integrato.<\/li>\n<li>Comandi integrati del compressore e dell'essiccatore.<\/li>\n<li>Tubazioni a bassa pressione.<\/li>\n<\/ul>\n<\/li>\n<\/ul>","protected":false},"featured_media":3193,"template":"","meta":[],"product_brand":[],"product_cat":[66],"product_tag":[],"class_list":{"0":"post-3192","1":"product","2":"type-product","3":"status-publish","4":"has-post-thumbnail","6":"product_cat-kompressorid","8":"first","9":"instock","10":"taxable","11":"shipping-taxable","12":"product-type-simple"},"_links":{"self":[{"href":"https:\/\/westonclimate.com\/it\/wp-json\/wp\/v2\/product\/3192","targetHints":{"allow":["GET"]}}],"collection":[{"href":"https:\/\/westonclimate.com\/it\/wp-json\/wp\/v2\/product"}],"about":[{"href":"https:\/\/westonclimate.com\/it\/wp-json\/wp\/v2\/types\/product"}],"version-history":[{"count":1,"href":"https:\/\/westonclimate.com\/it\/wp-json\/wp\/v2\/product\/3192\/revisions"}],"predecessor-version":[{"id":9292,"href":"https:\/\/westonclimate.com\/it\/wp-json\/wp\/v2\/product\/3192\/revisions\/9292"}],"wp:featuredmedia":[{"embeddable":true,"href":"https:\/\/westonclimate.com\/it\/wp-json\/wp\/v2\/media\/3193"}],"wp:attachment":[{"href":"https:\/\/westonclimate.com\/it\/wp-json\/wp\/v2\/media?parent=3192"}],"wp:term":[{"taxonomy":"product_brand","embeddable":true,"href":"https:\/\/westonclimate.com\/it\/wp-json\/wp\/v2\/product_brand?post=3192"},{"taxonomy":"product_cat","embeddable":true,"href":"https:\/\/westonclimate.com\/it\/wp-json\/wp\/v2\/product_cat?post=3192"},{"taxonomy":"product_tag","embeddable":true,"href":"https:\/\/westonclimate.com\/it\/wp-json\/wp\/v2\/product_tag?post=3192"}],"curies":[{"name":"wp","href":"https:\/\/api.w.org\/{rel}","templated":true}]}}