{"id":3205,"date":"2024-05-04T20:11:50","date_gmt":"2024-05-04T20:11:50","guid":{"rendered":"https:\/\/wmdcompany.eu\/?post_type=product&#038;p=3205"},"modified":"2025-09-29T06:47:26","modified_gmt":"2025-09-29T06:47:26","slug":"kruviga-vaakumpump","status":"publish","type":"product","link":"https:\/\/westonclimate.com\/it\/tooted\/pompa-per-vuoto-a-vite\/","title":{"rendered":"Pompa per vuoto a vite"},"content":{"rendered":"","protected":false},"excerpt":{"rendered":"<p style=\"font-weight: 400;\"><strong>Pompa per vuoto a vite AIRHORSE.\u00a0<\/strong><\/p>\n<ul>\n<li>Funzionamento silenzioso, livelli di rumore molto pi\u00f9 bassi rispetto ad altre tecnologie.<\/li>\n<li>Sostenibilit\u00e0 della produttivit\u00e0, garantendo un'efficienza stabile.<\/li>\n<li>Rispetto all'analisi dell'olio convenzionale e alla tecnologia a secco a palette, il dispositivo ha prestazioni superiori.<\/li>\n<li>L'avanzata tecnologia a vite, la frequenza variabile e l'innovativo design del motore garantiscono un'elevatissima efficienza energetica.<\/li>\n<li>Mantiene un'elevatissima capacit\u00e0 di assorbimento dell'olio a tutte le pressioni di esercizio, riducendo cos\u00ec l'impatto ambientale.<\/li>\n<li>SALVASPAZIO: La serie SVP \u00e8 una delle unit\u00e0 pi\u00f9 piccole sul mercato ed \u00e8 la scelta ideale per l'installazione in una sala macchine sottovuoto.<\/li>\n<\/ul>","protected":false},"featured_media":3208,"template":"","meta":[],"product_brand":[],"product_cat":[66],"product_tag":[],"class_list":{"0":"post-3205","1":"product","2":"type-product","3":"status-publish","4":"has-post-thumbnail","6":"product_cat-kompressorid","8":"first","9":"instock","10":"taxable","11":"shipping-taxable","12":"product-type-simple"},"_links":{"self":[{"href":"https:\/\/westonclimate.com\/it\/wp-json\/wp\/v2\/product\/3205","targetHints":{"allow":["GET"]}}],"collection":[{"href":"https:\/\/westonclimate.com\/it\/wp-json\/wp\/v2\/product"}],"about":[{"href":"https:\/\/westonclimate.com\/it\/wp-json\/wp\/v2\/types\/product"}],"version-history":[{"count":1,"href":"https:\/\/westonclimate.com\/it\/wp-json\/wp\/v2\/product\/3205\/revisions"}],"predecessor-version":[{"id":9289,"href":"https:\/\/westonclimate.com\/it\/wp-json\/wp\/v2\/product\/3205\/revisions\/9289"}],"wp:featuredmedia":[{"embeddable":true,"href":"https:\/\/westonclimate.com\/it\/wp-json\/wp\/v2\/media\/3208"}],"wp:attachment":[{"href":"https:\/\/westonclimate.com\/it\/wp-json\/wp\/v2\/media?parent=3205"}],"wp:term":[{"taxonomy":"product_brand","embeddable":true,"href":"https:\/\/westonclimate.com\/it\/wp-json\/wp\/v2\/product_brand?post=3205"},{"taxonomy":"product_cat","embeddable":true,"href":"https:\/\/westonclimate.com\/it\/wp-json\/wp\/v2\/product_cat?post=3205"},{"taxonomy":"product_tag","embeddable":true,"href":"https:\/\/westonclimate.com\/it\/wp-json\/wp\/v2\/product_tag?post=3205"}],"curies":[{"name":"wp","href":"https:\/\/api.w.org\/{rel}","templated":true}]}}