{"id":3478,"date":"2024-06-17T16:56:16","date_gmt":"2024-06-17T16:56:16","guid":{"rendered":"https:\/\/wmdcompany.eu\/?post_type=product&#038;p=3478"},"modified":"2026-01-07T12:02:36","modified_gmt":"2026-01-07T12:02:36","slug":"weston-climate-eco-pair-soojustagastusega-ventilatsiooniseade-ws-av-ttw5","status":"publish","type":"product","link":"https:\/\/westonclimate.com\/it\/tooted\/weston-climate-eco-pair-unita-di-ventilazione-a-recupero-di-calore-ws-av-ttw5\/","title":{"rendered":"Unit\u00e0 di ventilazione a recupero di calore Weston Climate Eco Pair WS-AV-TTW5"},"content":{"rendered":"<p><strong>Caratteristiche:<\/strong><\/p>\n<ul>\n<li>Elegante pannello frontale decorativo.<\/li>\n<li>Dispositivo di chiusura automatica per impedire il rientro.<\/li>\n<li>Senza ghiaccio e condensa.<\/li>\n<li>Installazione rapida attraverso la parete interna con un solo foro.<\/li>\n<li>Alta efficienza termica. Recupero di energia in ceramica ad alta tecnologia incorporato con massima efficienza energetica 97%.<\/li>\n<li>Ventilatore canalizzato con motore DC brushless rotativo a basso consumo energetico (7,8 W).<\/li>\n<li>Free cooling: se l'unit\u00e0 rileva che la temperatura esterna \u00e8 entro \u00b11 \u00b0C dalla temperatura impostata, commuta automaticamente per immettere pi\u00f9 aria fresca.<\/li>\n<li>Prefiltro e filtro F7 (MERV11) di serie per mantenere l'aria pulita.<\/li>\n<li style=\"font-weight: 400;\">Lavorare in modo flessibile, individualmente, in coppia o in gruppi fino a 10 dispositivi.<\/li>\n<li>Grado di protezione IP elevato: IPX4.<\/li>\n<li>Funzionamento silenzioso sotto i 32,7 dB(A).<\/li>\n<li>Facile gestione. Il dispositivo pu\u00f2 essere controllato tramite pulsante, telecomando e WiFi (Smart APP). Nell'app, l'utente pu\u00f2 anche creare una gestione basata su scenari e gruppi.<\/li>\n<li>Gestibile da qualsiasi parte del mondo tramite un server cloud utilizzando uno smartphone Android o iOS.<\/li>\n<li>Controllo pi\u00f9 intelligente della qualit\u00e0 dell'aria interna. Sensore di CO2 standard che visualizza la concentrazione di CO2 in tempo reale e controlla l'unit\u00e0 per immettere pi\u00f9 aria fresca per diluire la concentrazione di CO2. Inoltre, sensore di umidit\u00e0 e sensore di qualit\u00e0 dell'aria interna opzionali.<\/li>\n<li>30 metri* trasmissione a lunga distanza.<\/li>\n<\/ul>\n<p><strong>Informazioni tecniche:<\/strong><\/p>\n<ul>\n<li>Tensione: 100V~240V AC \/50-60Hz<\/li>\n<li>Potenza (W): 6; 7; 7,8<\/li>\n<li>Amperaggio (A): 0,04; 0,05; 0,06<\/li>\n<li>Flusso d'aria in entrata\/uscita (con filtro F7) (CMH\/CFM)**: 20\/11,8; 40\/23,5; 50\/29,4<\/li>\n<li>Flusso d'aria massimo (modalit\u00e0 fan boost) (CMH\/CFM): 60\/35,3<\/li>\n<li>Livello di pressione sonora (dBA): 32,7<\/li>\n<li>Efficienza energetica: fino a 97%<\/li>\n<li>SEC: A+<\/li>\n<li>Grado di protezione IP: IPX4<\/li>\n<li>Numero di giri (max): 2200<\/li>\n<li>Diametro del canale (mm): 158<\/li>\n<li>Dimensioni del prodotto (mm): 239,6 x 258 x 499,7 (la lunghezza del canale nella parete \u00e8 di 280-470 mm).<\/li>\n<li>Peso netto (kg): 4,2<\/li>\n<\/ul>\n<p>*Nota: i 30 metri sono stati testati senza barriere e senza interferenze. Nell'uso pratico, si consiglia di installare i dispositivi a 8-15 metri di distanza l'uno dall'altro. Evitare forti fonti di interferenza e oggetti schermanti (ad es. telai in ferro, soffitti in alluminio). **Nota: Senza il filtro F7, il flusso d'aria in modalit\u00e0 di alimentazione\/espulsione \u00e8 di circa 34\/56\/70 m3\/h o 20\/33\/41,2 ft3\/h e i relativi parametri sono regolati di conseguenza.<\/p>","protected":false},"excerpt":{"rendered":"<p>WC-AV-TTW5SC-N (Must\/CO2) <a href=\"https:\/\/eprel.ec.europa.eu\/screen\/product\/residentialventilationunits\/2452328\" target=\"_blank\" rel=\"noopener\">Registro EPREL<\/a><br \/>\nWC-AV-TTW5-W (bianco\/umidit\u00e0) <a href=\"https:\/\/eprel.ec.europa.eu\/screen\/product\/residentialventilationunits\/2452326\" target=\"_blank\" rel=\"noopener\">Registro EPREL<\/a><br \/>\nWC-AV-TTW6-6 (bianco\/CO2) <a href=\"https:\/\/eprel.ec.europa.eu\/screen\/product\/residentialventilationunits\/2452327\" target=\"_blank\" rel=\"noopener\">Registro EPREL<\/a><br \/>\nWC-AV-TTW6-W (nero\/umidit\u00e0) <a href=\"https:\/\/eprel.ec.europa.eu\/screen\/product\/residentialventilationunits\/2445789\" target=\"_blank\" rel=\"noopener\">Registro EPREL<\/a><\/p>\n<p><strong>IL PRIMO SISTEMA DI VENTILAZIONE CANALIZZATA PERFETTO IN EUROPA!\u00a0<\/strong><strong>INSTALLAZIONE FACILE E VELOCE.<\/strong><\/p>\n<ul>\n<li><strong>Controllo integrato della qualit\u00e0 dell'aria interna e dell'umidit\u00e0, per contribuire a mantenere i livelli di anidride carbonica e di umidit\u00e0 entro la norma richiesta. <\/strong><\/li>\n<li><strong>Funziona sia individualmente che in coppia (tra un'unit\u00e0 di tipo comandante\/subordinato). <\/strong><\/li>\n<li><strong>\u00c8 possibile raggruppare fino a 10 dispositivi.<\/strong><\/li>\n<\/ul>\n<p><strong>Clima di Weston<\/strong>\u00a0innovativo ventilatore a recupero di energia per una sola stanza <strong>Eco Pair Plus<\/strong> risparmia energia e migliora efficacemente il clima interno. L'unit\u00e0 di ventilazione pu\u00f2 essere utilizzata singolarmente o in coppia. La costruzione dell'unit\u00e0 \u00e8 realizzata con materiali di alta qualit\u00e0, che garantiscono un funzionamento perfetto ed estremamente silenzioso. Il livello di rumore non supera i 32,7 dB. La moderna tecnologia garantisce affidabilit\u00e0 e lunga durata. L'installazione del Weston Climate Eco Pair Plus \u00e8 stata resa molto semplice: una rapida installazione attraverso una parete esterna con un solo foro, alla portata di qualsiasi appassionato padre di famiglia. L'unit\u00e0 \u00e8 stata ordinata e adattata per soddisfare i requisiti europei e scandinavi.<\/p>\n<p>Tempi di consegna fino a 65 giorni lavorativi.<\/p>","protected":false},"featured_media":10794,"template":"","meta":[],"product_brand":[],"product_cat":[124,35],"product_tag":[],"class_list":{"0":"post-3478","1":"product","2":"type-product","3":"status-publish","4":"has-post-thumbnail","6":"product_cat-lokaalsed","7":"product_cat-ventilatsiooniseadmed","9":"first","10":"instock","11":"taxable","12":"shipping-taxable","13":"purchasable","14":"product-type-variable"},"_links":{"self":[{"href":"https:\/\/westonclimate.com\/it\/wp-json\/wp\/v2\/product\/3478","targetHints":{"allow":["GET"]}}],"collection":[{"href":"https:\/\/westonclimate.com\/it\/wp-json\/wp\/v2\/product"}],"about":[{"href":"https:\/\/westonclimate.com\/it\/wp-json\/wp\/v2\/types\/product"}],"version-history":[{"count":16,"href":"https:\/\/westonclimate.com\/it\/wp-json\/wp\/v2\/product\/3478\/revisions"}],"predecessor-version":[{"id":10677,"href":"https:\/\/westonclimate.com\/it\/wp-json\/wp\/v2\/product\/3478\/revisions\/10677"}],"wp:featuredmedia":[{"embeddable":true,"href":"https:\/\/westonclimate.com\/it\/wp-json\/wp\/v2\/media\/10794"}],"wp:attachment":[{"href":"https:\/\/westonclimate.com\/it\/wp-json\/wp\/v2\/media?parent=3478"}],"wp:term":[{"taxonomy":"product_brand","embeddable":true,"href":"https:\/\/westonclimate.com\/it\/wp-json\/wp\/v2\/product_brand?post=3478"},{"taxonomy":"product_cat","embeddable":true,"href":"https:\/\/westonclimate.com\/it\/wp-json\/wp\/v2\/product_cat?post=3478"},{"taxonomy":"product_tag","embeddable":true,"href":"https:\/\/westonclimate.com\/it\/wp-json\/wp\/v2\/product_tag?post=3478"}],"curies":[{"name":"wp","href":"https:\/\/api.w.org\/{rel}","templated":true}]}}