{"id":3610,"date":"2024-06-20T14:48:20","date_gmt":"2024-06-20T14:48:20","guid":{"rendered":"https:\/\/wmdcompany.eu\/?post_type=product&#038;p=3610"},"modified":"2026-04-22T17:14:05","modified_gmt":"2026-04-22T17:14:05","slug":"weston-climate-soojustagastusega-ventilatsiooniseade-vch-cvh-250-500m3-h","status":"publish","type":"product","link":"https:\/\/westonclimate.com\/it\/tooted\/unita-di-ventilazione-a-recupero-di-calore-weston-climate-vch-cvh-250-500m3-h\/","title":{"rendered":"Unit\u00e0 di ventilazione a recupero termico Weston Climate VCH-CVH 250-500m3\/h"},"content":{"rendered":"<p><strong>Caratteristiche:<\/strong><\/p>\n<ul>\n<li>Efficienza energetica fino a 95%.<\/li>\n<li>Ventilatori EC a basso consumo energetico con flusso d'aria continuo, 4 velocit\u00e0.<\/li>\n<li>Massima efficienza in tutte le condizioni grazie alla regolazione continua del flusso.<\/li>\n<li>La depurazione dell'aria di alimentazione con filtro principale (G4) e filtro medio (F7) \u00e8 opzionale.<\/li>\n<li>Bypass standard 100%.<\/li>\n<li>Marchio Ecodesign A o A+.<\/li>\n<li>\u00c8 disponibile uno scambiatore entalpico per bilanciare meglio l'umidit\u00e0 interna durante la stagione invernale.<\/li>\n<li>Il rumore di funzionamento pi\u00f9 basso \u00e8 di 31 dB(A).<\/li>\n<li>Due opzioni di installazione.<\/li>\n<li>Controllo smartphone: Android\/IOS.<\/li>\n<li>Gestione del gruppo.<\/li>\n<\/ul>\n<p>&nbsp;<\/p>\n<p><strong>Corpo:<\/strong><\/p>\n<ul>\n<li>La struttura interna \u00e8 realizzata in materiale EPP, leggero, a risparmio di calore, silenzioso, ecologico, inodore, ecc. Ha buone propriet\u00e0 di tenuta all'aria e di isolamento termico.<\/li>\n<\/ul>\n<p>&nbsp;<\/p>\n<p><strong>Filtrazione dell'aria:<\/strong><\/p>\n<ul>\n<li>L'unit\u00e0 di ventilazione dell'aria fresca Airwood\/Holtop con recupero di calore \u00e8 dotata di due filtri. Questi filtri rimuovono la polvere dall'aria 95%. \u00c8 disponibile come opzione un filtro per polveri sottili ad alte prestazioni (F7), ideale per le aree ad alta densit\u00e0 di polvere come autostrade e aeroporti. Le persone allergiche alle polveri sottili o trasportate dall'aria trarranno grande beneficio da questi filtri.<\/li>\n<li>Il bypass include un filtro principale separato per garantire la pulizia dell'aria in ingresso.<\/li>\n<\/ul>\n<div>\n<p>&nbsp;<\/p>\n<p class=\"Heading51\"><strong><span lang=\"ET\">Filtri EC a flusso d'aria continuo:<\/span><\/strong><\/p>\n<ul>\n<li>Ainulaadsete pideva \u00f5huvoolu ventilaatorite kasutamine tagab eelseadistatud \u00f5huvoolukiirused ning tasakaalu toite- ja heit\u00f5hu vahel. Tasakaalustatud ventilatsioon tagab alati suure t\u00f5hususe &#8211; olenemata kanalis\u00fcsteemi takistusest v\u00f5i m\u00e4\u00e4rdunud filtritest. Samuti s\u00e4\u00e4stab see aega s\u00fcsteemi kasutuselev\u00f5tul.<\/li>\n<\/ul>\n<p>&nbsp;<\/p>\n<p class=\"Heading51\"><strong><span lang=\"ET\">La scorsa settimana:<\/span><\/strong><\/p>\n<ul>\n<li>In estate, il bypass 100% contribuisce a migliorare il comfort e viene controllato automaticamente in base alle temperature esterne misurate.<\/li>\n<\/ul>\n<div>\n<p>&nbsp;<\/p>\n<p class=\"Heading51\"><strong><span lang=\"ET\">Installazione flessibile:<\/span><\/strong><\/p>\n<ul>\n<li>\n<div><span lang=\"ET\">\u00c8 disponibile l'opzione destra o sinistra. L'opzione di installazione pu\u00f2 essere adattata in loco per soddisfare le diverse esigenze di installazione.<\/span><\/div>\n<\/li>\n<\/ul>\n<\/div>\n<\/div>\n<p>&nbsp;<\/p>\n<p><strong>Informazioni tecniche:<\/strong><\/p>\n<ul>\n<li><span lang=\"ET\">Tensione dell'apparecchiatura (V\/50 (60) Hz): 230<\/span><\/li>\n<li><span lang=\"ET\">Flusso d'aria (m\u00b3\/h):\u00a0<em><strong>250-500<\/strong><\/em><\/span><\/li>\n<li>\n<div><span lang=\"ET\">Pressione statica esterna (Pa):\u00a0<em><strong>130-160<\/strong><\/em><\/span><\/div>\n<\/li>\n<li>\n<div>Efficienza energetica (%): 95<\/div>\n<\/li>\n<li>\n<div>Potenza massima (W):\u00a0<em><strong>137-412<\/strong><\/em><\/div>\n<\/li>\n<li>\n<div>Temperatura dell'aria durante il trasporto (\u00b0C): da -25 a +40<\/div>\n<\/li>\n<li>\n<div>Materiale del corpo: acciaio zincato<\/div>\n<\/li>\n<li>\n<div>Isolamento: EPP<\/div>\n<\/li>\n<li>\n<div>Diametro del condotto dell'aria collegato (mm):\u00a0<em><strong>144-196<\/strong><\/em><\/div>\n<\/li>\n<li>\n<div>Rumore (dB(A))*:\u00a0<em><strong>35-39<\/strong><\/em><\/div>\n<\/li>\n<li>\n<div>Classe di efficienza energetica: A+<\/div>\n<\/li>\n<li>\n<div>Peso (kg):\u00a0<em><strong>40-50<\/strong><\/em><\/div>\n<div>\n<div>\n<div><\/div>\n<\/div>\n<div>*\u00a0<i><span lang=\"ET\">Nota: questo livello di rumore \u00e8 misurato alla portata d'aria massima del 70% e alla pressione statica di 50 Pa.<\/span><\/i><\/div>\n<\/div>\n<\/li>\n<\/ul>","protected":false},"excerpt":{"rendered":"<p style=\"font-weight: 400;\"><strong>Unit\u00e0 di ventilazione verticale a recupero di calore Weston Climate VCH-CVH<\/strong> L'aria fresca viene immessa e crea un ambiente sano con ossigeno, temperatura e umidit\u00e0 confortevoli e aria costantemente priva di polvere. L'ingresso e l'uscita dell'aria fresca sono in giusto equilibrio. Le correnti d'aria non si mescolano, ma rimangono separate. C'\u00e8 un trasferimento di calore dall'aria estratta all'aria fredda in entrata. Ci\u00f2 significa che l'aria esterna fredda viene riscaldata \u201cgratuitamente\u201d, cio\u00e8 senza sprechi di energia.<\/p>\n<p style=\"font-weight: 400;\"><strong>Efficienza energetica fino a 95%.<\/strong> L'isolamento termico ad alta efficienza mantiene la temperatura dell'aria fresca in ingresso vicina alla temperatura interna, aumentando in modo significativo il comfort degli ambienti. Inoltre, contribuisce a ridurre le dimensioni delle apparecchiature HVAC necessarie, perch\u00e9 non devono lavorare tanto per riscaldare e raffreddare, dato che l'aria in entrata \u00e8 condizionata da un ventilatore con efficienza termica. Questo va a vantaggio degli utenti finali, aumentando il loro comfort e riducendo le bollette energetiche. Inoltre, la riduzione del fabbisogno di combustibili fossili va a vantaggio dell'ambiente.<\/p>\n<p><strong>Tempi di consegna fino a 45 giorni lavorativi.<\/strong><\/p>","protected":false},"featured_media":7682,"template":"","meta":[],"product_brand":[],"product_cat":[122,35],"product_tag":[],"class_list":{"0":"post-3610","1":"product","2":"type-product","3":"status-publish","4":"has-post-thumbnail","6":"product_cat-vertikaalsed","7":"product_cat-ventilatsiooniseadmed","9":"first","10":"instock","11":"taxable","12":"shipping-taxable","13":"purchasable","14":"product-type-variable"},"_links":{"self":[{"href":"https:\/\/westonclimate.com\/it\/wp-json\/wp\/v2\/product\/3610","targetHints":{"allow":["GET"]}}],"collection":[{"href":"https:\/\/westonclimate.com\/it\/wp-json\/wp\/v2\/product"}],"about":[{"href":"https:\/\/westonclimate.com\/it\/wp-json\/wp\/v2\/types\/product"}],"version-history":[{"count":8,"href":"https:\/\/westonclimate.com\/it\/wp-json\/wp\/v2\/product\/3610\/revisions"}],"predecessor-version":[{"id":9304,"href":"https:\/\/westonclimate.com\/it\/wp-json\/wp\/v2\/product\/3610\/revisions\/9304"}],"wp:featuredmedia":[{"embeddable":true,"href":"https:\/\/westonclimate.com\/it\/wp-json\/wp\/v2\/media\/7682"}],"wp:attachment":[{"href":"https:\/\/westonclimate.com\/it\/wp-json\/wp\/v2\/media?parent=3610"}],"wp:term":[{"taxonomy":"product_brand","embeddable":true,"href":"https:\/\/westonclimate.com\/it\/wp-json\/wp\/v2\/product_brand?post=3610"},{"taxonomy":"product_cat","embeddable":true,"href":"https:\/\/westonclimate.com\/it\/wp-json\/wp\/v2\/product_cat?post=3610"},{"taxonomy":"product_tag","embeddable":true,"href":"https:\/\/westonclimate.com\/it\/wp-json\/wp\/v2\/product_tag?post=3610"}],"curies":[{"name":"wp","href":"https:\/\/api.w.org\/{rel}","templated":true}]}}