{"id":3621,"date":"2024-06-20T18:47:36","date_gmt":"2024-06-20T18:47:36","guid":{"rendered":"https:\/\/wmdcompany.eu\/?post_type=product&#038;p=3621"},"modified":"2026-01-16T13:43:51","modified_gmt":"2026-01-16T13:43:51","slug":"weston-climate-eco-seeria-200-300m3-soojustagastusega-ventilatsiooniseade","status":"publish","type":"product","link":"https:\/\/westonclimate.com\/it\/tooted\/weston-climate-eco-series-200-300m3-unita-di-ventilazione-a-recupero-di-calore\/","title":{"rendered":"Unit\u00e0 di ventilazione a recupero di calore Weston Climate Eco serie 200-300m3"},"content":{"rendered":"<p><strong>Caratteristiche:<\/strong><\/p>\n<ul>\n<li>Design compatto, adatto per l'installazione a soffitto o a parete<\/li>\n<li>La scorsa settimana dallo scambiatore di calore<\/li>\n<li>Alta pressione statica, motore EC (BLDC) a commutazione elettronica ad alta efficienza energetica<\/li>\n<li>Efficienza energetica fino a 96%<\/li>\n<li>Integrazione standard del bypass estivo<\/li>\n<li>Prestazioni superlative<\/li>\n<li>Mugav alumine hoolduspaneel &#8211; lihtne filtrihooldus<\/li>\n<li>Sensori di temperatura interna\/umidit\u00e0 relativa<\/li>\n<li>Conformit\u00e0: EU1253\/2014 ErP EcoDesign<\/li>\n<li>Madal energiatarve &#8211; A+ energiam\u00e4rgis<\/li>\n<\/ul>\n<p><strong>Funzioni di controllo:<\/strong><\/p>\n<ul>\n<li>Sistema di gestione integrato<\/li>\n<li>Schermo tattile a colori da 7 pollici HD con visualizzazione della qualit\u00e0 dell'aria interna in tempo reale<\/li>\n<li>Gestione della domanda locale con velocit\u00e0 variabile<\/li>\n<li>Collegamento Modbus RS485 per smart house<\/li>\n<li>Sensori IAQ (Qualit\u00e0 dell'aria interna) CO2\/PM2,5\/vOC\/TEMP\/RH<\/li>\n<li>Operazione settimanale proposta<\/li>\n<li>Controllo opzionale del ventilatore separato<\/li>\n<li>Collegamento di pi\u00f9 sensori esterni di CO2\/RH\/TEMP<\/li>\n<li>Collegamento di pi\u00f9 interruttori boost esterni<\/li>\n<li>Automazione ingresso\/fusione\/IAQ<\/li>\n<li>Disponibile con telecomando<\/li>\n<li>Notifica di inversione di lettura\/sostituzione del filtro<\/li>\n<li>Impostazioni complete del pannello di controllo<\/li>\n<\/ul>\n<p><strong>Informazioni tecniche:<\/strong><\/p>\n<ul>\n<li>Tipo di motore di ventilazione: EC<\/li>\n<li>Flusso d'aria massimo (m3\/h):\u00a0<em><strong>200@100Pa \/ 250@100Pa \/ 300@100Pa<\/strong><\/em><\/li>\n<li>Potenza nominale massima:\u00a0<em><strong>230V-50Hz; 76W; 0,6A \/ 230V-50Hz; 102W; 0,7A \/ 230V-50Hz; 142W; 1A<\/strong><\/em><\/li>\n<li>Gamma di alimentazione in ingresso: 200-240 V; 50\/60Hz<\/li>\n<li>Peso (kg): 49,3<\/li>\n<li>Filtro: G4<\/li>\n<li>Filtro di alimentazione: G4, F8 (opzionale)<\/li>\n<li>Pressione statica massima (Pa):\u00a0<em><strong>365 \/ 415 \/ 410<\/strong><\/em><\/li>\n<li>Tipo di scambiatore di calore: in controcorrente<\/li>\n<li>Efficienza energetica (%):\u00a0<em><strong>90-96 \/ 87-96 \/ 84-96<\/strong><\/em><\/li>\n<li>Materiale isolante interno: polietilene espanso<\/li>\n<li>Materiale del corpo: lamiera d'acciaio rivestita<\/li>\n<li>Temperatura dell'aria trasmessa (C): da -25 a +50<\/li>\n<li>Temperatura ambiente di lavoro (C): da +5 a +40<\/li>\n<li>Umidit\u00e0 relativa dell'ambiente di lavoro (%): inferiore a 80<\/li>\n<li>Diametro del condotto dell'aria collegato (mm): 150<\/li>\n<\/ul>","protected":false},"excerpt":{"rendered":"<p><a href=\"https:\/\/eprel.ec.europa.eu\/screen\/product\/residentialventilationunits\/2428085\" target=\"_blank\" rel=\"noopener\">Registro EPREL<\/a><\/p>\n<p>Con regolazione termica <strong>Clima di Weston<\/strong><strong> Unit\u00e0 di ventilazione a recupero di calore serie Eco 200-300m3<\/strong>\u00a0hanno un design compatto e sono progettati per l'installazione a incasso. Sono adatti all'uso in abitazioni private di piccole e medie dimensioni, uffici, soggiorni, palestre, strutture mediche, negozi, hotel, istituti scolastici, strutture di ristorazione, ecc. L'apparecchiatura \u00e8 stata ordinata e adattata ai requisiti europei e scandinavi. La costruzione dell'unit\u00e0 \u00e8 realizzata con materiali di alta qualit\u00e0, che garantiscono il funzionamento perfetto ed estremamente silenzioso della serie CS. La moderna tecnologia assicura l'affidabilit\u00e0 e la lunga durata dell'unit\u00e0. L'installazione della serie CS \u00e8 molto semplice ed \u00e8 alla portata di qualsiasi padre o madre di famiglia intraprendente.<\/p>\n<table style=\"border-collapse: collapse; width: 69px; height: 89px;\" border=\"0\" width=\"64\" cellspacing=\"0\" cellpadding=\"0\">\n<tbody>\n<tr style=\"height: 15.0pt;\">\n<td style=\"height: 15.0pt; width: 48pt;\" width=\"64\" height=\"20\"><a href=\"https:\/\/westonclimate.com\/wp-content\/uploads\/2026\/01\/CE-Certificate-CS-SERIES-1.pdf\" target=\"_blank\" rel=\"noopener\"><img fetchpriority=\"high\" decoding=\"async\" class=\"alignnone size-medium wp-image-10923\" src=\"https:\/\/westonclimate.com\/wp-content\/uploads\/2024\/06\/CS-sert-213x300.png\" alt=\"\" width=\"213\" height=\"300\" srcset=\"https:\/\/westonclimate.com\/wp-content\/uploads\/2024\/06\/CS-sert-213x300.png 213w, https:\/\/westonclimate.com\/wp-content\/uploads\/2024\/06\/CS-sert-727x1024.png 727w, https:\/\/westonclimate.com\/wp-content\/uploads\/2024\/06\/CS-sert-768x1082.png 768w, https:\/\/westonclimate.com\/wp-content\/uploads\/2024\/06\/CS-sert-9x12.png 9w, https:\/\/westonclimate.com\/wp-content\/uploads\/2024\/06\/CS-sert-600x846.png 600w, https:\/\/westonclimate.com\/wp-content\/uploads\/2024\/06\/CS-sert.png 894w\" sizes=\"(max-width: 213px) 100vw, 213px\" \/><\/a><\/td>\n<\/tr>\n<\/tbody>\n<\/table>\n<p><strong>Tempi di consegna fino a 45 giorni lavorativi.<\/strong><\/p>","protected":false},"featured_media":5162,"template":"","meta":[],"product_brand":[],"product_cat":[121,35],"product_tag":[],"class_list":{"0":"post-3621","1":"product","2":"type-product","3":"status-publish","4":"has-post-thumbnail","6":"product_cat-laeventilatsioon","7":"product_cat-ventilatsiooniseadmed","9":"first","10":"instock","11":"taxable","12":"shipping-taxable","13":"purchasable","14":"product-type-variable","15":"has-default-attributes"},"_links":{"self":[{"href":"https:\/\/westonclimate.com\/it\/wp-json\/wp\/v2\/product\/3621","targetHints":{"allow":["GET"]}}],"collection":[{"href":"https:\/\/westonclimate.com\/it\/wp-json\/wp\/v2\/product"}],"about":[{"href":"https:\/\/westonclimate.com\/it\/wp-json\/wp\/v2\/types\/product"}],"version-history":[{"count":13,"href":"https:\/\/westonclimate.com\/it\/wp-json\/wp\/v2\/product\/3621\/revisions"}],"predecessor-version":[{"id":10926,"href":"https:\/\/westonclimate.com\/it\/wp-json\/wp\/v2\/product\/3621\/revisions\/10926"}],"wp:featuredmedia":[{"embeddable":true,"href":"https:\/\/westonclimate.com\/it\/wp-json\/wp\/v2\/media\/5162"}],"wp:attachment":[{"href":"https:\/\/westonclimate.com\/it\/wp-json\/wp\/v2\/media?parent=3621"}],"wp:term":[{"taxonomy":"product_brand","embeddable":true,"href":"https:\/\/westonclimate.com\/it\/wp-json\/wp\/v2\/product_brand?post=3621"},{"taxonomy":"product_cat","embeddable":true,"href":"https:\/\/westonclimate.com\/it\/wp-json\/wp\/v2\/product_cat?post=3621"},{"taxonomy":"product_tag","embeddable":true,"href":"https:\/\/westonclimate.com\/it\/wp-json\/wp\/v2\/product_tag?post=3621"}],"curies":[{"name":"wp","href":"https:\/\/api.w.org\/{rel}","templated":true}]}}