{"id":3641,"date":"2024-06-20T19:53:34","date_gmt":"2024-06-20T19:53:34","guid":{"rendered":"https:\/\/wmdcompany.eu\/?post_type=product&#038;p=3641"},"modified":"2026-01-18T14:10:53","modified_gmt":"2026-01-18T14:10:53","slug":"weston-climate-w-standard-seeria-200m3-350m3-soojustagastusega-ventilatsiooniseade","status":"publish","type":"product","link":"https:\/\/westonclimate.com\/it\/tooted\/weston-climate-w-serie-standard-200m3-350m3-unita-di-ventilazione-a-recupero-di-calore\/","title":{"rendered":"Weston Climate W Unit\u00e0 di ventilazione a recupero di calore serie Standard 200m3-350m3"},"content":{"rendered":"<p><strong>Caratteristiche:<\/strong><\/p>\n<ul>\n<li>Alta pressione statica, motore a commutazione elettronica (EC) a risparmio energetico<\/li>\n<li>Efficienza energetica fino a 95%<\/li>\n<li>Integrazione standard del bypass estivo<\/li>\n<li>15 mm-20 mm di isolamento termico e acustico interno<\/li>\n<li>Prestazioni superlative<\/li>\n<li>Installazione verticale e orizzontale<\/li>\n<li>Pannelli di manutenzione su ciascun lato<\/li>\n<li>Adatto per l'installazione sia a destra che a sinistra<\/li>\n<li>Sensori di temperatura interna\/umidit\u00e0 relativa<\/li>\n<li>Integrazione opzionale di riscaldatori elettrici<\/li>\n<li>Design compatto e maneggevole<\/li>\n<li>Conformit\u00e0: EU1253\/2014 ErP2016 ErP2018 EcoDesign<\/li>\n<li>Classe energetica A+<\/li>\n<li>secondo la norma EN12131-7<\/li>\n<\/ul>\n<p><strong>Funzioni di controllo:<\/strong><\/p>\n<ul>\n<li>Sistema di gestione integrato<\/li>\n<li>Schermo tattile a colori da 7 pollici HD con visualizzazione della qualit\u00e0 dell'aria interna in tempo reale<\/li>\n<li>Gestione della domanda locale con velocit\u00e0 variabile<\/li>\n<li>Collegamento Modbus RS485 per smart house<\/li>\n<li>Sensori IAQ (Qualit\u00e0 dell'aria interna) CO2\/PM2,5\/vOC\/TEMP\/RH<\/li>\n<li>Operazione settimanale proposta<\/li>\n<li>Controllo opzionale del ventilatore separato<\/li>\n<li>Collegamento di pi\u00f9 sensori esterni di CO2\/RH\/TEMP<\/li>\n<li>Collegamento di pi\u00f9 interruttori boost esterni<\/li>\n<li>Automazione ingresso\/fusione\/IAQ<\/li>\n<li>Disponibile con telecomando<\/li>\n<li>Notifica di inversione di lettura\/sostituzione del filtro<\/li>\n<li>Impostazioni complete del pannello di controllo<\/li>\n<\/ul>\n<p><strong>Informazioni tecniche:<\/strong><\/p>\n<ul>\n<li>Tipo di motore di ventilazione: EC<\/li>\n<li>Flusso d'aria massimo (m3\/h):\u00a0<em><strong>200@100Pa<\/strong><\/em><\/li>\n<li>Potenza nominale massima:\u00a0<em><strong>230V-50Hz; 76W; 0,6A<\/strong><\/em><\/li>\n<li>Gamma di alimentazione in ingresso: 200-240 V; 50\/60Hz<\/li>\n<li>Peso (kg): 55<\/li>\n<li>Filtro: G4<\/li>\n<li>Filtro di alimentazione: G4, F8 (opzionale)<\/li>\n<li>Pressione statica massima (Pa):\u00a0<em><strong>378<\/strong><\/em><\/li>\n<li>Tipo di scambiatore di calore: in controcorrente<\/li>\n<li>Materiale dello scambiatore di calore: entalpia<\/li>\n<li>Efficienza energetica (%):\u00a0<em><strong>86-95<\/strong><\/em><\/li>\n<li>Materiale isolante interno: polietilene espanso.<\/li>\n<li>Materiale del corpo: lamiera d'acciaio rivestita<\/li>\n<li>Temperatura dell'aria trasmessa (C): da -25 a +50<\/li>\n<li>Temperatura ambiente di lavoro (C): da +5 a +40<\/li>\n<li>Umidit\u00e0 relativa dell'ambiente di lavoro (%): inferiore a 80<\/li>\n<li>Diametro del condotto dell'aria collegato (mm): 150<\/li>\n<\/ul>","protected":false},"excerpt":{"rendered":"<p><strong>Clima di Weston<\/strong><strong> W Unit\u00e0 di ventilazione a recupero di calore serie Standard 200m3-350m3<\/strong> Adatto all'uso in abitazioni private di piccole e medie dimensioni, uffici, salotti, palestre, strutture mediche, negozi, hotel, istituti scolastici, strutture di ristorazione, ecc. <strong>Unit\u00e0 di ventilazione a recupero di calore serie standard 200m3-350m3<\/strong> sono stati commissionati e adattati per soddisfare i requisiti europei e scandinavi. La serie W STANDARD \u00e8 costruita con materiali di altissima qualit\u00e0 per garantire un funzionamento impeccabile ed estremamente silenzioso. Il livello di rumorosit\u00e0 non supera i 32 dB. La moderna tecnologia garantisce l'affidabilit\u00e0 e la lunga durata dell'apparecchio. La serie W STANDARD \u00e8 coperta da una garanzia del produttore di 7 anni, a condizione che vengano rispettate le istruzioni d'uso del produttore. L'installazione della serie W STANDARD \u00e8 molto semplice e alla portata di qualsiasi padre o madre di famiglia intraprendente.<\/p>\n<table style=\"border-collapse: collapse; width: 48pt;\" border=\"0\" width=\"64\" cellspacing=\"0\" cellpadding=\"0\">\n<tbody>\n<tr style=\"height: 15.0pt;\">\n<td style=\"height: 15.0pt; width: 48pt;\" width=\"64\" height=\"20\"><a href=\"https:\/\/westonclimate.com\/wp-content\/uploads\/2024\/06\/CE-Certificate-W-SERIES.pdf\" target=\"_blank\" rel=\"noopener\"><img fetchpriority=\"high\" decoding=\"async\" class=\"alignnone size-medium wp-image-10966\" src=\"https:\/\/westonclimate.com\/wp-content\/uploads\/2024\/06\/CS-sert_optimal-standard-premium-212x300.png\" alt=\"\" width=\"212\" height=\"300\" srcset=\"https:\/\/westonclimate.com\/wp-content\/uploads\/2024\/06\/CS-sert_optimal-standard-premium-212x300.png 212w, https:\/\/westonclimate.com\/wp-content\/uploads\/2024\/06\/CS-sert_optimal-standard-premium-723x1024.png 723w, https:\/\/westonclimate.com\/wp-content\/uploads\/2024\/06\/CS-sert_optimal-standard-premium-768x1087.png 768w, https:\/\/westonclimate.com\/wp-content\/uploads\/2024\/06\/CS-sert_optimal-standard-premium-8x12.png 8w, https:\/\/westonclimate.com\/wp-content\/uploads\/2024\/06\/CS-sert_optimal-standard-premium-600x849.png 600w, https:\/\/westonclimate.com\/wp-content\/uploads\/2024\/06\/CS-sert_optimal-standard-premium.png 869w\" sizes=\"(max-width: 212px) 100vw, 212px\" \/><\/a><\/td>\n<\/tr>\n<\/tbody>\n<\/table>\n<div class=\"elementor-element elementor-element-6aa9c580 elementor-widget elementor-widget-woocommerce-product-short-description\" data-id=\"6aa9c580\" data-element_type=\"widget\" data-widget_type=\"woocommerce-product-short-description.default\">\n<div class=\"elementor-widget-container\">\n<div class=\"woocommerce-product-details__short-description\">\n<p>I prodotti sono disponibili in magazzino.\u00a0<strong>Consegna rapida, solo fino a 5-7 giorni lavorativi.<\/strong><\/p>\n<\/div>\n<\/div>\n<\/div>","protected":false},"featured_media":7657,"template":"","meta":[],"product_brand":[],"product_cat":[122,35],"product_tag":[],"class_list":{"0":"post-3641","1":"product","2":"type-product","3":"status-publish","4":"has-post-thumbnail","6":"product_cat-vertikaalsed","7":"product_cat-ventilatsiooniseadmed","9":"first","10":"onbackorder","11":"taxable","12":"shipping-taxable","13":"purchasable","14":"product-type-variable"},"_links":{"self":[{"href":"https:\/\/westonclimate.com\/it\/wp-json\/wp\/v2\/product\/3641","targetHints":{"allow":["GET"]}}],"collection":[{"href":"https:\/\/westonclimate.com\/it\/wp-json\/wp\/v2\/product"}],"about":[{"href":"https:\/\/westonclimate.com\/it\/wp-json\/wp\/v2\/types\/product"}],"version-history":[{"count":12,"href":"https:\/\/westonclimate.com\/it\/wp-json\/wp\/v2\/product\/3641\/revisions"}],"predecessor-version":[{"id":10968,"href":"https:\/\/westonclimate.com\/it\/wp-json\/wp\/v2\/product\/3641\/revisions\/10968"}],"wp:featuredmedia":[{"embeddable":true,"href":"https:\/\/westonclimate.com\/it\/wp-json\/wp\/v2\/media\/7657"}],"wp:attachment":[{"href":"https:\/\/westonclimate.com\/it\/wp-json\/wp\/v2\/media?parent=3641"}],"wp:term":[{"taxonomy":"product_brand","embeddable":true,"href":"https:\/\/westonclimate.com\/it\/wp-json\/wp\/v2\/product_brand?post=3641"},{"taxonomy":"product_cat","embeddable":true,"href":"https:\/\/westonclimate.com\/it\/wp-json\/wp\/v2\/product_cat?post=3641"},{"taxonomy":"product_tag","embeddable":true,"href":"https:\/\/westonclimate.com\/it\/wp-json\/wp\/v2\/product_tag?post=3641"}],"curies":[{"name":"wp","href":"https:\/\/api.w.org\/{rel}","templated":true}]}}