{"id":3660,"date":"2024-06-20T20:37:25","date_gmt":"2024-06-20T20:37:25","guid":{"rendered":"https:\/\/wmdcompany.eu\/?post_type=product&#038;p=3660"},"modified":"2026-01-18T11:45:56","modified_gmt":"2026-01-18T11:45:56","slug":"weston-climate-tp-th-seeria-350-600m3-soojustagastusega-ventilatsiooniseade","status":"publish","type":"product","link":"https:\/\/westonclimate.com\/it\/tooted\/weston-climate-tp-th-serie-350-600m3-unita-di-ventilazione-a-recupero-di-calore\/","title":{"rendered":"Weston Climate TP TH serie 350-600m3 unit\u00e0 di ventilazione a recupero di calore"},"content":{"rendered":"<p><strong>Caratteristiche:<\/strong><\/p>\n<ul>\n<li>Alta pressione statica, motore a commutazione elettronica (EC) a risparmio energetico<\/li>\n<li>Efficienza energetica fino a 97%<\/li>\n<li>Integrazione standard del bypass estivo<\/li>\n<li>Protezione automatica dal freddo<\/li>\n<li>Isolamento termico e acustico interno di 30-45 mm<\/li>\n<li>Prestazioni superlative<\/li>\n<li>Installazione verticale e orizzontale<\/li>\n<li>Pannelli di manutenzione su ciascun lato<\/li>\n<li>Adatto per l'installazione sia a destra che a sinistra<\/li>\n<li>Sensori di temperatura interna\/umidit\u00e0 relativa<\/li>\n<li>Integrazione opzionale di riscaldatori elettrici<\/li>\n<li>Design compatto e maneggevole<\/li>\n<li>Conformit\u00e0: EU1253\/2014 ErP2016 ErP2018 EcoDesign<\/li>\n<li>Etichetta energetica A+<\/li>\n<\/ul>\n<p><strong>Funzioni di controllo:<\/strong><\/p>\n<ul>\n<li>Sistema di gestione integrato<\/li>\n<li>Schermo tattile a colori da 7 pollici HD con visualizzazione della qualit\u00e0 dell'aria interna in tempo reale<\/li>\n<li>Gestione della domanda locale con velocit\u00e0 variabile<\/li>\n<li>Collegamento Modbus RS485 per smart house<\/li>\n<li>Sensori IAQ (Qualit\u00e0 dell'aria interna) CO2\/PM2,5\/vOC\/TEMP\/RH<\/li>\n<li>Operazione settimanale proposta<\/li>\n<li>Controllo opzionale del ventilatore separato<\/li>\n<li>Collegamento di pi\u00f9 sensori esterni di CO2\/RH\/TEMP<\/li>\n<li>Collegamento di pi\u00f9 interruttori boost esterni<\/li>\n<li>Automazione ingresso\/fusione\/IAQ<\/li>\n<li>Disponibile con telecomando<\/li>\n<li>Notifica di inversione di lettura\/sostituzione del filtro<\/li>\n<li>Impostazioni complete del pannello di controllo<\/li>\n<\/ul>\n<p><strong>Informazioni tecniche:<\/strong><\/p>\n<ul>\n<li>Tipo di motore di ventilazione: EC<\/li>\n<li>Flusso d'aria massimo (m3\/h):\u00a0<em><strong>350@100Pa \/ 400@100Pa \/ 450@100Pa \/ 500@100Pa \/ 550@100Pa \/ 600@100Pa<\/strong><\/em><\/li>\n<li>Potenza nominale massima:\u00a0<em><strong>230V-50Hz; 115W; 0,9A \/ 230V-50Hz; 150W; 1,1A \/ 230V-50Hz; 190W; 1,3A \/ 230V-50Hz; 250W; 1,7A \/ 230V-50Hz; 320W; 2,1A \/ 230V-50Hz; 390W; 2,6A.<\/strong><\/em><\/li>\n<li>Gamma di alimentazione in ingresso: 200-240 V; 50\/60Hz<\/li>\n<li>Peso (kg): 47,5<\/li>\n<li>Filtro: G4<\/li>\n<li>Filtro di alimentazione: G4, F8 (opzionale)<\/li>\n<li>Pressione statica massima (Pa):\u00a0<em><strong>575 \/ 707 \/ 720 \/ 720 \/ 720 \/ 725<\/strong><\/em><\/li>\n<li>Tipo di scambiatore di calore: in controcorrente<\/li>\n<li>Materiale dello scambiatore di calore: entalpia<\/li>\n<li>Efficienza energetica (%):\u00a0<em><strong>89-97 \/ 87-97 \/ 84-97 \/ 81-97 \/ 78-97 \/ 75-97<\/strong><\/em><\/li>\n<li>Materiale isolante interno: EPP<\/li>\n<li>Materiale della carrozzeria: EPP<\/li>\n<li>Temperatura dell'aria trasmessa (C): da -25 a +50<\/li>\n<li>Temperatura ambiente di lavoro (C): da +5 a +40<\/li>\n<li>Umidit\u00e0 relativa dell'ambiente di lavoro (%): inferiore a 80<\/li>\n<li>Diametro del condotto dell'aria collegato (mm): 160<\/li>\n<\/ul>","protected":false},"excerpt":{"rendered":"<p>WC-TP<strong>450<\/strong>-ERV-B-Z-EC-VK8 <a href=\"https:\/\/eprel.ec.europa.eu\/screen\/product\/residentialventilationunits\/2418267\" target=\"_blank\" rel=\"noopener\">Registro EPREL<\/a><\/p>\n<p>Con regolazione termica <strong>Weston Climate TP TH serie 350-600m3 unit\u00e0 di ventilazione a recupero di calore<\/strong> Adatto all'uso in abitazioni private di medie e grandi dimensioni, uffici, sale pubbliche, palestre, strutture mediche, negozi, hotel, istituti scolastici, strutture di ristorazione, ecc. <strong>Unit\u00e0 di ventilazione a recupero di calore serie TP TH 350-600m3<\/strong> sono stati commissionati e adattati per soddisfare i requisiti europei e scandinavi. Per la costruzione dell'unit\u00e0 vengono utilizzati materiali di alta qualit\u00e0, per garantire che la SERIE TP THERMAL funzioni in modo impeccabile ed estremamente silenzioso. La moderna tecnologia garantisce l'affidabilit\u00e0 e la lunga durata dell'unit\u00e0. L'installazione della SERIE TP THERMAL \u00e8 molto semplice e alla portata di ogni appassionato padre di famiglia.<\/p>\n<table style=\"border-collapse: collapse; width: 48pt;\" border=\"0\" width=\"64\" cellspacing=\"0\" cellpadding=\"0\">\n<tbody>\n<tr style=\"height: 15.0pt;\">\n<td style=\"height: 15.0pt; width: 48pt;\" width=\"64\" height=\"20\"><a href=\"https:\/\/westonclimate.com\/wp-content\/uploads\/2024\/06\/CE-Certificate-TP-SERIES.pdf\" target=\"_blank\" rel=\"noopener\"> <img fetchpriority=\"high\" decoding=\"async\" class=\"alignnone size-medium wp-image-10963\" src=\"https:\/\/westonclimate.com\/wp-content\/uploads\/2024\/06\/CS-sert_thermal-207x300.png\" alt=\"\" width=\"207\" height=\"300\" srcset=\"https:\/\/westonclimate.com\/wp-content\/uploads\/2024\/06\/CS-sert_thermal-207x300.png 207w, https:\/\/westonclimate.com\/wp-content\/uploads\/2024\/06\/CS-sert_thermal-707x1024.png 707w, https:\/\/westonclimate.com\/wp-content\/uploads\/2024\/06\/CS-sert_thermal-8x12.png 8w, https:\/\/westonclimate.com\/wp-content\/uploads\/2024\/06\/CS-sert_thermal-600x869.png 600w, https:\/\/westonclimate.com\/wp-content\/uploads\/2024\/06\/CS-sert_thermal.png 763w\" sizes=\"(max-width: 207px) 100vw, 207px\" \/><\/a><\/td>\n<\/tr>\n<\/tbody>\n<\/table>\n<p><strong>Tempi di consegna fino a 65 giorni lavorativi.<\/strong><\/p>","protected":false},"featured_media":7648,"template":"","meta":[],"product_brand":[],"product_cat":[122,35],"product_tag":[],"class_list":{"0":"post-3660","1":"product","2":"type-product","3":"status-publish","4":"has-post-thumbnail","6":"product_cat-vertikaalsed","7":"product_cat-ventilatsiooniseadmed","9":"first","10":"instock","11":"taxable","12":"shipping-taxable","13":"purchasable","14":"product-type-variable","15":"has-default-attributes"},"_links":{"self":[{"href":"https:\/\/westonclimate.com\/it\/wp-json\/wp\/v2\/product\/3660","targetHints":{"allow":["GET"]}}],"collection":[{"href":"https:\/\/westonclimate.com\/it\/wp-json\/wp\/v2\/product"}],"about":[{"href":"https:\/\/westonclimate.com\/it\/wp-json\/wp\/v2\/types\/product"}],"version-history":[{"count":15,"href":"https:\/\/westonclimate.com\/it\/wp-json\/wp\/v2\/product\/3660\/revisions"}],"predecessor-version":[{"id":10964,"href":"https:\/\/westonclimate.com\/it\/wp-json\/wp\/v2\/product\/3660\/revisions\/10964"}],"wp:featuredmedia":[{"embeddable":true,"href":"https:\/\/westonclimate.com\/it\/wp-json\/wp\/v2\/media\/7648"}],"wp:attachment":[{"href":"https:\/\/westonclimate.com\/it\/wp-json\/wp\/v2\/media?parent=3660"}],"wp:term":[{"taxonomy":"product_brand","embeddable":true,"href":"https:\/\/westonclimate.com\/it\/wp-json\/wp\/v2\/product_brand?post=3660"},{"taxonomy":"product_cat","embeddable":true,"href":"https:\/\/westonclimate.com\/it\/wp-json\/wp\/v2\/product_cat?post=3660"},{"taxonomy":"product_tag","embeddable":true,"href":"https:\/\/westonclimate.com\/it\/wp-json\/wp\/v2\/product_tag?post=3660"}],"curies":[{"name":"wp","href":"https:\/\/api.w.org\/{rel}","templated":true}]}}