{"id":3677,"date":"2024-06-25T19:24:55","date_gmt":"2024-06-25T19:24:55","guid":{"rendered":"https:\/\/wmdcompany.eu\/?post_type=product&#038;p=3677"},"modified":"2026-04-29T12:37:34","modified_gmt":"2026-04-29T12:37:34","slug":"weston-climate-cmerv-cfa-150-1000m3-soojustagastusega-ventilatsiooniseade","status":"publish","type":"product","link":"https:\/\/westonclimate.com\/it\/tooted\/weston-climate-cmerv-cfa-150-1000m3-unita-di-ventilazione-a-recupero-di-calore\/","title":{"rendered":"Weston Climate CMERV-CFA 150-1000m3 unit\u00e0 di ventilazione a recupero di calore"},"content":{"rendered":"<p><strong>Caratteristiche:<\/strong><\/p>\n<ul>\n<li>Ampia gamma di flussi d'aria 150-2000 m\u00b3\/h.<\/li>\n<li>Motore CC incapsulato in plastica, 10 velocit\u00e0.<\/li>\n<li>La depurazione dell'aria di alimentazione con filtro principale (G3) e filtro medio (F7) \u00e8 opzionale.<\/li>\n<li>Tecnologia di tenuta dei bordi chiusi.<\/li>\n<li>Scambiatore di calore totale di 5a generazione ad alta efficienza.<\/li>\n<li>Porte laterali riservate per OA e EA.<\/li>\n<li>Installazione flessibile.<\/li>\n<li>La scorsa settimana.<\/li>\n<li>Due opzioni di installazione nella stanza appropriata.<\/li>\n<li>Sistema di controllo intelligente Android\/IOS.<\/li>\n<li>Wifi.<\/li>\n<li>Gestione del gruppo.<\/li>\n<li>Classe di efficienza energetica A+.<\/li>\n<\/ul>\n<p><strong>Corpo:<\/strong><\/p>\n<ul>\n<li>Facile installazione grazie all'alloggiamento integrato in EPS.<\/li>\n<li>Migliore isolamento, tenuta all'aria e riduzione del rumore.<\/li>\n<li>Ventole montate centralmente con flusso d'aria stabile per garantire una migliore efficienza di scambio termico e un funzionamento stabile.<\/li>\n<\/ul>\n<p><strong>Installazione flessibile:<\/strong><\/p>\n<ul>\n<li>Flusso d'aria parallelo.<\/li>\n<li>Disponibile con montaggio girevole.<\/li>\n<li>Riservato a OA ed EA laterali.<\/li>\n<\/ul>\n<p><strong>Tecnologia a bordo chiuso:<\/strong><\/p>\n<ul>\n<li>Il triplo spessore del bordo ripiegato migliora la resistenza dell'involucro.<\/li>\n<li>Maggiore produttivit\u00e0.<\/li>\n<li>Buon aspetto esterno e migliore densit\u00e0 dell'aria.<\/li>\n<\/ul>\n<p><strong>Nuovi fan della DC:<\/strong><\/p>\n<ul>\n<li>Rispetto al vecchio motore CA a corpo metallico, il nuovo motore \u00e8 pi\u00f9 stabile, silenzioso ed efficiente dal punto di vista energetico, con un risparmio fino a 40%.<\/li>\n<\/ul>\n<p><strong>Scambiatore di calore totale di quinta generazione:<\/strong><\/p>\n<ul>\n<li>Nuova carta ER con maggiore efficienza dello scambiatore di calore.<\/li>\n<li>I materiali dello scambiatore di calore sono resistenti alla muffa e ignifughi.<\/li>\n<li>Struttura integrata, migliore tenuta all'aria ed estetica.<\/li>\n<\/ul>\n<p><strong>Gabbia filtro integrata:<\/strong><\/p>\n<ul>\n<li>Con il filtro principale integrato nel percorso riservato, il filtro centrale F7 \u00e8 opzionale.<\/li>\n<\/ul>\n<p><strong>Informazioni tecniche:<\/strong><\/p>\n<ul>\n<li>Flusso d'aria (m3\/h): 150-2000<\/li>\n<li>Pressione statica massima (Pa): 85-175<\/li>\n<li>Efficienza entalpica (%) raffreddamento: 66-86<\/li>\n<li>Efficienza entalpica (%) riscaldamento: 69-87<\/li>\n<li>Efficienza termica (%): 77-90<\/li>\n<li>M\u00fcra dB(A): 29-37<\/li>\n<li>Tensione (V): 220-240<\/li>\n<li>Potenza in ingresso (W): 58-850<\/li>\n<li>Netokaal (kg): 20-54<\/li>\n<\/ul>\n<p><strong>M\u00f5\u00f5dud (pikkus\/laius\/k\u00f5rgus), kaal (kg):<\/strong><\/p>\n<ul>\n<li>150m3\/h &#8211; 886x610x289, kaal 20kg<\/li>\n<li>250m3\/h &#8211; 886x735x289, kaal 23kg<\/li>\n<li>350m3\/h &#8211; 1000x874x331, kaal 30kg<\/li>\n<li>500m3\/h &#8211; 1005x1016x331, kaal 33kg<\/li>\n<li>650m3\/h &#8211; 1030x954x404, kaal 38kg<\/li>\n<li>800m3\/h &#8211; 1268x1004x404, kaal 48kg<\/li>\n<li>1000m3\/h &#8211; 1355x1231x404, kaal 54kg<\/li>\n<\/ul>","protected":false},"excerpt":{"rendered":"<p style=\"font-weight: 400;\"><strong>Weston Climate unit\u00e0 di ventilazione a recupero di calore a soffitto CMERV-CFA 150-1000m3<\/strong>\u00a0porta aria fresca e pulita negli ambienti interni e rimuove l'aria esterna inquinata.<\/p>\n<p style=\"font-weight: 400;\">Quando l'aria esterna \u00e8 confortevole, funziona in modalit\u00e0 bypass, l'aria fresca pu\u00f2 essere fatta circolare direttamente nell'ambiente senza scambio di calore e l'aria di scarico dell'ambiente pu\u00f2 essere espulsa allo stesso tempo per migliorare la qualit\u00e0 dell'aria interna. In inverno o in estate, per garantire un'aria interna confortevole e ridurre il consumo energetico, funziona in modalit\u00e0 di recupero energetico. Questa unit\u00e0 di ventilazione a recupero di energia \u00e8 costruita per una ventilazione efficiente dell'ambiente. <strong>Scambiatore di calore di 5a generazione, <\/strong>con filtro integrato compatto e delicato.<\/p>\n<p style=\"font-weight: 400;\">\u00c8 efficiente dal punto di vista energetico e offre maggiori vantaggi, come mantenere l'aria interna della casa pi\u00f9 sana, sostituendo l'aria viziata con aria fresca e rimuovendo vari agenti inquinanti.<\/p>\n<p><a href=\"https:\/\/wmdcompany.eu\/kontakt\/\"><strong>NB: Sono disponibili anche i modelli da 1500m3\/h e 2000m3\/h.<\/strong> <strong>INVIA ORA!<\/strong><\/a><\/p>\n<p><strong>Tempi di consegna fino a 45 giorni lavorativi.<\/strong><\/p>\n<p>&nbsp;<\/p>","protected":false},"featured_media":10708,"template":"","meta":[],"product_brand":[],"product_cat":[121,122,35],"product_tag":[],"class_list":{"0":"post-3677","1":"product","2":"type-product","3":"status-publish","4":"has-post-thumbnail","6":"product_cat-laeventilatsioon","7":"product_cat-vertikaalsed","8":"product_cat-ventilatsiooniseadmed","10":"first","11":"instock","12":"taxable","13":"shipping-taxable","14":"purchasable","15":"product-type-variable"},"_links":{"self":[{"href":"https:\/\/westonclimate.com\/it\/wp-json\/wp\/v2\/product\/3677","targetHints":{"allow":["GET"]}}],"collection":[{"href":"https:\/\/westonclimate.com\/it\/wp-json\/wp\/v2\/product"}],"about":[{"href":"https:\/\/westonclimate.com\/it\/wp-json\/wp\/v2\/types\/product"}],"version-history":[{"count":15,"href":"https:\/\/westonclimate.com\/it\/wp-json\/wp\/v2\/product\/3677\/revisions"}],"predecessor-version":[{"id":11608,"href":"https:\/\/westonclimate.com\/it\/wp-json\/wp\/v2\/product\/3677\/revisions\/11608"}],"wp:featuredmedia":[{"embeddable":true,"href":"https:\/\/westonclimate.com\/it\/wp-json\/wp\/v2\/media\/10708"}],"wp:attachment":[{"href":"https:\/\/westonclimate.com\/it\/wp-json\/wp\/v2\/media?parent=3677"}],"wp:term":[{"taxonomy":"product_brand","embeddable":true,"href":"https:\/\/westonclimate.com\/it\/wp-json\/wp\/v2\/product_brand?post=3677"},{"taxonomy":"product_cat","embeddable":true,"href":"https:\/\/westonclimate.com\/it\/wp-json\/wp\/v2\/product_cat?post=3677"},{"taxonomy":"product_tag","embeddable":true,"href":"https:\/\/westonclimate.com\/it\/wp-json\/wp\/v2\/product_tag?post=3677"}],"curies":[{"name":"wp","href":"https:\/\/api.w.org\/{rel}","templated":true}]}}