{"id":3698,"date":"2024-06-25T19:50:18","date_gmt":"2024-06-25T19:50:18","guid":{"rendered":"https:\/\/wmdcompany.eu\/?post_type=product&#038;p=3698"},"modified":"2026-02-18T20:36:55","modified_gmt":"2026-02-18T20:36:55","slug":"weston-climate-wcd-cmerv-thc-1000-2600m3-soojustagastusega-laeseade","status":"publish","type":"product","link":"https:\/\/westonclimate.com\/it\/tooted\/weston-climate-wcd-cmerv-thc-1000-2600m3-recuperatore-di-calore-a-soffitto\/","title":{"rendered":"Weston Climate WCD-CMERV-THC Unit\u00e0 a soffitto a recupero di calore da 1000-2600m3"},"content":{"rendered":"<p><strong>Caratteristiche:<\/strong><\/p>\n<ul>\n<li>Ampia gamma di flussi d'aria 1000-2600 m\u00b3\/h.<\/li>\n<li>Motore CA, 3 velocit\u00e0.<\/li>\n<li>Depurazione dell'aria di mandata con filtro principale e opzione per filtri supplementari F7, H10 e H13.<\/li>\n<li>Efficiente scambiatore di calore totale di terza generazione.<\/li>\n<li>Installazione flessibile.<\/li>\n<li>Due opzioni di installazione.<\/li>\n<li>La scorsa settimana.<\/li>\n<li>Sistema di controllo intelligente Android\/IOS.<\/li>\n<li>Wifi.<\/li>\n<li>Gestione del gruppo.<\/li>\n<li>Classe di efficienza energetica A.<\/li>\n<\/ul>","protected":false},"excerpt":{"rendered":"<p style=\"font-weight: 400;\"><strong>Weston Climate unit\u00e0 a soffitto WCD-CMERV-THC 1000-2600m3 a recupero di calore per applicazioni di ventilazione <\/strong>porta aria fresca e pulita negli ambienti interni e rimuove l'aria esterna inquinata.<\/p>\n<p style=\"font-weight: 400;\">Quando l'aria esterna \u00e8 gradevole, funziona in modalit\u00e0 bypass. L'aria fresca pu\u00f2 essere aspirata direttamente nella stanza senza scambio di calore, mentre l'aria di scarico della stanza pu\u00f2 essere espulsa allo stesso tempo per migliorare la qualit\u00e0 dell'aria interna. In inverno o in estate, per garantire un'aria interna confortevole e ridurre il consumo energetico, funziona in modalit\u00e0 di recupero energetico. Questa unit\u00e0 di ventilazione a recupero di energia \u00e8 costruita per una ventilazione efficiente della stanza.\u00a0<strong>Scambiatore di calore di terza generazione,\u00a0<\/strong>con filtro integrato compatto e delicato.<\/p>\n<p style=\"font-weight: 400;\">\u00c8 efficiente dal punto di vista energetico e offre maggiori vantaggi, come mantenere l'aria interna della casa pi\u00f9 sana, sostituendo l'aria viziata con aria fresca e rimuovendo vari agenti inquinanti.<\/p>\n<table style=\"border-collapse: collapse; width: 144pt;\" border=\"0\" width=\"192\" cellspacing=\"0\" cellpadding=\"0\">\n<tbody>\n<tr style=\"height: 15.0pt;\">\n<td style=\"height: 15.0pt; width: 48pt;\" width=\"64\" height=\"20\"><a href=\"https:\/\/westonclimate.com\/wp-content\/uploads\/2026\/02\/CE-1.pdf\" target=\"_blank\" rel=\"noopener\"><img fetchpriority=\"high\" decoding=\"async\" class=\"alignnone size-medium wp-image-11064\" src=\"https:\/\/westonclimate.com\/wp-content\/uploads\/2024\/06\/Cert_1-234x300.png\" alt=\"\" width=\"234\" height=\"300\" srcset=\"https:\/\/westonclimate.com\/wp-content\/uploads\/2024\/06\/Cert_1-234x300.png 234w, https:\/\/westonclimate.com\/wp-content\/uploads\/2024\/06\/Cert_1-799x1024.png 799w, https:\/\/westonclimate.com\/wp-content\/uploads\/2024\/06\/Cert_1-768x985.png 768w, https:\/\/westonclimate.com\/wp-content\/uploads\/2024\/06\/Cert_1-9x12.png 9w, https:\/\/westonclimate.com\/wp-content\/uploads\/2024\/06\/Cert_1-600x769.png 600w, https:\/\/westonclimate.com\/wp-content\/uploads\/2024\/06\/Cert_1.png 940w\" sizes=\"(max-width: 234px) 100vw, 234px\" \/><\/a><\/td>\n<td style=\"width: 48pt;\" width=\"64\"><a href=\"https:\/\/westonclimate.com\/wp-content\/uploads\/2026\/02\/CELVD.pdf\" target=\"_blank\" rel=\"noopener\"><img decoding=\"async\" class=\"alignnone size-medium wp-image-11066\" src=\"https:\/\/westonclimate.com\/wp-content\/uploads\/2024\/06\/Cert_2-211x300.png\" alt=\"\" width=\"211\" height=\"300\" srcset=\"https:\/\/westonclimate.com\/wp-content\/uploads\/2024\/06\/Cert_2-211x300.png 211w, https:\/\/westonclimate.com\/wp-content\/uploads\/2024\/06\/Cert_2-8x12.png 8w, https:\/\/westonclimate.com\/wp-content\/uploads\/2024\/06\/Cert_2-600x854.png 600w, https:\/\/westonclimate.com\/wp-content\/uploads\/2024\/06\/Cert_2.png 682w\" sizes=\"(max-width: 211px) 100vw, 211px\" \/><\/a><\/td>\n<td style=\"width: 48pt;\" width=\"64\"><a href=\"https:\/\/westonclimate.com\/wp-content\/uploads\/2026\/02\/CERohs2.0.pdf\" target=\"_blank\" rel=\"noopener\"><img decoding=\"async\" class=\"alignnone size-medium wp-image-11068\" src=\"https:\/\/westonclimate.com\/wp-content\/uploads\/2024\/06\/Cert_3-213x300.png\" alt=\"\" width=\"213\" height=\"300\" srcset=\"https:\/\/westonclimate.com\/wp-content\/uploads\/2024\/06\/Cert_3-213x300.png 213w, https:\/\/westonclimate.com\/wp-content\/uploads\/2024\/06\/Cert_3-9x12.png 9w, https:\/\/westonclimate.com\/wp-content\/uploads\/2024\/06\/Cert_3-600x847.png 600w, https:\/\/westonclimate.com\/wp-content\/uploads\/2024\/06\/Cert_3.png 688w\" sizes=\"(max-width: 213px) 100vw, 213px\" \/><\/a><\/td>\n<\/tr>\n<\/tbody>\n<\/table>\n<p>&nbsp;<\/p>\n<table style=\"border-collapse: collapse; width: 192pt;\" border=\"0\" width=\"256\" cellspacing=\"0\" cellpadding=\"0\">\n<tbody>\n<tr style=\"height: 15.0pt;\">\n<td style=\"height: 15.0pt; width: 48pt;\" width=\"64\" height=\"20\"><a href=\"https:\/\/westonclimate.com\/wp-content\/uploads\/2026\/02\/Ceiling-DC-motor-CE-EMC-1.pdf\" target=\"_blank\" rel=\"noopener\"><img loading=\"lazy\" decoding=\"async\" class=\"alignnone size-medium wp-image-11070\" src=\"https:\/\/westonclimate.com\/wp-content\/uploads\/2024\/06\/Cert_4-212x300.png\" alt=\"\" width=\"212\" height=\"300\" srcset=\"https:\/\/westonclimate.com\/wp-content\/uploads\/2024\/06\/Cert_4-212x300.png 212w, https:\/\/westonclimate.com\/wp-content\/uploads\/2024\/06\/Cert_4-8x12.png 8w, https:\/\/westonclimate.com\/wp-content\/uploads\/2024\/06\/Cert_4-600x849.png 600w, https:\/\/westonclimate.com\/wp-content\/uploads\/2024\/06\/Cert_4.png 678w\" sizes=\"(max-width: 212px) 100vw, 212px\" \/><\/a><\/td>\n<td style=\"width: 48pt;\" width=\"64\"><a href=\"https:\/\/westonclimate.com\/wp-content\/uploads\/2026\/02\/Ceiling-DC-motor-CE-LVD-1.pdf\" target=\"_blank\" rel=\"noopener\"><img loading=\"lazy\" decoding=\"async\" class=\"alignnone size-medium wp-image-11072\" src=\"https:\/\/westonclimate.com\/wp-content\/uploads\/2024\/06\/Cert_5-231x300.png\" alt=\"\" width=\"231\" height=\"300\" srcset=\"https:\/\/westonclimate.com\/wp-content\/uploads\/2024\/06\/Cert_5-231x300.png 231w, https:\/\/westonclimate.com\/wp-content\/uploads\/2024\/06\/Cert_5-789x1024.png 789w, https:\/\/westonclimate.com\/wp-content\/uploads\/2024\/06\/Cert_5-768x996.png 768w, https:\/\/westonclimate.com\/wp-content\/uploads\/2024\/06\/Cert_5-9x12.png 9w, https:\/\/westonclimate.com\/wp-content\/uploads\/2024\/06\/Cert_5-600x779.png 600w, https:\/\/westonclimate.com\/wp-content\/uploads\/2024\/06\/Cert_5.png 884w\" sizes=\"(max-width: 231px) 100vw, 231px\" \/><\/a><\/td>\n<td style=\"width: 48pt;\" width=\"64\"><a href=\"https:\/\/westonclimate.com\/wp-content\/uploads\/2026\/02\/DSS_CE-GZES2005018609HS.pdf\" target=\"_blank\" rel=\"noopener\"><img loading=\"lazy\" decoding=\"async\" class=\"alignnone size-medium wp-image-11074\" src=\"https:\/\/westonclimate.com\/wp-content\/uploads\/2024\/06\/Cert_6-232x300.png\" alt=\"\" width=\"232\" height=\"300\" srcset=\"https:\/\/westonclimate.com\/wp-content\/uploads\/2024\/06\/Cert_6-232x300.png 232w, https:\/\/westonclimate.com\/wp-content\/uploads\/2024\/06\/Cert_6-792x1024.png 792w, https:\/\/westonclimate.com\/wp-content\/uploads\/2024\/06\/Cert_6-768x992.png 768w, https:\/\/westonclimate.com\/wp-content\/uploads\/2024\/06\/Cert_6-9x12.png 9w, https:\/\/westonclimate.com\/wp-content\/uploads\/2024\/06\/Cert_6-600x775.png 600w, https:\/\/westonclimate.com\/wp-content\/uploads\/2024\/06\/Cert_6.png 893w\" sizes=\"(max-width: 232px) 100vw, 232px\" \/><\/a><\/td>\n<td style=\"width: 48pt;\" width=\"64\"><a href=\"https:\/\/westonclimate.com\/wp-content\/uploads\/2026\/02\/DSS_GZEM2005012684HSVR.pdf\" target=\"_blank\" rel=\"noopener\"><img loading=\"lazy\" decoding=\"async\" class=\"alignnone size-medium wp-image-11076\" src=\"https:\/\/westonclimate.com\/wp-content\/uploads\/2024\/06\/Cert_7-231x300.png\" alt=\"\" width=\"231\" height=\"300\" srcset=\"https:\/\/westonclimate.com\/wp-content\/uploads\/2024\/06\/Cert_7-231x300.png 231w, https:\/\/westonclimate.com\/wp-content\/uploads\/2024\/06\/Cert_7-789x1024.png 789w, https:\/\/westonclimate.com\/wp-content\/uploads\/2024\/06\/Cert_7-768x997.png 768w, https:\/\/westonclimate.com\/wp-content\/uploads\/2024\/06\/Cert_7-9x12.png 9w, https:\/\/westonclimate.com\/wp-content\/uploads\/2024\/06\/Cert_7-600x779.png 600w, https:\/\/westonclimate.com\/wp-content\/uploads\/2024\/06\/Cert_7.png 887w\" sizes=\"(max-width: 231px) 100vw, 231px\" \/><\/a><\/td>\n<\/tr>\n<\/tbody>\n<\/table>\n<p><strong>Tempi di consegna fino a 45 giorni lavorativi.<\/strong><\/p>\n<p>&nbsp;<\/p>","protected":false},"featured_media":3905,"template":"","meta":[],"product_brand":[],"product_cat":[121,122,35],"product_tag":[],"class_list":{"0":"post-3698","1":"product","2":"type-product","3":"status-publish","4":"has-post-thumbnail","6":"product_cat-laeventilatsioon","7":"product_cat-vertikaalsed","8":"product_cat-ventilatsiooniseadmed","10":"first","11":"instock","12":"taxable","13":"shipping-taxable","14":"purchasable","15":"product-type-variable"},"_links":{"self":[{"href":"https:\/\/westonclimate.com\/it\/wp-json\/wp\/v2\/product\/3698","targetHints":{"allow":["GET"]}}],"collection":[{"href":"https:\/\/westonclimate.com\/it\/wp-json\/wp\/v2\/product"}],"about":[{"href":"https:\/\/westonclimate.com\/it\/wp-json\/wp\/v2\/types\/product"}],"version-history":[{"count":10,"href":"https:\/\/westonclimate.com\/it\/wp-json\/wp\/v2\/product\/3698\/revisions"}],"predecessor-version":[{"id":11078,"href":"https:\/\/westonclimate.com\/it\/wp-json\/wp\/v2\/product\/3698\/revisions\/11078"}],"wp:featuredmedia":[{"embeddable":true,"href":"https:\/\/westonclimate.com\/it\/wp-json\/wp\/v2\/media\/3905"}],"wp:attachment":[{"href":"https:\/\/westonclimate.com\/it\/wp-json\/wp\/v2\/media?parent=3698"}],"wp:term":[{"taxonomy":"product_brand","embeddable":true,"href":"https:\/\/westonclimate.com\/it\/wp-json\/wp\/v2\/product_brand?post=3698"},{"taxonomy":"product_cat","embeddable":true,"href":"https:\/\/westonclimate.com\/it\/wp-json\/wp\/v2\/product_cat?post=3698"},{"taxonomy":"product_tag","embeddable":true,"href":"https:\/\/westonclimate.com\/it\/wp-json\/wp\/v2\/product_tag?post=3698"}],"curies":[{"name":"wp","href":"https:\/\/api.w.org\/{rel}","templated":true}]}}