{"id":3795,"date":"2024-06-26T21:13:22","date_gmt":"2024-06-26T21:13:22","guid":{"rendered":"https:\/\/wmdcompany.eu\/?post_type=product&#038;p=3795"},"modified":"2026-01-22T13:32:03","modified_gmt":"2026-01-22T13:32:03","slug":"weston-climate-monoblock-inverter-ohk-vesi-soojuspump-15kw","status":"publish","type":"product","link":"https:\/\/westonclimate.com\/it\/tooted\/weston-climate-monoblocco-inverter-ohk-acqua-pompa-di-calore-15kw\/","title":{"rendered":"Pompa di calore aria-acqua Weston Climate monoblocco inverter 15kW"},"content":{"rendered":"<ul>\n<li>Capacit\u00e0 di riscaldamento nominale:<strong>\u00a015 kW<\/strong><\/li>\n<li>Gamma di capacit\u00e0 di riscaldamento:\u00a0<strong>4,82-18,94 kW<\/strong><\/li>\n<li>Gamma COP:\u00a0<strong>5,10-2,58 p\/p<\/strong><\/li>\n<li><strong>Prontezza del sistema di monitoraggio dei prezzi dell'energia elettrica della Borsa (SG)<\/strong><\/li>\n<li><strong>WiFi<\/strong><\/li>\n<li>Tensione di alimentazione:\u00a0<strong>220-240\/50 V\/Hz<\/strong><\/li>\n<li>Compressore:\u00a0<strong>Inverter DC + EVI<\/strong><\/li>\n<li>Motore del ventilatore:\u00a0<strong>Inverter DC<\/strong><\/li>\n<li>Pompa dell'acqua:\u00a0<strong>Inverter DC<\/strong><\/li>\n<li>Classe energetica:\u00a0<strong>A+++<\/strong><\/li>\n<li>Temperatura dell'aria esterna:\u00a0<strong>Da -35 a 40\u00b0C<\/strong><\/li>\n<li>Intervallo di temperatura della modalit\u00e0 di riscaldamento:\u00a0<strong>Da 30 a 60\u00b0C<\/strong><\/li>\n<li>Livello di rumore:\u00a0<strong>fino a\u00a0<\/strong><strong>5<\/strong><strong>7 dB(A)<\/strong><\/li>\n<li>Peso:\u00a0<strong>115<\/strong>\u00a0<strong>kg<\/strong><\/li>\n<li>Dimensioni (lunghezza, larghezza, altezza):\u00a0<strong>1000x390x1380 mm<\/strong><\/li>\n<\/ul>","protected":false},"excerpt":{"rendered":"<p><strong>Pompa di calore aria-acqua Weston Climate MONOBLOCK inverter 15kW. <\/strong>Funzioni: modalit\u00e0 riscaldamento, modalit\u00e0 acqua calda, modalit\u00e0 raffreddamento, modalit\u00e0 riscaldamento e acqua calda, modalit\u00e0 raffreddamento e acqua calda.<\/p>\n<p>Superficie consigliata (per un buon isolamento): fino a 270 m2<\/p>\n<p>I prodotti sono disponibili in magazzino.\u00a0<strong>Consegna rapida, solo fino a 5-7 giorni lavorativi.<\/strong><\/p>\n<p><strong>Il prodotto \u00e8 installato in fabbrica, chiedete il prezzo!<\/strong><\/p>\n<p>&nbsp;<\/p>","protected":false},"featured_media":10982,"template":"","meta":[],"product_brand":[],"product_cat":[116,63,65],"product_tag":[],"class_list":{"0":"post-3795","1":"product","2":"type-product","3":"status-publish","4":"has-post-thumbnail","6":"product_cat-monobloc-weston-r32","7":"product_cat-soojuspumbad","8":"product_cat-soojuspump-monobloc","10":"first","11":"instock","12":"taxable","13":"shipping-taxable","14":"purchasable","15":"product-type-simple"},"_links":{"self":[{"href":"https:\/\/westonclimate.com\/it\/wp-json\/wp\/v2\/product\/3795","targetHints":{"allow":["GET"]}}],"collection":[{"href":"https:\/\/westonclimate.com\/it\/wp-json\/wp\/v2\/product"}],"about":[{"href":"https:\/\/westonclimate.com\/it\/wp-json\/wp\/v2\/types\/product"}],"version-history":[{"count":8,"href":"https:\/\/westonclimate.com\/it\/wp-json\/wp\/v2\/product\/3795\/revisions"}],"predecessor-version":[{"id":10527,"href":"https:\/\/westonclimate.com\/it\/wp-json\/wp\/v2\/product\/3795\/revisions\/10527"}],"wp:featuredmedia":[{"embeddable":true,"href":"https:\/\/westonclimate.com\/it\/wp-json\/wp\/v2\/media\/10982"}],"wp:attachment":[{"href":"https:\/\/westonclimate.com\/it\/wp-json\/wp\/v2\/media?parent=3795"}],"wp:term":[{"taxonomy":"product_brand","embeddable":true,"href":"https:\/\/westonclimate.com\/it\/wp-json\/wp\/v2\/product_brand?post=3795"},{"taxonomy":"product_cat","embeddable":true,"href":"https:\/\/westonclimate.com\/it\/wp-json\/wp\/v2\/product_cat?post=3795"},{"taxonomy":"product_tag","embeddable":true,"href":"https:\/\/westonclimate.com\/it\/wp-json\/wp\/v2\/product_tag?post=3795"}],"curies":[{"name":"wp","href":"https:\/\/api.w.org\/{rel}","templated":true}]}}