{"id":3798,"date":"2024-06-26T21:20:48","date_gmt":"2024-06-26T21:20:48","guid":{"rendered":"https:\/\/wmdcompany.eu\/?post_type=product&#038;p=3798"},"modified":"2026-01-22T13:30:53","modified_gmt":"2026-01-22T13:30:53","slug":"weston-climate-monoblock-inverter-ohk-vesi-soojuspump-18kw","status":"publish","type":"product","link":"https:\/\/westonclimate.com\/it\/tooted\/weston-climate-monoblocco-inverter-ohk-pompa-di-calore-acqua-18kw\/","title":{"rendered":"Pompa di calore aria-acqua Weston Climate monoblocco inverter 18kW"},"content":{"rendered":"<ul>\n<li>Capacit\u00e0 di riscaldamento nominale:<strong>\u00a018 kW<\/strong><\/li>\n<li>Gamma di capacit\u00e0 di riscaldamento:\u00a0<strong>5,56-23,2 kW<\/strong><\/li>\n<li>Gamma COP:\u00a0<strong>5,08-2,54 p\/p<\/strong><\/li>\n<li><strong>Prontezza del sistema di monitoraggio dei prezzi dell'energia elettrica della Borsa (SG)<\/strong><\/li>\n<li><strong>WiFi<\/strong><\/li>\n<li>Tensione di alimentazione:\u00a0<strong>380-415\/50 V\/Hz<\/strong><\/li>\n<li>Compressore:\u00a0<strong>Inverter DC + EVI<\/strong><\/li>\n<li>Motore del ventilatore:\u00a0<strong>Inverter DC<\/strong><\/li>\n<li>Pompa dell'acqua:\u00a0<strong>Inverter DC<\/strong><\/li>\n<li>Classe energetica:\u00a0<strong>A+++<\/strong><\/li>\n<li>Temperatura dell'aria esterna:\u00a0<strong>Da -35 a 40\u00b0C<\/strong><\/li>\n<li>Intervallo di temperatura della modalit\u00e0 di riscaldamento:\u00a0<strong>Da 30 a 60\u00b0C<\/strong><\/li>\n<li>Livello di rumore:\u00a0<strong>fino a 58<\/strong><strong>\u00a0dB(A)<\/strong><\/li>\n<li>Peso:\u00a0<strong>123 kg<\/strong><\/li>\n<li>Dimensioni (lunghezza, larghezza, altezza):\u00a0<strong>1000x390x1380 mm<\/strong><\/li>\n<\/ul>","protected":false},"excerpt":{"rendered":"<p><strong>Pompa di calore aria-acqua Weston Climate MONOBLOCK inverter 18kW. <\/strong>Funzioni: modalit\u00e0 riscaldamento, modalit\u00e0 acqua calda, modalit\u00e0 raffreddamento, modalit\u00e0 riscaldamento e acqua calda, modalit\u00e0 raffreddamento e acqua calda.<\/p>\n<p>Superficie consigliata (per un buon isolamento): fino a 325 m2<\/p>\n<p>I prodotti sono disponibili in magazzino.\u00a0<strong>Consegna rapida, solo fino a 5-7 giorni lavorativi.<\/strong><\/p>\n<p><strong>Il prodotto \u00e8 installato in fabbrica, chiedete il prezzo!<\/strong><\/p>","protected":false},"featured_media":10981,"template":"","meta":[],"product_brand":[],"product_cat":[116,63,65],"product_tag":[],"class_list":{"0":"post-3798","1":"product","2":"type-product","3":"status-publish","4":"has-post-thumbnail","6":"product_cat-monobloc-weston-r32","7":"product_cat-soojuspumbad","8":"product_cat-soojuspump-monobloc","10":"first","11":"instock","12":"taxable","13":"shipping-taxable","14":"purchasable","15":"product-type-simple"},"_links":{"self":[{"href":"https:\/\/westonclimate.com\/it\/wp-json\/wp\/v2\/product\/3798","targetHints":{"allow":["GET"]}}],"collection":[{"href":"https:\/\/westonclimate.com\/it\/wp-json\/wp\/v2\/product"}],"about":[{"href":"https:\/\/westonclimate.com\/it\/wp-json\/wp\/v2\/types\/product"}],"version-history":[{"count":8,"href":"https:\/\/westonclimate.com\/it\/wp-json\/wp\/v2\/product\/3798\/revisions"}],"predecessor-version":[{"id":10783,"href":"https:\/\/westonclimate.com\/it\/wp-json\/wp\/v2\/product\/3798\/revisions\/10783"}],"wp:featuredmedia":[{"embeddable":true,"href":"https:\/\/westonclimate.com\/it\/wp-json\/wp\/v2\/media\/10981"}],"wp:attachment":[{"href":"https:\/\/westonclimate.com\/it\/wp-json\/wp\/v2\/media?parent=3798"}],"wp:term":[{"taxonomy":"product_brand","embeddable":true,"href":"https:\/\/westonclimate.com\/it\/wp-json\/wp\/v2\/product_brand?post=3798"},{"taxonomy":"product_cat","embeddable":true,"href":"https:\/\/westonclimate.com\/it\/wp-json\/wp\/v2\/product_cat?post=3798"},{"taxonomy":"product_tag","embeddable":true,"href":"https:\/\/westonclimate.com\/it\/wp-json\/wp\/v2\/product_tag?post=3798"}],"curies":[{"name":"wp","href":"https:\/\/api.w.org\/{rel}","templated":true}]}}