{"id":3820,"date":"2024-06-26T22:13:57","date_gmt":"2024-06-26T22:13:57","guid":{"rendered":"https:\/\/wmdcompany.eu\/?post_type=product&#038;p=3820"},"modified":"2025-12-22T15:51:15","modified_gmt":"2025-12-22T15:51:15","slug":"weston-climate-split-inverter-ohk-pompa-di-calore-acqua-30kw","status":"publish","type":"product","link":"https:\/\/westonclimate.com\/it\/tooted\/weston-climate-split-inverter-ohk-vesi-soojuspump-30kw\/","title":{"rendered":"Pompa di calore aria-acqua Weston Climate split inverter 30kW"},"content":{"rendered":"<ul>\n<li>Capacit\u00e0 di riscaldamento nominale:<strong>\u00a030 kW<\/strong><\/li>\n<li>Gamma di capacit\u00e0 di riscaldamento:\u00a0<strong>10,50-35,85 kW<\/strong><\/li>\n<li>Riscaldatore: in dotazione, all'interno dell'apparecchio<\/li>\n<li>Gamma COP:\u00a0<strong>4,92-2,48 p\/p<\/strong><\/li>\n<li><strong>Prontezza del sistema di monitoraggio dei prezzi dell'energia elettrica della Borsa (SG)<\/strong><\/li>\n<li><strong>WiFi<\/strong><\/li>\n<li>Tensione di alimentazione:\u00a0<strong>380-415\/50 V\/Hz<\/strong><\/li>\n<li>Compressore:\u00a0<strong>Inverter DC + EVI<\/strong><\/li>\n<li>Motore del ventilatore:\u00a0<strong>Inverter DC<\/strong><\/li>\n<li>Pompa dell'acqua:\u00a0<strong>Inverter DC<\/strong><\/li>\n<li>Refrigerante: R32<\/li>\n<li>Classe energetica:\u00a0<strong>A+++<\/strong><\/li>\n<li>Temperatura dell'aria esterna:\u00a0<strong>Da -35 a 40\u00b0C<\/strong><\/li>\n<li>Intervallo di temperatura della modalit\u00e0 di riscaldamento:\u00a0<strong>Da 30 a 60\u00b0C<\/strong><\/li>\n<li>Livello di rumore interno:\u00a0<strong>fino a\u00a0<\/strong><strong>35 dB(A)<\/strong><\/li>\n<li>Livello di rumorosit\u00e0 delle attrezzature esterne:\u00a0<strong>fino a\u00a0<\/strong><strong>63 dB(A)<\/strong><\/li>\n<li>Peso del dispositivo di input:\u00a0<strong>58 kg<\/strong><\/li>\n<li>Peso dell'unit\u00e0 esterna:\u00a0<strong>164 kg<\/strong><\/li>\n<li>Dimensioni dell'unit\u00e0 interna (lunghezza, larghezza, altezza):\u00a0<strong>550x430x800 mm<\/strong><\/li>\n<li>Dimensioni dell'unit\u00e0 esterna (lunghezza, larghezza, altezza):\u00a0<strong>1200x430x1550 mm<\/strong><\/li>\n<\/ul>","protected":false},"excerpt":{"rendered":"<p><strong>Pompa di calore aria-acqua Weston Climate SPLIT inverter 30kW. <\/strong>Funzioni: modalit\u00e0 riscaldamento, modalit\u00e0 acqua calda, modalit\u00e0 raffreddamento, modalit\u00e0 riscaldamento e acqua calda, modalit\u00e0 raffreddamento e acqua calda.<\/p>\n<p>Superficie consigliata (per un buon isolamento): fino a 550 m2<\/p>\n<p><strong>Tempi di consegna fino a 5 giorni lavorativi.<\/strong><\/p>","protected":false},"featured_media":10389,"template":"","meta":[],"product_brand":[],"product_cat":[63,64],"product_tag":[],"class_list":{"0":"post-3820","1":"product","2":"type-product","3":"status-publish","4":"has-post-thumbnail","6":"product_cat-soojuspumbad","7":"product_cat-soojuspump-split","9":"first","10":"instock","11":"taxable","12":"shipping-taxable","13":"purchasable","14":"product-type-variable"},"_links":{"self":[{"href":"https:\/\/westonclimate.com\/it\/wp-json\/wp\/v2\/product\/3820","targetHints":{"allow":["GET"]}}],"collection":[{"href":"https:\/\/westonclimate.com\/it\/wp-json\/wp\/v2\/product"}],"about":[{"href":"https:\/\/westonclimate.com\/it\/wp-json\/wp\/v2\/types\/product"}],"version-history":[{"count":7,"href":"https:\/\/westonclimate.com\/it\/wp-json\/wp\/v2\/product\/3820\/revisions"}],"predecessor-version":[{"id":10390,"href":"https:\/\/westonclimate.com\/it\/wp-json\/wp\/v2\/product\/3820\/revisions\/10390"}],"wp:featuredmedia":[{"embeddable":true,"href":"https:\/\/westonclimate.com\/it\/wp-json\/wp\/v2\/media\/10389"}],"wp:attachment":[{"href":"https:\/\/westonclimate.com\/it\/wp-json\/wp\/v2\/media?parent=3820"}],"wp:term":[{"taxonomy":"product_brand","embeddable":true,"href":"https:\/\/westonclimate.com\/it\/wp-json\/wp\/v2\/product_brand?post=3820"},{"taxonomy":"product_cat","embeddable":true,"href":"https:\/\/westonclimate.com\/it\/wp-json\/wp\/v2\/product_cat?post=3820"},{"taxonomy":"product_tag","embeddable":true,"href":"https:\/\/westonclimate.com\/it\/wp-json\/wp\/v2\/product_tag?post=3820"}],"curies":[{"name":"wp","href":"https:\/\/api.w.org\/{rel}","templated":true}]}}