{"id":4277,"date":"2024-07-03T15:42:34","date_gmt":"2024-07-03T15:42:34","guid":{"rendered":"https:\/\/wmdcompany.eu\/?post_type=product&#038;p=4277"},"modified":"2025-12-26T15:09:18","modified_gmt":"2025-12-26T15:09:18","slug":"weston-climate-seinale-kinnitatav-soojustagastusega-ventilatsiooniseade-werv","status":"publish","type":"product","link":"https:\/\/westonclimate.com\/it\/tooted\/weston-climate-unita-di-ventilazione-a-recupero-di-calore-a-parete-werv\/","title":{"rendered":"Unit\u00e0 di ventilazione a recupero di calore a parete Weston Climate WERV"},"content":{"rendered":"<p><strong>Caratteristiche:<\/strong><\/p>\n<ul>\n<li>Elegante pannello frontale decorativo.<\/li>\n<li>Un'unit\u00e0 serve fino a\u00a0<strong>50m2<\/strong>\u00a0spazio.<\/li>\n<li>Installazione rapida attraverso una parete esterna.<\/li>\n<li>Efficienza energetica 82%.<\/li>\n<li>Funzionamento silenzioso (22-38 dBA).<\/li>\n<li>Monitoraggio dell'aria interna (umidit\u00e0, temperatura, CO2).<\/li>\n<li>Purificazione dell'aria in ingresso con prefiltro + filtro centrale + filtro HEPA con filtro a carboni attivi.<\/li>\n<li>Sottile, leggero, compatto.<\/li>\n<li>Gestibile tramite app.<\/li>\n<li>Motore CC a 8 velocit\u00e0.<\/li>\n<\/ul>\n<p><strong>Informazioni tecniche:<\/strong><\/p>\n<ul>\n<li>Tensione: 100V~240V AC \/50-60Hz<\/li>\n<li>Potenza (W): 12,6 - 43,8<\/li>\n<li>Amperaggio (A): 0,16 - 0,37<\/li>\n<li>Flusso d'aria: 50 - 150m3\/h<\/li>\n<li>Livello di pressione sonora (dBA): 22,6 - 37,9<\/li>\n<li>Dimensioni: 450x155x660 mm<\/li>\n<li>Peso: 10 kg<\/li>\n<\/ul>","protected":false},"excerpt":{"rendered":"<p><strong>Clima di Weston<\/strong> efficace <strong>Unit\u00e0 di ventilazione a recupero di calore a parete WERV<\/strong>\u00a0garantisce un'elevata qualit\u00e0 dell'aria monitorando contemporaneamente i livelli di umidit\u00e0, temperatura e CO2. I bassi livelli di rumorosit\u00e0 (22-38 dBA) garantiscono una stanza tranquilla e indisturbata per qualsiasi attivit\u00e0. L'installazione rapida e semplice attraverso una parete esterna \u00e8 alla portata di tutti e pi\u00f9 unit\u00e0 possono essere controllate contemporaneamente in un gruppo. L'unit\u00e0 \u00e8 stata realizzata su misura e adattata ai requisiti europei e scandinavi.<\/p>\n<p><strong>Tempi di consegna fino a 45 giorni lavorativi.<\/strong><\/p>","protected":false},"featured_media":7643,"template":"","meta":[],"product_brand":[],"product_cat":[124,35],"product_tag":[],"class_list":{"0":"post-4277","1":"product","2":"type-product","3":"status-publish","4":"has-post-thumbnail","6":"product_cat-lokaalsed","7":"product_cat-ventilatsiooniseadmed","9":"first","10":"onbackorder","11":"taxable","12":"shipping-taxable","13":"purchasable","14":"product-type-variable"},"_links":{"self":[{"href":"https:\/\/westonclimate.com\/it\/wp-json\/wp\/v2\/product\/4277","targetHints":{"allow":["GET"]}}],"collection":[{"href":"https:\/\/westonclimate.com\/it\/wp-json\/wp\/v2\/product"}],"about":[{"href":"https:\/\/westonclimate.com\/it\/wp-json\/wp\/v2\/types\/product"}],"version-history":[{"count":6,"href":"https:\/\/westonclimate.com\/it\/wp-json\/wp\/v2\/product\/4277\/revisions"}],"predecessor-version":[{"id":9315,"href":"https:\/\/westonclimate.com\/it\/wp-json\/wp\/v2\/product\/4277\/revisions\/9315"}],"wp:featuredmedia":[{"embeddable":true,"href":"https:\/\/westonclimate.com\/it\/wp-json\/wp\/v2\/media\/7643"}],"wp:attachment":[{"href":"https:\/\/westonclimate.com\/it\/wp-json\/wp\/v2\/media?parent=4277"}],"wp:term":[{"taxonomy":"product_brand","embeddable":true,"href":"https:\/\/westonclimate.com\/it\/wp-json\/wp\/v2\/product_brand?post=4277"},{"taxonomy":"product_cat","embeddable":true,"href":"https:\/\/westonclimate.com\/it\/wp-json\/wp\/v2\/product_cat?post=4277"},{"taxonomy":"product_tag","embeddable":true,"href":"https:\/\/westonclimate.com\/it\/wp-json\/wp\/v2\/product_tag?post=4277"}],"curies":[{"name":"wp","href":"https:\/\/api.w.org\/{rel}","templated":true}]}}