{"id":4757,"date":"2024-08-02T20:48:19","date_gmt":"2024-08-02T20:48:19","guid":{"rendered":"https:\/\/wmdcompany.eu\/?post_type=product&#038;p=4757"},"modified":"2025-11-16T00:01:16","modified_gmt":"2025-11-16T00:01:16","slug":"akl-monoblock-inverter-ohk-vesi-soojuspump-90kw","status":"publish","type":"product","link":"https:\/\/westonclimate.com\/it\/tooted\/akl-monoblocco-inverter-ohk-pompa-di-calore-ad-acqua-90kw\/","title":{"rendered":"Pompa di calore aria-acqua Weston Climate monoblocco inverter 90kW"},"content":{"rendered":"<ul>\n<li>Tensione di alimentazione:\u00a0<strong>380-415\/50 V\/Hz<\/strong><\/li>\n<li>Classe energetica:\u00a0<strong>A++<\/strong><\/li>\n<li>Capacit\u00e0 di riscaldamento nominale: <strong>90kW<\/strong><\/li>\n<li>Gamma di capacit\u00e0 di riscaldamento:<strong>\u00a062kW-90kW<\/strong><\/li>\n<li>Capacit\u00e0 di riscaldamento in ingresso:\u00a0<strong>25kW-29,4kW<\/strong><\/li>\n<li>Gamma COP:\u00a0<strong>3,51-2,48<\/strong><\/li>\n<li>Capacit\u00e0 di raffreddamento:\u00a0<strong>70kW<\/strong><\/li>\n<li>Potenza di raffreddamento in ingresso:\u00a0<strong>24,82kW<\/strong><\/li>\n<li>EER:<strong>\u00a02,82<\/strong><\/li>\n<li>Portata d'acqua:\u00a0<strong>11,3m3\/h<\/strong><\/li>\n<li>Tipo di refrigerante:\u00a0<strong>R410a<\/strong><\/li>\n<li>Tipo di compressore:<strong>\u00a0DC\/2 set<\/strong><\/li>\n<li>Tipo di motore del ventilatore:\u00a0<strong>AC\/2 set<\/strong><\/li>\n<li>Temperatura dell'aria esterna:\u00a0<strong>Da -35 a 40\u00b0C<\/strong><\/li>\n<li>Intervallo di temperatura della modalit\u00e0 di riscaldamento:\u00a0<strong>Da 30 a 60\u00b0C<\/strong><\/li>\n<li>Allacciamento all'acqua:\u00a0<strong>DN50<\/strong><\/li>\n<li>Livello di rumore:\u00a0<strong>fino a\u00a0<\/strong><strong>69 dB(A)<\/strong><\/li>\n<li>Peso:\u00a0<strong>532 kg<\/strong><\/li>\n<li>Dimensioni (lunghezza, larghezza, altezza):\u00a0<strong>1230\u00d71400\u00d72328 mm<\/strong><\/li>\n<\/ul>","protected":false},"excerpt":{"rendered":"<p><strong>Pompa di calore aria-acqua Weston Climate MONOBLOCK inverter 90kW. <\/strong>Funzioni: modalit\u00e0 riscaldamento, modalit\u00e0 acqua calda, modalit\u00e0 raffreddamento, modalit\u00e0 riscaldamento e acqua calda, modalit\u00e0 raffreddamento e acqua calda.<\/p>\n<p>Superficie consigliata (per un buon isolamento): fino a 1800 m2<\/p>\n<p><strong>Tempi di consegna fino a 45 giorni lavorativi.<\/strong><\/p>","protected":false},"featured_media":10392,"template":"","meta":[],"product_brand":[],"product_cat":[63,89],"product_tag":[],"class_list":{"0":"post-4757","1":"product","2":"type-product","3":"status-publish","4":"has-post-thumbnail","6":"product_cat-soojuspumbad","7":"product_cat-toostuslik-monobloc","9":"first","10":"instock","11":"taxable","12":"shipping-taxable","13":"purchasable","14":"product-type-simple"},"_links":{"self":[{"href":"https:\/\/westonclimate.com\/it\/wp-json\/wp\/v2\/product\/4757","targetHints":{"allow":["GET"]}}],"collection":[{"href":"https:\/\/westonclimate.com\/it\/wp-json\/wp\/v2\/product"}],"about":[{"href":"https:\/\/westonclimate.com\/it\/wp-json\/wp\/v2\/types\/product"}],"version-history":[{"count":6,"href":"https:\/\/westonclimate.com\/it\/wp-json\/wp\/v2\/product\/4757\/revisions"}],"predecessor-version":[{"id":10394,"href":"https:\/\/westonclimate.com\/it\/wp-json\/wp\/v2\/product\/4757\/revisions\/10394"}],"wp:featuredmedia":[{"embeddable":true,"href":"https:\/\/westonclimate.com\/it\/wp-json\/wp\/v2\/media\/10392"}],"wp:attachment":[{"href":"https:\/\/westonclimate.com\/it\/wp-json\/wp\/v2\/media?parent=4757"}],"wp:term":[{"taxonomy":"product_brand","embeddable":true,"href":"https:\/\/westonclimate.com\/it\/wp-json\/wp\/v2\/product_brand?post=4757"},{"taxonomy":"product_cat","embeddable":true,"href":"https:\/\/westonclimate.com\/it\/wp-json\/wp\/v2\/product_cat?post=4757"},{"taxonomy":"product_tag","embeddable":true,"href":"https:\/\/westonclimate.com\/it\/wp-json\/wp\/v2\/product_tag?post=4757"}],"curies":[{"name":"wp","href":"https:\/\/api.w.org\/{rel}","templated":true}]}}