{"id":4760,"date":"2024-08-02T21:01:59","date_gmt":"2024-08-02T21:01:59","guid":{"rendered":"https:\/\/wmdcompany.eu\/?post_type=product&#038;p=4760"},"modified":"2025-11-16T00:01:16","modified_gmt":"2025-11-16T00:01:16","slug":"akl-monoblock-inverter-ohk-vesi-soojuspump-165kw","status":"publish","type":"product","link":"https:\/\/westonclimate.com\/it\/tooted\/akl-monoblocco-inverter-ohk-pompa-di-calore-ad-acqua-165kw\/","title":{"rendered":"Pompa di calore aria-acqua Weston Climate monoblocco inverter 165kW"},"content":{"rendered":"<ul>\n<li>Tensione di alimentazione:\u00a0<strong>380-415\/50 V\/Hz<\/strong><\/li>\n<li>Classe energetica:\u00a0<strong>A++<\/strong><\/li>\n<li>Capacit\u00e0 di riscaldamento nominale:\u00a0<strong>165kW<\/strong><\/li>\n<li>Gamma di capacit\u00e0 di riscaldamento:<strong>\u00a0110kW-165kW<\/strong><\/li>\n<li>Capacit\u00e0 di riscaldamento in ingresso:\u00a0<strong>42,15kW-51,72kW<\/strong><\/li>\n<li>Gamma COP:\u00a0<strong>3,58-2,61<\/strong><\/li>\n<li>Capacit\u00e0 di raffreddamento:\u00a0<strong>130kW<\/strong><\/li>\n<li>Potenza di raffreddamento in ingresso:\u00a0<strong>46,26kW<\/strong><\/li>\n<li>EER:<strong>\u00a02,81<\/strong><\/li>\n<li>Portata d'acqua:\u00a0<strong>22,4m3\/h<\/strong><\/li>\n<li>Tipo di refrigerante:\u00a0<strong>R410a<\/strong><\/li>\n<li>Tipo di compressore:<strong>\u00a0DC\/2 set<\/strong><\/li>\n<li>Tipo di motore del ventilatore:\u00a0<strong>AC\/2 set<\/strong><\/li>\n<li>Temperatura dell'aria esterna:\u00a0<strong>Da -35 a 40\u00b0C<\/strong><\/li>\n<li>Intervallo di temperatura della modalit\u00e0 di riscaldamento:\u00a0<strong>Da 30 a 60\u00b0C<\/strong><\/li>\n<li>Allacciamento all'acqua:\u00a0<strong>DN65<\/strong><\/li>\n<li>Livello di rumore:\u00a0<strong>fino a\u00a0<\/strong><strong>71 dB(A)<\/strong><\/li>\n<li>Peso:\u00a0<strong>1115kg<\/strong><\/li>\n<li>Dimensioni (lunghezza, larghezza, altezza):\u00a0<strong>1410x2250x2328 mm<\/strong><\/li>\n<\/ul>","protected":false},"excerpt":{"rendered":"<p><strong>Pompa di calore aria-acqua Weston Climate MONOBLOCK inverter 165kW. <\/strong>Funzioni: modalit\u00e0 riscaldamento, modalit\u00e0 acqua calda, modalit\u00e0 raffreddamento, modalit\u00e0 riscaldamento e acqua calda, modalit\u00e0 raffreddamento e acqua calda.<\/p>\n<p>Superficie consigliata (per un buon isolamento): fino a 3000 m2<\/p>\n<p><strong>Tempi di consegna fino a 45 giorni lavorativi.<\/strong><\/p>","protected":false},"featured_media":10398,"template":"","meta":[],"product_brand":[],"product_cat":[63,89],"product_tag":[],"class_list":{"0":"post-4760","1":"product","2":"type-product","3":"status-publish","4":"has-post-thumbnail","6":"product_cat-soojuspumbad","7":"product_cat-toostuslik-monobloc","9":"first","10":"instock","11":"taxable","12":"shipping-taxable","13":"purchasable","14":"product-type-simple"},"_links":{"self":[{"href":"https:\/\/westonclimate.com\/it\/wp-json\/wp\/v2\/product\/4760","targetHints":{"allow":["GET"]}}],"collection":[{"href":"https:\/\/westonclimate.com\/it\/wp-json\/wp\/v2\/product"}],"about":[{"href":"https:\/\/westonclimate.com\/it\/wp-json\/wp\/v2\/types\/product"}],"version-history":[{"count":6,"href":"https:\/\/westonclimate.com\/it\/wp-json\/wp\/v2\/product\/4760\/revisions"}],"predecessor-version":[{"id":10399,"href":"https:\/\/westonclimate.com\/it\/wp-json\/wp\/v2\/product\/4760\/revisions\/10399"}],"wp:featuredmedia":[{"embeddable":true,"href":"https:\/\/westonclimate.com\/it\/wp-json\/wp\/v2\/media\/10398"}],"wp:attachment":[{"href":"https:\/\/westonclimate.com\/it\/wp-json\/wp\/v2\/media?parent=4760"}],"wp:term":[{"taxonomy":"product_brand","embeddable":true,"href":"https:\/\/westonclimate.com\/it\/wp-json\/wp\/v2\/product_brand?post=4760"},{"taxonomy":"product_cat","embeddable":true,"href":"https:\/\/westonclimate.com\/it\/wp-json\/wp\/v2\/product_cat?post=4760"},{"taxonomy":"product_tag","embeddable":true,"href":"https:\/\/westonclimate.com\/it\/wp-json\/wp\/v2\/product_tag?post=4760"}],"curies":[{"name":"wp","href":"https:\/\/api.w.org\/{rel}","templated":true}]}}