{"id":4977,"date":"2024-10-30T07:55:22","date_gmt":"2024-10-30T07:55:22","guid":{"rendered":"https:\/\/wmdcompany.eu\/?post_type=product&#038;p=4977"},"modified":"2026-02-17T20:22:14","modified_gmt":"2026-02-17T20:22:14","slug":"weston-climate-r290-monoblock-evi-inverter-ohk-vesi-soojuspump-230v-5kw","status":"publish","type":"product","link":"https:\/\/westonclimate.com\/it\/tooted\/weston-climate-r290-monoblocco-evi-inverter-ohk-pompa-di-calore-acqua-230v-5kw\/","title":{"rendered":"WESTON CLIMATE R290 MONOBLOCK EVI Pompa di calore aria-acqua inverter 230V 5kW"},"content":{"rendered":"<ul>\n<li>Tensione di alimentazione:\u00a0<strong>220 &#8211; 240V<\/strong><\/li>\n<li>Classe energetica:\u00a0<strong>A+++<\/strong><\/li>\n<li>Capacit\u00e0 di riscaldamento nominale:\u00a0<strong>5 kW<\/strong><\/li>\n<li>Gamma di capacit\u00e0 di riscaldamento:<strong> 1,6 &#8211; 5 kW<\/strong><\/li>\n<li>Capacit\u00e0 di riscaldamento in ingresso:\u00a0<strong>1,06 &#8211; 1,09 kW<\/strong><\/li>\n<li>COP:<strong>\u00a0fino a 5,09<\/strong><strong>\u00a0W\/W<\/strong><\/li>\n<li>Capacit\u00e0 di raffreddamento:\u00a0<strong>3,45 kW<\/strong><\/li>\n<li>Potenza di raffreddamento in ingresso:\u00a0<strong>1,23<\/strong>\u00a0<strong>kW<\/strong><\/li>\n<li>EER:<strong>\u00a0fino a 2,80 W\/W<\/strong><\/li>\n<li>Tipo di refrigerante:\u00a0<strong>R290<\/strong><\/li>\n<li>Temperatura dell'aria esterna:\u00a0<strong>Da -35 a 43\u00b0C<\/strong><\/li>\n<li>Temperatura dell'acqua a monte fino a:\u00a0<strong>75\u00b0C<\/strong><\/li>\n<li>Peso della pompa:\u00a0<strong>82 kg<\/strong><\/li>\n<li>Dimensioni della pompa (lunghezza, larghezza, altezza):<strong>\u00a01100 \/ 470 \/ 660 mm<\/strong><\/li>\n<li>Peso della confezione:\u00a0<strong>88 kg<\/strong><\/li>\n<li>Dimensioni della confezione (lunghezza, larghezza, altezza):\u00a0<strong>1160 \/ 555 \/ 810 mm<\/strong><\/li>\n<\/ul>","protected":false},"excerpt":{"rendered":"<p><strong>Pompa di calore aria-acqua WESTON CLIMATE R290 MONOBLOCK EVI Full DC Inverter.<\/strong> Caratteristiche: modalit\u00e0 riscaldamento, modalit\u00e0 raffreddamento, modalit\u00e0 acqua calda, controllo WiFi, controllo telefonico, predisposizione per SG, supporto per pannelli solari (sistema fotovoltaico), compressore GMCC, bassa rumorosit\u00e0.<\/p>\n<p>L'uso del refrigerante R290 consente di produrre acqua ad alta temperatura (fino a 75\u00b0C) e a partire da -8\u00b0C si attiva la tecnologia EVI, che riduce significativamente il consumo energetico a temperature inferiori allo zero sia per la produzione di acqua calda che per il riscaldamento. L'unit\u00e0 funziona in modo economico anche a una temperatura ambiente di -35\u00b0C e utilizza la tecnologia DC inverter per garantire un funzionamento regolare e costante.<\/p>\n<p>Superficie consigliata (per un buon isolamento): fino a 100 m2.<\/p>\n<table style=\"border-collapse: collapse; width: 144pt;\" border=\"0\" width=\"192\" cellspacing=\"0\" cellpadding=\"0\">\n<tbody>\n<tr style=\"height: 14.4pt;\">\n<td style=\"height: 14.4pt; width: 48pt;\" width=\"64\" height=\"19\"><a href=\"https:\/\/westonclimate.com\/wp-content\/uploads\/2026\/02\/CE-EMC.pdf\" target=\"_blank\" rel=\"noopener\"><img fetchpriority=\"high\" decoding=\"async\" class=\"alignnone size-medium wp-image-11120\" src=\"https:\/\/westonclimate.com\/wp-content\/uploads\/2024\/10\/Cert_290_3-210x300.png\" alt=\"\" width=\"210\" height=\"300\" srcset=\"https:\/\/westonclimate.com\/wp-content\/uploads\/2024\/10\/Cert_290_3-210x300.png 210w, https:\/\/westonclimate.com\/wp-content\/uploads\/2024\/10\/Cert_290_3-716x1024.png 716w, https:\/\/westonclimate.com\/wp-content\/uploads\/2024\/10\/Cert_290_3-768x1098.png 768w, https:\/\/westonclimate.com\/wp-content\/uploads\/2024\/10\/Cert_290_3-8x12.png 8w, https:\/\/westonclimate.com\/wp-content\/uploads\/2024\/10\/Cert_290_3-600x858.png 600w, https:\/\/westonclimate.com\/wp-content\/uploads\/2024\/10\/Cert_290_3.png 801w\" sizes=\"(max-width: 210px) 100vw, 210px\" \/><\/a><\/td>\n<td style=\"width: 48pt;\" width=\"64\"><a href=\"https:\/\/westonclimate.com\/wp-content\/uploads\/2026\/02\/The-CE-LVD-of-single-phase-R290-side-blow-heating-coolingdhw-heat-pump-newest-57kw.pdf\" target=\"_blank\" rel=\"noopener\"><img decoding=\"async\" class=\"alignnone size-medium wp-image-11122\" src=\"https:\/\/westonclimate.com\/wp-content\/uploads\/2024\/10\/Cert_290_5-211x300.png\" alt=\"\" width=\"211\" height=\"300\" srcset=\"https:\/\/westonclimate.com\/wp-content\/uploads\/2024\/10\/Cert_290_5-211x300.png 211w, https:\/\/westonclimate.com\/wp-content\/uploads\/2024\/10\/Cert_290_5-720x1024.png 720w, https:\/\/westonclimate.com\/wp-content\/uploads\/2024\/10\/Cert_290_5-768x1093.png 768w, https:\/\/westonclimate.com\/wp-content\/uploads\/2024\/10\/Cert_290_5-8x12.png 8w, https:\/\/westonclimate.com\/wp-content\/uploads\/2024\/10\/Cert_290_5-600x854.png 600w, https:\/\/westonclimate.com\/wp-content\/uploads\/2024\/10\/Cert_290_5.png 820w\" sizes=\"(max-width: 211px) 100vw, 211px\" \/><\/a><\/td>\n<td style=\"width: 48pt;\" width=\"64\"><a href=\"https:\/\/westonclimate.com\/wp-content\/uploads\/2026\/02\/curve_R290_50.pdf\" target=\"_blank\" rel=\"noopener\"><img decoding=\"async\" class=\"alignnone size-medium wp-image-11205\" src=\"https:\/\/westonclimate.com\/wp-content\/uploads\/2026\/02\/curv_R290_50-236x300.png\" alt=\"\" width=\"236\" height=\"300\" srcset=\"https:\/\/westonclimate.com\/wp-content\/uploads\/2026\/02\/curv_R290_50-236x300.png 236w, https:\/\/westonclimate.com\/wp-content\/uploads\/2026\/02\/curv_R290_50-805x1024.png 805w, https:\/\/westonclimate.com\/wp-content\/uploads\/2026\/02\/curv_R290_50-768x977.png 768w, https:\/\/westonclimate.com\/wp-content\/uploads\/2026\/02\/curv_R290_50-9x12.png 9w, https:\/\/westonclimate.com\/wp-content\/uploads\/2026\/02\/curv_R290_50-600x763.png 600w, https:\/\/westonclimate.com\/wp-content\/uploads\/2026\/02\/curv_R290_50.png 893w\" sizes=\"(max-width: 236px) 100vw, 236px\" \/><\/a><\/td>\n<\/tr>\n<tr style=\"height: 14.4pt;\">\n<td style=\"height: 14.4pt;\" height=\"19\"><\/td>\n<td><\/td>\n<td><\/td>\n<\/tr>\n<\/tbody>\n<\/table>","protected":false},"featured_media":4966,"template":"","meta":[],"product_brand":[],"product_cat":[119,115,63,114,65],"product_tag":[],"class_list":{"0":"post-4977","1":"product","2":"type-product","3":"status-publish","4":"has-post-thumbnail","6":"product_cat-monobloc-weston-r290-230","7":"product_cat-monobloc-weston-r290","8":"product_cat-soojuspumbad","9":"product_cat-monobloc-weston-climate","10":"product_cat-soojuspump-monobloc","12":"first","13":"instock","14":"taxable","15":"shipping-taxable","16":"purchasable","17":"product-type-simple"},"_links":{"self":[{"href":"https:\/\/westonclimate.com\/it\/wp-json\/wp\/v2\/product\/4977","targetHints":{"allow":["GET"]}}],"collection":[{"href":"https:\/\/westonclimate.com\/it\/wp-json\/wp\/v2\/product"}],"about":[{"href":"https:\/\/westonclimate.com\/it\/wp-json\/wp\/v2\/types\/product"}],"version-history":[{"count":7,"href":"https:\/\/westonclimate.com\/it\/wp-json\/wp\/v2\/product\/4977\/revisions"}],"predecessor-version":[{"id":11221,"href":"https:\/\/westonclimate.com\/it\/wp-json\/wp\/v2\/product\/4977\/revisions\/11221"}],"wp:featuredmedia":[{"embeddable":true,"href":"https:\/\/westonclimate.com\/it\/wp-json\/wp\/v2\/media\/4966"}],"wp:attachment":[{"href":"https:\/\/westonclimate.com\/it\/wp-json\/wp\/v2\/media?parent=4977"}],"wp:term":[{"taxonomy":"product_brand","embeddable":true,"href":"https:\/\/westonclimate.com\/it\/wp-json\/wp\/v2\/product_brand?post=4977"},{"taxonomy":"product_cat","embeddable":true,"href":"https:\/\/westonclimate.com\/it\/wp-json\/wp\/v2\/product_cat?post=4977"},{"taxonomy":"product_tag","embeddable":true,"href":"https:\/\/westonclimate.com\/it\/wp-json\/wp\/v2\/product_tag?post=4977"}],"curies":[{"name":"wp","href":"https:\/\/api.w.org\/{rel}","templated":true}]}}