{"id":4989,"date":"2024-10-30T07:55:22","date_gmt":"2024-10-30T07:55:22","guid":{"rendered":"https:\/\/wmdcompany.eu\/?post_type=product&#038;p=4989"},"modified":"2025-12-01T08:47:30","modified_gmt":"2025-12-01T08:47:30","slug":"weston-climate-r32-monoblocco-evi-inverter-ohk-pompa-di-calore-acqua-380v-15kw","status":"publish","type":"product","link":"https:\/\/westonclimate.com\/it\/tooted\/weston-climate-r32-monoblock-evi-inverter-ohk-vesi-soojuspump-380v-15kw\/","title":{"rendered":"WESTON CLIMATE R32 MONOBLOCK EVI Pompa di calore aria-acqua inverter 380V 15kW"},"content":{"rendered":"<ul>\n<li>Tensione di alimentazione: <strong>380 &#8211; 400 V<\/strong><\/li>\n<li>Classe energetica: <strong>A+++<\/strong><\/li>\n<li>Capacit\u00e0 di riscaldamento nominale: <strong>15 kW<\/strong><\/li>\n<li>Gamma di capacit\u00e0 di riscaldamento:<strong> 3,5 &#8211; 15 kW<\/strong><\/li>\n<li>Capacit\u00e0 di riscaldamento in ingresso: <strong>3,53 &#8211; 4,87 k<strong>W<\/strong><\/strong><\/li>\n<li>COP: <strong>fino a 4,31 W\/W<\/strong><\/li>\n<li>Capacit\u00e0 di raffreddamento: <strong>13,3 kW<\/strong><\/li>\n<li>Potenza di raffreddamento in ingresso: <strong>3,73<\/strong> <strong>kW<\/strong><\/li>\n<li>EER:<strong> fino a 3,57 W\/W<\/strong><\/li>\n<li style=\"font-weight: 400;\">Portata d'acqua: <strong>2,6 m3\/h<\/strong><\/li>\n<li>Tipo di refrigerante: <strong>R32<\/strong><\/li>\n<li style=\"font-weight: 400;\">Temperatura dell'aria esterna: <strong>Da -35 a 43\u00b0C<\/strong><\/li>\n<li>Peso della pompa: <strong>103 kg<\/strong><\/li>\n<li>Dimensioni della pompa (lunghezza, larghezza, altezza):<strong> 1127 \/ 475 \/ 960 mm<\/strong><\/li>\n<li>Peso della confezione: <strong>120 kg<\/strong><\/li>\n<li>Dimensioni della pompa (lunghezza, larghezza, altezza):<strong> 1195 \/ 535 \/ 1110 mm<\/strong><\/li>\n<\/ul>","protected":false},"excerpt":{"rendered":"<p><strong>Pompa di calore aria-acqua Weston Climate R32 EVI Full DC Inverter 380V 15kW.<\/strong> Caratteristiche: modalit\u00e0 riscaldamento, modalit\u00e0 raffreddamento, modalit\u00e0 acqua calda, controllo WiFi, controllo telefonico, predisposizione per SG, supporto per pannelli solari (impianto fotovoltaico), compressore Panasonic.<\/p>\n<p><strong>Pompa di calore aria-acqua inverter 380V 15kW <\/strong>Utilizza il refrigerante ecologico R32 e, a partire da -8\u00b0C, entra in funzione la tecnologia EVI, che riduce significativamente il consumo energetico a temperature inferiori allo zero sia per la produzione di acqua calda che per il riscaldamento. L'unit\u00e0 funziona in modo economico anche a una temperatura ambiente di -35\u00b0C e utilizza la tecnologia DC inverter per garantire un funzionamento regolare e costante.<\/p>\n<p>Superficie consigliata (per un buon isolamento): fino a 280 m2<\/p>","protected":false},"featured_media":10423,"template":"","meta":[],"product_brand":[],"product_cat":[118,116,63,114,65],"product_tag":[],"class_list":{"0":"post-4989","1":"product","2":"type-product","3":"status-publish","4":"has-post-thumbnail","6":"product_cat-monobloc-weston-r32-380","7":"product_cat-monobloc-weston-r32","8":"product_cat-soojuspumbad","9":"product_cat-monobloc-weston-climate","10":"product_cat-soojuspump-monobloc","12":"first","13":"onbackorder","14":"taxable","15":"shipping-taxable","16":"purchasable","17":"product-type-simple"},"_links":{"self":[{"href":"https:\/\/westonclimate.com\/it\/wp-json\/wp\/v2\/product\/4989","targetHints":{"allow":["GET"]}}],"collection":[{"href":"https:\/\/westonclimate.com\/it\/wp-json\/wp\/v2\/product"}],"about":[{"href":"https:\/\/westonclimate.com\/it\/wp-json\/wp\/v2\/types\/product"}],"version-history":[{"count":7,"href":"https:\/\/westonclimate.com\/it\/wp-json\/wp\/v2\/product\/4989\/revisions"}],"predecessor-version":[{"id":10424,"href":"https:\/\/westonclimate.com\/it\/wp-json\/wp\/v2\/product\/4989\/revisions\/10424"}],"wp:featuredmedia":[{"embeddable":true,"href":"https:\/\/westonclimate.com\/it\/wp-json\/wp\/v2\/media\/10423"}],"wp:attachment":[{"href":"https:\/\/westonclimate.com\/it\/wp-json\/wp\/v2\/media?parent=4989"}],"wp:term":[{"taxonomy":"product_brand","embeddable":true,"href":"https:\/\/westonclimate.com\/it\/wp-json\/wp\/v2\/product_brand?post=4989"},{"taxonomy":"product_cat","embeddable":true,"href":"https:\/\/westonclimate.com\/it\/wp-json\/wp\/v2\/product_cat?post=4989"},{"taxonomy":"product_tag","embeddable":true,"href":"https:\/\/westonclimate.com\/it\/wp-json\/wp\/v2\/product_tag?post=4989"}],"curies":[{"name":"wp","href":"https:\/\/api.w.org\/{rel}","templated":true}]}}