{"id":4993,"date":"2024-10-30T07:55:31","date_gmt":"2024-10-30T07:55:31","guid":{"rendered":"https:\/\/wmdcompany.eu\/?post_type=product&#038;p=4993"},"modified":"2025-11-16T00:01:15","modified_gmt":"2025-11-16T00:01:15","slug":"weston-climate-r32-monoblocco-evi-inverter-ohc-pompa-di-calore-acqua-380v-32kw","status":"publish","type":"product","link":"https:\/\/westonclimate.com\/it\/tooted\/weston-climate-r32-monoblock-evi-inverter-ohk-vesi-soojuspump-380v-32kw\/","title":{"rendered":"WESTON CLIMATE R32 MONOBLOCK EVI Pompa di calore aria-acqua inverter 380V 32kW"},"content":{"rendered":"<ul>\n<li>Tensione di alimentazione:\u00a0<strong>380V &#8211; 400V<\/strong><\/li>\n<li>Classe energetica:\u00a0<strong>A+++<\/strong><\/li>\n<li>Capacit\u00e0 di riscaldamento nominale:\u00a0<strong>32 kW<\/strong><\/li>\n<li>Gamma di capacit\u00e0 di riscaldamento:<strong>\u00a016,6 &#8211; 32 kW<\/strong><\/li>\n<li>Capacit\u00e0 di riscaldamento in ingresso:\u00a0<strong>7,69 &#8211; 10,10 kW<\/strong><\/li>\n<li>COP:\u00a0<strong>fino a 4,16 W\/W<\/strong><\/li>\n<li>Capacit\u00e0 di raffreddamento:\u00a0<strong>24,1 kW<\/strong><\/li>\n<li>Potenza di raffreddamento in ingresso:\u00a0<strong>7,13<\/strong>\u00a0<strong>kW<\/strong><\/li>\n<li>EER:<strong>\u00a0fino a 3,38 W\/W<\/strong><\/li>\n<li>Portata d'acqua:\u00a0<strong>5,5 m3\/h<\/strong><\/li>\n<li>Tipo di refrigerante:\u00a0<strong>R32<\/strong><\/li>\n<li>Temperatura dell'aria esterna:\u00a0<strong>Da -35 a 43\u00b0C<\/strong><\/li>\n<li>Peso della pompa:\u00a0<strong>160 kg<\/strong><\/li>\n<li>Dimensioni della pompa (lunghezza, larghezza, altezza):<strong>\u00a01127 \/ 475 \/ 1360 mm<\/strong><\/li>\n<li>Peso della confezione:\u00a0<strong>190 kg<\/strong><\/li>\n<li>Dimensioni della pompa (lunghezza, larghezza, altezza):<strong>\u00a01195 \/ 535 \/ 1710 mm<\/strong><\/li>\n<\/ul>","protected":false},"excerpt":{"rendered":"<p><strong>Weston Climate R32 EVI Pompa di calore aria-acqua Full DC Inverter 380V 32kW.<\/strong> Caratteristiche: modalit\u00e0 riscaldamento, modalit\u00e0 raffreddamento, modalit\u00e0 acqua calda, controllo WiFi, controllo telefonico, predisposizione per SG, supporto per pannelli solari (impianto fotovoltaico), compressore Panasonic.<\/p>\n<p><strong>Pompa di calore aria-acqua inverter 380V 32kW<\/strong> Utilizza il refrigerante ecologico R32 e, a partire da -8\u00b0C, entra in funzione la tecnologia EVI, che riduce significativamente il consumo energetico a temperature inferiori allo zero sia per la produzione di acqua calda che per il riscaldamento. L'unit\u00e0 funziona in modo economico anche a una temperatura ambiente di -35\u00b0C e utilizza la tecnologia DC inverter per garantire un funzionamento regolare e costante.<\/p>\n<p>Superficie consigliata (per un buon isolamento): fino a 600 m2<\/p>\n<p>Tempi di consegna fino a 45 giorni lavorativi<\/p>","protected":false},"featured_media":10430,"template":"","meta":[],"product_brand":[],"product_cat":[118,116,63,114,65],"product_tag":[],"class_list":{"0":"post-4993","1":"product","2":"type-product","3":"status-publish","4":"has-post-thumbnail","6":"product_cat-monobloc-weston-r32-380","7":"product_cat-monobloc-weston-r32","8":"product_cat-soojuspumbad","9":"product_cat-monobloc-weston-climate","10":"product_cat-soojuspump-monobloc","12":"first","13":"onbackorder","14":"taxable","15":"shipping-taxable","16":"purchasable","17":"product-type-simple"},"_links":{"self":[{"href":"https:\/\/westonclimate.com\/it\/wp-json\/wp\/v2\/product\/4993","targetHints":{"allow":["GET"]}}],"collection":[{"href":"https:\/\/westonclimate.com\/it\/wp-json\/wp\/v2\/product"}],"about":[{"href":"https:\/\/westonclimate.com\/it\/wp-json\/wp\/v2\/types\/product"}],"version-history":[{"count":8,"href":"https:\/\/westonclimate.com\/it\/wp-json\/wp\/v2\/product\/4993\/revisions"}],"predecessor-version":[{"id":10431,"href":"https:\/\/westonclimate.com\/it\/wp-json\/wp\/v2\/product\/4993\/revisions\/10431"}],"wp:featuredmedia":[{"embeddable":true,"href":"https:\/\/westonclimate.com\/it\/wp-json\/wp\/v2\/media\/10430"}],"wp:attachment":[{"href":"https:\/\/westonclimate.com\/it\/wp-json\/wp\/v2\/media?parent=4993"}],"wp:term":[{"taxonomy":"product_brand","embeddable":true,"href":"https:\/\/westonclimate.com\/it\/wp-json\/wp\/v2\/product_brand?post=4993"},{"taxonomy":"product_cat","embeddable":true,"href":"https:\/\/westonclimate.com\/it\/wp-json\/wp\/v2\/product_cat?post=4993"},{"taxonomy":"product_tag","embeddable":true,"href":"https:\/\/westonclimate.com\/it\/wp-json\/wp\/v2\/product_tag?post=4993"}],"curies":[{"name":"wp","href":"https:\/\/api.w.org\/{rel}","templated":true}]}}