{"id":4999,"date":"2024-10-30T07:55:22","date_gmt":"2024-10-30T07:55:22","guid":{"rendered":"https:\/\/wmdcompany.eu\/?post_type=product&#038;p=4999"},"modified":"2026-02-17T20:32:19","modified_gmt":"2026-02-17T20:32:19","slug":"weston-climate-r290-monoblock-evi-inverter-ohk-vesi-soojuspump-230v-22kw","status":"publish","type":"product","link":"https:\/\/westonclimate.com\/it\/tooted\/weston-climate-r290-monoblocco-evi-inverter-ohc-pompa-di-calore-acqua-230v-22kw\/","title":{"rendered":"WESTON CLIMATE R290 MONOBLOCK EVI Pompa di calore aria-acqua inverter 230V 22kW"},"content":{"rendered":"<ul>\n<li>Tensione di alimentazione:<strong>\u00a0220 &#8211; 240V<\/strong><\/li>\n<li>Classe energetica:<strong>\u00a0A+++<\/strong><\/li>\n<li>Capacit\u00e0 di riscaldamento nominale:\u00a0<strong>22 kW<\/strong><\/li>\n<li>Gamma di capacit\u00e0 di riscaldamento:<strong>\u00a05 &#8211; 22 kW<\/strong><\/li>\n<li>Capacit\u00e0 di riscaldamento in ingresso:<strong>\u00a04,85 &#8211; 5,12 kW<\/strong><\/li>\n<li>COP:\u00a0<strong>fino a 4,35 W\/W<\/strong><\/li>\n<li>Capacit\u00e0 di raffreddamento:<strong>\u00a015,03 kW<\/strong><\/li>\n<li>Potenza di raffreddamento in ingresso:<strong>\u00a05,29 kW<\/strong><\/li>\n<li>EER:\u00a0<strong>fino a 2,84 W\/W<\/strong><\/li>\n<li>Tipo di refrigerante:\u00a0<strong>R290<\/strong><\/li>\n<li>Temperatura dell'aria esterna:\u00a0<strong>Da -35 a 43\u00b0C<\/strong><\/li>\n<li>Temperatura dell'acqua a monte fino a:<strong>\u00a075\u00b0C<\/strong><\/li>\n<li>Peso della pompa:\u00a0<strong>139 kg<\/strong><\/li>\n<li>Dimensioni della pompa (lunghezza, larghezza, altezza):\u00a0<strong>1205 \/ 475 \/ 1365 mm<\/strong><\/li>\n<li>Peso della confezione:\u00a0<strong>164 kg<\/strong><\/li>\n<li>Dimensioni della confezione (lunghezza, larghezza, altezza):\u00a0<strong>1270 \/ 560 \/ 1510 mm<\/strong><\/li>\n<\/ul>","protected":false},"excerpt":{"rendered":"<p><strong>Weston Climate R290 MONOBLOCK EVI Full DC Inverter pompa di calore aria-acqua 230V 22kW.<\/strong> Caratteristiche: modalit\u00e0 riscaldamento, modalit\u00e0 raffreddamento, modalit\u00e0 acqua calda, controllo WiFi, controllo telefonico, predisposizione per SG, supporto per pannelli solari (sistema fotovoltaico), compressore GMCC, bassa rumorosit\u00e0.<\/p>\n<p>L'uso del refrigerante R290 consente di produrre acqua ad alta temperatura (fino a 75\u00b0C) e a partire da -8\u00b0C si attiva la tecnologia EVI, che riduce significativamente il consumo energetico a temperature inferiori allo zero sia per la produzione di acqua calda che per il riscaldamento. L'unit\u00e0 funziona in modo economico anche a una temperatura ambiente di -35\u00b0C e utilizza la tecnologia DC inverter per garantire un funzionamento regolare e costante.<\/p>\n<p>Superficie consigliata (per un buon isolamento): fino a 400 m2.<\/p>\n<table style=\"border-collapse: collapse; width: 144pt;\" border=\"0\" width=\"192\" cellspacing=\"0\" cellpadding=\"0\">\n<tbody>\n<tr style=\"height: 14.4pt;\">\n<td style=\"height: 14.4pt; width: 48pt;\" width=\"64\" height=\"19\"><a href=\"https:\/\/westonclimate.com\/wp-content\/uploads\/2026\/02\/CB-certification-1-phase-R290-heating-coolingdomestic-hot-water-heat-pump.pdf\" target=\"_blank\" rel=\"noopener\"><img fetchpriority=\"high\" decoding=\"async\" class=\"alignnone size-medium wp-image-11118\" src=\"https:\/\/westonclimate.com\/wp-content\/uploads\/2024\/10\/Cert_290_1-208x300.png\" alt=\"\" width=\"208\" height=\"300\" srcset=\"https:\/\/westonclimate.com\/wp-content\/uploads\/2024\/10\/Cert_290_1-208x300.png 208w, https:\/\/westonclimate.com\/wp-content\/uploads\/2024\/10\/Cert_290_1-711x1024.png 711w, https:\/\/westonclimate.com\/wp-content\/uploads\/2024\/10\/Cert_290_1-768x1106.png 768w, https:\/\/westonclimate.com\/wp-content\/uploads\/2024\/10\/Cert_290_1-8x12.png 8w, https:\/\/westonclimate.com\/wp-content\/uploads\/2024\/10\/Cert_290_1-600x864.png 600w, https:\/\/westonclimate.com\/wp-content\/uploads\/2024\/10\/Cert_290_1.png 784w\" sizes=\"(max-width: 208px) 100vw, 208px\" \/><\/a><\/td>\n<td style=\"width: 48pt;\" width=\"64\"><a href=\"https:\/\/westonclimate.com\/wp-content\/uploads\/2026\/02\/CE-EMC.pdf\" target=\"_blank\" rel=\"noopener\"><img decoding=\"async\" class=\"alignnone size-medium wp-image-11120\" src=\"https:\/\/westonclimate.com\/wp-content\/uploads\/2024\/10\/Cert_290_3-210x300.png\" alt=\"\" width=\"210\" height=\"300\" srcset=\"https:\/\/westonclimate.com\/wp-content\/uploads\/2024\/10\/Cert_290_3-210x300.png 210w, https:\/\/westonclimate.com\/wp-content\/uploads\/2024\/10\/Cert_290_3-716x1024.png 716w, https:\/\/westonclimate.com\/wp-content\/uploads\/2024\/10\/Cert_290_3-768x1098.png 768w, https:\/\/westonclimate.com\/wp-content\/uploads\/2024\/10\/Cert_290_3-8x12.png 8w, https:\/\/westonclimate.com\/wp-content\/uploads\/2024\/10\/Cert_290_3-600x858.png 600w, https:\/\/westonclimate.com\/wp-content\/uploads\/2024\/10\/Cert_290_3.png 801w\" sizes=\"(max-width: 210px) 100vw, 210px\" \/><\/a><\/td>\n<td style=\"width: 48pt;\" width=\"64\"><a href=\"https:\/\/westonclimate.com\/wp-content\/uploads\/2026\/02\/ROHS-test-report-R290-heatingcooling-heat-pump.pdf\" target=\"_blank\" rel=\"noopener\"><img decoding=\"async\" class=\"alignnone size-medium wp-image-11121\" src=\"https:\/\/westonclimate.com\/wp-content\/uploads\/2024\/10\/Cert_290_4-221x300.png\" alt=\"\" width=\"221\" height=\"300\" srcset=\"https:\/\/westonclimate.com\/wp-content\/uploads\/2024\/10\/Cert_290_4-221x300.png 221w, https:\/\/westonclimate.com\/wp-content\/uploads\/2024\/10\/Cert_290_4-754x1024.png 754w, https:\/\/westonclimate.com\/wp-content\/uploads\/2024\/10\/Cert_290_4-768x1043.png 768w, https:\/\/westonclimate.com\/wp-content\/uploads\/2024\/10\/Cert_290_4-9x12.png 9w, https:\/\/westonclimate.com\/wp-content\/uploads\/2024\/10\/Cert_290_4-600x815.png 600w, https:\/\/westonclimate.com\/wp-content\/uploads\/2024\/10\/Cert_290_4.png 896w\" sizes=\"(max-width: 221px) 100vw, 221px\" \/><\/a><\/td>\n<\/tr>\n<tr style=\"height: 14.4pt;\">\n<td style=\"height: 14.4pt;\" height=\"19\"><a href=\"https:\/\/westonclimate.com\/wp-content\/uploads\/2026\/02\/The-CE-LVD-of-single-phase-R290-side-blow-heating-coolingdhw-heat-pump-newest-57kw.pdf\" target=\"_blank\" rel=\"noopener\"><img loading=\"lazy\" decoding=\"async\" class=\"alignnone size-medium wp-image-11122\" src=\"https:\/\/westonclimate.com\/wp-content\/uploads\/2024\/10\/Cert_290_5-211x300.png\" alt=\"\" width=\"211\" height=\"300\" srcset=\"https:\/\/westonclimate.com\/wp-content\/uploads\/2024\/10\/Cert_290_5-211x300.png 211w, https:\/\/westonclimate.com\/wp-content\/uploads\/2024\/10\/Cert_290_5-720x1024.png 720w, https:\/\/westonclimate.com\/wp-content\/uploads\/2024\/10\/Cert_290_5-768x1093.png 768w, https:\/\/westonclimate.com\/wp-content\/uploads\/2024\/10\/Cert_290_5-8x12.png 8w, https:\/\/westonclimate.com\/wp-content\/uploads\/2024\/10\/Cert_290_5-600x854.png 600w, https:\/\/westonclimate.com\/wp-content\/uploads\/2024\/10\/Cert_290_5.png 820w\" sizes=\"(max-width: 211px) 100vw, 211px\" \/><\/a><\/td>\n<td><a href=\"https:\/\/westonclimate.com\/wp-content\/uploads\/2026\/02\/The-CE-LVD-of-single-phase-R290-side-blow-heating-coolingdhw-heat-pump.pdf\" target=\"_blank\" rel=\"noopener\"><img loading=\"lazy\" decoding=\"async\" class=\"alignnone size-medium wp-image-11123\" src=\"https:\/\/westonclimate.com\/wp-content\/uploads\/2024\/10\/Cert_290_6-208x300.png\" alt=\"\" width=\"208\" height=\"300\" srcset=\"https:\/\/westonclimate.com\/wp-content\/uploads\/2024\/10\/Cert_290_6-208x300.png 208w, https:\/\/westonclimate.com\/wp-content\/uploads\/2024\/10\/Cert_290_6-709x1024.png 709w, https:\/\/westonclimate.com\/wp-content\/uploads\/2024\/10\/Cert_290_6-768x1109.png 768w, https:\/\/westonclimate.com\/wp-content\/uploads\/2024\/10\/Cert_290_6-8x12.png 8w, https:\/\/westonclimate.com\/wp-content\/uploads\/2024\/10\/Cert_290_6-600x867.png 600w, https:\/\/westonclimate.com\/wp-content\/uploads\/2024\/10\/Cert_290_6.png 812w\" sizes=\"(max-width: 208px) 100vw, 208px\" \/><\/a><\/td>\n<td><a href=\"https:\/\/westonclimate.com\/wp-content\/uploads\/2026\/02\/Energy_290_6.png\" target=\"_blank\" rel=\"noopener\"><img loading=\"lazy\" decoding=\"async\" class=\"alignnone size-medium wp-image-11172\" src=\"https:\/\/westonclimate.com\/wp-content\/uploads\/2026\/02\/Energy_290_6-157x300.png\" alt=\"\" width=\"157\" height=\"300\" srcset=\"https:\/\/westonclimate.com\/wp-content\/uploads\/2026\/02\/Energy_290_6-157x300.png 157w, https:\/\/westonclimate.com\/wp-content\/uploads\/2026\/02\/Energy_290_6-6x12.png 6w, https:\/\/westonclimate.com\/wp-content\/uploads\/2026\/02\/Energy_290_6.png 442w\" sizes=\"(max-width: 157px) 100vw, 157px\" \/><\/a><\/td>\n<\/tr>\n<\/tbody>\n<\/table>\n<table style=\"border-collapse: collapse; width: 48pt;\" border=\"0\" width=\"64\" cellspacing=\"0\" cellpadding=\"0\">\n<tbody>\n<tr style=\"height: 15.0pt;\">\n<td style=\"height: 15.0pt; width: 48pt;\" width=\"64\" height=\"20\"><a href=\"https:\/\/westonclimate.com\/wp-content\/uploads\/2026\/02\/curve_R290_220.pdf\" target=\"_blank\" rel=\"noopener\"><img loading=\"lazy\" decoding=\"async\" class=\"alignnone size-medium wp-image-11210\" src=\"https:\/\/westonclimate.com\/wp-content\/uploads\/2026\/02\/curv_R290_220-237x300.png\" alt=\"\" width=\"237\" height=\"300\" srcset=\"https:\/\/westonclimate.com\/wp-content\/uploads\/2026\/02\/curv_R290_220-237x300.png 237w, https:\/\/westonclimate.com\/wp-content\/uploads\/2026\/02\/curv_R290_220-810x1024.png 810w, https:\/\/westonclimate.com\/wp-content\/uploads\/2026\/02\/curv_R290_220-768x971.png 768w, https:\/\/westonclimate.com\/wp-content\/uploads\/2026\/02\/curv_R290_220-9x12.png 9w, https:\/\/westonclimate.com\/wp-content\/uploads\/2026\/02\/curv_R290_220-600x759.png 600w, https:\/\/westonclimate.com\/wp-content\/uploads\/2026\/02\/curv_R290_220.png 880w\" sizes=\"(max-width: 237px) 100vw, 237px\" \/><\/a><\/td>\n<\/tr>\n<\/tbody>\n<\/table>","protected":false},"featured_media":10410,"template":"","meta":[],"product_brand":[],"product_cat":[119,115,63,114,65],"product_tag":[],"class_list":{"0":"post-4999","1":"product","2":"type-product","3":"status-publish","4":"has-post-thumbnail","6":"product_cat-monobloc-weston-r290-230","7":"product_cat-monobloc-weston-r290","8":"product_cat-soojuspumbad","9":"product_cat-monobloc-weston-climate","10":"product_cat-soojuspump-monobloc","12":"first","13":"instock","14":"taxable","15":"shipping-taxable","16":"purchasable","17":"product-type-simple"},"_links":{"self":[{"href":"https:\/\/westonclimate.com\/it\/wp-json\/wp\/v2\/product\/4999","targetHints":{"allow":["GET"]}}],"collection":[{"href":"https:\/\/westonclimate.com\/it\/wp-json\/wp\/v2\/product"}],"about":[{"href":"https:\/\/westonclimate.com\/it\/wp-json\/wp\/v2\/types\/product"}],"version-history":[{"count":11,"href":"https:\/\/westonclimate.com\/it\/wp-json\/wp\/v2\/product\/4999\/revisions"}],"predecessor-version":[{"id":11227,"href":"https:\/\/westonclimate.com\/it\/wp-json\/wp\/v2\/product\/4999\/revisions\/11227"}],"wp:featuredmedia":[{"embeddable":true,"href":"https:\/\/westonclimate.com\/it\/wp-json\/wp\/v2\/media\/10410"}],"wp:attachment":[{"href":"https:\/\/westonclimate.com\/it\/wp-json\/wp\/v2\/media?parent=4999"}],"wp:term":[{"taxonomy":"product_brand","embeddable":true,"href":"https:\/\/westonclimate.com\/it\/wp-json\/wp\/v2\/product_brand?post=4999"},{"taxonomy":"product_cat","embeddable":true,"href":"https:\/\/westonclimate.com\/it\/wp-json\/wp\/v2\/product_cat?post=4999"},{"taxonomy":"product_tag","embeddable":true,"href":"https:\/\/westonclimate.com\/it\/wp-json\/wp\/v2\/product_tag?post=4999"}],"curies":[{"name":"wp","href":"https:\/\/api.w.org\/{rel}","templated":true}]}}