{"id":6877,"date":"2025-04-11T18:10:11","date_gmt":"2025-04-11T18:10:11","guid":{"rendered":"https:\/\/wmdcompany.eu\/?post_type=product&#038;p=6877"},"modified":"2025-10-02T09:01:40","modified_gmt":"2025-10-02T09:01:40","slug":"amber-jahutus-ja-kute-7-2-kw","status":"publish","type":"product","link":"https:\/\/westonclimate.com\/it\/tooted\/ambra-raffreddamento-e-riscaldamento-7-2-kw\/","title":{"rendered":"AMBRA RISCALDAMENTO E RAFFREDDAMENTO 7,2 kW"},"content":{"rendered":"<ul>\n<li><strong>L'attrezzatura nordica comprende <\/strong>\n<ul>\n<li>un cavo di riscaldamento inferiore esterno controllato da microprocessore, che consente all'acqua di fusione di fuoriuscire rapidamente anche in condizioni di freddo intenso;<\/li>\n<li>un cavo di raffreddamento dell'olio del carter, che impedisce al compressore di funzionare a freddo, mantenendolo caldo e prolungandone la durata.<\/li>\n<\/ul>\n<\/li>\n<li><strong>Caratteristiche principali della pompa di calore a sorgente d'aria della serie Amber:<\/strong>\n<ul>\n<li>classe energetica A+++;<\/li>\n<li>Coefficiente di prestazione stagionale (SCOP) 5.1;<\/li>\n<li>Intervallo di temperatura dell'aria esterna per il riscaldamento da -30 a +24\u00b0C;<\/li>\n<li>intervallo di temperatura dell'aria ambiente per il raffreddamento da -20 a +43\u00b0C;<\/li>\n<li>una parte interna con sette velocit\u00e0;<\/li>\n<li>un super-regime interno;<\/li>\n<li>distanza di soffiaggio extra lunga;<\/li>\n<li>scongelamento intelligente.<\/li>\n<\/ul>\n<\/li>\n<li><strong>Attrezzatura di base:<\/strong>\n<ul>\n<li>riavvio automatico in caso di interruzione di corrente;<\/li>\n<li>filtri antipolvere lavabili;<\/li>\n<li>funzione turbo;<\/li>\n<li>preriscaldamento intelligente;<\/li>\n<li>controllare la temperatura desiderata sul telecomando, cio\u00e8 nel luogo in cui si trovano le persone;<\/li>\n<li>timer;<\/li>\n<li>deve;<\/li>\n<li>avvio a bassa tensione;<\/li>\n<li>blocco del bambino.<\/li>\n<\/ul>\n<\/li>\n<li><strong>Accessori inclusi nel prezzo:<\/strong>\n<ul>\n<li>la possibilit\u00e0 di controllo da un dispositivo intelligente;<\/li>\n<li>ionizzatore al plasma;<\/li>\n<li>attrezzatura nordicu;<\/li>\n<li>Funzione di mantenimento a +8\u00b0C;<\/li>\n<li>Orientamento dell'aria 4D dal telecomando;<\/li>\n<li>modalit\u00e0 di risparmio energetico;<\/li>\n<li>modalit\u00e0 sleep;<\/li>\n<li>controllo della porta.<\/li>\n<\/ul>\n<\/li>\n<\/ul>","protected":false},"excerpt":{"rendered":"<p><strong>Condizionatore a pompa di calore a sorgente d'aria Weston Climate Serie AMBER di nuova generazione (HEAT AND COOL 7,2 kW)<\/strong> sono progettati per le rigide condizioni nordiche. Offrono un'elevata capacit\u00e0 di riscaldamento a basse temperature e un'efficienza superiore. Ci\u00f2 \u00e8 garantito da una tecnologia all'avanguardia e dal refrigerante ecologico R32. L'unit\u00e0 pu\u00f2 essere controllata con dispositivi smart iOS e Android. L'unit\u00e0 include l'attrezzatura invernale Nordic installata in fabbrica, che garantisce l'affidabilit\u00e0 nei climi nordici sia per il riscaldamento che per il raffreddamento. <strong>L'unit\u00e0 \u00e8 adatta a riscaldare una superficie di 24-133 m\u00b2 e a raffreddare una superficie di 14-57 m\u00b2.<\/strong><\/p>","protected":false},"featured_media":7527,"template":"","meta":[],"product_brand":[],"product_cat":[126],"product_tag":[],"class_list":{"0":"post-6877","1":"product","2":"type-product","3":"status-publish","4":"has-post-thumbnail","6":"product_cat-konditsioneerid","8":"first","9":"instock","10":"taxable","11":"shipping-taxable","12":"purchasable","13":"product-type-simple"},"_links":{"self":[{"href":"https:\/\/westonclimate.com\/it\/wp-json\/wp\/v2\/product\/6877","targetHints":{"allow":["GET"]}}],"collection":[{"href":"https:\/\/westonclimate.com\/it\/wp-json\/wp\/v2\/product"}],"about":[{"href":"https:\/\/westonclimate.com\/it\/wp-json\/wp\/v2\/types\/product"}],"version-history":[{"count":7,"href":"https:\/\/westonclimate.com\/it\/wp-json\/wp\/v2\/product\/6877\/revisions"}],"predecessor-version":[{"id":9395,"href":"https:\/\/westonclimate.com\/it\/wp-json\/wp\/v2\/product\/6877\/revisions\/9395"}],"wp:featuredmedia":[{"embeddable":true,"href":"https:\/\/westonclimate.com\/it\/wp-json\/wp\/v2\/media\/7527"}],"wp:attachment":[{"href":"https:\/\/westonclimate.com\/it\/wp-json\/wp\/v2\/media?parent=6877"}],"wp:term":[{"taxonomy":"product_brand","embeddable":true,"href":"https:\/\/westonclimate.com\/it\/wp-json\/wp\/v2\/product_brand?post=6877"},{"taxonomy":"product_cat","embeddable":true,"href":"https:\/\/westonclimate.com\/it\/wp-json\/wp\/v2\/product_cat?post=6877"},{"taxonomy":"product_tag","embeddable":true,"href":"https:\/\/westonclimate.com\/it\/wp-json\/wp\/v2\/product_tag?post=6877"}],"curies":[{"name":"wp","href":"https:\/\/api.w.org\/{rel}","templated":true}]}}