{"id":8751,"date":"2025-09-09T17:52:07","date_gmt":"2025-09-09T17:52:07","guid":{"rendered":"https:\/\/staging.westonclimate.ee\/?post_type=product&#038;p=8751"},"modified":"2026-04-29T11:53:23","modified_gmt":"2026-04-29T11:53:23","slug":"r290-monoblock-top-blow-soojuspump","status":"publish","type":"product","link":"https:\/\/westonclimate.com\/it\/tooted\/r290-pompa-di-calore-monoblocco-top-blow\/","title":{"rendered":"Pompa di calore R290 Inverter Monoblocco Top-Blow (con suono e flusso d'aria dall'alto)"},"content":{"rendered":"<ul>\n<li>Capacit\u00e0 di riscaldamento nominale:<strong> 5kW, 7kW, 9kW, 12kW, 15kW, 20kW<\/strong><\/li>\n<li>Gamma COP:<strong> fino a 4,9 p\/p<\/strong><\/li>\n<li><strong>Prontezza del sistema di monitoraggio dei prezzi dell'energia elettrica della Borsa (SG)<\/strong><\/li>\n<li><strong>Compatibilit\u00e0 dei sistemi solari (FV)<\/strong><\/li>\n<li><strong>Gestione WiFi<\/strong><\/li>\n<li><strong>Blocco di controllo LED<\/strong><\/li>\n<li>Tensione di alimentazione:\u00a0<strong>230V (1F) o<\/strong>\u00a0<strong>380V (3F)\u00a0<\/strong><\/li>\n<li>Compressore:\u00a0<strong>Inverter completo CC + EVI<\/strong><\/li>\n<li>Motore del ventilatore:\u00a0<strong>Inverter DC<\/strong><\/li>\n<li>Pompa dell'acqua:\u00a0<strong>Inverter DC<\/strong><\/li>\n<li>Refrigerante: R290<\/li>\n<li>Classe energetica (35\u2103):\u00a0<strong>A+++<\/strong><\/li>\n<li>Classe energetica (55\u2103):\u00a0<strong>A++<\/strong><\/li>\n<li>Campo di lavoro:\u00a0<strong>Da -35 a 43\u00b0C<\/strong><\/li>\n<li>Flusso d'acqua:\u00a0<strong>da 1,03 a 2,06 m\u00b3\/h<\/strong><\/li>\n<li>Riduzione della pressione dell'acqua:\u00a0<strong>Da 12 a 15 kPa<\/strong><\/li>\n<li>Pressione minima e massima dell'acqua:\u00a0<strong>2,0 \/ 10,0 bar<\/strong><\/li>\n<li>Temperatura dell'acqua in uscita:\u00a0<strong>fino a 75\u00b0C<\/strong><\/li>\n<li>Livello di rumore:\u00a0<strong>fino a 48<\/strong><strong>\u00a0dB(A)<\/strong><\/li>\n<li>Opzione per un'unit\u00e0 aggiuntiva: collega l'unit\u00e0 esterna al sistema di riscaldamento dell'edificio e controlla il flusso di calore totale nella casa. L'unit\u00e0 compatta ed efficiente incorpora tutti i componenti principali - scambiatore di calore, pompa di circolazione, vaso di espansione, valvola di sicurezza e blocco di controllo - garantendo l'affidabilit\u00e0 e l'elevata efficienza energetica dell'impianto di riscaldamento. Per saperne di pi\u00f9<span style=\"text-decoration: underline;\"> <a href=\"https:\/\/westonclimate.com\/it\/tooted\/weston-climate-hudroboks-indoor-hyd\/\" target=\"_blank\" rel=\"noopener\">QUI.<\/a><\/span><\/li>\n<\/ul>\n<p>&nbsp;<\/p>\n<p><strong>M\u00f5\u00f5dud (pikkus\/laius\/k\u00f5rgus) (kg):<\/strong><\/p>\n<ul>\n<li><strong>5kW: <\/strong>neto 700*685*908mm, kaal 106,5kg, pakendiga 791*757*1061, kaal 138kg<\/li>\n<li><strong>7kW: <\/strong>neto 700*685*908mm, kaal 113kg, pakendiga 791*757*1061, kaal 144kg<\/li>\n<li><strong>9 kW:<\/strong> neto 700*685*908mm, kaal 116kg; pakendiga 791*757*1061, kaal 147kg<\/li>\n<li><strong>12kW: <\/strong>neto 1130*630*935mm, kaal 142,5; pakendiga 1220*730*1095, kaal 211kg<\/li>\n<li><strong>15kW:<\/strong> neto 1130*630*935mm, kaal 166; pakendiga 1220*730*1095, kaal 211kg<\/li>\n<li><strong>20kW:<\/strong> 1300*710*935mm, kaal 195kg, pakendiga 1390*770*1095, kaal 245kg<\/li>\n<\/ul>\n<p>&nbsp;<\/p>\n<p><strong>H\u00fcdroboksi <\/strong>m\u00f5\u00f5dud: 710\u00d7 410\u00d71005mm ja kaal 47kg<\/p>","protected":false},"excerpt":{"rendered":"<p>Registro EPREL:<br \/>\n<a href=\"https:\/\/eprel.ec.europa.eu\/screen\/product\/spaceheaters\/2466941\" target=\"_blank\" rel=\"noopener\">WC-JMU50HC<\/a><a href=\"https:\/\/eprel.ec.europa.eu\/screen\/product\/spaceheaters\/2466941\" target=\"_blank\" rel=\"noopener\"> | <\/a><a href=\"https:\/\/eprel.ec.europa.eu\/screen\/product\/spaceheaters\/2466945\" target=\"_blank\" rel=\"noopener\">WC-JMU50HC 3F<\/a><a href=\"https:\/\/eprel.ec.europa.eu\/screen\/product\/spaceheaters\/2466941\" target=\"_blank\" rel=\"noopener\"> | <\/a><a href=\"https:\/\/eprel.ec.europa.eu\/screen\/product\/spaceheaters\/2466946\" target=\"_blank\" rel=\"noopener\">WC-JMU70HC<\/a><a href=\"https:\/\/eprel.ec.europa.eu\/screen\/product\/spaceheaters\/2466941\" target=\"_blank\" rel=\"noopener\"> | <\/a><a href=\"https:\/\/eprel.ec.europa.eu\/screen\/product\/spaceheaters\/2466949\" target=\"_blank\" rel=\"noopener\">WC-JMU70HC 3F<\/a><a href=\"https:\/\/eprel.ec.europa.eu\/screen\/product\/spaceheaters\/2466941\" target=\"_blank\" rel=\"noopener\"> | <\/a><a href=\"https:\/\/eprel.ec.europa.eu\/screen\/product\/spaceheaters\/2466950\" target=\"_blank\" rel=\"noopener\">WC-JMU90HC<\/a><a href=\"https:\/\/eprel.ec.europa.eu\/screen\/product\/spaceheaters\/2466941\" target=\"_blank\" rel=\"noopener\"> | <\/a><a href=\"https:\/\/eprel.ec.europa.eu\/screen\/product\/spaceheaters\/2466951\" target=\"_blank\" rel=\"noopener\">WC-JMU90CH 3F<\/a><a href=\"https:\/\/eprel.ec.europa.eu\/screen\/product\/spaceheaters\/2466941\" target=\"_blank\" rel=\"noopener\"> | <\/a><a href=\"https:\/\/eprel.ec.europa.eu\/screen\/product\/spaceheaters\/2466952\" target=\"_blank\" rel=\"noopener\">WC-JMU120HC<\/a><a href=\"https:\/\/eprel.ec.europa.eu\/screen\/product\/spaceheaters\/2466941\" target=\"_blank\" rel=\"noopener\"> | <\/a><a href=\"https:\/\/eprel.ec.europa.eu\/screen\/product\/spaceheaters\/2466953\" target=\"_blank\" rel=\"noopener\">WC-JMU120HC 3F<\/a><a href=\"https:\/\/eprel.ec.europa.eu\/screen\/product\/spaceheaters\/2466941\" target=\"_blank\" rel=\"noopener\"> | <\/a><a href=\"https:\/\/eprel.ec.europa.eu\/screen\/product\/spaceheaters\/2466941\" target=\"_blank\" rel=\"noopener\">WC-JMU50HC<\/a><a href=\"https:\/\/eprel.ec.europa.eu\/screen\/product\/spaceheaters\/2466941\" target=\"_blank\" rel=\"noopener\"> | <\/a><a href=\"https:\/\/eprel.ec.europa.eu\/screen\/product\/spaceheaters\/2466945\" target=\"_blank\" rel=\"noopener\">WC-JMU150HC 3F<\/a><\/p>\n<p><b>Un nuovo prodotto per l'Europa: la pompa di calore Top-Blow, la soluzione migliore per il riscaldamento, il raffreddamento e l'acqua calda.<\/b><\/p>\n<ul>\n<li><strong>Particolarmente silenzioso:<\/strong>\u00a048dB<\/li>\n<li><strong>Molto efficace:<\/strong>\u00a0A+++<\/li>\n<li><strong>Risparmio di spazio:\u00a0<\/strong>Ad esempio, una pompa di calore da 5 kW pu\u00f2 essere installata in una superficie di soli 0,5 m2.<\/li>\n<li><strong>Vicini di casa:\u00a0<\/strong>il flusso d'aria della pompa di calore \u00e8 diretto verso l'alto e anche il suono.<\/li>\n<\/ul>\n<p>&nbsp;<\/p>\n<p>Con un'ampia gamma di possibilit\u00e0:\u00a0<strong>si collega a sistemi di riscaldamento a pavimento, ventilconvettori e acqua calda sanitaria, modulo di controllo centrale<\/strong>\u00a0garantisce una temperatura uniforme e l'efficienza energetica in tutto l'edificio.<\/p>\n<ul>\n<li><b>Suono e flusso d'aria dall'alto (Top-Blow):<\/b>\u00a0una soluzione unica in Europa. Una soluzione silenziosa, intelligente ed ecologica per tutte le stagioni.<\/li>\n<li><strong>Capacit\u00e0 di riscaldamento:<\/strong> 5kW, 7kW, 9kW, 12kW, 15kW, 20kW<\/li>\n<li><strong>Tensione di lavoro:<\/strong>\u00a0230V (1F) o 380V (3F)<\/li>\n<li><b>Lavoro tranquillo:\u00a0<\/b>solo 48 dB<\/li>\n<li><strong>Temperature\u00a0<\/strong><strong>campo di funzionamento:\u00a0<\/strong>Da -35\u00b0C a +43\u00b0C (ogni unit\u00e0 \u00e8 stata testata a -42\u00b0C per 64 ore)<\/li>\n<li><b>Refrigerante naturale R290:\u00a0<\/b>basso impatto ambientale ed efficienza energetica A+++<\/li>\n<li><b>Design brevettato:\u00a0<\/b>con un efficiente isolamento acustico, motore del ventilatore a prova di pioggia e compressore silenzioso.<\/li>\n<li><b>Una leadership intelligente:\u00a0<\/b>Controllo WiFi, connettivit\u00e0 Smart House (connettivit\u00e0 IOS), interfaccia RS485 e display touchscreen a colori<\/li>\n<li><b>Compatibilit\u00e0 con SMART GRID (SG) e pannelli solari (PV):<\/b> Compatibile con i pannelli solari e la smart grid; predisposizione per il sistema di monitoraggio dei prezzi dell'elettricit\u00e0 della borsa (SG).<\/li>\n<\/ul>\n<table style=\"border-collapse: collapse; width: 144pt;\" border=\"0\" width=\"192\" cellspacing=\"0\" cellpadding=\"0\">\n<tbody>\n<tr style=\"height: 15.0pt;\">\n<td style=\"height: 15.0pt; width: 48pt;\" width=\"64\" height=\"20\"><a href=\"https:\/\/westonclimate.pl\/wp-content\/uploads\/2025\/09\/Sert_R290-Inverter-Monoblock-Top-Blow_JMU50HC.png\" target=\"_blank\" rel=\"noopener\"><img decoding=\"async\" class=\"alignnone wp-image-10014 alignleft\" src=\"https:\/\/westonclimate.pl\/wp-content\/uploads\/2025\/09\/Sert_R290-Inverter-Monoblock-Top-Blow_JMU50HC-210x300.png\" alt=\"\" width=\"66\" height=\"95\" \/><\/a><\/td>\n<td style=\"width: 48pt;\" width=\"64\"><a href=\"https:\/\/westonclimate.pl\/wp-content\/uploads\/2025\/09\/Sert_R290-Inverter-Monoblock-Top-Blow_JMU70HC.png\" target=\"_blank\" rel=\"noopener\"><img decoding=\"async\" class=\"alignnone wp-image-10015\" src=\"https:\/\/westonclimate.pl\/wp-content\/uploads\/2025\/09\/Sert_R290-Inverter-Monoblock-Top-Blow_JMU70HC-212x300.png\" alt=\"\" width=\"67\" height=\"95\" \/><\/a><\/td>\n<td style=\"width: 48pt;\" width=\"64\"><a href=\"https:\/\/westonclimate.pl\/wp-content\/uploads\/2025\/09\/Sert_R290-Inverter-Monoblock-Top-Blow_JMU90HC.png\" target=\"_blank\" rel=\"noopener\"><img decoding=\"async\" class=\"alignnone wp-image-10016\" src=\"https:\/\/westonclimate.pl\/wp-content\/uploads\/2025\/09\/Sert_R290-Inverter-Monoblock-Top-Blow_JMU90HC-213x300.png\" alt=\"\" width=\"68\" height=\"96\" \/><\/a><\/td>\n<\/tr>\n<tr style=\"height: 15.0pt;\">\n<td style=\"height: 15.0pt;\" height=\"20\"><a href=\"https:\/\/westonclimate.pl\/wp-content\/uploads\/2025\/09\/Sert_R290-Inverter-Monoblock-Top-Blow_JMU120HC.png\" target=\"_blank\" rel=\"noopener\"><img loading=\"lazy\" decoding=\"async\" class=\"alignnone wp-image-10017\" src=\"https:\/\/westonclimate.pl\/wp-content\/uploads\/2025\/09\/Sert_R290-Inverter-Monoblock-Top-Blow_JMU120HC-212x300.png\" alt=\"\" width=\"66\" height=\"93\" \/><\/a><\/td>\n<td><a href=\"https:\/\/westonclimate.pl\/wp-content\/uploads\/2025\/09\/Sert_R290-Inverter-Monoblock-Top-Blow_JMU150HCJMU150HC3N.png\" target=\"_blank\" rel=\"noopener\"><img loading=\"lazy\" decoding=\"async\" class=\"alignnone wp-image-10018\" src=\"https:\/\/westonclimate.pl\/wp-content\/uploads\/2025\/09\/Sert_R290-Inverter-Monoblock-Top-Blow_JMU150HCJMU150HC3N-210x300.png\" alt=\"\" width=\"72\" height=\"103\" \/><\/a><\/td>\n<td><\/td>\n<\/tr>\n<tr style=\"height: 15.0pt;\">\n<td style=\"height: 15.0pt;\" height=\"20\"><a href=\"https:\/\/westonclimate.com\/wp-content\/uploads\/2026\/02\/ERP-report-of-sky-heat-pump-5kw-JMU50HC.pdf\" target=\"_blank\" rel=\"noopener\"><img loading=\"lazy\" decoding=\"async\" class=\"alignnone size-medium wp-image-11195\" src=\"https:\/\/westonclimate.com\/wp-content\/uploads\/2026\/02\/ERP_Sky_1-205x300.png\" alt=\"\" width=\"205\" height=\"300\" srcset=\"https:\/\/westonclimate.com\/wp-content\/uploads\/2026\/02\/ERP_Sky_1-205x300.png 205w, https:\/\/westonclimate.com\/wp-content\/uploads\/2026\/02\/ERP_Sky_1-8x12.png 8w, https:\/\/westonclimate.com\/wp-content\/uploads\/2026\/02\/ERP_Sky_1-600x876.png 600w, https:\/\/westonclimate.com\/wp-content\/uploads\/2026\/02\/ERP_Sky_1.png 660w\" sizes=\"(max-width: 205px) 100vw, 205px\" \/><\/a><\/td>\n<td><a href=\"https:\/\/westonclimate.com\/wp-content\/uploads\/2026\/02\/ERP-report-of-sky-heat-pump-7kw-JMU70HC.pdf\" target=\"_blank\" rel=\"noopener\"><img loading=\"lazy\" decoding=\"async\" class=\"alignnone size-medium wp-image-11196\" src=\"https:\/\/westonclimate.com\/wp-content\/uploads\/2026\/02\/ERP_Sky_2-210x300.png\" alt=\"\" width=\"210\" height=\"300\" srcset=\"https:\/\/westonclimate.com\/wp-content\/uploads\/2026\/02\/ERP_Sky_2-210x300.png 210w, https:\/\/westonclimate.com\/wp-content\/uploads\/2026\/02\/ERP_Sky_2-716x1024.png 716w, https:\/\/westonclimate.com\/wp-content\/uploads\/2026\/02\/ERP_Sky_2-768x1098.png 768w, https:\/\/westonclimate.com\/wp-content\/uploads\/2026\/02\/ERP_Sky_2-8x12.png 8w, https:\/\/westonclimate.com\/wp-content\/uploads\/2026\/02\/ERP_Sky_2-600x858.png 600w, https:\/\/westonclimate.com\/wp-content\/uploads\/2026\/02\/ERP_Sky_2.png 827w\" sizes=\"(max-width: 210px) 100vw, 210px\" \/><\/a><\/td>\n<td><a href=\"https:\/\/westonclimate.com\/wp-content\/uploads\/2026\/02\/ERP-report-of-sky-heat-pump-9kw-JMU90HC.pdf\" target=\"_blank\" rel=\"noopener\"><img loading=\"lazy\" decoding=\"async\" class=\"alignnone size-medium wp-image-11197\" src=\"https:\/\/westonclimate.com\/wp-content\/uploads\/2026\/02\/ERP_Sky_3-208x300.png\" alt=\"\" width=\"208\" height=\"300\" srcset=\"https:\/\/westonclimate.com\/wp-content\/uploads\/2026\/02\/ERP_Sky_3-208x300.png 208w, https:\/\/westonclimate.com\/wp-content\/uploads\/2026\/02\/ERP_Sky_3-710x1024.png 710w, https:\/\/westonclimate.com\/wp-content\/uploads\/2026\/02\/ERP_Sky_3-768x1108.png 768w, https:\/\/westonclimate.com\/wp-content\/uploads\/2026\/02\/ERP_Sky_3-8x12.png 8w, https:\/\/westonclimate.com\/wp-content\/uploads\/2026\/02\/ERP_Sky_3-600x866.png 600w, https:\/\/westonclimate.com\/wp-content\/uploads\/2026\/02\/ERP_Sky_3.png 818w\" sizes=\"(max-width: 208px) 100vw, 208px\" \/><\/a><\/td>\n<\/tr>\n<tr style=\"height: 15.0pt;\">\n<td style=\"height: 15.0pt;\" height=\"20\"><a href=\"https:\/\/westonclimate.com\/wp-content\/uploads\/2026\/02\/ERP-report-of-sky-heat-pump-12kw-JMU120HC.pdf\" target=\"_blank\" rel=\"noopener\"><img loading=\"lazy\" decoding=\"async\" class=\"alignnone size-medium wp-image-11198\" src=\"https:\/\/westonclimate.com\/wp-content\/uploads\/2026\/02\/ERP_Sky_4-210x300.png\" alt=\"\" width=\"210\" height=\"300\" srcset=\"https:\/\/westonclimate.com\/wp-content\/uploads\/2026\/02\/ERP_Sky_4-210x300.png 210w, https:\/\/westonclimate.com\/wp-content\/uploads\/2026\/02\/ERP_Sky_4-716x1024.png 716w, https:\/\/westonclimate.com\/wp-content\/uploads\/2026\/02\/ERP_Sky_4-768x1098.png 768w, https:\/\/westonclimate.com\/wp-content\/uploads\/2026\/02\/ERP_Sky_4-8x12.png 8w, https:\/\/westonclimate.com\/wp-content\/uploads\/2026\/02\/ERP_Sky_4-600x858.png 600w, https:\/\/westonclimate.com\/wp-content\/uploads\/2026\/02\/ERP_Sky_4.png 825w\" sizes=\"(max-width: 210px) 100vw, 210px\" \/><\/a><\/td>\n<td><a href=\"https:\/\/westonclimate.com\/wp-content\/uploads\/2026\/02\/ERP-report-of-sky-heat-pump-15kw-JMU150HC.pdf\" target=\"_blank\" rel=\"noopener\"><img loading=\"lazy\" decoding=\"async\" class=\"alignnone size-medium wp-image-11199\" src=\"https:\/\/westonclimate.com\/wp-content\/uploads\/2026\/02\/ERP_Sky_5-211x300.png\" alt=\"\" width=\"211\" height=\"300\" srcset=\"https:\/\/westonclimate.com\/wp-content\/uploads\/2026\/02\/ERP_Sky_5-211x300.png 211w, https:\/\/westonclimate.com\/wp-content\/uploads\/2026\/02\/ERP_Sky_5-720x1024.png 720w, https:\/\/westonclimate.com\/wp-content\/uploads\/2026\/02\/ERP_Sky_5-768x1092.png 768w, https:\/\/westonclimate.com\/wp-content\/uploads\/2026\/02\/ERP_Sky_5-8x12.png 8w, https:\/\/westonclimate.com\/wp-content\/uploads\/2026\/02\/ERP_Sky_5-600x853.png 600w, https:\/\/westonclimate.com\/wp-content\/uploads\/2026\/02\/ERP_Sky_5.png 835w\" sizes=\"(max-width: 211px) 100vw, 211px\" \/><\/a><\/td>\n<td><\/td>\n<\/tr>\n<\/tbody>\n<\/table>\n<p>&nbsp;<\/p>","protected":false},"featured_media":8764,"template":"","meta":[],"product_brand":[],"product_cat":[115,63,65,88],"product_tag":[],"class_list":{"0":"post-8751","1":"product","2":"type-product","3":"status-publish","4":"has-post-thumbnail","6":"product_cat-monobloc-weston-r290","7":"product_cat-soojuspumbad","8":"product_cat-soojuspump-monobloc","9":"product_cat-allahindlus","11":"first","12":"instock","13":"taxable","14":"shipping-taxable","15":"purchasable","16":"product-type-variable","17":"has-default-attributes"},"_links":{"self":[{"href":"https:\/\/westonclimate.com\/it\/wp-json\/wp\/v2\/product\/8751","targetHints":{"allow":["GET"]}}],"collection":[{"href":"https:\/\/westonclimate.com\/it\/wp-json\/wp\/v2\/product"}],"about":[{"href":"https:\/\/westonclimate.com\/it\/wp-json\/wp\/v2\/types\/product"}],"version-history":[{"count":29,"href":"https:\/\/westonclimate.com\/it\/wp-json\/wp\/v2\/product\/8751\/revisions"}],"predecessor-version":[{"id":11605,"href":"https:\/\/westonclimate.com\/it\/wp-json\/wp\/v2\/product\/8751\/revisions\/11605"}],"wp:featuredmedia":[{"embeddable":true,"href":"https:\/\/westonclimate.com\/it\/wp-json\/wp\/v2\/media\/8764"}],"wp:attachment":[{"href":"https:\/\/westonclimate.com\/it\/wp-json\/wp\/v2\/media?parent=8751"}],"wp:term":[{"taxonomy":"product_brand","embeddable":true,"href":"https:\/\/westonclimate.com\/it\/wp-json\/wp\/v2\/product_brand?post=8751"},{"taxonomy":"product_cat","embeddable":true,"href":"https:\/\/westonclimate.com\/it\/wp-json\/wp\/v2\/product_cat?post=8751"},{"taxonomy":"product_tag","embeddable":true,"href":"https:\/\/westonclimate.com\/it\/wp-json\/wp\/v2\/product_tag?post=8751"}],"curies":[{"name":"wp","href":"https:\/\/api.w.org\/{rel}","templated":true}]}}