{"id":8974,"date":"2025-09-17T10:44:42","date_gmt":"2025-09-17T10:44:42","guid":{"rendered":"https:\/\/staging.westonclimate.ee\/?post_type=product&#038;p=8974"},"modified":"2026-01-30T17:10:43","modified_gmt":"2026-01-30T17:10:43","slug":"weston-climate-jbt-seeria-80l-akumulatsioonipaak","status":"publish","type":"product","link":"https:\/\/westonclimate.com\/it\/tooted\/serbatoio-di-accumulo-weston-climate-serie-jbt-80l\/","title":{"rendered":"Weston Climate Serie JBT 80L-1000L Serbatoio di accumulo"},"content":{"rendered":"<ul>\n<li>Capacit\u00e0 del serbatoio dell'acqua: 80 L<\/li>\n<li>Capacit\u00e0 effettiva del serbatoio interno (90%): \u226572 L<\/li>\n<li>Materiale del serbatoio interno: SUS 304\/acciaio inossidabile.<\/li>\n<li>Aspettativa di vita: 55 anni<\/li>\n<li>Temperatura dell'acqua: massimo 95 \u00b0C<\/li>\n<li>Diametro interno: 370 mm<\/li>\n<li>Diametro esterno: 470 mm<\/li>\n<li>Peso netto: 24 kg<\/li>\n<li>Peso lordo (G.W): 28 kg<\/li>\n<li>Dimensioni del prodotto: 470 \u00d7 850 mm<\/li>\n<li>Dimensioni della confezione: 950 \u00d7 550 \u00d7 550 mm<\/li>\n<li>Pressione di lavoro: 0,7 MPa<\/li>\n<li>Pressione di prova: 1,25 MPa<\/li>\n<\/ul>","protected":false},"excerpt":{"rendered":"<p><strong>Weston Climate Serie JBT 80L-1000L Serbatoio di accumulo<\/strong>\u00a0\u00e8 progettato come un cuscinetto tra la pompa di calore e il sistema di riscaldamento.<\/p>\n<p>Il serbatoio \u00e8 realizzato in <strong>acciaio inox<\/strong> (SUS 304).<\/p>\n<p><strong>Il prodotto ha una durata di vita di oltre 55 anni.<\/strong> Il prodotto \u00e8 garantito per 10 anni.<\/p>\n<p>Il serbatoio \u00e8 isolato e rivestito in lamiera d'acciaio verniciata. Il serbatoio \u00e8 installabile a parete ed \u00e8 progettato per una temperatura massima dell'acqua di 95 \u00b0C.<\/p>\n<p><strong data-start=\"653\" data-end=\"700\">80L DI PRODOTTO IN STOCK! <\/strong><strong data-start=\"653\" data-end=\"700\">HIND 351\u20ac +km.<\/strong><\/p>\n<p><strong data-start=\"653\" data-end=\"700\"> CHIEDERE UN'OFFERTA PER ALTRE TAGLIE!<\/strong><\/p>","protected":false},"featured_media":8976,"template":"","meta":[],"product_brand":[],"product_cat":[258,211],"product_tag":[],"class_list":{"0":"post-8974","1":"product","2":"type-product","3":"status-publish","4":"has-post-thumbnail","6":"product_cat-paagid-ja-boilerid","7":"product_cat-lisaseadmed","9":"first","10":"instock","11":"taxable","12":"shipping-taxable","13":"purchasable","14":"product-type-simple"},"_links":{"self":[{"href":"https:\/\/westonclimate.com\/it\/wp-json\/wp\/v2\/product\/8974","targetHints":{"allow":["GET"]}}],"collection":[{"href":"https:\/\/westonclimate.com\/it\/wp-json\/wp\/v2\/product"}],"about":[{"href":"https:\/\/westonclimate.com\/it\/wp-json\/wp\/v2\/types\/product"}],"version-history":[{"count":6,"href":"https:\/\/westonclimate.com\/it\/wp-json\/wp\/v2\/product\/8974\/revisions"}],"predecessor-version":[{"id":11015,"href":"https:\/\/westonclimate.com\/it\/wp-json\/wp\/v2\/product\/8974\/revisions\/11015"}],"wp:featuredmedia":[{"embeddable":true,"href":"https:\/\/westonclimate.com\/it\/wp-json\/wp\/v2\/media\/8976"}],"wp:attachment":[{"href":"https:\/\/westonclimate.com\/it\/wp-json\/wp\/v2\/media?parent=8974"}],"wp:term":[{"taxonomy":"product_brand","embeddable":true,"href":"https:\/\/westonclimate.com\/it\/wp-json\/wp\/v2\/product_brand?post=8974"},{"taxonomy":"product_cat","embeddable":true,"href":"https:\/\/westonclimate.com\/it\/wp-json\/wp\/v2\/product_cat?post=8974"},{"taxonomy":"product_tag","embeddable":true,"href":"https:\/\/westonclimate.com\/it\/wp-json\/wp\/v2\/product_tag?post=8974"}],"curies":[{"name":"wp","href":"https:\/\/api.w.org\/{rel}","templated":true}]}}