{"id":3532,"date":"2024-06-18T14:27:19","date_gmt":"2024-06-18T14:27:19","guid":{"rendered":"https:\/\/wmdcompany.eu\/?page_id=3532"},"modified":"2025-09-24T07:01:31","modified_gmt":"2025-09-24T07:01:31","slug":"muugitingimused","status":"publish","type":"page","link":"https:\/\/westonclimate.com\/lt\/terminai-ir-salygos\/","title":{"rendered":"Pardavimo s\u0105lygos"},"content":{"rendered":"<div data-elementor-type=\"wp-page\" data-elementor-id=\"3532\" class=\"elementor elementor-3532\" data-elementor-post-type=\"page\">\n\t\t\t\t<div class=\"elementor-element elementor-element-273dbb49 e-flex e-con-boxed wpr-particle-no wpr-jarallax-no wpr-parallax-no wpr-sticky-section-no wpr-equal-height-no e-con e-parent\" data-id=\"273dbb49\" data-element_type=\"container\" data-e-type=\"container\">\n\t\t\t\t\t<div class=\"e-con-inner\">\n\t\t\t\t<div class=\"elementor-element elementor-element-6e2af5c0 elementor-widget elementor-widget-text-editor\" data-id=\"6e2af5c0\" data-element_type=\"widget\" data-e-type=\"widget\" data-widget_type=\"text-editor.default\">\n\t\t\t\t<div class=\"elementor-widget-container\">\n\t\t\t\t\t\t\t\t\t<h1 id=\"veebipoe-m\u00fc\u00fcgitingimused\">Pardavimo s\u0105lygos<\/h1><p>Internetin\u0117 parduotuv\u0117 <a href=\"https:\/\/westonclimate.com\/lt\/\" target=\"_blank\" rel=\"noopener\">www.westonclimate.com<\/a>\u00a0(toliau - Internetin\u0117 parduotuv\u0117) priklauso bendrovei O\u00dc WMD Company (registracijos kodas 16170164), kurios registruota buvein\u0117 yra adresu Vabadust pst 174b, Talinas, 10917 Harjumaa, Estija.<\/p><p><strong><br \/>Pirkimo-pardavimo sutarties galiojimas, komercin\u0117 ir kain\u0173 informacija<\/strong><\/p><p>\u0160ios pardavimo s\u0105lygos taikomos perkant prekes i\u0161 internetin\u0117s parduotuv\u0117s.<\/p><p>Internetin\u0117je parduotuv\u0117je parduodam\u0173 produkt\u0173 kainos nurodytos prie produkt\u0173. Kainai taikomas pristatymo mokestis. Visos internetin\u0117je parduotuv\u0117je parduodam\u0173 preki\u0173 kainos nurodytos eurais.<\/p><p>Pristatymo mokestis priklauso nuo pirk\u0117jo buvimo vietos ir pristatymo b\u016bdo. Pristatymo mokestis pirk\u0117jui parodomas pateikiant u\u017esakym\u0105.<\/p><p>Informacija apie prekes pateikiama internetin\u0117je parduotuv\u0117je prie pat preki\u0173.<\/p><p><strong><br \/>U\u017esakymo pateikimas<\/strong><\/p><p>Nor\u0117dami u\u017esakyti, \u012f pirkini\u0173 krep\u0161el\u012f turite \u012ftraukti norimus produktus. Nor\u0117dami pateikti u\u017esakym\u0105, turite u\u017epildyti reikiamus laukus ir pasirinkti tinkam\u0105 pristatymo b\u016bd\u0105. Tuomet ekrane bus rodoma mokes\u010dio suma, kuri\u0105 galima saugiai sumok\u0117ti \u0161iais mok\u0117jimo b\u016bdais:<\/p><ul><li><a href=\"https:\/\/maksekeskus.ee\/service\/kaardimaksed\/\" target=\"_blank\" rel=\"noopener\">Mok\u0117jimai Visa\/Mastercard kortel\u0117mis<\/a><\/li><li>Estijos bank\u0173 mok\u0117jimai: \"Swedbank\", SEB, \"Luminor\", LHV, \"Coop Pank\", \"Citadele\", \"Revolut\", N26.<\/li><li>Estijos dovan\u0173 kortel\u0117: Kniks<\/li><li><a href=\"https:\/\/maksekeskus.ee\/service\/maksa-hiljem-lahendused\/\" target=\"_blank\" rel=\"noopener\">Estijos sprendimai mok\u0117ti v\u0117liau<\/a>: Esto pirkimas i\u0161simok\u0117tinai, Esto 3, Inbank pirkimas i\u0161simok\u0117tinai<\/li><li>Latvijos bank\u0173 mok\u0117jimai: \"Swedbank\", SEB, \"Citadele\", \"Luminor\", \"Revolut\", N26.<\/li><li>Latvijos dovan\u0173 kortel\u0117: Kniks<\/li><li><a href=\"https:\/\/maksekeskus.ee\/service\/maksa-hiljem-lahendused\/\" target=\"_blank\" rel=\"noopener\">Latvija mok\u0117s u\u017e v\u0117lesnius sprendimus<\/a>: Banko \u012fmokos<\/li><li>Bank\u0173 mok\u0117jimai Lietuvoje: \"Swedbank\", SEB, \"Urbo\", LKU, \"Citadele\", \u0160iauli\u0173, \"Luminor\", \"Revolut\", N26.<\/li><li>Lietuvi\u0161ka dovan\u0173 kortel\u0117: Kniks<\/li><li><a href=\"https:\/\/maksekeskus.ee\/service\/maksa-hiljem-lahendused\/\" target=\"_blank\" rel=\"noopener\">Lietuva mok\u0117s u\u017e v\u0117lesnius sprendimus<\/a>: Banko \u012fmokos<\/li><li>Bank\u0173 mok\u0117jimai Suomijoje: \"Nordea\", \"Nordea Business\", \"Danske Bank\", \"OP Pohjola\", \"Alandsbanken\", \"Handelsbanken\", \"S-Pankki\", \"Oma S\u00e4\u00e4st\u00f6pankki\", \"S\u00e4\u00e4st\u00f6pankki\", \"POP Pankki\", \"Revolut\", N26.<\/li><li>Suomijos dovan\u0173 kortel\u0117: Kniks<\/li><li>\"Apple Pay<\/li><\/ul><p>NB: Mok\u0117dami banko pavedimu, banko puslapyje b\u016btinai spustel\u0117kite mygtuk\u0105 \"Gr\u012f\u017eti pas prekybinink\u0105\".<\/p><p>Mok\u0117jimai, kuriems tarpininkauja <a href=\"http:\/\/www.maksekeskus.ee\/\" target=\"_blank\" rel=\"noopener noreferrer\">Mok\u0117jim\u0173 centras AS<\/a>. Mok\u0117jimas vyksta ne internetin\u0117je parduotuv\u0117je saugioje aplinkoje - jei mokama banko pavedimu - saugioje atitinkamo banko aplinkoje, o jei mokama kredito kortele - saugioje Maksekeskus AS aplinkoje. Pardav\u0117jas neturi prieigos prie kliento banko ir kredito kortel\u0117s duomen\u0173. Sutartis \u012fsigalioja nuo mok\u0117tinos sumos gavimo \u012f internetin\u0117s parduotuv\u0117s atsiskaitom\u0105j\u0105 s\u0105skait\u0105 dienos.<\/p><p>Internetin\u0117s parduotuv\u0117s savininkas yra asmens duomen\u0173 valdytojas ir asmens duomenis, reikalingus mok\u0117jimams atlikti, perduoda tvarkytojui \"Maksekeskus AS\".<\/p><p>Jei u\u017esakytos prek\u0117s negali b\u016bti pristatytos d\u0117l pristatymo termino pabaigos ar bet kokios kitos prie\u017easties, pirk\u0117jas bus informuotas kuo grei\u010diau, o sumok\u0117ti pinigai (\u012fskaitant pristatymo i\u0161laidas) bus gr\u0105\u017einti nedelsiant, bet ne v\u0117liau kaip per 14 dien\u0173 nuo prane\u0161imo gavimo.<\/p><p><strong><br \/>Pristatymas \u012f<\/strong><\/p><p>Prek\u0117s siun\u010diamos \u012f Estij\u0105, Latvij\u0105, Lietuv\u0105.<\/p><p>Nor\u0117damas atsiimti prekes, pirk\u0117jas turi \u0161ias galimybes: \"Venipak\" kurjeris, siunt\u0173 ma\u0161inos (\"Itella Smartpost\", \"Omniva\", DPD), galimyb\u0117 prekes atsiimti pa\u010diam.<\/p><p>Siuntimo i\u0161laidas apmoka pirk\u0117jas, o atitinkama informacija apie kain\u0105 rodoma prie siuntimo b\u016bdo.<\/p><p>Siuntos Estijoje paprastai pasiekia pirk\u0117jo nurodyt\u0105 paskirties viet\u0105 per 10 darbo dien\u0173 nuo pirkimo-pardavimo sutarties \u012fsigaliojimo. U\u017e Estijos rib\u0173 prek\u0117s pristatomos per 10 darbo dien\u0173.<\/p><p>I\u0161imtiniais atvejais turite teis\u0119 reikalauti, kad prek\u0117s b\u016bt\u0173 pristatytos per 45 kalendorines dienas.<\/p><p><strong><br \/>Teis\u0117 atsisakyti sutarties<\/strong><\/p><p>Gav\u0119s u\u017esakym\u0105, pirk\u0117jas turi teis\u0119 per 14 dien\u0173 atsisakyti e. sutarties.<\/p><p>Teis\u0117 atsisakyti sutarties netaikoma, jei pirk\u0117jas yra juridinis asmuo.<\/p><p>Norint pasinaudoti 14 dien\u0173 atsisakymo teise, u\u017esakytos prek\u0117s negali b\u016bti naudojamos jokiais kitais b\u016bdais, i\u0161skyrus tuos, kurie yra b\u016btini preki\u0173 pob\u016bd\u017eiui, savyb\u0117ms ir veikimui nustatyti, taip, kaip leid\u017eiama i\u0161bandyti prekes fizin\u0117je parduotuv\u0117je.<\/p><p>Jei prek\u0117s buvo naudojamos kitais tikslais, nei b\u016btina preki\u0173 pob\u016bd\u017eiui, savyb\u0117ms ir veikimui nustatyti, arba jei prek\u0117s turi naudojimo ar nusid\u0117v\u0117jimo po\u017eymi\u0173, internetin\u0117 parduotuv\u0117 turi teis\u0119 suma\u017einti gr\u0105\u017eintin\u0105 mokest\u012f pagal suma\u017e\u0117jusi\u0105 preki\u0173 vert\u0119.<\/p><p>Nor\u0117dami gr\u0105\u017einti prekes, turite pateikti atsisakymo nuo sutarties form\u0105, kuri\u0105 rasite \u010dia: <a href=\"https:\/\/westonclimate.com\/lt\/5564-2\/\" target=\"_blank\" rel=\"noopener\"><em>Prane\u0161imas apie pasitraukim\u0105<\/em>\u00a0<\/a>ir i\u0161si\u0173sti j\u012f adresu sales@westonclimate.com per 14 dien\u0173 nuo preki\u0173 gavimo.<\/p><p>Preki\u0173 gr\u0105\u017einimo i\u0161laidas apmoka pirk\u0117jas, i\u0161skyrus atvejus, kai gr\u0105\u017einimo prie\u017eastis yra ta, kad gr\u0105\u017einama prek\u0117 neatitinka u\u017esakytos prek\u0117s (pvz., netinkama arba nekokybi\u0161ka prek\u0117).<\/p><p>Pirk\u0117jas privalo gr\u0105\u017einti prekes per 14 dien\u0173 nuo parai\u0161kos pateikimo dienos arba pateikti \u012frodym\u0105, kad per \u0161\u012f laikotarp\u012f perdav\u0117 prekes ve\u017e\u0117jui.<\/p><p>Gavusi gr\u0105\u017eintas prekes, internetin\u0117 parduotuv\u0117 nedelsdama, bet ne v\u0117liau kaip per 14 dien\u0173 nuo atsisakymo gavimo dienos, gr\u0105\u017eins pirk\u0117jui visus pagal sutart\u012f i\u0161 pirk\u0117jo gautus mok\u0117jimus.<\/p><p>Internetin\u0117 parduotuv\u0117 gali atsisakyti gr\u0105\u017einti pinigus, kol ji negaus sutartyje numatyt\u0173 preki\u0173 arba kol pirk\u0117jas nepateiks \u012frodym\u0173, kad jis gr\u0105\u017eino prekes, atsi\u017evelgiant \u012f tai, kas \u012fvyks anks\u010diau.<\/p><p>Jei pirk\u0117jas ai\u0161kiai pasirinko kit\u0105 nei internetin\u0117s parduotuv\u0117s si\u016blomas pigiausias pristatymo b\u016bdas, internetin\u0117 parduotuv\u0117 neprivalo atlyginti vartotojui i\u0161laid\u0173, kurios vir\u0161ija \u012fprasto pristatymo b\u016bdo kain\u0105.<\/p><p>Internetin\u0117 parduotuv\u0117 turi teis\u0119 atsisakyti pardavimo ir reikalauti i\u0161 pirk\u0117jo gr\u0105\u017einti prekes, jei internetin\u0117je parduotuv\u0117je preki\u0173 kaina d\u0117l klaidos yra \u017eenkliai ma\u017eesn\u0117 u\u017e preki\u0173 rinkos kain\u0105.<\/p><p><strong><br \/>Teis\u0117 pateikti skund\u0105<\/strong><\/p><p>Internetin\u0117 parduotuv\u0117 atsako u\u017e pirk\u0117jui parduot\u0173 preki\u0173 neatitikim\u0105 ar tr\u016bkumus, kurie jau egzistavo pristatymo metu ir kurie paai\u0161k\u0117s ne v\u0117liau kaip per dvejus metus nuo preki\u0173 pristatymo pirk\u0117jui.\u00a0<b data-stringify-type=\"bold\">V\u0117liau vienerius metus nuo preki\u0173 pristatymo pirk\u0117jui preziumuojama, kad defektas egzistavo pristatymo metu. Internetin\u0117 parduotuv\u0117 privalo paneigti \u0161i\u0105 prezumpcij\u0105.<\/b><\/p><p>Defekto atveju pirk\u0117jas turi teis\u0119 ne v\u0117liau kaip per du m\u0117nesius kreiptis \u012f internetin\u0119 parduotuv\u0119 el. pa\u0161tu sales@westonclimate.com arba telefonu +372 5568 9584.<\/p><p>Internetin\u0117 parduotuv\u0117 neatsako u\u017e defektus, atsiradusius po to, kai prek\u0117s buvo pristatytos pirk\u0117jui.<\/p><p>Jei i\u0161 internetin\u0117s parduotuv\u0117s \u012fsigytos prek\u0117s turi defekt\u0173, u\u017e kuriuos atsakinga internetin\u0117 parduotuv\u0117, internetin\u0117 parduotuv\u0117 pataisys arba pakeis nekokybi\u0161kas prekes. Jei preki\u0173 ne\u012fmanoma pataisyti arba pakeisti, Internetin\u0117 parduotuv\u0117 gr\u0105\u017eins pirk\u0117jui visus mokes\u010dius u\u017e pirkimo-pardavimo sutart\u012f.<\/p><p>Internetin\u0117 parduotuv\u0117 \u012f vartotojo skund\u0105 atsako ra\u0161tu arba tokia forma, kad j\u012f b\u016bt\u0173 galima atgaminti ra\u0161tu, per 15 dien\u0173.<\/p><p><strong><br \/>Tiesiogin\u0117 rinkodara ir asmens duomen\u0173 tvarkymas<\/strong><\/p><p>Internetin\u0117 parduotuv\u0117 pirk\u0117jo pateiktus asmens duomenis naudoja tik u\u017esakymui apdoroti ir prek\u0117ms pirk\u0117jui i\u0161si\u0173sti. Internetin\u0117 parduotuv\u0117 perduoda asmens duomenis transporto paslaugas teikian\u010dioms bendrov\u0117ms, kad gal\u0117t\u0173 pristatyti prekes.<\/p><p>Internetin\u0117 parduotuv\u0117 siun\u010dia naujienlai\u0161kius ir pasi\u016blymus pirk\u0117jo el. pa\u0161to adresu tik tuo atveju, jei pirk\u0117jas i\u0161rei\u0161k\u0117 pageidavim\u0105 juos gauti \u012fvesdamas savo el. pa\u0161to adres\u0105 svetain\u0117je ir nurod\u0117 nor\u012fs gauti tiesioginio pa\u0161to prane\u0161imus.<\/p><p>Pirk\u0117jas gali bet kada atsisakyti gauti pasi\u016blymus ir naujienlai\u0161kius el. pa\u0161tu, apie tai prane\u0161damas mums el. pa\u0161tu arba vykdydamas el. lai\u0161ke, kuriame pateikiami pasi\u016blymai, pateiktus nurodymus.<\/p><p><strong><br \/>Gin\u010d\u0173 sprendimas<\/strong><\/p><p>Jei pirk\u0117jas turi koki\u0173 nors nusiskundim\u0173 d\u0117l internetin\u0117s parduotuv\u0117s, juos reikia si\u0173sti el. pa\u0161tu sales@westonclimate.com arba telefonu +372 5568 9584.<\/p><p>Jei pirk\u0117jui ir internetinei parduotuvei nepavyksta i\u0161spr\u0119sti gin\u010do susitarimu, pirk\u0117jas gali kreiptis \u012f Vartotoj\u0173 gin\u010d\u0173 komisij\u0105. Galite susipa\u017einti su proced\u016bros s\u0105lygomis ir pateikti pra\u0161ym\u0105 adresu <a href=\"https:\/\/komisjon.ee\/et\/avalduse-esitamine\" target=\"_blank\" rel=\"noopener noreferrer\">\u010dia<\/a>. Vartotoj\u0173 gin\u010d\u0173 komisija yra kompetentinga spr\u0119sti gin\u010dus, kylan\u010dius i\u0161 sutarties, sudarytos tarp pirk\u0117jo ir internetin\u0117s parduotuv\u0117s. Komisija pirk\u0117jo skund\u0105 nagrin\u0117ja nemokamai.<\/p><p>Pirk\u0117jas gali kreiptis \u012f Europos S\u0105jungos vartotoj\u0173 gin\u010d\u0173 sprendimo platform\u0105 <a href=\"https:\/\/ec.europa.eu\/consumers\/odr\/main\/index.cfm?event=main.home2.show&amp;lng=ET\" target=\"_blank\" rel=\"noopener noreferrer\">link<\/a>.<\/p>\t\t\t\t\t\t\t\t<\/div>\n\t\t\t\t<\/div>\n\t\t\t\t\t<\/div>\n\t\t\t\t<\/div>\n\t\t<div class=\"elementor-element elementor-element-02a245f e-flex e-con-boxed wpr-particle-no wpr-jarallax-no wpr-parallax-no wpr-sticky-section-no wpr-equal-height-no e-con e-parent\" data-id=\"02a245f\" data-element_type=\"container\" data-e-type=\"container\">\n\t\t\t\t\t<div class=\"e-con-inner\">\n\t\t\t\t<div class=\"elementor-element elementor-element-464fb6f elementor-widget elementor-widget-spacer\" data-id=\"464fb6f\" data-element_type=\"widget\" data-e-type=\"widget\" data-widget_type=\"spacer.default\">\n\t\t\t\t<div class=\"elementor-widget-container\">\n\t\t\t\t\t\t\t<div class=\"elementor-spacer\">\n\t\t\t<div class=\"elementor-spacer-inner\"><\/div>\n\t\t<\/div>\n\t\t\t\t\t\t<\/div>\n\t\t\t\t<\/div>\n\t\t\t\t\t<\/div>\n\t\t\t\t<\/div>\n\t\t\t\t<\/div>","protected":false},"excerpt":{"rendered":"<p>Veebipoe m\u00fc\u00fcgitingimused Veebipoe www.westonclimate.com\u00a0(edaspidi Veebipood) omanik on O\u00dc WMD Company (registrikood 16170164), asukohaga Vabadust pst 174b, Tallinn, 10917 Harjumaa, Eesti. M\u00fc\u00fcgilepingu kehtivus, kauba- ja hinnainfo M\u00fc\u00fcgitingimused kehtivad Veebipoest kaupade ostmisel. Veebipoes m\u00fc\u00fcdavate toodete hinnad on m\u00e4rgitud toodete juurde. Hinnale lisandub tasu kauba k\u00e4ttetoimetamise eest. K\u00f5ik veebipoes m\u00fc\u00fcdavate kaupade hinnad on eurodes. Kauba k\u00e4ttetoimetamise tasu s\u00f5ltub ostja asukohast ning k\u00e4ttetoimetamise viisist. K\u00e4ttetoimetamise tasu kuvatakse ostjale tellimuse vormistamisel. Teave kauba kohta on esitatud Veebipoes vahetult kauba juures. Tellimuse vormistamine Kauba tellimiseks tuleb lisada soovitud tooted ostukorvi. Tellimuse vormistamiseks tuleb t\u00e4ita n\u00f5utud andmev\u00e4ljad ning valida sobiv toodete kohaletoimetamise viis. Seej\u00e4rel kuvatakse ekraanile tasu suurus, mille saab tasuda turvaliselt l\u00e4bi j\u00e4rgnevate makseviiside: Visa\/Mastercard kaardimaksed Eesti pangamaksed: Swedbank, SEB, Luminor, LHV, Coop Pank, Citadele, Revolut, N26 Eesti kinkekaart: Kniks Eesti maksa hiljem lahendused: Esto j\u00e4relmaks, Esto 3, Inbank j\u00e4relmaks L\u00e4ti pangamaksed: Swedbank, SEB, Citadele, Luminor, Revolut, N26 L\u00e4ti kinkekaart: Kniks L\u00e4ti maksa hiljem lahendused: Inbank j\u00e4relmaks Leedu pangamaksed: Swedbank, SEB, Urbo, LKU, Citadele, \u0160iauliu, Luminor, Revolut, N26 Leedu kinkekaart: Kniks Leedu maksa hiljem lahendused: Inbank j\u00e4relmaks Soome pangamaksed: Nordea, Nordea Business, Danske Bank, OP Pohjola, Alandsbanken, Handelsbanken, S-Pankki, Oma S\u00e4\u00e4st\u00f6pankki, S\u00e4\u00e4st\u00f6pankki, POP Pankki, Revolut, N26 Soome kinkekaart: Kniks Apple Pay NB! Pangalingiga tasumisel vajutada kindlasti panga lehel nupule \u201eTagasi kaupmehe juurde\u201c. Makseid vahendab Maksekeskus AS. Tasumine toimub v\u00e4ljaspool Veebipoodi turvalises keskkonnas \u2013 pangalingiga tasumisel vastava panga turvalises keskkonnas ja krediitkaardiga tasumisel Maksekeskus AS turvalises keskkonnas. M\u00fc\u00fcjal puudub ligip\u00e4\u00e4s kliendi panga ja krediitkaardi andmetele. Leping j\u00f5ustub alates tasumisele kuuluva summa laekumisest Veebipoe arvelduskontole. Veebipoe omanik on isikuandmete vastutav t\u00f6\u00f6tleja ning edastab maksete teostamiseks vajalikud isikuandmed volitatud t\u00f6\u00f6tleja Maksekeskus AS-le. Kui tellitud kaupa ei ole v\u00f5imalik tarnida seoses kauba l\u00f5ppemisega v\u00f5i muul p\u00f5hjusel, teavitatakse sellest ostjat esimesel v\u00f5imalusel ning tagastatakse tasutud raha (sh kauba k\u00e4ttetoimetamise kulud) viivitamata, kuid mitte hiljem kui 14 p\u00e4eva jooksul teate saatmisest. Kohaletoimetamine Kaupu saadetakse j\u00e4rgmistesse riikidesse: Eesti, L\u00e4ti, Leedu. Kauba k\u00e4ttesaamiseks on ostjal j\u00e4rgnevad valikud: Venipak kuller, pakiautomaadid (Itella Smartpost, Omniva, DPD), ise kaubale j\u00e4rele tulemuse v\u00f5imalus. Kauba saatmiskulud kannab ostja ning vastav hinnainfo on kuvatud saatmisviisi juures. Eestisisesed saadetised j\u00f5uavad \u00fcldjuhul ostja m\u00e4\u00e4ratud sihtpunkti 10 t\u00f6\u00f6p\u00e4eva jooksul alates m\u00fc\u00fcgilepingu j\u00f5ustumisest. V\u00e4ljaspool Eestit toimub kohaletoimetamine 10 t\u00f6\u00f6p\u00e4eva jooksul. Erandlikel juhtumitel on \u00f5igus kaup kohale toimetada kuni 45 kalendrip\u00e4eva jooksul. Taganemis\u00f5igus P\u00e4rast tellimuse k\u00e4ttesaamist on ostjal \u00f5igus e-poes s\u00f5lmitud lepingust taganeda 14 p\u00e4eva jooksul. Taganemis\u00f5igus ei kohaldu, kui ostjaks on juriidiline isik. 14-p\u00e4evase tagastamis\u00f5iguse kasutamiseks ei tohi tellitud kaupa kasutada muul viisil kui on vajalik kauba olemuses, omadustes ja toimimises veendumiseks viisil nagu see on lubatud kauba testimiseks f\u00fc\u00fcsilises poes. Kui kaupa on kasutatud muuks otstarbeks kui on vajalik kauba olemuses, omadustes ja toimimises veendumiseks v\u00f5i sellel on kasutamise v\u00f5i kulumise m\u00e4rke, on Veebipoel \u00f5igus alandada tagastatavat tasu vastavalt kauba v\u00e4\u00e4rtuse v\u00e4henemisele. Kauba tagastamiseks tuleb esitada kauba ostmisest taganemise avaldus, mille vormi leiab siit: taganemisavaldus\u00a0ning saata see e-posti aadressile sales@westonclimate.com hiljemalt 14 p\u00e4eva jooksul kauba k\u00e4ttesaamisest. Kauba tagastamise kulud kannab ostja, v\u00e4lja arvatud juhul, kui tagastamise p\u00f5hjus seisneb asjaolus, et tagastamisele kuuluv toode ei vasta tellitule (nt vale v\u00f5i defektiga toode). Ostja peab kauba tagastama avalduse esitamisele j\u00e4rgneva 14 p\u00e4eva jooksul v\u00f5i esitama t\u00f5endi, et ta on eelnimetatud perioodi jooksul kauba \u00fcle andnud kauba vedajale. Veebipood tagastab tagastatava kauba k\u00e4ttesaamisel ostjale viivitamata, kuid mitte hiljem kui 14 p\u00e4eva m\u00f6\u00f6dumisel arvates taganemisavalduse saamisest, k\u00f5ik ostjalt lepingu alusel saadud tasud. Veebipood v\u00f5ib keelduda tagasimaksete tegemisest seni, kuni on lepingu esemeks oleva asja tagasi saanud v\u00f5i kuni ostja on esitanud t\u00f5endid, et on asja tagasi saatnud, s\u00f5ltuvalt sellest, kumb toimub varem. Kui ostja on s\u00f5naselgelt valinud Veebipoe pakutud k\u00f5ige odavamast tavap\u00e4rasest asja k\u00e4ttetoimetamise viisist erineva k\u00e4ttetoimetamise viisi, ei pea Veebipood tarbijale tagastama kulu, mis \u00fcletab tavap\u00e4rase k\u00e4ttetoimetamise viisiga seotud kulu. Veebipoel on \u00f5igus taganeda m\u00fc\u00fcgitehingust ning n\u00f5uda ostjalt tagasi kaup, kui kauba hind veebipoes on eksituse t\u00f5ttu m\u00e4rgitud oluliselt alla kauba turuhinna. Pretensiooni esitamise \u00f5igus Veebipood vastutab ostjale m\u00fc\u00fcdud kauba lepingutingimustele mittevastavuse v\u00f5i puuduse eest, mis oli olemas juba asja \u00fcleandmise hetkel ning mis ilmneb kuni kahe aasta jooksul, alates kauba \u00fcleandmisest ostjale.\u00a0Sellest 1 aasta jooksul alates asja \u00fcleandmisest ostjale eeldatakse, et puudus oli olemas juba asja \u00fcleandmise ajal. Vastava eelduse \u00fcmberl\u00fckkamine on Veebipoe kohustus. Ostjal on \u00f5igus puuduse ilmnemisel p\u00f6\u00f6rduda hiljemalt kahe kuu jooksul veebipoe poole, saates e-kirja aadressile sales@westonclimate.com v\u00f5i helistada telefonil: +372 5568 9584. Veebipood ei vastuta puuduste eest, mis on tekkinud p\u00e4rast kauba \u00fcleandmist ostjale. Kui Veebipoest ostetud kaubal on puudused, mille eest Veebipood vastutab, parandab v\u00f5i asendab Veebipood puudusega kauba. Kui kaupa ei ole v\u00f5imalik parandada ega asendada, tagastab Veebipood ostjale k\u00f5ik m\u00fc\u00fcgilepinguga kaasnenud tasud. Veebipood vastab tarbija esitatud kaebusele kirjalikult v\u00f5i kirjalikku taasesitamist v\u00f5imaldavas vormis 15 p\u00e4eva jooksul. Otseturustus ja isikuandmete t\u00f6\u00f6tlemine Veebipood kasutab ostja poolt sisestatud isikuandmeid ainult tellimuse t\u00f6\u00f6tlemiseks ning kauba ostjale saatmiseks. Veebipood edastab isikuandmeid veoteenust pakkuvale ettev\u00f5tetele selleks, et kohale toimetada kaupa. Veebipood saadab ostjale uudiskirju ning pakkumisi ostja e-maili aadressile ainult juhul, kui ostja on selleks avaldanud soovi sisestades veebilehel e-kirja aadressi ning andnud teada oma soovist otsepostituse teadete saamiseks. Ostjal on igal ajal v\u00f5imalik loobuda e-postile saadetavatest pakkumistest ja uudiskirjadest andes sellest meile teada e-kirja teel v\u00f5i j\u00e4rgides pakkumisi sisaldava e-kirjas toodud juhiseid. Vaidluste lahendamine Kui ostjal on Veebipoe osas pretensioone, tuleb need saata e-kirja aadressile sales@westonclimate.com v\u00f5i helistada telefonil: +372 5568 9584. Kui ostja ja Veebipood ei suuda lahendada vaidlust kokkuleppe teel, siis on ostjal v\u00f5imalik p\u00f6\u00f6rduda Tarbijavaidluste komisjoni poole. Menetlustingimustega saab tutvuda ning avaldust esitada siin. Tarbijavaidluste komisjoni p\u00e4devuses on lahendada ostja ja Veebipoe vahel s\u00f5lmitud lepingust tulenevaid vaidlusi. Ostja kaebuse l\u00e4bivaatamine komisjonis on tasuta. Ostja v\u00f5ib p\u00f6\u00f6rduda Euroopa Liidu tarbijavaidlusi lahendava platvormi poole.<\/p>","protected":false},"author":8,"featured_media":0,"parent":0,"menu_order":0,"comment_status":"closed","ping_status":"closed","template":"","meta":{"footnotes":""},"class_list":["post-3532","page","type-page","status-publish","hentry"],"_links":{"self":[{"href":"https:\/\/westonclimate.com\/lt\/wp-json\/wp\/v2\/pages\/3532","targetHints":{"allow":["GET"]}}],"collection":[{"href":"https:\/\/westonclimate.com\/lt\/wp-json\/wp\/v2\/pages"}],"about":[{"href":"https:\/\/westonclimate.com\/lt\/wp-json\/wp\/v2\/types\/page"}],"author":[{"embeddable":true,"href":"https:\/\/westonclimate.com\/lt\/wp-json\/wp\/v2\/users\/8"}],"replies":[{"embeddable":true,"href":"https:\/\/westonclimate.com\/lt\/wp-json\/wp\/v2\/comments?post=3532"}],"version-history":[{"count":32,"href":"https:\/\/westonclimate.com\/lt\/wp-json\/wp\/v2\/pages\/3532\/revisions"}],"predecessor-version":[{"id":9187,"href":"https:\/\/westonclimate.com\/lt\/wp-json\/wp\/v2\/pages\/3532\/revisions\/9187"}],"wp:attachment":[{"href":"https:\/\/westonclimate.com\/lt\/wp-json\/wp\/v2\/media?parent=3532"}],"curies":[{"name":"wp","href":"https:\/\/api.w.org\/{rel}","templated":true}]}}