{"id":5579,"date":"2025-02-13T12:11:16","date_gmt":"2025-02-13T12:11:16","guid":{"rendered":"https:\/\/staging.wmdcompany.eu\/?page_id=5579"},"modified":"2026-04-26T08:29:51","modified_gmt":"2026-04-26T08:29:51","slug":"meist-wmd-company-ou","status":"publish","type":"page","link":"https:\/\/westonclimate.com\/lt\/labiausiai-wmd-kompanija-ou\/","title":{"rendered":"Apie mus - WMD Company O\u00dc"},"content":{"rendered":"<div data-elementor-type=\"wp-page\" data-elementor-id=\"5579\" class=\"elementor elementor-5579\" data-elementor-post-type=\"page\">\n\t\t\t\t<div class=\"elementor-element elementor-element-711df678 e-flex e-con-boxed wpr-particle-no wpr-jarallax-no wpr-parallax-no wpr-sticky-section-no wpr-column-slider-no wpr-equal-height-no e-con e-parent\" data-id=\"711df678\" data-element_type=\"container\" data-e-type=\"container\">\n\t\t\t\t\t<div class=\"e-con-inner\">\n\t\t\t\t<div class=\"elementor-element elementor-element-21778d0f elementor-widget elementor-widget-text-editor\" data-id=\"21778d0f\" data-element_type=\"widget\" data-e-type=\"widget\" data-widget_type=\"text-editor.default\">\n\t\t\t\t<div class=\"elementor-widget-container\">\n\t\t\t\t\t\t\t\t\t<h1>Apie mus - WMD Company O\u00dc<\/h1><p><strong>WESTON CLIMATE \u2013 WMD Company O\u00dc<\/strong> \u201eWMD Company O\u00dc\u201c si\u016blo auk\u0161tos kokyb\u0117s oro kondicionierius ir \u0161ildytuvus, kompresorius bei \u012fvairius priedus. D\u0117l ilgamet\u0117s ir pla\u010dios partneryst\u0117s su pirmaujan\u010diais pasauliniais preki\u0173 \u017eenklais ir auk\u0161tos kokyb\u0117s \u012frangos gamintojais, \u201eWMD Company O\u00dc\u201c u\u017etikrina, kad visi produktai b\u016bt\u0173 gaminami pagal \u012fmon\u0117s patvirtintas technines specifikacijas ir atitikt\u0173 grie\u017etus ES standartus. \u201eWeston Climate\u201c \u012franga pasi\u017eymi ma\u017eu triuk\u0161mo lygiu, dideliu energiniu efektyvumu, inovacijomis ir patikimumu.\u00a0<\/p><p><strong>\u0160ilumos siurbliai<\/strong><\/p><p>\u0160ilumos siurbliuose oras-vanduo naudojame ekologi\u0161kus ir efektyvius \u0161aldymo agentus R32 ir R290. \u0160ilumos siurbliai oras-vanduo turi SG ir PV (saul\u0117s kolektori\u0173 ir i\u0161mani\u0173j\u0173 tinkl\u0173) jungtis ir efektyviai veikia net esant -35 \u00b0C aplinkos oro temperat\u016brai. Visi \u012frenginiai prie\u0161 pristatant i\u0161bandomi ir gamykloje pereina trij\u0173 dien\u0173 \u017eemos temperat\u016bros (-42\u2070C) bandym\u0173 cikl\u0105. Dauguma \u012frangos gaminama kiekvienoje vietoje atskirai, atsi\u017evelgiant \u012f kliento pageidavimus ir poreikius, tarsi \"pagal u\u017esakym\u0105 pasi\u016btas kostiumas\", u\u017etikrinant didel\u012f efektyvum\u0105 ir skland\u0173 veikim\u0105 vis\u0105 \u012frangos eksploatavimo laikotarp\u012f. \u0160ilumos siurbli\u0173 kokyb\u0119 ir efektyvum\u0105 garantuoja pripa\u017eintas WESTON CLIMATE prek\u0117s \u017eenklas.<\/p><p><strong>Ventiliacijos \u012franga<\/strong><\/p><p>V\u0117dinimo \u012frenginiuose \u012frengti didelio efektyvumo patentuoti \u0161ilumokai\u010diai, kuri\u0173 vidutinis \u0161ilumos atgavimo efektyvumas yra 97%, o tarnavimo laikas - 97%. <strong>ne ma\u017eiau kaip 15 met\u0173.\u00a0<\/strong>HPERV\/Westonclimate v\u0117dinimo \u012frenginiuose prie itin efektyvaus \u0161ilumokai\u010dio prid\u0117tas miniati\u016brinis oro \u0161ilumos siurblys, u\u017etikrinantis dar didesn\u012f energijos vartojimo efektyvum\u0105 (COP 6,0), o viename \u012frenginyje yra kelios svarbios funkcijos: <strong>v\u0117dinimas, i\u0161ankstinis \u0161ildymas, v\u0117sinimas ir d\u017eiovinimas.<\/strong><\/p><p><strong>\u012erengimas<\/strong><\/p><p>Si\u016blome v\u0117dinimo ir oro kondicionavimo sistemas su montavimu. \u012erengimas atliekamas pagal projekto techninius reikalavimus ir galiojan\u010dius standartus, u\u017etikrinant teising\u0105 sistem\u0173 veikim\u0105 ir efektyv\u0173 energijos vartojim\u0105 ilgus metus.<\/p><p><strong>Prek\u0117s \u017eenklas WESTON CLIMATE<\/strong><\/p><p>Europos rinkai tiekiami gaminiai yra sujungti \u012f vien\u0105 prek\u0117s \u017eenkl\u0105 - \"WESTON CLIMATE\", kad m\u016bs\u0173 dabartiniai ir b\u016bsimi klientai gal\u0117t\u0173 geriau orientuotis produkt\u0173 kokyb\u0117je. Vis\u0105 Europoje si\u016blom\u0105 \u012frang\u0105 WMD bendrov\u0117 gamina pagal reikliausi\u0173 klient\u0173 technines specifikacijas, kuriose grie\u017etai atsi\u017evelgiama \u012f \u0160iaur\u0117s \u0161ali\u0173 gamtines s\u0105lygas ir reikalavimus, tod\u0117l u\u017etikrinama auk\u0161ta \u012frangos kokyb\u0117 ir ilgaam\u017ei\u0161kumas.<\/p><p class=\"whitespace-normal break-words\">Dauguma prietais\u0173 turi EPREL ir KEYMARK registracijas.<\/p><p>WESTON CLIMATE produktai EPREL registre, kur galite rasti ES rinkai leid\u017eiam\u0173 energetikos \u012frengini\u0173 s\u0105ra\u0161\u0105:<\/p><ul><li><a href=\"https:\/\/eprel.ec.europa.eu\/screen\/product\/spaceheaters\" target=\"_blank\" rel=\"noopener nofollow noreferrer\">EPREL \u0161ilumos siurbliai<\/a><\/li><li><a href=\"https:\/\/eprel.ec.europa.eu\/screen\/product\/residentialventilationunits\" target=\"_blank\" rel=\"noopener nofollow noreferrer\">EPREL v\u0117dinimo \u012franga<\/a><\/li><\/ul><p>\u00a0<\/p><p>\"WESTON CLIMATE\" si\u016blomos \u012frangos kokyb\u0119 patvirtina ir prat\u0119stas garantinis laikotarpis:<\/p><ul><li>Oro kondicionavimo ir v\u0117dinimo \u012franga: 7 metai<\/li><li>Cirkuliaciniai siurbliai: 10 met\u0173<\/li><li>Kompresoriams: 2 metai<\/li><\/ul><p>\u00a0<\/p><p>\"WESTON CLIMATE\" in\u017einieriai nuolat kuria naujus gaminius ir tobulina esam\u0105 \u012frang\u0105.<\/p><p>Produkt\u0173 kokyb\u0117, greitas pristatymas, klient\u0173 pasitenkinimas ir kuo ilgesnis veikimo laikas yra m\u016bs\u0173 svarbiausi prioritetai. \"WESTON CLIMATE\" \u012franga gaminama pagal u\u017esakym\u0105, atsi\u017evelgiant \u012f kliento poreikius ir konkre\u010dius reikalavimus. Vidutinis u\u017esakym\u0173 pristatymo laikas - nuo 35 iki 65 darbo dien\u0173, priklausomai nuo u\u017esakytos \u012frangos sud\u0117tingumo ir kiekio. Visiems sand\u0117lyje esantiems gaminiams (standartiniams gaminiams) gali b\u016bti pasi\u016blytas nuo 3 iki 10 darbo dien\u0173 pristatymo terminas.<\/p><p>Visada klauskite <a href=\"https:\/\/westonclimate.com\/lt\/uzuode-pasiulyma\/\" target=\"_blank\" rel=\"noopener\">individualus pasi\u016blymas<\/a>taip u\u017etikrinant, kad b\u016bt\u0173 patenkinti net ir reikliausi\u0173 klient\u0173 pageidavimai.<\/p><p><strong>Prisijunkite prie WESTON CLIMATE partneri\u0173 tinklo<\/strong><\/p><p>Tapkite \"WESTON CLIMATE\" perpardav\u0117ju ir pl\u0117skite savo versl\u0105 - teikite savo klientams energij\u0105 taupan\u010dius ir auk\u0161tos kokyb\u0117s v\u0117dinimo ir oro kondicionavimo sprendimus, stiprinkite savo versl\u0105 teikdami profesionali\u0105 technin\u0119 pagalb\u0105 ir tvirt\u0105 partneryst\u0119. Skaitykite daugiau <a href=\"https:\/\/westonclimate.com\/lt\/tolesnis-montavimas\/\" target=\"_blank\" rel=\"noopener\">\u010cIA<\/a>!<\/p><p><img fetchpriority=\"high\" decoding=\"async\" src=\"https:\/\/westonclimate.com\/wp-content\/uploads\/2026\/04\/WestonClimate_AA_2026-1-1024x256.jpg\" alt=\"\" width=\"800\" height=\"200\" \/><\/p>\t\t\t\t\t\t\t\t<\/div>\n\t\t\t\t<\/div>\n\t\t\t\t\t<\/div>\n\t\t\t\t<\/div>\n\t\t<div class=\"elementor-element elementor-element-a94cd76 e-flex e-con-boxed wpr-particle-no wpr-jarallax-no wpr-parallax-no wpr-sticky-section-no wpr-column-slider-no wpr-equal-height-no e-con e-parent\" data-id=\"a94cd76\" data-element_type=\"container\" data-e-type=\"container\">\n\t\t\t\t\t<div class=\"e-con-inner\">\n\t\t\t\t<div class=\"elementor-element elementor-element-0b7c330 elementor-widget elementor-widget-spacer\" data-id=\"0b7c330\" data-element_type=\"widget\" data-e-type=\"widget\" data-widget_type=\"spacer.default\">\n\t\t\t\t<div class=\"elementor-widget-container\">\n\t\t\t\t\t\t\t<div class=\"elementor-spacer\">\n\t\t\t<div class=\"elementor-spacer-inner\"><\/div>\n\t\t<\/div>\n\t\t\t\t\t\t<\/div>\n\t\t\t\t<\/div>\n\t\t\t\t\t<\/div>\n\t\t\t\t<\/div>\n\t\t\t\t<\/div>","protected":false},"excerpt":{"rendered":"<p>Meist \u2013 WMD Company O\u00dc WESTON CLIMATE &#8211; WMD Company O\u00dc pakub kvaliteetseid kliimaseadmeid ja k\u00fctteseadmeid, kompressoreid ja mitmesuguseid lisatarvikuid. T\u00e4nu aastatepikkusele ulatuslikule koost\u00f6\u00f6le juhtivate globaalsete kaubam\u00e4rkide ja kvaliteetsete seadmete tootjatega tagab WMD Company O\u00dc, et k\u00f5ik tooted on valmistatud vastavalt ettev\u00f5tte kinnitatud tehnilistele spetsifikatsioonidele ja vastavad rangetele EL-i standarditele. Weston Climate&#8217;i seadmeid iseloomustab madal m\u00fcratase, k\u00f5rge energiat\u00f5husus, innovatsioon ja t\u00f6\u00f6kindlus.\u00a0 Soojuspumbad \u00d5hk-vesi soojuspumpades kasutame looduss\u00f5bralikke ja efektiivseid k\u00fclmaaineid R32 ja R290. \u00d5hksoojuspumbad on varustatud SG ja PV (p\u00e4ikesepaneelide ja nutiv\u00f5rgu) \u00fchendusvalmidusega ning need seadmed t\u00f6\u00f6tavad efektiivselt ka -35\u00b0C v\u00e4lis\u00f5hutemperatuuril. K\u00f5ik seadmed on enne tarnet kontrollitud ja l\u00e4bivad tehases madalal temperatuuril (-42\u2070C) kolmep\u00e4evase katsets\u00fckli.\u00a0Valdavalt toodetakse seadmed objektip\u00f5hiselt, koosk\u00f5las tellija soovide ning vajadustega nagu \u201er\u00e4tsepa\u00fclikond\u201d, mis tagab seadmete suure efektiivsuse ning t\u00f5rgeteta t\u00f6\u00f6 kogu seadme kasutusaja jooksul. Soojuspumpade kvaliteedi ja efektiivsuse tagab tunnustatud kaubam\u00e4rk WESTON CLIMATE. Ventilatsiooniseadmed Ventilatsiooniseadmed on varustatud k\u00f5rge efektiivsusega patenteeritud soojusvahetitega, mille soojustagastuse kasutegur on keskmiselt 97% ja eluiga v\u00e4hemalt 15 aastat.\u00a0Ventilatsiooniseadmetel koondnimetusega HPERV\/Westonclimate on \u00fcliefektiivsele soojusvahetile lisatud miniatuurne \u00f5hksoojuspump, mis tagab veelgi k\u00f5rgema\u00a0 energiaefektiivsuse (COP 6,0) ning need ventilatsiooniseadmed omavad mitut olulist funktsiooni \u00fches seadmes: ventilatsioon, eelk\u00fcte, jahutus ja kuivatus. Paigaldus Ventilatsiooni- ja kliimaseadmeid pakume koos paigaldusega. Paigaldus toimub vastavalt projekti tehnilistele n\u00f5uetele ja kehtivatele standarditele, tagades s\u00fcsteemide korrektse toimimise ja energiat\u00f5husa t\u00f6\u00f6 aastateks. WESTON CLIMATE kaubam\u00e4rk Euroopa turule tarnitavad tooted on koondatud \u00fchtse kaubam\u00e4rgi alla \u2013 WESTON CLIMATE, et meie praegustel ja tulevastel klientidel oleks v\u00f5imalik paremini orienteeruda toodete kvaliteedis. K\u00f5ik Euroopas pakutavad seadmed on toodetud WMD Company poolt esitatud n\u00f5udlikele klientidele sobivate tehniliste n\u00f5udmiste alusel, mis j\u00e4rgivad rangelt p\u00f5hjamaade looduslikke tingimusi ning sellest tulenevaid n\u00f5udeid ning tagavad seadmetele k\u00f5rge kvaliteedi ja l\u00e4bi selle ka pikaealisuse. Valdav enamus seadmetel on EPREL-i ja KEYMARK-i registreeringud. WESTON CLIMATE tooted EPREL registris, kust leiate EU turule lubatud energeetika seadmete loetelu: EPREL soojuspumbad EPREL ventilatsiooniseadmed \u00a0 WESTON CLIMATE pakutavate seadmete kvaliteeti kinnitavad ka pikendatud garantiiajad: Kliima- ja ventilatsiooniseadmetele: 7 aastat Tsirkulatsioonipumpadele: 10 aastat Kompressoritele: 2 aastat \u00a0 WESTON CLIMATE tootmistes tegelevad insenerid pidevalt uute toodete v\u00e4ljat\u00f6\u00f6tamise ning olemasolevate seadmete t\u00e4iustamisega. Meile on esmat\u00e4htis toote kvaliteet, kiire tarne, kliendi rahulolu ja seadmete v\u00f5imalikult pikk t\u00f5rgeteta kasutusaeg. WESTON CLIMATE seadmed toodetakse tellimuste alusel, objekti p\u00f5hiselt ja v\u00f5ttes aluseks kliendi vajadused ning erisoovid. Tellimuste keskmine tarneaeg on 35 kuni 65 t\u00f6\u00f6p\u00e4eva, mis s\u00f5ltub tellitud seadmete keerukusest ja kogusest. K\u00f5ikidele laokaupale (standard tooted) on v\u00f5imalik pakkuda tarneaega 3 kuni 10 t\u00f6\u00f6p\u00e4eva. K\u00fcsi alati personaalset pakkumist, mis garanteerib ka k\u00f5ige n\u00f5udlikuma kliendi soovide t\u00e4itumise. Liitu WESTON CLIMATE partnerite v\u00f5rgustikuga Tule WESTON CLIMATE edasim\u00fc\u00fcjaks ja kasvata oma \u00e4ri \u2013 paku oma klientidele energiat\u00f5husaid ja kvaliteetseid ventilatsiooni- ja kliimalahendusi, tugevda oma \u00e4ri l\u00e4bi professionaalse tehnilise toe ja kindla partnerluse. Loe t\u00e4iendavalt SIIT!<\/p>","protected":false},"author":8,"featured_media":0,"parent":0,"menu_order":0,"comment_status":"closed","ping_status":"closed","template":"","meta":{"footnotes":""},"class_list":["post-5579","page","type-page","status-publish","hentry"],"_links":{"self":[{"href":"https:\/\/westonclimate.com\/lt\/wp-json\/wp\/v2\/pages\/5579","targetHints":{"allow":["GET"]}}],"collection":[{"href":"https:\/\/westonclimate.com\/lt\/wp-json\/wp\/v2\/pages"}],"about":[{"href":"https:\/\/westonclimate.com\/lt\/wp-json\/wp\/v2\/types\/page"}],"author":[{"embeddable":true,"href":"https:\/\/westonclimate.com\/lt\/wp-json\/wp\/v2\/users\/8"}],"replies":[{"embeddable":true,"href":"https:\/\/westonclimate.com\/lt\/wp-json\/wp\/v2\/comments?post=5579"}],"version-history":[{"count":92,"href":"https:\/\/westonclimate.com\/lt\/wp-json\/wp\/v2\/pages\/5579\/revisions"}],"predecessor-version":[{"id":11585,"href":"https:\/\/westonclimate.com\/lt\/wp-json\/wp\/v2\/pages\/5579\/revisions\/11585"}],"wp:attachment":[{"href":"https:\/\/westonclimate.com\/lt\/wp-json\/wp\/v2\/media?parent=5579"}],"curies":[{"name":"wp","href":"https:\/\/api.w.org\/{rel}","templated":true}]}}