{"id":5594,"date":"2025-02-13T14:16:07","date_gmt":"2025-02-13T14:16:07","guid":{"rendered":"https:\/\/staging.wmdcompany.eu\/?page_id=5594"},"modified":"2025-12-30T14:57:10","modified_gmt":"2025-12-30T14:57:10","slug":"uzuode-pasiulyma","status":"publish","type":"page","link":"https:\/\/westonclimate.com\/lt\/kysi-pakkumist\/","title":{"rendered":"Papra\u0161ykite asmeninio pasi\u016blymo"},"content":{"rendered":"\t\t<div data-elementor-type=\"wp-page\" data-elementor-id=\"5594\" class=\"elementor elementor-5594\" data-elementor-post-type=\"page\">\n\t\t\t\t<div class=\"elementor-element elementor-element-7e468ac5 e-flex e-con-boxed wpr-particle-no wpr-jarallax-no wpr-parallax-no wpr-sticky-section-no wpr-equal-height-no e-con e-parent\" data-id=\"7e468ac5\" data-element_type=\"container\" data-e-type=\"container\">\n\t\t\t\t\t<div class=\"e-con-inner\">\n\t\t\t\t<div class=\"elementor-element elementor-element-66fbcec5 elementor-widget elementor-widget-text-editor\" data-id=\"66fbcec5\" data-element_type=\"widget\" data-e-type=\"widget\" data-widget_type=\"text-editor.default\">\n\t\t\t\t<div class=\"elementor-widget-container\">\n\t\t\t\t\t\t\t\t\t<h1>K\u00fcsi personaalset pakkumist<\/h1>\n<p>Iga kodu ja \u00e4ripind on unikaalne ning vajab l\u00e4bim\u00f5eldud k\u00fctte- ja jahutuslahendust. Weston Climate&#8217;i meeskond aitab teil leida just selle \u00f5ige.<\/p>\n<p>Tuginedes meie laiale seadmevalikule ja aastatepikkusele kogemusele, tagame parima tulemuse ja energiat\u00f5hususe igas hoones \u2013 olgu tegemist v\u00e4ikese korteri v\u00f5i suure tootmishoonega. Meie eesm\u00e4rk on teie 100% rahulolu.<\/p>\n<ul>\n<li data-start=\"250\" data-end=\"326\"><strong data-start=\"250\" data-end=\"275\">Ventilatsiooniseadmed<\/strong> \u2013 kuni 97% soojustagastusega, energiaefektiivsed (COP 6,0).<\/li>\n<li data-start=\"329\" data-end=\"406\"><strong data-start=\"329\" data-end=\"345\">\u00d5hk-vesi soojuspumbad<\/strong> \u2013 t\u00f6\u00f6kindlad ka k\u00f5ige k\u00fclmemates, kuni \u201335\u202f\u00b0C tingimustes.<\/li>\n<li data-start=\"409\" data-end=\"484\"><strong data-start=\"409\" data-end=\"427\">Jahutusseadmed<\/strong> \u2013 kvaliteetsed ja efektiivsed temperatuuri juhtimisel.<\/li>\n<li data-start=\"487\" data-end=\"597\"><strong data-start=\"487\" data-end=\"505\">Terviklahendus<\/strong> \u2013 k\u00fctte, ventilatsiooni ja jahutuse s\u00fcsteem kohandatakse t\u00e4pselt kliendi vajaduste j\u00e4rgi.<\/li>\n<li data-start=\"600\" data-end=\"683\"><strong data-start=\"600\" data-end=\"637\">Paigaldus ja professionaalne tugi<\/strong> \u2013 tagavad seadmete pikaajalise t\u00f6\u00f6kindluse.<\/li>\n<li data-start=\"686\" data-end=\"897\"><strong data-start=\"686\" data-end=\"711\">Targad nutilahendused<\/strong> \u2013 seadmed reguleerivad automaatselt CO2 taset, temperatuuri ja niiskust, hoiavad \u00f5hu puhtana, on p\u00e4ikesepaneelide ja nutiv\u00f5rgu \u00fchendusvalmidusega ja neid saab juhtida WiFi, Androidi v\u00f5i iOS seadmega.<\/li>\n<li data-start=\"686\" data-end=\"897\"><b>Tooted on registreeritud<\/b> Euroopa energiam\u00e4rgisega toodete andmebaasis <b>EPREL<\/b> ja garantii 7 aastat.<\/li>\n<\/ul>\n<div>&nbsp;<\/div>\n<p><strong>Kirjeldage allolevas vormis oma soove ja meie spetsialistid koostavad teile personaalse pakkumise, mis arvestab t\u00e4pselt teie vajaduste ja eelarvega.<\/strong><\/p>\n<p style=\"text-align: left;\">\n<\/p>\t\t\t\t\t\t\t\t<\/div>\n\t\t\t\t<\/div>\n\t\t\t\t<div class=\"elementor-element elementor-element-3d35366 elementor-widget elementor-widget-shortcode\" data-id=\"3d35366\" data-element_type=\"widget\" data-e-type=\"widget\" data-widget_type=\"shortcode.default\">\n\t\t\t\t<div class=\"elementor-widget-container\">\n\t\t\t\t\t\t\t<div class=\"elementor-shortcode\"><div class='fluentform ff-default fluentform_wrapper_9 ffs_custom_wrap'><form data-form_id=\"9\" id=\"fluentform_9\" class=\"frm-fluent-form fluent_form_9 ff-el-form-top ff_form_instance_9_1 ff-form-loading ffs_custom\" data-form_instance=\"ff_form_instance_9_1\" method=\"POST\" ><fieldset  style=\"border: none!important;margin: 0!important;padding: 0!important;background-color: transparent!important;box-shadow: none!important;outline: none!important; min-inline-size: 100%;\">\n                    <legend class=\"ff_screen_reader_title\" style=\"display: block; margin: 0!important;padding: 0!important;height: 0!important;text-indent: -999999px;width: 0!important;overflow:hidden;\">Request - Ask for offer - landing EESTI V2<\/legend><input type='hidden' name='__fluent_form_embded_post_id' value='5594' \/><input type=\"hidden\" id=\"_fluentform_9_fluentformnonce\" name=\"_fluentform_9_fluentformnonce\" value=\"cb2b0fae26\" \/><input type=\"hidden\" name=\"_wp_http_referer\" value=\"\/lt\/wp-json\/wp\/v2\/pages\/5594\" \/><div class='ff-el-group  ff_list_buttons'><div class=\"ff-el-input--label asterisk-right\"><label   aria-label=\"Hoone t\u00fc\u00fcp\">Hoone t\u00fc\u00fcp<\/label><div class=\"ff-el-tooltip\" data-content=\"Vali hoone t\u00fc\u00fcp, millele vajad kliimalahendust\"><svg width=\"16\" height=\"16\" viewBox=\"0 0 25 25\"><path d=\"m329 393l0-46c0-2-1-4-2-6-2-2-4-3-7-3l-27 0 0-146c0-3-1-5-3-7-2-1-4-2-7-2l-91 0c-3 0-5 1-7 2-1 2-2 4-2 7l0 46c0 2 1 5 2 6 2 2 4 3 7 3l27 0 0 91-27 0c-3 0-5 1-7 3-1 2-2 4-2 6l0 46c0 3 1 5 2 7 2 1 4 2 7 2l128 0c3 0 5-1 7-2 1-2 2-4 2-7z m-36-256l0-46c0-2-1-4-3-6-2-2-4-3-7-3l-54 0c-3 0-5 1-7 3-2 2-3 4-3 6l0 46c0 3 1 5 3 7 2 1 4 2 7 2l54 0c3 0 5-1 7-2 2-2 3-4 3-7z m182 119c0 40-9 77-29 110-20 34-46 60-80 80-33 20-70 29-110 29-40 0-77-9-110-29-34-20-60-46-80-80-20-33-29-70-29-110 0-40 9-77 29-110 20-34 46-60 80-80 33-20 70-29 110-29 40 0 77 9 110 29 34 20 60 46 80 80 20 33 29 70 29 110z\" transform=\"scale(0.046875 0.046875)\"><\/path><\/svg><\/div><\/div><div class='ff-el-input--content'><div class='ff-el-form-check ff-el-form-check-'><label class='ff-el-form-check-label' for='input_radio_81450a42d6e47f186fb372151dd4a395'><input  type=\"radio\" name=\"input_radio\" data-name=\"input_radio\" class=\"ff-el-form-check-input ff-el-form-check-radio\" value=\"Elumaja\"  id='input_radio_81450a42d6e47f186fb372151dd4a395' aria-label='Elumaja' aria-invalid='false' aria-required=false> <span>Elumaja<\/span><\/label><\/div><div class='ff-el-form-check ff-el-form-check-'><label class='ff-el-form-check-label' for='input_radio_6b6c8c15d2a825aeb98f0745a4de660f'><input  type=\"radio\" name=\"input_radio\" data-name=\"input_radio\" class=\"ff-el-form-check-input ff-el-form-check-radio\" value=\"Paarismaja \/ ridaelamu\"  id='input_radio_6b6c8c15d2a825aeb98f0745a4de660f' aria-label='Paarismaja \/ ridaelamu' aria-invalid='false' aria-required=false> <span>Paarismaja \/ ridaelamu<\/span><\/label><\/div><div class='ff-el-form-check ff-el-form-check-'><label class='ff-el-form-check-label' for='input_radio_5d675e1e61dc03ba0a0cdf830f180ac9'><input  type=\"radio\" name=\"input_radio\" data-name=\"input_radio\" class=\"ff-el-form-check-input ff-el-form-check-radio\" value=\"Korter\"  id='input_radio_5d675e1e61dc03ba0a0cdf830f180ac9' aria-label='Korter' aria-invalid='false' aria-required=false> <span>Korter<\/span><\/label><\/div><div class='ff-el-form-check ff-el-form-check-'><label class='ff-el-form-check-label' for='input_radio_eed33fe70569f680f31fe76f7de1ee78'><input  type=\"radio\" name=\"input_radio\" data-name=\"input_radio\" class=\"ff-el-form-check-input ff-el-form-check-radio\" value=\"Majutushoone\"  id='input_radio_eed33fe70569f680f31fe76f7de1ee78' aria-label='Majutushoone' aria-invalid='false' aria-required=false> <span>Majutushoone<\/span><\/label><\/div><div class='ff-el-form-check ff-el-form-check-'><label class='ff-el-form-check-label' for='input_radio_0eef78138ccbbe0f1c6ef015df062b3d'><input  type=\"radio\" name=\"input_radio\" data-name=\"input_radio\" class=\"ff-el-form-check-input ff-el-form-check-radio\" value=\"T\u00f6\u00f6stushoone\"  id='input_radio_0eef78138ccbbe0f1c6ef015df062b3d' aria-label='T\u00f6\u00f6stushoone' aria-invalid='false' aria-required=false> <span>T\u00f6\u00f6stushoone<\/span><\/label><\/div><div class='ff-el-form-check ff-el-form-check-'><label class='ff-el-form-check-label' for='input_radio_f6ffe08cfd52b5ed07427116975d4a6f'><input  type=\"radio\" name=\"input_radio\" data-name=\"input_radio\" class=\"ff-el-form-check-input ff-el-form-check-radio\" value=\"Kontoriruumid\"  id='input_radio_f6ffe08cfd52b5ed07427116975d4a6f' aria-label='Kontoriruumid' aria-invalid='false' aria-required=false> <span>Kontoriruumid<\/span><\/label><\/div><div class='ff-el-form-check ff-el-form-check-'><label class='ff-el-form-check-label' for='input_radio_3d7f039e77906526ca3b2b61f00261c9'><input  type=\"radio\" name=\"input_radio\" data-name=\"input_radio\" class=\"ff-el-form-check-input ff-el-form-check-radio\" value=\"Abihoone\"  id='input_radio_3d7f039e77906526ca3b2b61f00261c9' aria-label='Abihoone' aria-invalid='false' aria-required=false> <span>Abihoone<\/span><\/label><\/div><\/div><\/div><div data-name=\"ff_cn_id_1\"  class='ff-t-container ff-column-container ff_columns_total_2 '><div class='ff-t-cell ff-t-column-1' style='flex-basis: 50%;'><div class='ff-el-group'><div class=\"ff-el-input--label asterisk-right\"><label for='ff_9_numeric_field' id='label_ff_9_numeric_field' aria-label=\"Hoone v\u00f5i ruumi pindala (m2)\">Hoone v\u00f5i ruumi pindala (m2)<\/label><\/div><div class='ff-el-input--content'><input type=\"number\" name=\"numeric_field\" id=\"ff_9_numeric_field\" class=\"ff-el-form-control\" placeholder=\"124\" data-name=\"numeric_field\" inputmode=\"numeric\" step=\"any\"  aria-invalid=\"false\" aria-required=false><\/div><\/div><\/div><div class='ff-t-cell ff-t-column-2' style='flex-basis: 50%;'><div class='ff-el-group'><div class=\"ff-el-input--label asterisk-right\"><label for='ff_9_numeric_field_1' id='label_ff_9_numeric_field_1' aria-label=\"Hoone v\u00f5i ruumi k\u00f5rgus (m)\">Hoone v\u00f5i ruumi k\u00f5rgus (m)<\/label><\/div><div class='ff-el-input--content'><input type=\"number\" name=\"numeric_field_1\" id=\"ff_9_numeric_field_1\" class=\"ff-el-form-control\" placeholder=\"2,5\" data-name=\"numeric_field_1\" inputmode=\"numeric\" step=\"any\"  aria-invalid=\"false\" aria-required=false><\/div><\/div><\/div><\/div><div class='ff-el-group'><div class=\"ff-el-input--label asterisk-right\"><label for='ff_9_input_text_1' id='label_ff_9_input_text_1' aria-label=\"Objekti asukoht\">Objekti asukoht<\/label><\/div><div class='ff-el-input--content'><input type=\"text\" name=\"input_text_1\" class=\"ff-el-form-control\" placeholder=\"Maakond, linn, aadress\" data-name=\"input_text_1\" id=\"ff_9_input_text_1\"  aria-invalid=\"false\" aria-required=false><\/div><\/div><div class='ff-el-group'><div class=\"ff-el-input--label asterisk-right\"><label   aria-label=\"Vali soovitud lahendus (v\u00f5ib valida ka mitu)\">Vali soovitud lahendus (v\u00f5ib valida ka mitu)<\/label><\/div><div class='ff-el-input--content'><div class='ff-el-form-check ff-el-form-check-'><label class='ff-el-form-check-label' for='checkbox_c7b3a52b725efa6233cc3307ae6849d7'><input  type=\"checkbox\" name=\"checkbox[]\" data-name=\"checkbox\" class=\"ff-el-form-check-input ff-el-form-check-checkbox\" value=\"Ventilatsioon, \u00f5hu puhastamine\"  id='checkbox_c7b3a52b725efa6233cc3307ae6849d7' aria-label='Ventilatsioon, \u00f5hu puhastamine' aria-invalid='false' aria-required=false> <span>Ventilatsioon, \u00f5hu puhastamine<\/span><\/label><\/div><div class='ff-el-form-check ff-el-form-check-'><label class='ff-el-form-check-label' for='checkbox_fab5f26b8491cd5c2d3b6fa3af6df084'><input  type=\"checkbox\" name=\"checkbox[]\" data-name=\"checkbox\" class=\"ff-el-form-check-input ff-el-form-check-checkbox\" value=\"\u00d5hk-vesi soojuspump\"  id='checkbox_fab5f26b8491cd5c2d3b6fa3af6df084' aria-label='\u00d5hk-vesi soojuspump' aria-invalid='false' aria-required=false> <span>\u00d5hk-vesi soojuspump<\/span><\/label><\/div><div class='ff-el-form-check ff-el-form-check-'><label class='ff-el-form-check-label' for='checkbox_6d8d5c1a4bc7d1679b959d9bdb2466c2'><input  type=\"checkbox\" name=\"checkbox[]\" data-name=\"checkbox\" class=\"ff-el-form-check-input ff-el-form-check-checkbox\" value=\"Konditsioneer\"  id='checkbox_6d8d5c1a4bc7d1679b959d9bdb2466c2' aria-label='Konditsioneer' aria-invalid='false' aria-required=false> <span>Konditsioneer<\/span><\/label><\/div><\/div><\/div><div class='ff-el-group'><div class=\"ff-el-input--label asterisk-right\"><label for='ff_9_file-upload_1' id='label_ff_9_file-upload_1' aria-label=\"Lisa manus (projekt, hoone plaan)\">Lisa manus (projekt, hoone plaan)<\/label><\/div><div class='ff-el-input--content'><label for='ff_9_file-upload_1' class='ff_file_upload_holder'><span class='ff_upload_btn ff-btn' tabindex='0'>Lisa fail<\/span> <input type=\"file\" name=\"file-upload\" id=\"ff_9_file-upload_1\" class=\"ff-el-form-control  ff-screen-reader-element\" data-name=\"file-upload\" multiple=\"1\"  aria-invalid='false' aria-required=false><\/label><\/div><\/div><div class='ff-el-group'><div class=\"ff-el-input--label asterisk-right\"><label   aria-label=\"Kas soovid paigaldust?\">Kas soovid paigaldust?<\/label><\/div><div class='ff-el-input--content'><div class='ff-el-form-check ff-el-form-check-'><label class='ff-el-form-check-label' for='input_radio_1_63edd2b3cc58a75b865de1f785af28a7'><input  type=\"radio\" name=\"input_radio_1\" data-name=\"input_radio_1\" class=\"ff-el-form-check-input ff-el-form-check-radio\" value=\"Jah\"  id='input_radio_1_63edd2b3cc58a75b865de1f785af28a7' aria-label='Jah' aria-invalid='false' aria-required=false> <span>Jah<\/span><\/label><\/div><div class='ff-el-form-check ff-el-form-check-'><label class='ff-el-form-check-label' for='input_radio_1_a0afdcdbaac6b17ad0ac7a76abe7ad32'><input  type=\"radio\" name=\"input_radio_1\" data-name=\"input_radio_1\" class=\"ff-el-form-check-input ff-el-form-check-radio\" value=\"Ei\"  id='input_radio_1_a0afdcdbaac6b17ad0ac7a76abe7ad32' aria-label='Ei' aria-invalid='false' aria-required=false> <span>Ei<\/span><\/label><\/div><\/div><\/div><div class='ff-el-group'><div class=\"ff-el-input--label asterisk-right\"><label for='ff_9_description' id='label_ff_9_description' aria-label=\"Lisa kommentaar\">Lisa kommentaar<\/label><\/div><div class='ff-el-input--content'><textarea aria-required=\"false\" aria-labelledby=\"label_ff_9_description\" name=\"description\" id=\"ff_9_description\" class=\"ff-el-form-control\" rows=\"3\" cols=\"2\" data-name=\"description\" ><\/textarea><\/div><\/div><div class=\"ff-el-group ff-el-section-break  ff_left\" data-name=\"section_break-9_1\" ><h3 class='ff-el-section-title'>Kontaktandmed<\/h3><div class='ff-section_break_desk'><\/div><hr \/><\/div><div data-type=\"name-element\" data-name=\"names\" class=\" ff-field_container ff-name-field-wrapper\" ><div class='ff-t-container'><div class='ff-t-cell '><div class='ff-el-group  ff-el-form-hide_label'><div class=\"ff-el-input--label ff-el-is-required asterisk-right\"><label for='ff_9_names_first_name_' id='label_ff_9_names_first_name_' >Eesnimi<\/label><\/div><div class='ff-el-input--content'><input type=\"text\" name=\"names[first_name]\" id=\"ff_9_names_first_name_\" class=\"ff-el-form-control\" placeholder=\"Eesnimi\" aria-invalid=\"false\" aria-required=true><\/div><\/div><\/div><div class='ff-t-cell '><div class='ff-el-group  ff-el-form-hide_label'><div class=\"ff-el-input--label ff-el-is-required asterisk-right\"><label for='ff_9_names_last_name_' id='label_ff_9_names_last_name_' >Perekonnanimi<\/label><\/div><div class='ff-el-input--content'><input type=\"text\" name=\"names[last_name]\" id=\"ff_9_names_last_name_\" class=\"ff-el-form-control\" placeholder=\"Perekonnanimi\" aria-invalid=\"false\" aria-required=true><\/div><\/div><\/div><\/div><\/div><div class='ff-el-group ff-el-form-hide_label'><div class=\"ff-el-input--label ff-el-is-required asterisk-right\"><label for='ff_9_email' id='label_ff_9_email' aria-label=\"Email\">Email<\/label><\/div><div class='ff-el-input--content'><input type=\"email\" name=\"email\" id=\"ff_9_email\" class=\"ff-el-form-control\" placeholder=\"Email\" data-name=\"email\"  aria-invalid=\"false\" aria-required=true><\/div><\/div><div class='ff-el-group ff-el-form-hide_label'><div class=\"ff-el-input--label asterisk-right\"><label for='ff_9_phone' id='label_ff_9_phone' aria-label=\"Phone\/Mobile\">Phone\/Mobile<\/label><\/div><div class='ff-el-input--content'><input name=\"phone\" class=\"ff-el-form-control ff-el-phone\" type=\"tel\" placeholder=\"Telefon\" data-name=\"phone\" id=\"ff_9_phone\" inputmode=\"tel\"  aria-invalid='false' aria-required=false><\/div><\/div><div class='ff-el-group ff-el-form-hide_label'><div class=\"ff-el-input--label asterisk-right\"><label for='ff_9_input_text' id='label_ff_9_input_text' aria-label=\"Ettev\u00f5tte nimi\">Ettev\u00f5tte nimi<\/label><\/div><div class='ff-el-input--content'><input type=\"text\" name=\"input_text\" class=\"ff-el-form-control\" placeholder=\"Ettev\u00f5tte nimi\" data-name=\"input_text\" id=\"ff_9_input_text\"  aria-invalid=\"false\" aria-required=false><\/div><\/div><div class='ff-el-group ff-el-form-hide_label'><div class=\"ff-el-input--label asterisk-right\"><label for='ff_9_message' id='label_ff_9_message' aria-label=\"Lisainfo (palun t\u00e4psustage, kas tegemist on uusehitusega v\u00f5i varasema s\u00fcsteemi renoveerimisega; kas hoones on\/ v\u00f5i on planeeritud radiaatorid v\u00f5i vesi-p\u00f5randak\u00fcte; kas soovite soojendada ka tarbevett)\">Lisainfo (palun t\u00e4psustage, kas tegemist on uusehitusega v\u00f5i varasema s\u00fcsteemi renoveerimisega; kas hoones on\/ v\u00f5i on planeeritud radiaatorid v\u00f5i vesi-p\u00f5randak\u00fcte; kas soovite soojendada ka tarbevett)<\/label><\/div><div class='ff-el-input--content'><textarea aria-required=\"false\" aria-labelledby=\"label_ff_9_message\" name=\"message\" id=\"ff_9_message\" class=\"ff-el-form-control\" placeholder=\"Lisainfo (palun t\u00e4psustage, kas tegemist on uusehitusega v\u00f5i varasema s\u00fcsteemi renoveerimisega; kas hoones on\/ v\u00f5i on planeeritud radiaatorid v\u00f5i vesi-p\u00f5randak\u00fcte; kas soovite soojendada ka tarbevett)\" rows=\"7\" cols=\"2\" data-name=\"message\" ><\/textarea><\/div><\/div><div class='ff-el-group ff-text-left ff_submit_btn_wrapper'><button type=\"submit\" class=\"ff-btn ff-btn-submit ff-btn-lg ff_btn_style wpf_has_custom_css\"  aria-label=\"Saada\">Saada<\/button><\/div><\/fieldset><\/form><div id='fluentform_9_errors' class='ff-errors-in-stack ff_form_instance_9_1 ff-form-loading_errors ff_form_instance_9_1_errors'><\/div><\/div>            <script type=\"text\/javascript\">\n                window.fluent_form_ff_form_instance_9_1 = {\"id\":\"9\",\"settings\":{\"layout\":{\"labelPlacement\":\"top\",\"helpMessagePlacement\":\"with_label\",\"errorMessagePlacement\":\"inline\",\"cssClassName\":\"\",\"asteriskPlacement\":\"asterisk-right\"},\"restrictions\":{\"denyEmptySubmission\":{\"enabled\":false}}},\"form_instance\":\"ff_form_instance_9_1\",\"form_id_selector\":\"fluentform_9\",\"rules\":{\"input_radio\":{\"required\":{\"value\":false,\"message\":\"This field is required\",\"global_message\":\"This field is required\",\"global\":true}},\"numeric_field\":{\"required\":{\"value\":false,\"message\":\"This field is required\",\"global_message\":\"This field is required\",\"global\":true},\"numeric\":{\"value\":true,\"message\":\"This field must contain numeric value\",\"global_message\":\"This field must contain numeric value\",\"global\":true},\"min\":{\"value\":\"\",\"message\":\"Validation fails for minimum value\",\"global_message\":\"Validation fails for minimum value\",\"global\":true},\"max\":{\"value\":\"\",\"message\":\"Validation fails for maximum value\",\"global_message\":\"Validation fails for maximum value\",\"global\":true},\"digits\":{\"value\":\"\",\"message\":\"Validation fails for limited digits\",\"global_message\":\"Validation fails for limited digits\",\"global\":true}},\"numeric_field_1\":{\"required\":{\"value\":false,\"message\":\"This field is required\",\"global_message\":\"This field is required\",\"global\":true},\"numeric\":{\"value\":true,\"message\":\"This field must contain numeric value\",\"global_message\":\"This field must contain numeric value\",\"global\":true},\"min\":{\"value\":\"\",\"message\":\"Validation fails for minimum value\",\"global_message\":\"Validation fails for minimum value\",\"global\":true},\"max\":{\"value\":\"\",\"message\":\"Validation fails for maximum value\",\"global_message\":\"Validation fails for maximum value\",\"global\":true},\"digits\":{\"value\":\"\",\"message\":\"Validation fails for limited digits\",\"global_message\":\"Validation fails for limited digits\",\"global\":true}},\"input_text_1\":{\"required\":{\"value\":false,\"message\":\"This field is required\",\"global_message\":\"This field is required\",\"global\":true}},\"checkbox\":{\"required\":{\"value\":false,\"message\":\"This field is required\",\"global_message\":\"This field is required\",\"global\":true}},\"file-upload\":{\"required\":{\"value\":false,\"message\":\"This field is required\",\"global_message\":\"This field is required\",\"global\":true},\"max_file_size\":{\"value\":5242880,\"_valueFrom\":\"MB\",\"message\":\"Validation fails for maximum file size\",\"global_message\":\"Validation fails for maximum file size\",\"global\":true},\"max_file_count\":{\"value\":\"5\",\"message\":\"Validation fails for maximum file count\",\"global_message\":\"Validation fails for maximum file count\",\"global\":true},\"allowed_file_types\":{\"value\":[\"jpg|jpeg|gif|png|bmp\",\"pdf\",\"doc|ppt|pps|xls|mdb|docx|xlsx|pptx|odt|odp|ods|odg|odc|odb|odf|rtf|txt\",\"zip|gz|gzip|rar|7z\"],\"message\":\"Invalid file type\",\"global_message\":\"Invalid file type\",\"global\":true}},\"input_radio_1\":{\"required\":{\"value\":false,\"message\":\"This field is required\",\"global_message\":\"This field is required\",\"global\":true}},\"description\":{\"required\":{\"value\":false,\"message\":\"This field is required\",\"global_message\":\"This field is required\",\"global\":true}},\"names[first_name]\":{\"required\":{\"value\":true,\"message\":\"This field is required\",\"global\":false,\"global_message\":\"This field is required\"}},\"names[middle_name]\":{\"required\":{\"value\":false,\"message\":\"This field is required\",\"global\":false,\"global_message\":\"This field is required\"}},\"names[last_name]\":{\"required\":{\"value\":true,\"message\":\"This field is required\",\"global\":false,\"global_message\":\"This field is required\"}},\"email\":{\"required\":{\"value\":true,\"message\":\"This field is required\",\"global\":false,\"global_message\":\"This field is required\"},\"email\":{\"value\":true,\"message\":\"This field must contain a valid email\",\"global\":false,\"global_message\":\"This field must contain a valid email\"}},\"phone\":{\"required\":{\"value\":false,\"global\":true,\"message\":\"This field is required\",\"global_message\":\"This field is required\"},\"valid_phone_number\":{\"value\":false,\"global\":true,\"message\":\"Phone number is not valid\",\"global_message\":\"Phone number is not valid\"}},\"input_text\":{\"required\":{\"value\":false,\"message\":\"This field is required\",\"global_message\":\"This field is required\",\"global\":true}},\"message\":{\"required\":{\"value\":false,\"message\":\"This field is required\",\"global\":false,\"global_message\":\"This field is required\"}}},\"debounce_time\":300};\n                            <\/script>\n            <\/div>\n\t\t\t\t\t\t<\/div>\n\t\t\t\t<\/div>\n\t\t\t\t\t<\/div>\n\t\t\t\t<\/div>\n\t\t<div class=\"elementor-element elementor-element-726f9a4 e-flex e-con-boxed wpr-particle-no wpr-jarallax-no wpr-parallax-no wpr-sticky-section-no wpr-equal-height-no e-con e-parent\" data-id=\"726f9a4\" data-element_type=\"container\" data-e-type=\"container\">\n\t\t\t\t\t<div class=\"e-con-inner\">\n\t\t\t\t<div class=\"elementor-element elementor-element-0494a05 elementor-widget elementor-widget-spacer\" data-id=\"0494a05\" data-element_type=\"widget\" data-e-type=\"widget\" data-widget_type=\"spacer.default\">\n\t\t\t\t<div class=\"elementor-widget-container\">\n\t\t\t\t\t\t\t<div class=\"elementor-spacer\">\n\t\t\t<div class=\"elementor-spacer-inner\"><\/div>\n\t\t<\/div>\n\t\t\t\t\t\t<\/div>\n\t\t\t\t<\/div>\n\t\t\t\t\t<\/div>\n\t\t\t\t<\/div>\n\t\t\t\t<\/div>\n\t\t","protected":false},"excerpt":{"rendered":"<p>K\u00fcsi personaalset pakkumist Iga kodu ja \u00e4ripind on unikaalne ning vajab l\u00e4bim\u00f5eldud k\u00fctte- ja jahutuslahendust. Weston Climate&#8217;i meeskond aitab teil leida just selle \u00f5ige. Tuginedes meie laiale seadmevalikule ja aastatepikkusele kogemusele, tagame parima tulemuse ja energiat\u00f5hususe igas hoones \u2013 olgu tegemist v\u00e4ikese korteri v\u00f5i suure tootmishoonega. Meie eesm\u00e4rk on teie 100% rahulolu. Ventilatsiooniseadmed \u2013 kuni 97% soojustagastusega, energiaefektiivsed (COP 6,0). \u00d5hk-vesi soojuspumbad \u2013 t\u00f6\u00f6kindlad ka k\u00f5ige k\u00fclmemates, kuni \u201335\u202f\u00b0C tingimustes. Jahutusseadmed \u2013 kvaliteetsed ja efektiivsed temperatuuri juhtimisel. Terviklahendus \u2013 k\u00fctte, ventilatsiooni ja jahutuse s\u00fcsteem kohandatakse t\u00e4pselt kliendi vajaduste j\u00e4rgi. Paigaldus ja professionaalne tugi \u2013 tagavad seadmete pikaajalise t\u00f6\u00f6kindluse. Targad nutilahendused \u2013 seadmed reguleerivad automaatselt CO2 taset, temperatuuri ja niiskust, hoiavad \u00f5hu puhtana, on p\u00e4ikesepaneelide ja nutiv\u00f5rgu \u00fchendusvalmidusega ja neid saab juhtida WiFi, Androidi v\u00f5i iOS seadmega. Tooted on registreeritud Euroopa energiam\u00e4rgisega toodete andmebaasis EPREL ja garantii 7 aastat. &nbsp; Kirjeldage allolevas vormis oma soove ja meie spetsialistid koostavad teile personaalse pakkumise, mis arvestab t\u00e4pselt teie vajaduste ja eelarvega.<\/p>","protected":false},"author":8,"featured_media":0,"parent":0,"menu_order":0,"comment_status":"closed","ping_status":"closed","template":"","meta":{"footnotes":""},"class_list":["post-5594","page","type-page","status-publish","hentry"],"_links":{"self":[{"href":"https:\/\/westonclimate.com\/lt\/wp-json\/wp\/v2\/pages\/5594","targetHints":{"allow":["GET"]}}],"collection":[{"href":"https:\/\/westonclimate.com\/lt\/wp-json\/wp\/v2\/pages"}],"about":[{"href":"https:\/\/westonclimate.com\/lt\/wp-json\/wp\/v2\/types\/page"}],"author":[{"embeddable":true,"href":"https:\/\/westonclimate.com\/lt\/wp-json\/wp\/v2\/users\/8"}],"replies":[{"embeddable":true,"href":"https:\/\/westonclimate.com\/lt\/wp-json\/wp\/v2\/comments?post=5594"}],"version-history":[{"count":30,"href":"https:\/\/westonclimate.com\/lt\/wp-json\/wp\/v2\/pages\/5594\/revisions"}],"predecessor-version":[{"id":10808,"href":"https:\/\/westonclimate.com\/lt\/wp-json\/wp\/v2\/pages\/5594\/revisions\/10808"}],"wp:attachment":[{"href":"https:\/\/westonclimate.com\/lt\/wp-json\/wp\/v2\/media?parent=5594"}],"curies":[{"name":"wp","href":"https:\/\/api.w.org\/{rel}","templated":true}]}}