{"id":5616,"date":"2025-02-13T17:38:36","date_gmt":"2025-02-13T17:38:36","guid":{"rendered":"https:\/\/staging.wmdcompany.eu\/?page_id=5616"},"modified":"2025-07-29T19:16:39","modified_gmt":"2025-07-29T19:16:39","slug":"kuidas-osta","status":"publish","type":"page","link":"https:\/\/westonclimate.com\/lt\/kaip-pirkti\/","title":{"rendered":"Kaip pirkti"},"content":{"rendered":"<div data-elementor-type=\"wp-page\" data-elementor-id=\"5616\" class=\"elementor elementor-5616\" data-elementor-post-type=\"page\">\n\t\t\t\t<div class=\"elementor-element elementor-element-63f31ea7 e-flex e-con-boxed wpr-particle-no wpr-jarallax-no wpr-parallax-no wpr-sticky-section-no wpr-equal-height-no e-con e-parent\" data-id=\"63f31ea7\" data-element_type=\"container\" data-e-type=\"container\">\n\t\t\t\t\t<div class=\"e-con-inner\">\n\t\t\t\t<div class=\"elementor-element elementor-element-5c5a7cea elementor-widget__width-initial elementor-widget elementor-widget-text-editor\" data-id=\"5c5a7cea\" data-element_type=\"widget\" data-e-type=\"widget\" data-widget_type=\"text-editor.default\">\n\t\t\t\t<div class=\"elementor-widget-container\">\n\t\t\t\t\t\t\t\t\t<h1>Kaip pirkti<\/h1><p style=\"text-align: left;\">Pasirinkite gamin\u012f ir paspauskite \"<b>\u012e krep\u0161el\u012f<\/b>\" Jei gaminys turi papildom\u0173 parink\u010di\u0173, jos taip pat turi b\u016bti nurodytos. Tada galite t\u0119sti apsipirkim\u0105 arba pereiti \u012f pirkini\u0173 krep\u0161el\u012f spustel\u0117dami m\u0117lyn\u0105 juost\u0105 vir\u0161 gaminio.\"<strong>Per\u017ei\u016br\u0117ti krep\u0161el\u012f\"<\/strong>. Be to, visuomet galite per\u017ei\u016br\u0117ti savo pirkini\u0173 krep\u0161elio turin\u012f, spustel\u0117j\u0119 pagrindinio meniu piktogram\u0105 \"Pirkini\u0173 krep\u0161elis\".<\/p><p style=\"text-align: left;\">Pirkini\u0173 krep\u0161elyje galite koreguoti perkam\u0173 preki\u0173 kiek\u012f ir pasirinktus produktus. Atlikdami pakeitimus, \u012fskaitant reklaminio kodo \u012fvedim\u0105, turite spustel\u0117ti \"<strong>Atnaujinti pirkini\u0173 krep\u0161el\u012f\"<\/strong>kad pakeitimai \u012fsigaliot\u0173. Kai b\u016bsite patenkinti savo pirkini\u0173 krep\u0161elio turiniu, spustel\u0117kite \"<strong>Eikite \u012f mok\u0117jim\u0105<\/strong>\u201c.<\/p><p style=\"text-align: left;\">Nor\u0117dami pateikti u\u017esakym\u0105, turite u\u017epildyti kontaktin\u0119 form\u0105 ir pasirinkti mok\u0117jimo b\u016bd\u0105. Nor\u0117dami patvirtinti mok\u0117jim\u0105, atlik\u0119 mok\u0117jim\u0105 b\u016btinai spustel\u0117kite mygtuk\u0105 \"Mok\u0117jimo patvirtinimas\".<b>Gr\u012f\u017eti pas prekybinink\u0105<\/b>\"S\u0117kmingai atlikus mok\u0117jim\u0105, e. parduotuv\u0117 klientui el. pa\u0161tu i\u0161siun\u010dia pirkimo patvirtinim\u0105.<\/p><p style=\"text-align: left;\">Pateikdamas u\u017esakym\u0105 klientas \u012fsipareigoja pateikti teising\u0105 informacij\u0105, reikaling\u0105 u\u017esakymui \u012fvykdyti. Pardav\u0117jas neatsako u\u017e negal\u0117jim\u0105 \u012fvykdyti u\u017esakymo d\u0117l kliento pateiktos neteisingos informacijos arba u\u017e bet kokias i\u0161 to kylan\u010dias pasekmes.<\/p><p style=\"text-align: left;\">Pardav\u0117jas turi teis\u0119 atsisakyti u\u017esakymo, jei kyla abejoni\u0173 d\u0117l Pardav\u0117jui pateiktos informacijos tikslumo ir jei nesilaikoma geros praktikos.<\/p>\t\t\t\t\t\t\t\t<\/div>\n\t\t\t\t<\/div>\n\t\t\t\t\t<\/div>\n\t\t\t\t<\/div>\n\t\t<div class=\"elementor-element elementor-element-22890e6 e-flex e-con-boxed wpr-particle-no wpr-jarallax-no wpr-parallax-no wpr-sticky-section-no wpr-equal-height-no e-con e-parent\" data-id=\"22890e6\" data-element_type=\"container\" data-e-type=\"container\">\n\t\t\t\t\t<div class=\"e-con-inner\">\n\t\t\t\t<div class=\"elementor-element elementor-element-830158e elementor-widget elementor-widget-spacer\" data-id=\"830158e\" data-element_type=\"widget\" data-e-type=\"widget\" data-widget_type=\"spacer.default\">\n\t\t\t\t<div class=\"elementor-widget-container\">\n\t\t\t\t\t\t\t<div class=\"elementor-spacer\">\n\t\t\t<div class=\"elementor-spacer-inner\"><\/div>\n\t\t<\/div>\n\t\t\t\t\t\t<\/div>\n\t\t\t\t<\/div>\n\t\t\t\t\t<\/div>\n\t\t\t\t<\/div>\n\t\t\t\t<\/div>","protected":false},"excerpt":{"rendered":"<p>Kuidas osta Valige v\u00e4lja toode ning vajutage nuppu &#8220;Lisa korvi&#8221; Kui toote juures on lisavaliku v\u00f5imalused, tuleb ka need m\u00e4\u00e4rata. Seej\u00e4rel saate ostlemist j\u00e4tkata v\u00f5i suunuda ostukorvi klikkides toote kohale ilmunud sinisel ribal oleval nupul &#8220;Vaata ostukorvi&#8221;. Lisaks saab ostukorvi sisu vaadata ka alati lehe peamen\u00fc\u00fcs oleval ostukorvi ikoonil kl\u00f5psates. Ostukorvis saate korrigeerida ostetud kaupade koguseid ning valitud tooteid. Muudatusi tehes, s.h ka sooduskoodi sisestades tuleb vajutada nupul &#8220;Uuenda ostukorvi&#8221;, et muutused j\u00f5ustuks. Kui olete ostukorvi sisuga rahul, vajutage nupul &#8220;Mine maksma&#8220;. Tellimuse vormistamiseks tuleb t\u00e4ita kontaktivorm ning valida makseviis. Makse kinnitamiseks tuleb p\u00e4rast makse sooritamist kindlasti vajutada nupul &#8220;Tagasi kaupmehe juurde&#8221; P\u00e4rast edukat makse sooritamist saadab e-pood kliendi e-mailile ostu kinnituse. Klient kohustub tellimuse vormistamisel esitama tellimuse t\u00e4itmiseks vajalikud, t\u00f5esed andmed. M\u00fc\u00fcja ei vastuta tellimuse t\u00e4itmisel kliendi poolt esitatud ebakorrektsetest andmetest tingitud t\u00e4itmise v\u00f5imatuse v\u00f5i mistahes sellest tulenevate tagaj\u00e4rgede eest. M\u00fc\u00fcjal on \u00f5igus loobuda tellimuse t\u00e4itmisest kui tekib kahtlus M\u00fc\u00fcjale esitatud andmete \u00f5igsuses ja headele tavadele mittevastava k\u00e4itumise puhul.<\/p>","protected":false},"author":8,"featured_media":0,"parent":0,"menu_order":0,"comment_status":"closed","ping_status":"closed","template":"","meta":{"footnotes":""},"class_list":["post-5616","page","type-page","status-publish","hentry"],"_links":{"self":[{"href":"https:\/\/westonclimate.com\/lt\/wp-json\/wp\/v2\/pages\/5616","targetHints":{"allow":["GET"]}}],"collection":[{"href":"https:\/\/westonclimate.com\/lt\/wp-json\/wp\/v2\/pages"}],"about":[{"href":"https:\/\/westonclimate.com\/lt\/wp-json\/wp\/v2\/types\/page"}],"author":[{"embeddable":true,"href":"https:\/\/westonclimate.com\/lt\/wp-json\/wp\/v2\/users\/8"}],"replies":[{"embeddable":true,"href":"https:\/\/westonclimate.com\/lt\/wp-json\/wp\/v2\/comments?post=5616"}],"version-history":[{"count":41,"href":"https:\/\/westonclimate.com\/lt\/wp-json\/wp\/v2\/pages\/5616\/revisions"}],"predecessor-version":[{"id":8136,"href":"https:\/\/westonclimate.com\/lt\/wp-json\/wp\/v2\/pages\/5616\/revisions\/8136"}],"wp:attachment":[{"href":"https:\/\/westonclimate.com\/lt\/wp-json\/wp\/v2\/media?parent=5616"}],"curies":[{"name":"wp","href":"https:\/\/api.w.org\/{rel}","templated":true}]}}