{"id":5875,"date":"2025-03-12T18:46:48","date_gmt":"2025-03-12T18:46:48","guid":{"rendered":"https:\/\/staging.wmdcompany.eu\/?page_id=5875"},"modified":"2025-07-24T11:16:46","modified_gmt":"2025-07-24T11:16:46","slug":"kutsu-spetsialist","status":"publish","type":"page","link":"https:\/\/westonclimate.com\/lt\/kreipkites-i-specialista\/","title":{"rendered":"Konsultacijos"},"content":{"rendered":"<div data-elementor-type=\"wp-page\" data-elementor-id=\"5875\" class=\"elementor elementor-5875\" data-elementor-post-type=\"page\">\n\t\t\t\t<div class=\"elementor-element elementor-element-6160b5dc e-flex e-con-boxed wpr-particle-no wpr-jarallax-no wpr-parallax-no wpr-sticky-section-no wpr-column-slider-no wpr-equal-height-no e-con e-parent\" data-id=\"6160b5dc\" data-element_type=\"container\" data-e-type=\"container\">\n\t\t\t\t\t<div class=\"e-con-inner\">\n\t\t\t\t<div class=\"elementor-element elementor-element-773172ed elementor-widget elementor-widget-text-editor\" data-id=\"773172ed\" data-element_type=\"widget\" data-e-type=\"widget\" data-widget_type=\"text-editor.default\">\n\t\t\t\t<div class=\"elementor-widget-container\">\n\t\t\t\t\t\t\t\t\t<p class=\"ng-star-inserted\"><span class=\"ng-star-inserted\">\u0160ildymo ar v\u0117dinimo sistemos statyba ar renovacija yra svarbus sprendimas, kuris ilgus metus tur\u0117s \u012ftakos j\u016bs\u0173 nam\u0173 komfortui ir energijos s\u0105naudoms. Daugyb\u0117 pasirinkim\u0173 ir technini\u0173 niuans\u0173 gali b\u016bti pain\u016bs.<\/span><\/p><p class=\"ng-star-inserted\"><span class=\"ng-star-inserted\">Nepriimkite sprendimo vieni. Jums pad\u0117s m\u016bs\u0173 patyr\u0119s specialistas:<\/span><\/p><ul class=\"ng-star-inserted\"><li class=\"ng-star-inserted\"><p class=\"ng-star-inserted\"><strong class=\"ng-star-inserted\"><span class=\"ng-star-inserted\">I\u0161analizuokite savo tikruosius poreikius<\/span><\/strong><span class=\"ng-star-inserted\">\u00a0ir objekto ypatumus.<\/span><\/p><\/li><li class=\"ng-star-inserted\"><p class=\"ng-star-inserted\"><strong class=\"ng-star-inserted\"><span class=\"ng-star-inserted\">Palyginkite skirtingus sprendimus<\/span><\/strong><span class=\"ng-star-inserted\">\u00a0ir technologijas (pvz., geotermin\u0117 energija, oras-vanduo, v\u0117dinimas).<\/span><\/p><\/li><li class=\"ng-star-inserted\"><p class=\"ng-star-inserted\"><strong class=\"ng-star-inserted\"><span class=\"ng-star-inserted\">Raskite efektyviausiai energij\u0105 vartojan\u010di\u0105 ir ekonomi\u0161kiausi\u0105 sistem\u0105<\/span><\/strong><span class=\"ng-star-inserted\">\u00a0tik jums.<\/span><\/p><\/li><li class=\"ng-star-inserted\"><p class=\"ng-star-inserted\"><strong class=\"ng-star-inserted\"><span class=\"ng-star-inserted\">Sudaryti ai\u0161k\u0173 veiksm\u0173 plan\u0105 ir biud\u017eet\u0105.<\/span><\/strong><span class=\"ng-star-inserted\">kad i\u0161vengtum\u0117te netik\u0117t\u0173 i\u0161laid\u0173.<\/span><\/p><\/li><\/ul><p class=\"ng-star-inserted\"><span class=\"ng-star-inserted\"><br \/>U\u017epildykite toliau pateikt\u0105 form\u0105 ir trumpai apra\u0161ykite savo projekt\u0105. Su jumis susisieks specialistas ir susitars d\u0117l pirmin\u0117s konsultacijos.<br \/><br \/><br \/><\/span><\/p><p>\n<div class=\"wpcf7 no-js\" id=\"wpcf7-f6097-o1\" lang=\"et\" dir=\"ltr\" data-wpcf7-id=\"6097\">\n<div class=\"screen-reader-response\"><p role=\"status\" aria-live=\"polite\" aria-atomic=\"true\"><\/p> <ul><\/ul><\/div>\n<form action=\"\/lt\/wp-json\/wp\/v2\/pages\/5875#wpcf7-f6097-o1\" method=\"post\" class=\"wpcf7-form init\" aria-label=\"Kontaktin\u0117 forma\" novalidate=\"novalidate\" data-status=\"init\" data-trp-original-action=\"\/lt\/wp-json\/wp\/v2\/pages\/5875#wpcf7-f6097-o1\">\n<fieldset class=\"hidden-fields-container\"><input type=\"hidden\" name=\"_wpcf7\" value=\"6097\" \/><input type=\"hidden\" name=\"_wpcf7_version\" value=\"6.1.5\" \/><input type=\"hidden\" name=\"_wpcf7_locale\" value=\"et\" \/><input type=\"hidden\" name=\"_wpcf7_unit_tag\" value=\"wpcf7-f6097-o1\" \/><input type=\"hidden\" name=\"_wpcf7_container_post\" value=\"0\" \/><input type=\"hidden\" name=\"_wpcf7_posted_data_hash\" value=\"\" \/><input type=\"hidden\" name=\"_wpcf7_recaptcha_response\" value=\"\" \/>\n<\/fieldset>\n<fieldset>\n\t<legend>Kliento duomenys\n\t<\/legend>\n\t<p><span class=\"wpcf7-form-control-wrap\" data-name=\"radio-612\"><span class=\"wpcf7-form-control wpcf7-radio\" id=\"company\"><span class=\"wpcf7-list-item first\"><label><input type=\"radio\" name=\"radio-612\" value=\"Ettev\u00f5te\" \/><span class=\"wpcf7-list-item-label\">\u012emon\u0117<\/span><\/label><\/span><span class=\"wpcf7-list-item last\"><label><input type=\"radio\" name=\"radio-612\" value=\"Eraisik\" \/><span class=\"wpcf7-list-item-label\">Privatus pilietis<\/span><\/label><\/span><\/span><\/span><br \/>\n<label>\u012emon\u0117s pavadinimas <span class=\"wpcf7-form-control-wrap\" data-name=\"company-name\"><input size=\"40\" maxlength=\"400\" class=\"wpcf7-form-control wpcf7-text\" aria-invalid=\"false\" value=\"\" type=\"text\" name=\"company-name\" \/><\/span><\/label><br \/>\n<label> Vardas ir pavard\u0117 <span class=\"wpcf7-form-control-wrap\" data-name=\"firstname\"><input size=\"40\" maxlength=\"400\" class=\"wpcf7-form-control wpcf7-text wpcf7-validates-as-required\" autocomplete=\"name\" aria-required=\"true\" aria-invalid=\"false\" value=\"\" type=\"text\" name=\"firstname\" \/><\/span><\/label><br \/>\n<label> Pavard\u0117 <span class=\"wpcf7-form-control-wrap\" data-name=\"surname\"><input size=\"40\" maxlength=\"400\" class=\"wpcf7-form-control wpcf7-text wpcf7-validates-as-required\" aria-required=\"true\" aria-invalid=\"false\" value=\"\" type=\"text\" name=\"surname\" \/><\/span><\/label><br \/>\n<label> El. pa\u0161tas <span class=\"wpcf7-form-control-wrap\" data-name=\"email-465\"><input size=\"40\" maxlength=\"400\" class=\"wpcf7-form-control wpcf7-email wpcf7-validates-as-required wpcf7-text wpcf7-validates-as-email\" aria-required=\"true\" aria-invalid=\"false\" value=\"\" type=\"email\" name=\"email-465\" \/><\/span> <\/label><br \/>\n<label> Telefonas <span class=\"wpcf7-form-control-wrap\" data-name=\"tel-304\"><input size=\"40\" maxlength=\"400\" class=\"wpcf7-form-control wpcf7-tel wpcf7-validates-as-required wpcf7-text wpcf7-validates-as-tel\" aria-required=\"true\" aria-invalid=\"false\" value=\"\" type=\"tel\" name=\"tel-304\" \/><\/span> <\/label>\n\t<\/p>\n<\/fieldset>\n<fieldset>\n\t<legend>Kaip galime pad\u0117ti?\n\t<\/legend>\n\t<p><span class=\"wpcf7-form-control-wrap\" data-name=\"radio-213\"><span class=\"wpcf7-form-control wpcf7-radio\"><span class=\"wpcf7-list-item first\"><label><input type=\"radio\" name=\"radio-213\" value=\"Ventilatsiooni ehitamise konsultatsioon\" \/><span class=\"wpcf7-list-item-label\">Konsultacijos d\u0117l v\u0117dinimo konstrukcij\u0173<\/span><\/label><\/span><span class=\"wpcf7-list-item\"><label><input type=\"radio\" name=\"radio-213\" value=\"Ventilatsiooniseadme valiku konsultatsioon\" \/><span class=\"wpcf7-list-item-label\">Konsultacijos d\u0117l v\u0117dinimo \u012frangos pasirinkimo<\/span><\/label><\/span><span class=\"wpcf7-list-item\"><label><input type=\"radio\" name=\"radio-213\" value=\"K\u00fctte\u00fcsteemi ehitamise konsultatsioon\" \/><span class=\"wpcf7-list-item-label\">Konsultacijos d\u0117l \u0161ildymo sistemos statybos<\/span><\/label><\/span><span class=\"wpcf7-list-item\"><label><input type=\"radio\" name=\"radio-213\" value=\"K\u00fcttes\u00fcsteemi seadmevaliku konsultatsioon\" \/><span class=\"wpcf7-list-item-label\">Konsultacijos d\u0117l \u0161ildymo sistemos pasirinkimo<\/span><\/label><\/span><span class=\"wpcf7-list-item last\"><label><input type=\"radio\" name=\"radio-213\" value=\"Olemasoleva s\u00fcsteemi uuendamine\" \/><span class=\"wpcf7-list-item-label\">Esamos sistemos atnaujinimas<\/span><\/label><\/span><\/span><\/span>\n\t<\/p>\n<\/fieldset>\n\n<p><input class=\"wpcf7-form-control wpcf7-submit has-spinner\" type=\"submit\" value=\"Si\u0173sti adresu\" \/>\n<\/p><div class=\"wpcf7-response-output\" aria-hidden=\"true\"><\/div>\n<input type=\"hidden\" name=\"trp-form-language\" value=\"lt\"\/><\/form>\n<\/div>\n<\/p>\t\t\t\t\t\t\t\t<\/div>\n\t\t\t\t<\/div>\n\t\t\t\t\t<\/div>\n\t\t\t\t<\/div>\n\t\t<div class=\"elementor-element elementor-element-b407407 e-flex e-con-boxed wpr-particle-no wpr-jarallax-no wpr-parallax-no wpr-sticky-section-no wpr-column-slider-no wpr-equal-height-no e-con e-parent\" data-id=\"b407407\" data-element_type=\"container\" data-e-type=\"container\">\n\t\t\t\t\t<div class=\"e-con-inner\">\n\t\t\t\t<div class=\"elementor-element elementor-element-751ae4b elementor-widget elementor-widget-spacer\" data-id=\"751ae4b\" data-element_type=\"widget\" data-e-type=\"widget\" data-widget_type=\"spacer.default\">\n\t\t\t\t<div class=\"elementor-widget-container\">\n\t\t\t\t\t\t\t<div class=\"elementor-spacer\">\n\t\t\t<div class=\"elementor-spacer-inner\"><\/div>\n\t\t<\/div>\n\t\t\t\t\t\t<\/div>\n\t\t\t\t<\/div>\n\t\t\t\t\t<\/div>\n\t\t\t\t<\/div>\n\t\t\t\t<\/div>","protected":false},"excerpt":{"rendered":"<p>K\u00fctte- v\u00f5i ventilatsioonis\u00fcsteemi ehitamine v\u00f5i renoveerimine on oluline otsus, mis m\u00f5jutab teie kodu mugavust ja energiakulusid aastateks. Valikute rohkus ja tehnilised n\u00fcansid v\u00f5ivad tekitada segadust. \u00c4rge tehke oma otsust \u00fcksi. Meie kogenud spetsialist aitab teil: Anal\u00fc\u00fcsida teie tegelikke vajadusi\u00a0ja objekti erip\u00e4rasid. V\u00f5rrelda erinevaid lahendusi\u00a0ja tehnoloogiaid (nt maasoojus, \u00f5hk-vesi, ventilatsiooniseadmed). Leida energiat\u00f5husaima ja tasuvaima s\u00fcsteemi\u00a0just teie jaoks. Koostada selge tegevuskava ja eelarve, et v\u00e4ltida ootamatuid kulusid. T\u00e4itke allolev vorm ja kirjeldage l\u00fchidalt oma projekti. Meie spetsialist v\u00f5tab teiega \u00fchendust, et leppida kokku aeg esmaseks konsultatsiooniks.<\/p>","protected":false},"author":8,"featured_media":0,"parent":0,"menu_order":0,"comment_status":"closed","ping_status":"closed","template":"","meta":{"footnotes":""},"class_list":["post-5875","page","type-page","status-publish","hentry"],"_links":{"self":[{"href":"https:\/\/westonclimate.com\/lt\/wp-json\/wp\/v2\/pages\/5875","targetHints":{"allow":["GET"]}}],"collection":[{"href":"https:\/\/westonclimate.com\/lt\/wp-json\/wp\/v2\/pages"}],"about":[{"href":"https:\/\/westonclimate.com\/lt\/wp-json\/wp\/v2\/types\/page"}],"author":[{"embeddable":true,"href":"https:\/\/westonclimate.com\/lt\/wp-json\/wp\/v2\/users\/8"}],"replies":[{"embeddable":true,"href":"https:\/\/westonclimate.com\/lt\/wp-json\/wp\/v2\/comments?post=5875"}],"version-history":[{"count":20,"href":"https:\/\/westonclimate.com\/lt\/wp-json\/wp\/v2\/pages\/5875\/revisions"}],"predecessor-version":[{"id":7997,"href":"https:\/\/westonclimate.com\/lt\/wp-json\/wp\/v2\/pages\/5875\/revisions\/7997"}],"wp:attachment":[{"href":"https:\/\/westonclimate.com\/lt\/wp-json\/wp\/v2\/media?parent=5875"}],"curies":[{"name":"wp","href":"https:\/\/api.w.org\/{rel}","templated":true}]}}