{"id":3610,"date":"2024-06-20T14:48:20","date_gmt":"2024-06-20T14:48:20","guid":{"rendered":"https:\/\/wmdcompany.eu\/?post_type=product&#038;p=3610"},"modified":"2025-12-23T15:05:22","modified_gmt":"2025-12-23T15:05:22","slug":"weston-climate-soojustagastusega-ventilatsiooniseade-vch-cvh-250-500m3-h","status":"publish","type":"product","link":"https:\/\/westonclimate.com\/lt\/tooted\/weston-climate-rekuperacinis-vedinimo-irenginys-vch-cvh-250-500m3-h\/","title":{"rendered":"\"Weston Climate\" rekuperacinis v\u0117dinimo \u012frenginys VCH-CVH 250-500m3\/h"},"content":{"rendered":"<p><strong>Funkcijos:<\/strong><\/p>\n<ul>\n<li>Energijos vartojimo efektyvumas iki 95%.<\/li>\n<li>Ma\u017eai energijos suvartojantys EC ventiliatoriai su nuolatiniu oro srautu, 4 grei\u010diai.<\/li>\n<li>Did\u017eiausias efektyvumas bet kokiomis s\u0105lygomis d\u0117l nuolatinio srauto reguliavimo.<\/li>\n<li>Tiekiamo oro valymas pagrindiniu filtru (G4) ir vidutiniu filtru (F7) yra neprivalomas.<\/li>\n<li>Standartinis 100% aplinkkelis.<\/li>\n<li>\"Ecodesign A\" arba \"A+\" \u017eenklas.<\/li>\n<li>\u017diemos sezono metu galima naudoti entalpijos \u0161ilumokait\u012f, kad b\u016bt\u0173 geriau subalansuota patalp\u0173 dr\u0117gm\u0117.<\/li>\n<li>Ma\u017eiausias darbinis triuk\u0161mas yra 31 dB(A).<\/li>\n<li>Du montavimo variantai.<\/li>\n<li>Valdymas i\u0161maniuoju telefonu: \"Android\" \/ \"iOS\".<\/li>\n<li>Grup\u0117s valdymas.<\/li>\n<\/ul>\n<p>&nbsp;<\/p>\n<p><strong>K\u016bnas:<\/strong><\/p>\n<ul>\n<li>Vidin\u0117 konstrukcija pagaminta i\u0161 EPP med\u017eiagos, kuri yra lengva, taupanti \u0161ilum\u0105, tyli, nekenksminga aplinkai, bekvap\u0117 ir t. t. Ji pasi\u017eymi geromis sandarumo ir \u0161ilumos izoliacijos savyb\u0117mis.<\/li>\n<\/ul>\n<p>&nbsp;<\/p>\n<p><strong>Oro filtravimas:<\/strong><\/p>\n<ul>\n<li>\"Airwood\/Holtop\" \u0161vie\u017eio oro v\u0117dinimo \u012frenginys su rekuperacija turi du filtrus. \u0160ie filtrai i\u0161 oro pa\u0161alina dulkes 95%. Kaip papildoma \u012franga si\u016blomas didelio efektyvumo smulki\u0173 dulki\u0173 filtras (F7), idealiai tinkantis didelio dulk\u0117tumo vietoms, pavyzd\u017eiui, greitkeliams ir oro uostams. \u0160ie filtrai labai pravers \u017emon\u0117ms, alergi\u0161kiems ore esan\u010dioms arba smulkioms dulk\u0117ms.<\/li>\n<li>Apylanka turi atskir\u0105 pagrindin\u012f filtr\u0105, kuris u\u017etikrina \u0161var\u0173 \u012feinant\u012f or\u0105.<\/li>\n<\/ul>\n<div>\n<p>&nbsp;<\/p>\n<p class=\"Heading51\"><strong><span lang=\"ET\">Nepertraukiamo oro srauto EC filtrai:<\/span><\/strong><\/p>\n<ul>\n<li>Ainulaadsete pideva \u00f5huvoolu ventilaatorite kasutamine tagab eelseadistatud \u00f5huvoolukiirused ning tasakaalu toite- ja heit\u00f5hu vahel. Tasakaalustatud ventilatsioon tagab alati suure t\u00f5hususe &#8211; olenemata kanalis\u00fcsteemi takistusest v\u00f5i m\u00e4\u00e4rdunud filtritest. Samuti s\u00e4\u00e4stab see aega s\u00fcsteemi kasutuselev\u00f5tul.<\/li>\n<\/ul>\n<p>&nbsp;<\/p>\n<p class=\"Heading51\"><strong><span lang=\"ET\">Pra\u0117jusi\u0105 savait\u0119:<\/span><\/strong><\/p>\n<ul>\n<li>Vasar\u0105 100% aplinkkelio sistema padeda pagerinti komfort\u0105 ir yra automati\u0161kai valdoma pagal i\u0161matuot\u0105 lauko temperat\u016br\u0105.<\/li>\n<\/ul>\n<div>\n<p>&nbsp;<\/p>\n<p class=\"Heading51\"><strong><span lang=\"ET\">Lankstus montavimas:<\/span><\/strong><\/p>\n<ul>\n<li>\n<div><span lang=\"ET\">Galima pasirinkti kair\u0119 arba de\u0161in\u0119. Montavimo variant\u0105 galima pritaikyti vietoje, kad atitikt\u0173 skirtingus montavimo reikalavimus.<\/span><\/div>\n<\/li>\n<\/ul>\n<\/div>\n<\/div>\n<p>&nbsp;<\/p>\n<p><strong>Technin\u0117 informacija:<\/strong><\/p>\n<ul>\n<li><span lang=\"ET\">\u012erangos \u012ftampa (V\/50 (60) Hz): 230<\/span><\/li>\n<li><span lang=\"ET\">Oro srautas (m\u00b3\/h):\u00a0<em><strong>250-500<\/strong><\/em><\/span><\/li>\n<li>\n<div><span lang=\"ET\">I\u0161orinis statinis sl\u0117gis (Pa):\u00a0<em><strong>130-160<\/strong><\/em><\/span><\/div>\n<\/li>\n<li>\n<div>Energijos vartojimo efektyvumas (%): 95<\/div>\n<\/li>\n<li>\n<div>Maksimali galia (W):\u00a0<em><strong>137-412<\/strong><\/em><\/div>\n<\/li>\n<li>\n<div>Oro temperat\u016bra transportavimo metu (\u00b0C): nuo -25 iki +40<\/div>\n<\/li>\n<li>\n<div>Korpuso med\u017eiaga: cinkuotas plienas<\/div>\n<\/li>\n<li>\n<div>Izoliacija: EPP<\/div>\n<\/li>\n<li>\n<div>Prijungto oro kanalo skersmuo (mm):\u00a0<em><strong>144-196<\/strong><\/em><\/div>\n<\/li>\n<li>\n<div>Triuk\u0161mas (dB(A))*:\u00a0<em><strong>35-39<\/strong><\/em><\/div>\n<\/li>\n<li>\n<div>Energijos vartojimo efektyvumo klas\u0117: A+<\/div>\n<\/li>\n<li>\n<div>Svoris (kg):\u00a0<em><strong>40-50<\/strong><\/em><\/div>\n<div>\n<div>\n<div><\/div>\n<\/div>\n<div>*\u00a0<i><span lang=\"ET\">Pastaba: \u0160is triuk\u0161mo lygis matuojamas esant did\u017eiausiam 70% oro srautui ir statiniam sl\u0117giui 50 Pa.<\/span><\/i><\/div>\n<\/div>\n<\/li>\n<\/ul>","protected":false},"excerpt":{"rendered":"<p style=\"font-weight: 400;\"><strong>\"Weston Climate\" vertikalus rekuperacinis v\u0117dinimo \u012frenginys VCH-CVH<\/strong> \u012f orlaid\u0119 \u012fleid\u017eiamas \u0161vie\u017eias oras ir sukuriama sveika gyvenamoji aplinka su deguonimi, komforti\u0161ka temperat\u016bra ir dr\u0117gme bei nuolatiniu nedulk\u0117tu oru. \u0160vie\u017eio oro \u012fsiurbimas ir i\u0161traukimas yra tinkamai subalansuoti. Oro srov\u0117s nesusimai\u0161o, o i\u0161lieka atskiros. I\u0161 i\u0161traukiamas oras perduoda \u0161ilum\u0105 \u0161altam \u012feinan\u010diam orui. Tai rei\u0161kia, kad \u0161altas lauko oras \u0161ildomas \"nemokamai\", t. y. energija ne\u0161vaistoma veltui.<\/p>\n<p style=\"font-weight: 400;\"><strong>Energijos vartojimo efektyvumas iki 95%.<\/strong> Didelio efektyvumo \u0161ilumin\u0117 izoliacija i\u0161laiko \u012feinan\u010dio \u0161vie\u017eio oro temperat\u016br\u0105, artim\u0105 patalp\u0173 temperat\u016brai, tod\u0117l \u017eymiai padid\u0117ja patalp\u0173 komfortas. Ji taip pat padeda suma\u017einti reikiamos \u0160VOK \u012frangos dyd\u012f, nes jai nereikia dirbti taip sunkiai, kad \u0161ildyt\u0173 ir v\u0117sint\u0173, kai \u012feinant\u012f or\u0105 kondicionuoja \u0161iluminio efektyvumo ventiliatorius. Tai naudinga galutiniams vartotojams, nes padid\u0117ja j\u0173 komfortas ir suma\u017e\u0117ja s\u0105skaitos u\u017e energij\u0105. O i\u0161kastinio kuro poreikio ma\u017einimas naudingas ir m\u016bs\u0173 aplinkai.<\/p>\n<p><strong>Pristatymo laikas iki 45 darbo dien\u0173.<\/strong><\/p>","protected":false},"featured_media":7682,"template":"","meta":[],"product_brand":[],"product_cat":[122,35],"product_tag":[],"class_list":{"0":"post-3610","1":"product","2":"type-product","3":"status-publish","4":"has-post-thumbnail","6":"product_cat-vertikaalsed","7":"product_cat-ventilatsiooniseadmed","9":"first","10":"instock","11":"taxable","12":"shipping-taxable","13":"purchasable","14":"product-type-variable"},"_links":{"self":[{"href":"https:\/\/westonclimate.com\/lt\/wp-json\/wp\/v2\/product\/3610","targetHints":{"allow":["GET"]}}],"collection":[{"href":"https:\/\/westonclimate.com\/lt\/wp-json\/wp\/v2\/product"}],"about":[{"href":"https:\/\/westonclimate.com\/lt\/wp-json\/wp\/v2\/types\/product"}],"version-history":[{"count":8,"href":"https:\/\/westonclimate.com\/lt\/wp-json\/wp\/v2\/product\/3610\/revisions"}],"predecessor-version":[{"id":9304,"href":"https:\/\/westonclimate.com\/lt\/wp-json\/wp\/v2\/product\/3610\/revisions\/9304"}],"wp:featuredmedia":[{"embeddable":true,"href":"https:\/\/westonclimate.com\/lt\/wp-json\/wp\/v2\/media\/7682"}],"wp:attachment":[{"href":"https:\/\/westonclimate.com\/lt\/wp-json\/wp\/v2\/media?parent=3610"}],"wp:term":[{"taxonomy":"product_brand","embeddable":true,"href":"https:\/\/westonclimate.com\/lt\/wp-json\/wp\/v2\/product_brand?post=3610"},{"taxonomy":"product_cat","embeddable":true,"href":"https:\/\/westonclimate.com\/lt\/wp-json\/wp\/v2\/product_cat?post=3610"},{"taxonomy":"product_tag","embeddable":true,"href":"https:\/\/westonclimate.com\/lt\/wp-json\/wp\/v2\/product_tag?post=3610"}],"curies":[{"name":"wp","href":"https:\/\/api.w.org\/{rel}","templated":true}]}}