{"id":3641,"date":"2024-06-20T19:53:34","date_gmt":"2024-06-20T19:53:34","guid":{"rendered":"https:\/\/wmdcompany.eu\/?post_type=product&#038;p=3641"},"modified":"2026-01-18T14:10:53","modified_gmt":"2026-01-18T14:10:53","slug":"weston-climate-w-standard-seeria-200m3-350m3-soojustagastusega-ventilatsiooniseade","status":"publish","type":"product","link":"https:\/\/westonclimate.com\/lt\/tooted\/weston-climate-w-standartines-serijos-200m3-350m3-rekuperacinis-vedinimo-irenginys\/","title":{"rendered":"\"Weston Climate W Standard\" serijos 200 m3-350 m3 rekuperacinis v\u0117dinimo \u012frenginys"},"content":{"rendered":"<p><strong>Funkcijos:<\/strong><\/p>\n<ul>\n<li>Didelio statinio sl\u0117gio, energij\u0105 taupantis elektronin\u0117s komutacijos (EC) variklis<\/li>\n<li>Energijos vartojimo efektyvumas iki 95%<\/li>\n<li>Standartin\u0117 vasaros aplinkkelio integracija<\/li>\n<li>15-20 mm vidin\u0117 \u0161ilumos ir garso izoliacija<\/li>\n<li>Puikus veikimas<\/li>\n<li>Vertikalus ir horizontalus montavimas<\/li>\n<li>Technin\u0117s prie\u017ei\u016bros skydai i\u0161 abiej\u0173 pusi\u0173<\/li>\n<li>Tinka montuoti tiek kair\u0117je, tiek de\u0161in\u0117je pus\u0117je<\/li>\n<li>Patalp\u0173 temperat\u016bros ir santykin\u0117s dr\u0117gm\u0117s jutikliai<\/li>\n<li>Galimas elektrini\u0173 \u0161ildytuv\u0173 integravimas<\/li>\n<li>Kompakti\u0161kas ir patogus dizainas<\/li>\n<li>Atitiktis: EU1253\/2014 ErP2016 ErP2018 EcoDesign<\/li>\n<li>A+ energin\u0117 klas\u0117<\/li>\n<li>pagal EN12131-7<\/li>\n<\/ul>\n<p><strong>Valdymo funkcijos:<\/strong><\/p>\n<ul>\n<li>Integruota valdymo sistema<\/li>\n<li>HD 7 coli\u0173 spalvotas jutiklinis ekranas su realaus laiko patalp\u0173 oro kokyb\u0117s ekranu<\/li>\n<li>Vietos paklausos valdymas naudojant kintamo grei\u010dio<\/li>\n<li>Modbus RS485 i\u0161maniojo namo jungtis<\/li>\n<li>IAQ (patalp\u0173 oro kokyb\u0117s) jutikliai CO2\/PM2.5\/vOCid\/TEMP\/RH<\/li>\n<li>Si\u016bloma savaitin\u0117 operacija<\/li>\n<li>Pasirinktinai atskiras ventiliatoriaus valdymas<\/li>\n<li>Keli\u0173 i\u0161orini\u0173 CO2\/RH\/TEMP jutikli\u0173 prijungimas<\/li>\n<li>Keli\u0173 i\u0161orini\u0173 stiprinimo jungikli\u0173 prijungimas<\/li>\n<li>\u012eleidimo \/ sintez\u0117s \/ IAQ automatizavimas<\/li>\n<li>Galima \u012fsigyti su nuotolinio valdymo pultu<\/li>\n<li>Prane\u0161imas apie atvirk\u0161tin\u012f filtro nuskaitym\u0105 \/ keitim\u0105<\/li>\n<li>Visi valdymo skydelio nustatymai<\/li>\n<\/ul>\n<p><strong>Technin\u0117 informacija:<\/strong><\/p>\n<ul>\n<li>Ventiliacijos variklio tipas: EC<\/li>\n<li>Did\u017eiausias oro srautas (m3\/h):\u00a0<em><strong>200@100Pa<\/strong><\/em><\/li>\n<li>Maksimali vardin\u0117 galia:\u00a0<em><strong>230V-50Hz; 76W; 0,6A<\/strong><\/em><\/li>\n<li>Maitinimo \u012fvesties diapazonas: 200-240 V; 50\/60 Hz<\/li>\n<li>Svoris (kg): 55<\/li>\n<li>Filtras: G4<\/li>\n<li>Maitinimo filtras: G4, F8 (pasirinktinai)<\/li>\n<li>Did\u017eiausias statinis sl\u0117gis (Pa):\u00a0<em><strong>378<\/strong><\/em><\/li>\n<li>\u0160ilumokai\u010dio tipas: prie\u0161prie\u0161inis srautas<\/li>\n<li>\u0160ilumokai\u010dio med\u017eiaga: entalpija<\/li>\n<li>Energijos vartojimo efektyvumas (%):\u00a0<em><strong>86-95<\/strong><\/em><\/li>\n<li>Vidaus izoliacin\u0117 med\u017eiaga: put\u0173 polietilenas.<\/li>\n<li>Korpuso med\u017eiaga: dengta plieno skarda<\/li>\n<li>Perduodamo oro temperat\u016bra (C): nuo -25 iki +50<\/li>\n<li>Darbo aplinkos temperat\u016bra (C): nuo +5 iki +40<\/li>\n<li>Santykin\u0117 darbo aplinkos dr\u0117gm\u0117 (%): ma\u017eesn\u0117 nei 80<\/li>\n<li>Prijungto oro kanalo skersmuo (mm): 150<\/li>\n<\/ul>","protected":false},"excerpt":{"rendered":"<p><strong>Weston Climate<\/strong><strong> W Standartin\u0117s serijos 200 m3-350 m3 rekuperacinis v\u0117dinimo \u012frenginys<\/strong> Tinka naudoti ma\u017euose ir vidutinio dyd\u017eio priva\u010diuose namuose, biuruose, gyvenamosiose patalpose, sporto sal\u0117se, medicinos \u012fstaigose, parduotuv\u0117se, vie\u0161bu\u010diuose, mokymo \u012fstaigose, maitinimo \u012fstaigose ir kt. <strong>Standartin\u0117s serijos 200 m3-350 m3 rekuperacinis v\u0117dinimo \u012frenginys<\/strong> buvo u\u017esakytos ir pritaikytos pagal Europos ir Skandinavijos reikalavimus. W STANDARD serijos \u012frenginiai gaminami naudojant auk\u0161\u010diausios kokyb\u0117s med\u017eiagas, kad \u012frenginys veikt\u0173 nepriekai\u0161tingai ir itin tyliai. Triuk\u0161mo lygis nevir\u0161ija 32 dB. \u0160iuolaikin\u0117s technologijos u\u017etikrina prietaiso patikimum\u0105 ir ilg\u0105 tarnavimo laik\u0105. W STANDARD serijai suteikiama 7 met\u0173 gamintojo garantija, jei laikomasi gamintojo naudojimo instrukcij\u0173. W STANDARD serijos prietais\u0173 montavimas yra labai paprastas ir pasiekiamas kiekvienam iniciatyviam \u0161eimos nariui.<\/p>\n<table style=\"border-collapse: collapse; width: 48pt;\" border=\"0\" width=\"64\" cellspacing=\"0\" cellpadding=\"0\">\n<tbody>\n<tr style=\"height: 15.0pt;\">\n<td style=\"height: 15.0pt; width: 48pt;\" width=\"64\" height=\"20\"><a href=\"https:\/\/westonclimate.com\/wp-content\/uploads\/2024\/06\/CE-Certificate-W-SERIES.pdf\" target=\"_blank\" rel=\"noopener\"><img fetchpriority=\"high\" decoding=\"async\" class=\"alignnone size-medium wp-image-10966\" src=\"https:\/\/westonclimate.com\/wp-content\/uploads\/2024\/06\/CS-sert_optimal-standard-premium-212x300.png\" alt=\"\" width=\"212\" height=\"300\" srcset=\"https:\/\/westonclimate.com\/wp-content\/uploads\/2024\/06\/CS-sert_optimal-standard-premium-212x300.png 212w, https:\/\/westonclimate.com\/wp-content\/uploads\/2024\/06\/CS-sert_optimal-standard-premium-723x1024.png 723w, https:\/\/westonclimate.com\/wp-content\/uploads\/2024\/06\/CS-sert_optimal-standard-premium-768x1087.png 768w, https:\/\/westonclimate.com\/wp-content\/uploads\/2024\/06\/CS-sert_optimal-standard-premium-8x12.png 8w, https:\/\/westonclimate.com\/wp-content\/uploads\/2024\/06\/CS-sert_optimal-standard-premium-600x849.png 600w, https:\/\/westonclimate.com\/wp-content\/uploads\/2024\/06\/CS-sert_optimal-standard-premium.png 869w\" sizes=\"(max-width: 212px) 100vw, 212px\" \/><\/a><\/td>\n<\/tr>\n<\/tbody>\n<\/table>\n<div class=\"elementor-element elementor-element-6aa9c580 elementor-widget elementor-widget-woocommerce-product-short-description\" data-id=\"6aa9c580\" data-element_type=\"widget\" data-widget_type=\"woocommerce-product-short-description.default\">\n<div class=\"elementor-widget-container\">\n<div class=\"woocommerce-product-details__short-description\">\n<p>Produktai yra sand\u0117lyje.\u00a0<strong>Greitas pristatymas, tik iki 5-7 darbo dien\u0173.<\/strong><\/p>\n<\/div>\n<\/div>\n<\/div>","protected":false},"featured_media":7657,"template":"","meta":[],"product_brand":[],"product_cat":[122,35],"product_tag":[],"class_list":{"0":"post-3641","1":"product","2":"type-product","3":"status-publish","4":"has-post-thumbnail","6":"product_cat-vertikaalsed","7":"product_cat-ventilatsiooniseadmed","9":"first","10":"onbackorder","11":"taxable","12":"shipping-taxable","13":"purchasable","14":"product-type-variable"},"_links":{"self":[{"href":"https:\/\/westonclimate.com\/lt\/wp-json\/wp\/v2\/product\/3641","targetHints":{"allow":["GET"]}}],"collection":[{"href":"https:\/\/westonclimate.com\/lt\/wp-json\/wp\/v2\/product"}],"about":[{"href":"https:\/\/westonclimate.com\/lt\/wp-json\/wp\/v2\/types\/product"}],"version-history":[{"count":12,"href":"https:\/\/westonclimate.com\/lt\/wp-json\/wp\/v2\/product\/3641\/revisions"}],"predecessor-version":[{"id":10968,"href":"https:\/\/westonclimate.com\/lt\/wp-json\/wp\/v2\/product\/3641\/revisions\/10968"}],"wp:featuredmedia":[{"embeddable":true,"href":"https:\/\/westonclimate.com\/lt\/wp-json\/wp\/v2\/media\/7657"}],"wp:attachment":[{"href":"https:\/\/westonclimate.com\/lt\/wp-json\/wp\/v2\/media?parent=3641"}],"wp:term":[{"taxonomy":"product_brand","embeddable":true,"href":"https:\/\/westonclimate.com\/lt\/wp-json\/wp\/v2\/product_brand?post=3641"},{"taxonomy":"product_cat","embeddable":true,"href":"https:\/\/westonclimate.com\/lt\/wp-json\/wp\/v2\/product_cat?post=3641"},{"taxonomy":"product_tag","embeddable":true,"href":"https:\/\/westonclimate.com\/lt\/wp-json\/wp\/v2\/product_tag?post=3641"}],"curies":[{"name":"wp","href":"https:\/\/api.w.org\/{rel}","templated":true}]}}