{"id":3677,"date":"2024-06-25T19:24:55","date_gmt":"2024-06-25T19:24:55","guid":{"rendered":"https:\/\/wmdcompany.eu\/?post_type=product&#038;p=3677"},"modified":"2026-05-08T08:04:50","modified_gmt":"2026-05-08T08:04:50","slug":"weston-climate-cmerv-cfa-150-1000m3-soojustagastusega-ventilatsiooniseade","status":"publish","type":"product","link":"https:\/\/westonclimate.com\/lt\/tooted\/weston-climate-cmerv-cfa-150-1000m3-rekuperacinis-vedinimo-irenginys\/","title":{"rendered":"\"Weston Climate\" CMERV-CFA 150-1000m3 rekuperacinis v\u0117dinimo \u012frenginys"},"content":{"rendered":"<p><strong>Funkcijos:<\/strong><\/p>\n<ul>\n<li>Platus oro srauto diapazonas 150-2000 m\u00b3\/h.<\/li>\n<li>Nuolatin\u0117s srov\u0117s variklis plastikiniame korpuse, 10 grei\u010di\u0173.<\/li>\n<li>Tiekiamo oro valymas pagrindiniu filtru (G3) ir vidutiniu filtru (F7) yra neprivalomas.<\/li>\n<li>U\u017edaro kra\u0161to sandarinimo technologija.<\/li>\n<li>Auk\u0161to efektyvumo 5-osios kartos bendras \u0161ilumokaitis.<\/li>\n<li>Rezervuotos \u0161onin\u0117s angos OA ir EA.<\/li>\n<li>Lankstus montavimas.<\/li>\n<li>Pra\u0117jusi\u0105 savait\u0119.<\/li>\n<li>Du montavimo variantai atitinkamoje patalpoje.<\/li>\n<li>\"Android\" \/ \"iOS\" i\u0161manioji valdymo sistema.<\/li>\n<li>Belaidis internetas.<\/li>\n<li>Grup\u0117s valdymas.<\/li>\n<li>A+ energijos vartojimo efektyvumo klas\u0117.<\/li>\n<\/ul>\n<p><strong>K\u016bnas:<\/strong><\/p>\n<ul>\n<li>Lengvas montavimas d\u0117l integruoto EPS korpuso.<\/li>\n<li>Geresn\u0117 izoliacija, sandarumas ir triuk\u0161mo ma\u017einimas.<\/li>\n<li>Centrin\u0117je dalyje sumontuoti ventiliatoriai su stabiliu oro srautu u\u017etikrina geresn\u012f \u0161ilumos main\u0173 efektyvum\u0105 ir stabil\u0173 veikim\u0105.<\/li>\n<\/ul>\n<p><strong>Lankstus montavimas:<\/strong><\/p>\n<ul>\n<li>Lygiagretus oro srautas.<\/li>\n<li>Galima \u012fsigyti su pasukamuoju tvirtinimu.<\/li>\n<li>Rezervuota \u0161oniniams OA ir EA.<\/li>\n<\/ul>\n<p><strong>U\u017edaro kra\u0161to technologija:<\/strong><\/p>\n<ul>\n<li>D\u0117l trigubai u\u017elenkto kra\u0161to storio padid\u0117ja korpuso tvirtumas.<\/li>\n<li>Didesnis produktyvumas.<\/li>\n<li>Gera i\u0161orin\u0117 i\u0161vaizda ir geresnis oro tankis.<\/li>\n<\/ul>\n<p><strong>Nauji DC gerb\u0117jai:<\/strong><\/p>\n<ul>\n<li>Palyginti su senuoju kintamosios srov\u0117s varikliu su metaliniu korpusu, naujasis variklis yra stabilesnis, tylesnis ir efektyvesnis, tod\u0117l sutaupoma iki 40%.<\/li>\n<\/ul>\n<p><strong>5 kartos bendras \u0161ilumokaitis:<\/strong><\/p>\n<ul>\n<li>Naujas ER popierius su didesniu \u0161ilumokai\u010dio efektyvumu.<\/li>\n<li>\u0160ilumokai\u010dio med\u017eiagos yra atsparios pel\u0117siui ir ugniai.<\/li>\n<li>Integruota strukt\u016bra, geresnis sandarumas ir i\u0161vaizda.<\/li>\n<\/ul>\n<p><strong>Integruotas filtro narvelis:<\/strong><\/p>\n<ul>\n<li>Pagrindinis filtras integruotas \u012f rezervuot\u0105j\u012f keli\u0105, o vidurinis F7 filtras yra neprivalomas.<\/li>\n<\/ul>\n<p><strong>Technin\u0117 informacija:<\/strong><\/p>\n<ul>\n<li>Oro srautas (m3\/h): 150-2000<\/li>\n<li>Did\u017eiausias statinis sl\u0117gis (Pa): 85-175<\/li>\n<li>Entalpijos efektyvumas (%) au\u0161inimas: 66-86<\/li>\n<li>\u0160ildymo entalpijos efektyvumas (%): 69-87<\/li>\n<li>Temperat\u016brinis efektyvumas (%): 77-90<\/li>\n<li>M\u00fcra dB(A): 29-37<\/li>\n<li>\u012etampa (V): 220-240<\/li>\n<li>\u012evesties galia (W): 58-850<\/li>\n<li>Netokaal (kg): 20-54<\/li>\n<\/ul>\n<p><strong>M\u00f5\u00f5dud (pikkus\/laius\/k\u00f5rgus), kaal (kg):<\/strong><\/p>\n<ul>\n<li>150m3\/h &#8211; 886x610x289, kaal 20kg<\/li>\n<li>250m3\/h &#8211; 886x735x289, kaal 23kg<\/li>\n<li>350m3\/h &#8211; 1000x874x331, kaal 30kg<\/li>\n<li>500m3\/h &#8211; 1005x1016x331, kaal 33kg<\/li>\n<li>650m3\/h &#8211; 1030x954x404, kaal 38kg<\/li>\n<li>800m3\/h &#8211; 1268x1004x404, kaal 48kg<\/li>\n<li>1000m3\/h &#8211; 1355x1231x404, kaal 54kg<\/li>\n<\/ul>","protected":false},"excerpt":{"rendered":"<p style=\"font-weight: 400;\"><strong>\"Weston Climate\" lubose montuojamas CMERV-CFA 150-1000 m3 rekuperacinis v\u0117dinimo \u012frenginys<\/strong>\u00a0\u012f patalpas \u012fleid\u017eiamas \u0161varus, gaivus oras ir pa\u0161alinamas u\u017eter\u0161tas lauko oras.<\/p>\n<p style=\"font-weight: 400;\">Kai lauko oras yra komforti\u0161kas, jis veikia ap\u0117jimo re\u017eimu, \u0161vie\u017eias oras gali cirkuliuoti tiesiai \u012f patalp\u0105 be \u0161ilumos main\u0173, o tuo pa\u010diu metu gali b\u016bti \u0161alinamas i\u0161 patalpos \u0161alinamas oras, kad pager\u0117t\u0173 patalp\u0173 oro kokyb\u0117. \u017diem\u0105 arba vasar\u0105, siekiant u\u017etikrinti komforti\u0161k\u0105 patalp\u0173 or\u0105 ir suma\u017einti energijos s\u0105naudas, jis veikia energijos atgavimo re\u017eimu. \u0160is energijos rekuperacijos v\u0117dinimo \u012frenginys sukurtas efektyviam patalp\u0173 v\u0117dinimui. <strong>5-osios kartos \u0161ilumokaitis, <\/strong>su integruotu kompakti\u0161ku ir \u0161velniu filtro slankikliu.<\/p>\n<p style=\"font-weight: 400;\">Jis efektyviai naudoja energij\u0105, bet kartu teikia daugiau naudos, pavyzd\u017eiui, palaiko sveikesn\u012f or\u0105 namuose, pakei\u010dia u\u017esistov\u0117jus\u012f or\u0105 \u0161vie\u017eiu ir pa\u0161alina \u012fvairius ter\u0161alus.<\/p>\n<p><a href=\"https:\/\/wmdcompany.eu\/kontakt\/\"><strong>NB! Taip pat galima \u012fsigyti 1500m3\/h ir 2000m3\/h modelius - -<\/strong> <strong>SI\u0172SKITE DABAR!<\/strong><\/a><\/p>","protected":false},"featured_media":10708,"template":"","meta":[],"product_brand":[],"product_cat":[121,122,35],"product_tag":[],"class_list":{"0":"post-3677","1":"product","2":"type-product","3":"status-publish","4":"has-post-thumbnail","6":"product_cat-laeventilatsioon","7":"product_cat-vertikaalsed","8":"product_cat-ventilatsiooniseadmed","10":"first","11":"instock","12":"taxable","13":"shipping-taxable","14":"purchasable","15":"product-type-variable"},"_links":{"self":[{"href":"https:\/\/westonclimate.com\/lt\/wp-json\/wp\/v2\/product\/3677","targetHints":{"allow":["GET"]}}],"collection":[{"href":"https:\/\/westonclimate.com\/lt\/wp-json\/wp\/v2\/product"}],"about":[{"href":"https:\/\/westonclimate.com\/lt\/wp-json\/wp\/v2\/types\/product"}],"version-history":[{"count":16,"href":"https:\/\/westonclimate.com\/lt\/wp-json\/wp\/v2\/product\/3677\/revisions"}],"predecessor-version":[{"id":11636,"href":"https:\/\/westonclimate.com\/lt\/wp-json\/wp\/v2\/product\/3677\/revisions\/11636"}],"wp:featuredmedia":[{"embeddable":true,"href":"https:\/\/westonclimate.com\/lt\/wp-json\/wp\/v2\/media\/10708"}],"wp:attachment":[{"href":"https:\/\/westonclimate.com\/lt\/wp-json\/wp\/v2\/media?parent=3677"}],"wp:term":[{"taxonomy":"product_brand","embeddable":true,"href":"https:\/\/westonclimate.com\/lt\/wp-json\/wp\/v2\/product_brand?post=3677"},{"taxonomy":"product_cat","embeddable":true,"href":"https:\/\/westonclimate.com\/lt\/wp-json\/wp\/v2\/product_cat?post=3677"},{"taxonomy":"product_tag","embeddable":true,"href":"https:\/\/westonclimate.com\/lt\/wp-json\/wp\/v2\/product_tag?post=3677"}],"curies":[{"name":"wp","href":"https:\/\/api.w.org\/{rel}","templated":true}]}}