{"id":3698,"date":"2024-06-25T19:50:18","date_gmt":"2024-06-25T19:50:18","guid":{"rendered":"https:\/\/wmdcompany.eu\/?post_type=product&#038;p=3698"},"modified":"2026-02-18T20:36:55","modified_gmt":"2026-02-18T20:36:55","slug":"weston-climate-wcd-cmerv-thc-1000-2600m3-soojustagastusega-laeseade","status":"publish","type":"product","link":"https:\/\/westonclimate.com\/lt\/tooted\/weston-climate-wcd-cmerv-thc-1000-2600m3-rekuperacinis-lubu-irenginys\/","title":{"rendered":"\"Weston Climate\" WCD-CMERV-THC 1000-2600m3 rekuperacinis lubinis \u012frenginys"},"content":{"rendered":"<p><strong>Funkcijos:<\/strong><\/p>\n<ul>\n<li>Platus oro srauto diapazonas 1000-2600 m\u00b3\/h.<\/li>\n<li>Kintamosios srov\u0117s variklis, 3 grei\u010diai.<\/li>\n<li>Tiekiamo oro valymas su pagrindiniu filtru ir papildomais filtrais F7, H10 ir H13.<\/li>\n<li>Efektyvus tre\u010diosios kartos bendras \u0161ilumokaitis.<\/li>\n<li>Lankstus montavimas.<\/li>\n<li>Du montavimo variantai.<\/li>\n<li>Pra\u0117jusi\u0105 savait\u0119.<\/li>\n<li>\"Android\" \/ \"iOS\" i\u0161manioji valdymo sistema.<\/li>\n<li>Belaidis internetas.<\/li>\n<li>Grup\u0117s valdymas.<\/li>\n<li>A energinio naudingumo klas\u0117.<\/li>\n<\/ul>","protected":false},"excerpt":{"rendered":"<p style=\"font-weight: 400;\"><strong>\"Weston Climate\" lubinis WCD-CMERV-THC 1000-2600m3 rekuperacinis lubinis \u012frenginys v\u0117dinimo sistemoms <\/strong>\u012f patalpas \u012fleid\u017eiamas \u0161varus, gaivus oras ir pa\u0161alinamas u\u017eter\u0161tas lauko oras.<\/p>\n<p style=\"font-weight: 400;\">Kai lauko oras yra geras, jis veikia ap\u0117jimo re\u017eimu. \u0160vie\u017eias oras gali b\u016bti \u012fsiurbiamas tiesiai \u012f patalp\u0105 be \u0161ilumos main\u0173, o tuo pa\u010diu metu gali b\u016bti \u0161alinamas i\u0161 patalpos i\u0161traukiamas oras, kad pager\u0117t\u0173 patalp\u0173 oro kokyb\u0117. \u017diem\u0105 ar vasar\u0105, siekiant u\u017etikrinti komforti\u0161k\u0105 patalp\u0173 or\u0105 ir suma\u017einti energijos s\u0105naudas, jis veikia energijos atgavimo re\u017eimu. \u0160is energijos rekuperacijos v\u0117dinimo \u012frenginys sukurtas efektyviam patalp\u0173 v\u0117dinimui.\u00a0<strong>3-iosios kartos \u0161ilumokaitis,\u00a0<\/strong>su integruotu kompakti\u0161ku ir \u0161velniu filtro slankikliu.<\/p>\n<p style=\"font-weight: 400;\">Jis efektyviai naudoja energij\u0105, bet kartu teikia daugiau naudos, pavyzd\u017eiui, palaiko sveikesn\u012f or\u0105 namuose, pakei\u010dia u\u017esistov\u0117jus\u012f or\u0105 \u0161vie\u017eiu ir pa\u0161alina \u012fvairius ter\u0161alus.<\/p>\n<table style=\"border-collapse: collapse; width: 144pt;\" border=\"0\" width=\"192\" cellspacing=\"0\" cellpadding=\"0\">\n<tbody>\n<tr style=\"height: 15.0pt;\">\n<td style=\"height: 15.0pt; width: 48pt;\" width=\"64\" height=\"20\"><a href=\"https:\/\/westonclimate.com\/wp-content\/uploads\/2026\/02\/CE-1.pdf\" target=\"_blank\" rel=\"noopener\"><img fetchpriority=\"high\" decoding=\"async\" class=\"alignnone size-medium wp-image-11064\" src=\"https:\/\/westonclimate.com\/wp-content\/uploads\/2024\/06\/Cert_1-234x300.png\" alt=\"\" width=\"234\" height=\"300\" srcset=\"https:\/\/westonclimate.com\/wp-content\/uploads\/2024\/06\/Cert_1-234x300.png 234w, https:\/\/westonclimate.com\/wp-content\/uploads\/2024\/06\/Cert_1-799x1024.png 799w, https:\/\/westonclimate.com\/wp-content\/uploads\/2024\/06\/Cert_1-768x985.png 768w, https:\/\/westonclimate.com\/wp-content\/uploads\/2024\/06\/Cert_1-9x12.png 9w, https:\/\/westonclimate.com\/wp-content\/uploads\/2024\/06\/Cert_1-600x769.png 600w, https:\/\/westonclimate.com\/wp-content\/uploads\/2024\/06\/Cert_1.png 940w\" sizes=\"(max-width: 234px) 100vw, 234px\" \/><\/a><\/td>\n<td style=\"width: 48pt;\" width=\"64\"><a href=\"https:\/\/westonclimate.com\/wp-content\/uploads\/2026\/02\/CELVD.pdf\" target=\"_blank\" rel=\"noopener\"><img decoding=\"async\" class=\"alignnone size-medium wp-image-11066\" src=\"https:\/\/westonclimate.com\/wp-content\/uploads\/2024\/06\/Cert_2-211x300.png\" alt=\"\" width=\"211\" height=\"300\" srcset=\"https:\/\/westonclimate.com\/wp-content\/uploads\/2024\/06\/Cert_2-211x300.png 211w, https:\/\/westonclimate.com\/wp-content\/uploads\/2024\/06\/Cert_2-8x12.png 8w, https:\/\/westonclimate.com\/wp-content\/uploads\/2024\/06\/Cert_2-600x854.png 600w, https:\/\/westonclimate.com\/wp-content\/uploads\/2024\/06\/Cert_2.png 682w\" sizes=\"(max-width: 211px) 100vw, 211px\" \/><\/a><\/td>\n<td style=\"width: 48pt;\" width=\"64\"><a href=\"https:\/\/westonclimate.com\/wp-content\/uploads\/2026\/02\/CERohs2.0.pdf\" target=\"_blank\" rel=\"noopener\"><img decoding=\"async\" class=\"alignnone size-medium wp-image-11068\" src=\"https:\/\/westonclimate.com\/wp-content\/uploads\/2024\/06\/Cert_3-213x300.png\" alt=\"\" width=\"213\" height=\"300\" srcset=\"https:\/\/westonclimate.com\/wp-content\/uploads\/2024\/06\/Cert_3-213x300.png 213w, https:\/\/westonclimate.com\/wp-content\/uploads\/2024\/06\/Cert_3-9x12.png 9w, https:\/\/westonclimate.com\/wp-content\/uploads\/2024\/06\/Cert_3-600x847.png 600w, https:\/\/westonclimate.com\/wp-content\/uploads\/2024\/06\/Cert_3.png 688w\" sizes=\"(max-width: 213px) 100vw, 213px\" \/><\/a><\/td>\n<\/tr>\n<\/tbody>\n<\/table>\n<p>&nbsp;<\/p>\n<table style=\"border-collapse: collapse; width: 192pt;\" border=\"0\" width=\"256\" cellspacing=\"0\" cellpadding=\"0\">\n<tbody>\n<tr style=\"height: 15.0pt;\">\n<td style=\"height: 15.0pt; width: 48pt;\" width=\"64\" height=\"20\"><a href=\"https:\/\/westonclimate.com\/wp-content\/uploads\/2026\/02\/Ceiling-DC-motor-CE-EMC-1.pdf\" target=\"_blank\" rel=\"noopener\"><img loading=\"lazy\" decoding=\"async\" class=\"alignnone size-medium wp-image-11070\" src=\"https:\/\/westonclimate.com\/wp-content\/uploads\/2024\/06\/Cert_4-212x300.png\" alt=\"\" width=\"212\" height=\"300\" srcset=\"https:\/\/westonclimate.com\/wp-content\/uploads\/2024\/06\/Cert_4-212x300.png 212w, https:\/\/westonclimate.com\/wp-content\/uploads\/2024\/06\/Cert_4-8x12.png 8w, https:\/\/westonclimate.com\/wp-content\/uploads\/2024\/06\/Cert_4-600x849.png 600w, https:\/\/westonclimate.com\/wp-content\/uploads\/2024\/06\/Cert_4.png 678w\" sizes=\"(max-width: 212px) 100vw, 212px\" \/><\/a><\/td>\n<td style=\"width: 48pt;\" width=\"64\"><a href=\"https:\/\/westonclimate.com\/wp-content\/uploads\/2026\/02\/Ceiling-DC-motor-CE-LVD-1.pdf\" target=\"_blank\" rel=\"noopener\"><img loading=\"lazy\" decoding=\"async\" class=\"alignnone size-medium wp-image-11072\" src=\"https:\/\/westonclimate.com\/wp-content\/uploads\/2024\/06\/Cert_5-231x300.png\" alt=\"\" width=\"231\" height=\"300\" srcset=\"https:\/\/westonclimate.com\/wp-content\/uploads\/2024\/06\/Cert_5-231x300.png 231w, https:\/\/westonclimate.com\/wp-content\/uploads\/2024\/06\/Cert_5-789x1024.png 789w, https:\/\/westonclimate.com\/wp-content\/uploads\/2024\/06\/Cert_5-768x996.png 768w, https:\/\/westonclimate.com\/wp-content\/uploads\/2024\/06\/Cert_5-9x12.png 9w, https:\/\/westonclimate.com\/wp-content\/uploads\/2024\/06\/Cert_5-600x779.png 600w, https:\/\/westonclimate.com\/wp-content\/uploads\/2024\/06\/Cert_5.png 884w\" sizes=\"(max-width: 231px) 100vw, 231px\" \/><\/a><\/td>\n<td style=\"width: 48pt;\" width=\"64\"><a href=\"https:\/\/westonclimate.com\/wp-content\/uploads\/2026\/02\/DSS_CE-GZES2005018609HS.pdf\" target=\"_blank\" rel=\"noopener\"><img loading=\"lazy\" decoding=\"async\" class=\"alignnone size-medium wp-image-11074\" src=\"https:\/\/westonclimate.com\/wp-content\/uploads\/2024\/06\/Cert_6-232x300.png\" alt=\"\" width=\"232\" height=\"300\" srcset=\"https:\/\/westonclimate.com\/wp-content\/uploads\/2024\/06\/Cert_6-232x300.png 232w, https:\/\/westonclimate.com\/wp-content\/uploads\/2024\/06\/Cert_6-792x1024.png 792w, https:\/\/westonclimate.com\/wp-content\/uploads\/2024\/06\/Cert_6-768x992.png 768w, https:\/\/westonclimate.com\/wp-content\/uploads\/2024\/06\/Cert_6-9x12.png 9w, https:\/\/westonclimate.com\/wp-content\/uploads\/2024\/06\/Cert_6-600x775.png 600w, https:\/\/westonclimate.com\/wp-content\/uploads\/2024\/06\/Cert_6.png 893w\" sizes=\"(max-width: 232px) 100vw, 232px\" \/><\/a><\/td>\n<td style=\"width: 48pt;\" width=\"64\"><a href=\"https:\/\/westonclimate.com\/wp-content\/uploads\/2026\/02\/DSS_GZEM2005012684HSVR.pdf\" target=\"_blank\" rel=\"noopener\"><img loading=\"lazy\" decoding=\"async\" class=\"alignnone size-medium wp-image-11076\" src=\"https:\/\/westonclimate.com\/wp-content\/uploads\/2024\/06\/Cert_7-231x300.png\" alt=\"\" width=\"231\" height=\"300\" srcset=\"https:\/\/westonclimate.com\/wp-content\/uploads\/2024\/06\/Cert_7-231x300.png 231w, https:\/\/westonclimate.com\/wp-content\/uploads\/2024\/06\/Cert_7-789x1024.png 789w, https:\/\/westonclimate.com\/wp-content\/uploads\/2024\/06\/Cert_7-768x997.png 768w, https:\/\/westonclimate.com\/wp-content\/uploads\/2024\/06\/Cert_7-9x12.png 9w, https:\/\/westonclimate.com\/wp-content\/uploads\/2024\/06\/Cert_7-600x779.png 600w, https:\/\/westonclimate.com\/wp-content\/uploads\/2024\/06\/Cert_7.png 887w\" sizes=\"(max-width: 231px) 100vw, 231px\" \/><\/a><\/td>\n<\/tr>\n<\/tbody>\n<\/table>\n<p><strong>Pristatymo laikas iki 45 darbo dien\u0173.<\/strong><\/p>\n<p>&nbsp;<\/p>","protected":false},"featured_media":3905,"template":"","meta":[],"product_brand":[],"product_cat":[121,122,35],"product_tag":[],"class_list":{"0":"post-3698","1":"product","2":"type-product","3":"status-publish","4":"has-post-thumbnail","6":"product_cat-laeventilatsioon","7":"product_cat-vertikaalsed","8":"product_cat-ventilatsiooniseadmed","10":"first","11":"instock","12":"taxable","13":"shipping-taxable","14":"purchasable","15":"product-type-variable"},"_links":{"self":[{"href":"https:\/\/westonclimate.com\/lt\/wp-json\/wp\/v2\/product\/3698","targetHints":{"allow":["GET"]}}],"collection":[{"href":"https:\/\/westonclimate.com\/lt\/wp-json\/wp\/v2\/product"}],"about":[{"href":"https:\/\/westonclimate.com\/lt\/wp-json\/wp\/v2\/types\/product"}],"version-history":[{"count":10,"href":"https:\/\/westonclimate.com\/lt\/wp-json\/wp\/v2\/product\/3698\/revisions"}],"predecessor-version":[{"id":11078,"href":"https:\/\/westonclimate.com\/lt\/wp-json\/wp\/v2\/product\/3698\/revisions\/11078"}],"wp:featuredmedia":[{"embeddable":true,"href":"https:\/\/westonclimate.com\/lt\/wp-json\/wp\/v2\/media\/3905"}],"wp:attachment":[{"href":"https:\/\/westonclimate.com\/lt\/wp-json\/wp\/v2\/media?parent=3698"}],"wp:term":[{"taxonomy":"product_brand","embeddable":true,"href":"https:\/\/westonclimate.com\/lt\/wp-json\/wp\/v2\/product_brand?post=3698"},{"taxonomy":"product_cat","embeddable":true,"href":"https:\/\/westonclimate.com\/lt\/wp-json\/wp\/v2\/product_cat?post=3698"},{"taxonomy":"product_tag","embeddable":true,"href":"https:\/\/westonclimate.com\/lt\/wp-json\/wp\/v2\/product_tag?post=3698"}],"curies":[{"name":"wp","href":"https:\/\/api.w.org\/{rel}","templated":true}]}}