{"id":3801,"date":"2024-06-26T21:29:14","date_gmt":"2024-06-26T21:29:14","guid":{"rendered":"https:\/\/wmdcompany.eu\/?post_type=product&#038;p=3801"},"modified":"2026-01-22T13:29:48","modified_gmt":"2026-01-22T13:29:48","slug":"weston-climate-monoblock-inverter-ohk-vesi-soojuspump-25kw","status":"publish","type":"product","link":"https:\/\/westonclimate.com\/lt\/tooted\/weston-climate-monoblokas-inverteris-ohk-vandens-silumos-siurblys-25kw\/","title":{"rendered":"\"Weston Climate\" monoblokinis inverterinis \u0161ilumos siurblys oras-vanduo 25 kW"},"content":{"rendered":"<ul>\n<li>Nominali \u0161ildymo galia:<strong>\u00a025 kW<\/strong><\/li>\n<li>\u0160ildymo galios diapazonas:\u00a0<strong>8,54-30,32 kW<\/strong><\/li>\n<li>COP diapazonas:\u00a0<strong>5,12-2,56 m\/m<\/strong><\/li>\n<li><strong>Bir\u017eos elektros energijos kain\u0173 steb\u0117senos sistemos (SG) parengtumas<\/strong><\/li>\n<li><strong>\"WiFi\"<\/strong><\/li>\n<li>Maitinimo \u012ftampa:\u00a0<strong>380-415\/50 V\/Hz<\/strong><\/li>\n<li>Kompresorius:\u00a0<strong>Nuolatin\u0117s srov\u0117s keitiklis + EVI<\/strong><\/li>\n<li>Ventiliatoriaus variklis:\u00a0<strong>Nuolatin\u0117s srov\u0117s keitiklis<\/strong><\/li>\n<li>Vandens siurblys:\u00a0<strong>Nuolatin\u0117s srov\u0117s keitiklis<\/strong><\/li>\n<li>Energijos klas\u0117:\u00a0<strong>A+++<\/strong><\/li>\n<li>Lauko oro temperat\u016bra:\u00a0<strong>-35-40 \u00b0C<\/strong><\/li>\n<li>\u0160ildymo re\u017eimo temperat\u016bros diapazonas:\u00a0<strong>30-60 \u00b0C<\/strong><\/li>\n<li>Triuk\u0161mo lygis:\u00a0<strong>iki\u00a0<\/strong><strong>62 dB(A)<\/strong><\/li>\n<li>Svoris:\u00a0<strong>162 kg<\/strong><\/li>\n<li>Matmenys (ilgis, plotis, auk\u0161tis):\u00a0<strong>1200x430x1550 mm<\/strong><\/li>\n<\/ul>","protected":false},"excerpt":{"rendered":"<p><strong>\"Weston Climate MONOBLOCK\" inverterinis \u0161ilumos siurblys oras-vanduo 25 kW. <\/strong>Funkcijos: \u0161ildymo re\u017eimas, kar\u0161to vandens re\u017eimas, v\u0117sinimo re\u017eimas, \u0161ildymo ir kar\u0161to vandens re\u017eimai, v\u0117sinimo ir kar\u0161to vandens re\u017eimai.<\/p>\n<p>Rekomenduojamas pavir\u0161iaus plotas (gerai izoliacijai u\u017etikrinti): iki 450 m2<\/p>\n<p>Produktai yra sand\u0117lyje.\u00a0<strong>Greitas pristatymas, tik iki 5-7 darbo dien\u0173.<\/strong><\/p>\n<p><strong>Gaminys yra sumontuotas gamykloje, teiraukit\u0117s kainos!<\/strong><\/p>","protected":false},"featured_media":10980,"template":"","meta":[],"product_brand":[],"product_cat":[116,63,65],"product_tag":[],"class_list":{"0":"post-3801","1":"product","2":"type-product","3":"status-publish","4":"has-post-thumbnail","6":"product_cat-monobloc-weston-r32","7":"product_cat-soojuspumbad","8":"product_cat-soojuspump-monobloc","10":"first","11":"instock","12":"taxable","13":"shipping-taxable","14":"purchasable","15":"product-type-simple"},"_links":{"self":[{"href":"https:\/\/westonclimate.com\/lt\/wp-json\/wp\/v2\/product\/3801","targetHints":{"allow":["GET"]}}],"collection":[{"href":"https:\/\/westonclimate.com\/lt\/wp-json\/wp\/v2\/product"}],"about":[{"href":"https:\/\/westonclimate.com\/lt\/wp-json\/wp\/v2\/types\/product"}],"version-history":[{"count":7,"href":"https:\/\/westonclimate.com\/lt\/wp-json\/wp\/v2\/product\/3801\/revisions"}],"predecessor-version":[{"id":10529,"href":"https:\/\/westonclimate.com\/lt\/wp-json\/wp\/v2\/product\/3801\/revisions\/10529"}],"wp:featuredmedia":[{"embeddable":true,"href":"https:\/\/westonclimate.com\/lt\/wp-json\/wp\/v2\/media\/10980"}],"wp:attachment":[{"href":"https:\/\/westonclimate.com\/lt\/wp-json\/wp\/v2\/media?parent=3801"}],"wp:term":[{"taxonomy":"product_brand","embeddable":true,"href":"https:\/\/westonclimate.com\/lt\/wp-json\/wp\/v2\/product_brand?post=3801"},{"taxonomy":"product_cat","embeddable":true,"href":"https:\/\/westonclimate.com\/lt\/wp-json\/wp\/v2\/product_cat?post=3801"},{"taxonomy":"product_tag","embeddable":true,"href":"https:\/\/westonclimate.com\/lt\/wp-json\/wp\/v2\/product_tag?post=3801"}],"curies":[{"name":"wp","href":"https:\/\/api.w.org\/{rel}","templated":true}]}}