{"id":3807,"date":"2024-06-26T21:39:34","date_gmt":"2024-06-26T21:39:34","guid":{"rendered":"https:\/\/wmdcompany.eu\/?post_type=product&#038;p=3807"},"modified":"2025-12-22T15:43:43","modified_gmt":"2025-12-22T15:43:43","slug":"weston-climate-split-inverter-ohk-vesi-soojuspump-10kw","status":"publish","type":"product","link":"https:\/\/westonclimate.com\/lt\/tooted\/weston-climate-split-inverteris-ohk-vandens-silumos-siurblys-10kw\/","title":{"rendered":"\"Weston Climate\" padalytas inverterinis \u0161ilumos siurblys oras-vanduo 10 kW"},"content":{"rendered":"<div style=\"display: flex; align-items: center; gap: 20px;\">\n<div style=\"flex: 1;\">\n<ul>\n<li>Nominali \u0161ildymo galia:<strong> 10 kW<br \/>\n<\/strong><\/li>\n<li>\u0160ildymo galios diapazonas:\u00a0<strong>3,25-11,82 kW<\/strong><\/li>\n<li>\u0160ildytuvas: \u012ftrauktas, prietaiso viduje<\/li>\n<li>COP diapazonas:\u00a0<strong>5,02-2,53 m\/m<\/strong><\/li>\n<li><strong>Bir\u017eos elektros energijos kain\u0173 steb\u0117senos sistemos (SG) parengtumas<\/strong><\/li>\n<li><strong>\"WiFi\"<\/strong><\/li>\n<li>Maitinimo \u012ftampa:\u00a0<strong>220-240\/50 V\/Hz<\/strong><\/li>\n<li>Kompresorius:\u00a0<strong>Nuolatin\u0117s srov\u0117s keitiklis + EVI<\/strong><\/li>\n<li>Ventiliatoriaus variklis:\u00a0<strong>Nuolatin\u0117s srov\u0117s keitiklis<\/strong><\/li>\n<li>Vandens siurblys:\u00a0<strong>Nuolatin\u0117s srov\u0117s keitiklis<\/strong><\/li>\n<li>\u0160aldymo agentas: R32<\/li>\n<li>Energijos klas\u0117:\u00a0<strong>A+++<\/strong><\/li>\n<li>Lauko oro temperat\u016bra:\u00a0<strong>-35-40 \u00b0C<\/strong><\/li>\n<li>\u0160ildymo re\u017eimo temperat\u016bros diapazonas:\u00a0<strong>30-60 \u00b0C<\/strong><\/li>\n<li>Vidinis triuk\u0161mo lygis:\u00a0<strong>iki\u00a0<\/strong><strong>32 dB(A)<\/strong><\/li>\n<li>Lauko \u012frangos triuk\u0161mo lygis:\u00a0<strong>iki\u00a0<\/strong><strong>5<\/strong><strong>5 dB(A)<\/strong><\/li>\n<li>\u012evesties \u012frenginio svoris:\u00a0<strong>47 kg<\/strong><\/li>\n<li>Lauko bloko svoris:\u00a0<strong>75 kg<\/strong><\/li>\n<li>Vidinio \u012frenginio matmenys (ilgis, plotis, auk\u0161tis):\u00a0<strong>590x430x890 mm<\/strong><\/li>\n<li>Lauko \u012frenginio matmenys (ilgis, plotis, auk\u0161tis):\u00a0<strong>1000x390x860 mm<\/strong><\/li>\n<\/ul>\n<\/div>\n<\/div>","protected":false},"excerpt":{"rendered":"<p><strong>\"Weston Climate SPLIT\" inverterinis \u0161ilumos siurblys oras-vanduo 10 kW. <\/strong>Funkcijos: \u0161ildymo re\u017eimas, kar\u0161to vandens re\u017eimas, v\u0117sinimo re\u017eimas, \u0161ildymo ir kar\u0161to vandens re\u017eimai, v\u0117sinimo ir kar\u0161to vandens re\u017eimai.<\/p>\n<p>Rekomenduojamas pavir\u0161iaus plotas (gerai izoliacijai u\u017etikrinti): iki 200 m2<\/p>\n<p><strong>Pristatymo laikas iki 5 darbo dien\u0173.<\/strong><\/p>","protected":false},"featured_media":6802,"template":"","meta":[],"product_brand":[],"product_cat":[63,64],"product_tag":[],"class_list":{"0":"post-3807","1":"product","2":"type-product","3":"status-publish","4":"has-post-thumbnail","6":"product_cat-soojuspumbad","7":"product_cat-soojuspump-split","9":"first","10":"instock","11":"taxable","12":"shipping-taxable","13":"purchasable","14":"product-type-variable"},"_links":{"self":[{"href":"https:\/\/westonclimate.com\/lt\/wp-json\/wp\/v2\/product\/3807","targetHints":{"allow":["GET"]}}],"collection":[{"href":"https:\/\/westonclimate.com\/lt\/wp-json\/wp\/v2\/product"}],"about":[{"href":"https:\/\/westonclimate.com\/lt\/wp-json\/wp\/v2\/types\/product"}],"version-history":[{"count":11,"href":"https:\/\/westonclimate.com\/lt\/wp-json\/wp\/v2\/product\/3807\/revisions"}],"predecessor-version":[{"id":9343,"href":"https:\/\/westonclimate.com\/lt\/wp-json\/wp\/v2\/product\/3807\/revisions\/9343"}],"wp:featuredmedia":[{"embeddable":true,"href":"https:\/\/westonclimate.com\/lt\/wp-json\/wp\/v2\/media\/6802"}],"wp:attachment":[{"href":"https:\/\/westonclimate.com\/lt\/wp-json\/wp\/v2\/media?parent=3807"}],"wp:term":[{"taxonomy":"product_brand","embeddable":true,"href":"https:\/\/westonclimate.com\/lt\/wp-json\/wp\/v2\/product_brand?post=3807"},{"taxonomy":"product_cat","embeddable":true,"href":"https:\/\/westonclimate.com\/lt\/wp-json\/wp\/v2\/product_cat?post=3807"},{"taxonomy":"product_tag","embeddable":true,"href":"https:\/\/westonclimate.com\/lt\/wp-json\/wp\/v2\/product_tag?post=3807"}],"curies":[{"name":"wp","href":"https:\/\/api.w.org\/{rel}","templated":true}]}}