{"id":4277,"date":"2024-07-03T15:42:34","date_gmt":"2024-07-03T15:42:34","guid":{"rendered":"https:\/\/wmdcompany.eu\/?post_type=product&#038;p=4277"},"modified":"2025-12-26T15:09:18","modified_gmt":"2025-12-26T15:09:18","slug":"weston-climate-seinale-kinnitatav-soojustagastusega-ventilatsiooniseade-werv","status":"publish","type":"product","link":"https:\/\/westonclimate.com\/lt\/tooted\/weston-climate-sieninis-rekuperacinis-vedinimo-irenginys-werv\/","title":{"rendered":"\"Weston Climate\" sieninis rekuperacinis v\u0117dinimo \u012frenginys WERV"},"content":{"rendered":"<p><strong>Funkcijos:<\/strong><\/p>\n<ul>\n<li>Eleganti\u0161kas dekoratyvinis priekinis skydelis.<\/li>\n<li>Vienas \u012frenginys aptarnauja iki\u00a0<strong>50m2<\/strong>\u00a0erdv\u0117.<\/li>\n<li>Greitas montavimas per i\u0161orin\u0119 sien\u0105.<\/li>\n<li>Energijos vartojimo efektyvumas 82%.<\/li>\n<li>Tylus veikimas (22-38 dBA).<\/li>\n<li>Patalp\u0173 oro steb\u0117jimas (dr\u0117gm\u0117, temperat\u016bra, CO2).<\/li>\n<li>\u012esiurbiamo oro valymas naudojant pirmin\u012f filtr\u0105 + centrin\u012f filtr\u0105 + HEPA filtr\u0105 su aktyviosios anglies filtru.<\/li>\n<li>Plonas, lengvas, kompakti\u0161kas.<\/li>\n<li>Galima valdyti per program\u0117l\u0119.<\/li>\n<li>8 grei\u010di\u0173 nuolatin\u0117s srov\u0117s variklis.<\/li>\n<\/ul>\n<p><strong>Technin\u0117 informacija:<\/strong><\/p>\n<ul>\n<li>\u012etampa: 100V ~ 240V AC \/50-60Hz<\/li>\n<li>Galia (W): 12,6 - 43,8<\/li>\n<li>Srov\u0117s stipris (A): 0,16 - 0,37<\/li>\n<li>Oro srautas: 50-150m3\/h<\/li>\n<li>Garso sl\u0117gio lygis (dBA): 22,6 - 37,9<\/li>\n<li>Matmenys: 450x155x660 mm<\/li>\n<li>Svoris: 10 kg<\/li>\n<\/ul>","protected":false},"excerpt":{"rendered":"<p><strong>Weston Climate<\/strong> veiksminga <strong>WERV sieninis rekuperacinis v\u0117dinimo \u012frenginys<\/strong>\u00a0u\u017etikrina auk\u0161t\u0105 oro kokyb\u0119, nes vienu metu stebi dr\u0117gm\u0117s, temperat\u016bros ir CO2 lyg\u012f. \u017demas 22-38 dBA triuk\u0161mo lygis u\u017etikrina tyli\u0105 ir netrikdom\u0105 bet kokios veiklos patalp\u0105. Greitas ir paprastas montavimas per i\u0161orin\u0119 sien\u0105 yra kiekvienam pasiekiamas, o vienu metu galima valdyti kelis \u012frenginius grup\u0117je. \u012erenginys pagamintas pagal u\u017esakym\u0105 ir pritaikytas Europos ir Skandinavijos reikalavimams.<\/p>\n<p><strong>Pristatymo laikas iki 45 darbo dien\u0173.<\/strong><\/p>","protected":false},"featured_media":7643,"template":"","meta":[],"product_brand":[],"product_cat":[124,35],"product_tag":[],"class_list":{"0":"post-4277","1":"product","2":"type-product","3":"status-publish","4":"has-post-thumbnail","6":"product_cat-lokaalsed","7":"product_cat-ventilatsiooniseadmed","9":"first","10":"onbackorder","11":"taxable","12":"shipping-taxable","13":"purchasable","14":"product-type-variable"},"_links":{"self":[{"href":"https:\/\/westonclimate.com\/lt\/wp-json\/wp\/v2\/product\/4277","targetHints":{"allow":["GET"]}}],"collection":[{"href":"https:\/\/westonclimate.com\/lt\/wp-json\/wp\/v2\/product"}],"about":[{"href":"https:\/\/westonclimate.com\/lt\/wp-json\/wp\/v2\/types\/product"}],"version-history":[{"count":6,"href":"https:\/\/westonclimate.com\/lt\/wp-json\/wp\/v2\/product\/4277\/revisions"}],"predecessor-version":[{"id":9315,"href":"https:\/\/westonclimate.com\/lt\/wp-json\/wp\/v2\/product\/4277\/revisions\/9315"}],"wp:featuredmedia":[{"embeddable":true,"href":"https:\/\/westonclimate.com\/lt\/wp-json\/wp\/v2\/media\/7643"}],"wp:attachment":[{"href":"https:\/\/westonclimate.com\/lt\/wp-json\/wp\/v2\/media?parent=4277"}],"wp:term":[{"taxonomy":"product_brand","embeddable":true,"href":"https:\/\/westonclimate.com\/lt\/wp-json\/wp\/v2\/product_brand?post=4277"},{"taxonomy":"product_cat","embeddable":true,"href":"https:\/\/westonclimate.com\/lt\/wp-json\/wp\/v2\/product_cat?post=4277"},{"taxonomy":"product_tag","embeddable":true,"href":"https:\/\/westonclimate.com\/lt\/wp-json\/wp\/v2\/product_tag?post=4277"}],"curies":[{"name":"wp","href":"https:\/\/api.w.org\/{rel}","templated":true}]}}