{"id":4330,"date":"2024-07-05T10:24:33","date_gmt":"2024-07-05T10:24:33","guid":{"rendered":"https:\/\/wmdcompany.eu\/?post_type=product&#038;p=4330"},"modified":"2026-01-16T13:45:25","modified_gmt":"2026-01-16T13:45:25","slug":"weston-climate-evo-seeria-450-550m3-soojustagastusega-ventilatsiooniseade","status":"publish","type":"product","link":"https:\/\/westonclimate.com\/lt\/tooted\/weston-climate-evo-serijos-450-550m3-rekuperacinis-vedinimo-irenginys\/","title":{"rendered":"\"Weston Climate Evo\" serijos 450-550 m3 rekuperacinis v\u0117dinimo \u012frenginys"},"content":{"rendered":"<p><strong>Funkcijos:<\/strong><\/p>\n<ul>\n<li>Kompakti\u0161ka konstrukcija, tinkama montuoti \u012f lubas ir \u012f sien\u0105<\/li>\n<li>Pra\u0117jusi\u0105 savait\u0119 i\u0161 \u0161ilumokai\u010dio<\/li>\n<li>Didelio statinio sl\u0117gio, energij\u0105 taupantis elektronin\u0117s komutacijos EC (BLDC) variklis<\/li>\n<li>Energijos vartojimo efektyvumas iki 96%<\/li>\n<li>Standartin\u0117 vasaros aplinkkelio integracija<\/li>\n<li>Puikus veikimas<\/li>\n<li>Mugav alumine hoolduspaneel &#8211; lihtne filtrihooldus<\/li>\n<li>Patalp\u0173 temperat\u016bros ir santykin\u0117s dr\u0117gm\u0117s jutikliai<\/li>\n<li>Atitiktis: EU1253\/2014 ErP EcoDesign<\/li>\n<li>Madal energiatarve &#8211; A+ energiam\u00e4rgis<\/li>\n<\/ul>\n<p><strong>Valdymo funkcijos:<\/strong><\/p>\n<ul>\n<li>Integruota valdymo sistema<\/li>\n<li>HD 7 coli\u0173 spalvotas jutiklinis ekranas su realaus laiko patalp\u0173 oro kokyb\u0117s ekranu<\/li>\n<li>Vietos paklausos valdymas naudojant kintamo grei\u010dio<\/li>\n<li>Modbus RS485 i\u0161maniojo namo jungtis<\/li>\n<li>IAQ (patalp\u0173 oro kokyb\u0117s) jutikliai CO2\/PM2.5\/vOCid\/TEMP\/RH<\/li>\n<li>Si\u016bloma savaitin\u0117 operacija<\/li>\n<li>Pasirinktinai atskiras ventiliatoriaus valdymas<\/li>\n<li>Keli\u0173 i\u0161orini\u0173 CO2\/RH\/TEMP jutikli\u0173 prijungimas<\/li>\n<li>Keli\u0173 i\u0161orini\u0173 stiprinimo jungikli\u0173 prijungimas<\/li>\n<li>\u012eleidimo \/ sintez\u0117s \/ IAQ automatizavimas<\/li>\n<li>Galima \u012fsigyti su nuotolinio valdymo pultu<\/li>\n<li>Prane\u0161imas apie atvirk\u0161tin\u012f filtro nuskaitym\u0105 \/ keitim\u0105<\/li>\n<li>Visi valdymo skydelio nustatymai<\/li>\n<\/ul>\n<p><strong>Technin\u0117 informacija:<\/strong><\/p>\n<ul>\n<li>Ventiliacijos variklio tipas: EC<\/li>\n<li>Did\u017eiausias oro srautas (m3\/h):\u00a0<strong><em>450@100Pa \/ 500@100Pa \/ 550@100Pa<\/em><\/strong><\/li>\n<li>Maksimali vardin\u0117 galia:\u00a0<strong><em>230V-50Hz; 235W; 1,6A \/ 230V-50Hz; 310W; 2A \/ 230V-50Hz; 370W; 2,4A<\/em><\/strong><\/li>\n<li>Maitinimo \u012fvesties diapazonas: 200-240 V; 50\/60 Hz<\/li>\n<li>Svoris (kg): 77<\/li>\n<li>Filtras: G4<\/li>\n<li>Maitinimo filtras: G4, F8 (pasirinktinai)<\/li>\n<li>Did\u017eiausias statinis sl\u0117gis (Pa):\u00a0<strong><em>570 \/ 570 \/ 570<\/em><\/strong><\/li>\n<li>\u0160ilumokai\u010dio tipas: prie\u0161prie\u0161inis srautas<\/li>\n<li>Energijos vartojimo efektyvumas (%):\u00a0<strong><em>87-96 \/ 84-96 \/ 80-96<\/em><\/strong><\/li>\n<li>Vidin\u0117 izoliacin\u0117 med\u017eiaga: put\u0173 polietilenas<\/li>\n<li>Korpuso med\u017eiaga: dengta plieno skarda<\/li>\n<li>Perduodamo oro temperat\u016bra (C): nuo -25 iki +50<\/li>\n<li>Darbo aplinkos temperat\u016bra (C): nuo +5 iki +40<\/li>\n<li>Santykin\u0117 darbo aplinkos dr\u0117gm\u0117 (%): ma\u017eesn\u0117 nei 80<\/li>\n<li>Prijungto oro kanalo anga (mm): 200<\/li>\n<\/ul>","protected":false},"excerpt":{"rendered":"<p><strong>Weston Climate<\/strong><strong> \"CS Evo\" serijos 450-550 m3 rekuperacinis v\u0117dinimo \u012frenginys <\/strong>yra kompakti\u0161kos konstrukcijos ir skirti montuoti \u012fleistai arba \u012fleistai. Tinka naudoti ma\u017euose ir vidutinio dyd\u017eio priva\u010diuose namuose, biuruose, gyvenamosiose patalpose, sporto sal\u0117se, medicinos \u012fstaigose, parduotuv\u0117se, vie\u0161bu\u010diuose, mokymo \u012fstaigose, maitinimo \u012fstaigose ir kt. <strong>\"Evo\" serijos 450-550 m3 rekuperacinis v\u0117dinimo \u012frenginys<\/strong> buvo u\u017esakytos ir pritaikytos pagal Europos ir Skandinavijos reikalavimus. \u012erenginio konstrukcijoje naudojamos auk\u0161tos kokyb\u0117s med\u017eiagos, kad CS serijos \u012frenginiai b\u016bt\u0173 nepriekai\u0161tingi ir itin tyl\u016bs. \u0160iuolaikin\u0117s technologijos u\u017etikrina \u012frenginio patikimum\u0105 ir ilg\u0105 tarnavimo laik\u0105. CS serijos \u012frenginys montuojamas labai paprastai ir yra pasiekiamas kiekvienam iniciatyviam \u0161eimos vyrui ar moteriai.<\/p>\n<table style=\"border-collapse: collapse; width: 96pt;\" border=\"0\" width=\"128\" cellspacing=\"0\" cellpadding=\"0\">\n<tbody>\n<tr style=\"height: 15.0pt;\">\n<td style=\"height: 15.0pt; width: 48pt;\" width=\"64\" height=\"20\"><a href=\"https:\/\/westonclimate.com\/wp-content\/uploads\/2026\/01\/CE-Certificate-CS-SERIES-1.pdf\" target=\"_blank\" rel=\"noopener\"><img fetchpriority=\"high\" decoding=\"async\" class=\"alignnone size-medium wp-image-10923\" src=\"https:\/\/westonclimate.com\/wp-content\/uploads\/2024\/06\/CS-sert-213x300.png\" alt=\"\" width=\"213\" height=\"300\" srcset=\"https:\/\/westonclimate.com\/wp-content\/uploads\/2024\/06\/CS-sert-213x300.png 213w, https:\/\/westonclimate.com\/wp-content\/uploads\/2024\/06\/CS-sert-727x1024.png 727w, https:\/\/westonclimate.com\/wp-content\/uploads\/2024\/06\/CS-sert-768x1082.png 768w, https:\/\/westonclimate.com\/wp-content\/uploads\/2024\/06\/CS-sert-9x12.png 9w, https:\/\/westonclimate.com\/wp-content\/uploads\/2024\/06\/CS-sert-600x846.png 600w, https:\/\/westonclimate.com\/wp-content\/uploads\/2024\/06\/CS-sert.png 894w\" sizes=\"(max-width: 213px) 100vw, 213px\" \/><\/a><\/td>\n<td style=\"width: 48pt;\" width=\"64\"><a href=\"https:\/\/westonclimate.com\/wp-content\/uploads\/2024\/07\/CE-Certificate-CS-SERIES-2.pdf\" target=\"_blank\" rel=\"noopener\"><img decoding=\"async\" class=\"alignnone size-medium wp-image-10956\" src=\"https:\/\/westonclimate.com\/wp-content\/uploads\/2024\/07\/CS-sert_2-207x300.png\" alt=\"\" width=\"207\" height=\"300\" srcset=\"https:\/\/westonclimate.com\/wp-content\/uploads\/2024\/07\/CS-sert_2-207x300.png 207w, https:\/\/westonclimate.com\/wp-content\/uploads\/2024\/07\/CS-sert_2-707x1024.png 707w, https:\/\/westonclimate.com\/wp-content\/uploads\/2024\/07\/CS-sert_2-768x1112.png 768w, https:\/\/westonclimate.com\/wp-content\/uploads\/2024\/07\/CS-sert_2-8x12.png 8w, https:\/\/westonclimate.com\/wp-content\/uploads\/2024\/07\/CS-sert_2-600x869.png 600w, https:\/\/westonclimate.com\/wp-content\/uploads\/2024\/07\/CS-sert_2.png 862w\" sizes=\"(max-width: 207px) 100vw, 207px\" \/><\/a><\/td>\n<\/tr>\n<\/tbody>\n<\/table>\n<p><strong>Pristatymo laikas iki 45 darbo dien\u0173.<\/strong><\/p>","protected":false},"featured_media":5163,"template":"","meta":[],"product_brand":[],"product_cat":[121,35],"product_tag":[],"class_list":{"0":"post-4330","1":"product","2":"type-product","3":"status-publish","4":"has-post-thumbnail","6":"product_cat-laeventilatsioon","7":"product_cat-ventilatsiooniseadmed","9":"first","10":"instock","11":"taxable","12":"shipping-taxable","13":"purchasable","14":"product-type-variable"},"_links":{"self":[{"href":"https:\/\/westonclimate.com\/lt\/wp-json\/wp\/v2\/product\/4330","targetHints":{"allow":["GET"]}}],"collection":[{"href":"https:\/\/westonclimate.com\/lt\/wp-json\/wp\/v2\/product"}],"about":[{"href":"https:\/\/westonclimate.com\/lt\/wp-json\/wp\/v2\/types\/product"}],"version-history":[{"count":9,"href":"https:\/\/westonclimate.com\/lt\/wp-json\/wp\/v2\/product\/4330\/revisions"}],"predecessor-version":[{"id":10958,"href":"https:\/\/westonclimate.com\/lt\/wp-json\/wp\/v2\/product\/4330\/revisions\/10958"}],"wp:featuredmedia":[{"embeddable":true,"href":"https:\/\/westonclimate.com\/lt\/wp-json\/wp\/v2\/media\/5163"}],"wp:attachment":[{"href":"https:\/\/westonclimate.com\/lt\/wp-json\/wp\/v2\/media?parent=4330"}],"wp:term":[{"taxonomy":"product_brand","embeddable":true,"href":"https:\/\/westonclimate.com\/lt\/wp-json\/wp\/v2\/product_brand?post=4330"},{"taxonomy":"product_cat","embeddable":true,"href":"https:\/\/westonclimate.com\/lt\/wp-json\/wp\/v2\/product_cat?post=4330"},{"taxonomy":"product_tag","embeddable":true,"href":"https:\/\/westonclimate.com\/lt\/wp-json\/wp\/v2\/product_tag?post=4330"}],"curies":[{"name":"wp","href":"https:\/\/api.w.org\/{rel}","templated":true}]}}