{"id":4359,"date":"2024-07-05T11:03:06","date_gmt":"2024-07-05T11:03:06","guid":{"rendered":"https:\/\/wmdcompany.eu\/?post_type=product&#038;p=4359"},"modified":"2025-12-14T14:51:59","modified_gmt":"2025-12-14T14:51:59","slug":"weston-climate-juhtpaneel-vk2-35-wifi-rakendus","status":"publish","type":"product","link":"https:\/\/westonclimate.com\/lt\/tooted\/weston-klimato-kontroles-skydelis-vk2-35-wifi-programa\/","title":{"rendered":"\"Weston\" klimato valdymo skydelis VK2-3,5\" (Wifi + program\u0117l\u0117)"},"content":{"rendered":"<ul>\n<li>3,5 coli\u0173 ekranas<\/li>\n<li>\"Wifi\" ir program\u0117le pagr\u012fstas valdymas<\/li>\n<li>Nepriklausomas ventiliatoriaus valdymas<\/li>\n<li>Filtr\u0173 valdymas su laikma\u010diu ir prane\u0161imais<\/li>\n<li>Savaitinis darbas pagal grafik\u0105<\/li>\n<li>Ventiliacijos padid\u0117jimo funkcija<\/li>\n<\/ul>","protected":false},"excerpt":{"rendered":"<p>Weston Klimatas 3,5 tollino <strong>valdymo pultas VK2<\/strong> (Wi-Fi + program\u0117l\u0117). Labai paprasta, kompakti\u0161ka ir lengva valdymo sistema, kuri\u0105 \u012fvaldyti lengva kiekvienam.<span lang=\"ET\">.\u00a0<\/span><\/p>\n<p><strong>Pristatymo laikas iki 45 darbo dien\u0173.<\/strong><\/p>","protected":false},"featured_media":4364,"template":"","meta":[],"product_brand":[],"product_cat":[35],"product_tag":[],"class_list":{"0":"post-4359","1":"product","2":"type-product","3":"status-publish","4":"has-post-thumbnail","6":"product_cat-ventilatsiooniseadmed","8":"first","9":"instock","10":"taxable","11":"shipping-taxable","12":"purchasable","13":"product-type-simple"},"_links":{"self":[{"href":"https:\/\/westonclimate.com\/lt\/wp-json\/wp\/v2\/product\/4359","targetHints":{"allow":["GET"]}}],"collection":[{"href":"https:\/\/westonclimate.com\/lt\/wp-json\/wp\/v2\/product"}],"about":[{"href":"https:\/\/westonclimate.com\/lt\/wp-json\/wp\/v2\/types\/product"}],"version-history":[{"count":6,"href":"https:\/\/westonclimate.com\/lt\/wp-json\/wp\/v2\/product\/4359\/revisions"}],"predecessor-version":[{"id":9325,"href":"https:\/\/westonclimate.com\/lt\/wp-json\/wp\/v2\/product\/4359\/revisions\/9325"}],"wp:featuredmedia":[{"embeddable":true,"href":"https:\/\/westonclimate.com\/lt\/wp-json\/wp\/v2\/media\/4364"}],"wp:attachment":[{"href":"https:\/\/westonclimate.com\/lt\/wp-json\/wp\/v2\/media?parent=4359"}],"wp:term":[{"taxonomy":"product_brand","embeddable":true,"href":"https:\/\/westonclimate.com\/lt\/wp-json\/wp\/v2\/product_brand?post=4359"},{"taxonomy":"product_cat","embeddable":true,"href":"https:\/\/westonclimate.com\/lt\/wp-json\/wp\/v2\/product_cat?post=4359"},{"taxonomy":"product_tag","embeddable":true,"href":"https:\/\/westonclimate.com\/lt\/wp-json\/wp\/v2\/product_tag?post=4359"}],"curies":[{"name":"wp","href":"https:\/\/api.w.org\/{rel}","templated":true}]}}