{"id":4368,"date":"2024-07-05T11:09:12","date_gmt":"2024-07-05T11:09:12","guid":{"rendered":"https:\/\/wmdcompany.eu\/?post_type=product&#038;p=4368"},"modified":"2025-12-13T18:17:49","modified_gmt":"2025-12-13T18:17:49","slug":"weston-climate-juhtpaneel-vk8-7-wifi-rakendus","status":"publish","type":"product","link":"https:\/\/westonclimate.com\/lt\/tooted\/weston-klimato-kontroles-skydelis-vk8-7-wifi-programa\/","title":{"rendered":"\"Weston\" klimato kontrol\u0117s skydelis VK8-7\u2033 (Wifi + program\u0117l\u0117)"},"content":{"rendered":"<ul>\n<li>HD 7 coli\u0173 spalvotas jutiklinis ekranas<\/li>\n<li>Realaus laiko patalp\u0173 oro kokyb\u0117s rodinys<\/li>\n<li>Integruota valdymo sistema<\/li>\n<li>Kintamo grei\u010dio reguliavimas pagal poreik\u012f<\/li>\n<li>\"Modbus RS485 Smart Home\" jungtis<\/li>\n<li>Patalp\u0173 oro jutikliai: Co2, PM2,5, LOJ, temperat\u016bra, santykin\u0117 oro dr\u0117gm\u0117<\/li>\n<li>Savaitinis suplanuotas darbas<\/li>\n<li>Pasirinktinai atskiras ventiliatoriaus valdymas<\/li>\n<li>Galimyb\u0117 prijungti i\u0161orinius jutiklius: Co2, RH, Temp<\/li>\n<li>Matavimo srautas, lydymas, IAQ automatizavimas<\/li>\n<li>Valdymas per \"Wifi\" + program\u0117l\u0119<\/li>\n<li>Prane\u0161imas apie filtro keitim\u0105<\/li>\n<li>Visi\u0161kas valdymas per valdymo skydel\u012f<\/li>\n<\/ul>","protected":false},"excerpt":{"rendered":"<p><strong>Weston Climate<\/strong> 7 coli\u0173 VK8 valdymo skydelis (Wifi + program\u0117l\u0117). Pa\u017eangiausia, visapusi\u0161kai funkcionali valdymo sistema, kad j\u016bs\u0173 nam\u0173 klimatas b\u016bt\u0173 toks, kokio norite. D\u0117l HD 7 coli\u0173 ekrano j\u0105 ypa\u010d lengva naudoti ir prieinama kiekvienam. <strong>Valdymo skydelis yra komplekte su visais \"Weston Climate\" \u012frenginiais.<\/strong><\/p>\n<p><strong>Pristatymo laikas iki 45 darbo dien\u0173.<\/strong><\/p>","protected":false},"featured_media":5164,"template":"","meta":[],"product_brand":[],"product_cat":[35],"product_tag":[],"class_list":{"0":"post-4368","1":"product","2":"type-product","3":"status-publish","4":"has-post-thumbnail","6":"product_cat-ventilatsiooniseadmed","8":"first","9":"instock","10":"taxable","11":"shipping-taxable","12":"purchasable","13":"product-type-simple"},"_links":{"self":[{"href":"https:\/\/westonclimate.com\/lt\/wp-json\/wp\/v2\/product\/4368","targetHints":{"allow":["GET"]}}],"collection":[{"href":"https:\/\/westonclimate.com\/lt\/wp-json\/wp\/v2\/product"}],"about":[{"href":"https:\/\/westonclimate.com\/lt\/wp-json\/wp\/v2\/types\/product"}],"version-history":[{"count":9,"href":"https:\/\/westonclimate.com\/lt\/wp-json\/wp\/v2\/product\/4368\/revisions"}],"predecessor-version":[{"id":9326,"href":"https:\/\/westonclimate.com\/lt\/wp-json\/wp\/v2\/product\/4368\/revisions\/9326"}],"wp:featuredmedia":[{"embeddable":true,"href":"https:\/\/westonclimate.com\/lt\/wp-json\/wp\/v2\/media\/5164"}],"wp:attachment":[{"href":"https:\/\/westonclimate.com\/lt\/wp-json\/wp\/v2\/media?parent=4368"}],"wp:term":[{"taxonomy":"product_brand","embeddable":true,"href":"https:\/\/westonclimate.com\/lt\/wp-json\/wp\/v2\/product_brand?post=4368"},{"taxonomy":"product_cat","embeddable":true,"href":"https:\/\/westonclimate.com\/lt\/wp-json\/wp\/v2\/product_cat?post=4368"},{"taxonomy":"product_tag","embeddable":true,"href":"https:\/\/westonclimate.com\/lt\/wp-json\/wp\/v2\/product_tag?post=4368"}],"curies":[{"name":"wp","href":"https:\/\/api.w.org\/{rel}","templated":true}]}}