{"id":4952,"date":"2024-10-30T07:55:21","date_gmt":"2024-10-30T07:55:21","guid":{"rendered":"https:\/\/wmdcompany.eu\/?post_type=product&#038;p=4952"},"modified":"2025-11-23T09:23:29","modified_gmt":"2025-11-23T09:23:29","slug":"weston-climate-r32-monoblock-evi-inverter-ohk-vesi-soojuspump-230v-9-5kw","status":"publish","type":"product","link":"https:\/\/westonclimate.com\/lt\/tooted\/weston-climate-r32-monoblokas-evi-inverteris-ohk-vandens-silumos-siurblys-230v-9-5kw\/","title":{"rendered":"WESTON CLIMATE R32 MONOBLOCK EVI Inverterinis \u0161ilumos siurblys oras-vanduo 230V 9,5 kW"},"content":{"rendered":"<ul>\n<li>Maitinimo \u012ftampa:\u00a0<strong>220 &#8211; 230V<\/strong><\/li>\n<li>Energijos klas\u0117:\u00a0<strong>A+++<\/strong><\/li>\n<li>Nominali \u0161ildymo galia:\u00a0<strong>9,5 kW<\/strong><\/li>\n<li>\u0160ildymo galios diapazonas:<strong>\u00a02 - 9,5 kW<\/strong><\/li>\n<li>\u0160ildymo galia:\u00a0<strong>2,18 &#8211; 3,14 kW<\/strong><\/li>\n<li>COP:\u00a0<strong>iki<\/strong>\u00a0<strong>4,35 W\/W<\/strong><\/li>\n<li>Au\u0161inimo paj\u0117gumas:\u00a0<strong>8,6 kW<\/strong><\/li>\n<li>Au\u0161inimo \u012fvesties galia:\u00a0<strong>2,84<\/strong>\u00a0<strong>kW<\/strong><\/li>\n<li>EER:<strong>\u00a0iki 3,43 W\/W<\/strong><\/li>\n<li>Vandens srauto greitis:\u00a0<strong>1,5 m3\/h<\/strong><\/li>\n<li>Au\u0161inimo skys\u010dio tipas:\u00a0<strong>R32<\/strong><\/li>\n<li>Lauko oro temperat\u016bra:\u00a0<strong>-35-43 \u00b0C<\/strong><\/li>\n<li>Siurblio svoris:\u00a0<strong>91 kg<\/strong><\/li>\n<li>Siurblio matmenys (ilgis, plotis, auk\u0161tis):<strong>\u00a01127 \/ 475 \/ 810 mm<\/strong><\/li>\n<li>Pakuot\u0117s svoris:\u00a0<strong>106 kg<\/strong><\/li>\n<li>Siurblio matmenys (ilgis, plotis, auk\u0161tis):<strong>\u00a01195 \/ 535 \/ 960 mm<\/strong><\/li>\n<\/ul>","protected":false},"excerpt":{"rendered":"<p><strong>WESTON CLIMATE R32 EVI Full DC Inverter oras-vanduo \u0161ilumos siurblys 230V 9,5 kW.<\/strong> Funkcijos: \u0161ildymo re\u017eimas, v\u0117sinimo re\u017eimas, kar\u0161to vandens re\u017eimas, \"WiFi\" valdymas, valdymas telefonu, \"SG ready\", saul\u0117s kolektori\u0173 palaikymas (PV sistema), \"Panasonic\" kompresorius.<\/p>\n<p>Jame naudojamas aplinkai nekenksmingas \u0161aldymo agentas R32, o nuo -8 \u00b0C \u012fsijungia EVI technologija, kuri gerokai suma\u017eina energijos s\u0105naudas esant minusinei temperat\u016brai tiek kar\u0161to vandens gamybai, tiek \u0161ildymui. \u012erenginys taip pat ekonomi\u0161kai veikia esant -35 \u00b0C aplinkos temperat\u016brai ir naudoja nuolatin\u0117s srov\u0117s inverterio technologij\u0105, u\u017etikrinan\u010di\u0105 skland\u0173 ir pastov\u0173 veikim\u0105.<\/p>\n<p>Rekomenduojamas pavir\u0161iaus plotas (gerai izoliacijai u\u017etikrinti): iki 170 m2<\/p>","protected":false},"featured_media":10404,"template":"","meta":[],"product_brand":[],"product_cat":[117,116,63,114,65],"product_tag":[],"class_list":{"0":"post-4952","1":"product","2":"type-product","3":"status-publish","4":"has-post-thumbnail","6":"product_cat-monobloc-weston-r32-230","7":"product_cat-monobloc-weston-r32","8":"product_cat-soojuspumbad","9":"product_cat-monobloc-weston-climate","10":"product_cat-soojuspump-monobloc","12":"first","13":"instock","14":"taxable","15":"shipping-taxable","16":"purchasable","17":"product-type-simple"},"_links":{"self":[{"href":"https:\/\/westonclimate.com\/lt\/wp-json\/wp\/v2\/product\/4952","targetHints":{"allow":["GET"]}}],"collection":[{"href":"https:\/\/westonclimate.com\/lt\/wp-json\/wp\/v2\/product"}],"about":[{"href":"https:\/\/westonclimate.com\/lt\/wp-json\/wp\/v2\/types\/product"}],"version-history":[{"count":4,"href":"https:\/\/westonclimate.com\/lt\/wp-json\/wp\/v2\/product\/4952\/revisions"}],"predecessor-version":[{"id":9358,"href":"https:\/\/westonclimate.com\/lt\/wp-json\/wp\/v2\/product\/4952\/revisions\/9358"}],"wp:featuredmedia":[{"embeddable":true,"href":"https:\/\/westonclimate.com\/lt\/wp-json\/wp\/v2\/media\/10404"}],"wp:attachment":[{"href":"https:\/\/westonclimate.com\/lt\/wp-json\/wp\/v2\/media?parent=4952"}],"wp:term":[{"taxonomy":"product_brand","embeddable":true,"href":"https:\/\/westonclimate.com\/lt\/wp-json\/wp\/v2\/product_brand?post=4952"},{"taxonomy":"product_cat","embeddable":true,"href":"https:\/\/westonclimate.com\/lt\/wp-json\/wp\/v2\/product_cat?post=4952"},{"taxonomy":"product_tag","embeddable":true,"href":"https:\/\/westonclimate.com\/lt\/wp-json\/wp\/v2\/product_tag?post=4952"}],"curies":[{"name":"wp","href":"https:\/\/api.w.org\/{rel}","templated":true}]}}