{"id":4996,"date":"2024-10-30T07:55:22","date_gmt":"2024-10-30T07:55:22","guid":{"rendered":"https:\/\/wmdcompany.eu\/?post_type=product&#038;p=4996"},"modified":"2026-02-17T20:29:55","modified_gmt":"2026-02-17T20:29:55","slug":"weston-climate-r290-monoblock-evi-inverter-ohk-vesi-soojuspump-230v-12kw","status":"publish","type":"product","link":"https:\/\/westonclimate.com\/lt\/tooted\/weston-climate-r290-monoblokas-evi-inverteris-ohc-vandens-silumos-siurblys-230v-12kw\/","title":{"rendered":"WESTON CLIMATE R290 MONOBLOCK EVI Inverterinis \u0161ilumos siurblys oras-vanduo 230V 12kW"},"content":{"rendered":"<ul>\n<li>Maitinimo \u012ftampa:\u00a0<strong>220 &#8211; 240V<\/strong><\/li>\n<li>Energijos klas\u0117:<strong>\u00a0A+++<\/strong><\/li>\n<li>Nominali \u0161ildymo galia:\u00a0<strong>12 kW<\/strong><\/li>\n<li>\u0160ildymo galios diapazonas:<strong>\u00a02,8-12 kW<\/strong><\/li>\n<li>\u0160ildymo galia:\u00a0<strong>2,6 &#8211; 2,68 kW<\/strong><\/li>\n<li>COP:\u00a0<strong>iki 4,31 W\/W<\/strong><\/li>\n<li>Au\u0161inimo paj\u0117gumas:\u00a0<strong>8,89 kW<\/strong><\/li>\n<li>Au\u0161inimo \u012fvesties galia:\u00a0<strong>3,34 kW<\/strong><\/li>\n<li>EER:\u00a0<strong>iki 2,66 W\/W<\/strong><\/li>\n<li>Au\u0161inimo skys\u010dio tipas:<strong>\u00a0R290<\/strong><\/li>\n<li>Lauko oro temperat\u016bra:\u00a0<strong>-35-43 \u00b0C<\/strong><\/li>\n<li>Vandens temperat\u016bra prie\u0161 srov\u0119 iki:<strong>\u00a075\u00b0C<\/strong><\/li>\n<li>Siurblio svoris:\u00a0<strong>104 kg<\/strong><\/li>\n<li>Siurblio matmenys (ilgis, plotis, auk\u0161tis):\u00a0<strong>1205 \/ 475 \/ 815 mm<\/strong><\/li>\n<li>Pakuot\u0117s svoris:\u00a0<strong>119 kg<\/strong><\/li>\n<li>Pakuot\u0117s matmenys (ilgis, plotis, auk\u0161tis):\u00a0<strong>1270 \/ 560 \/ 960 mm<\/strong><\/li>\n<\/ul>","protected":false},"excerpt":{"rendered":"<p><strong>Weston Climate R290 MONOBLOCK EVI Full DC Inverter oras-vanduo \u0161ilumos siurblys 230V 12kW.<\/strong> Funkcijos: \u0161ildymo re\u017eimas, v\u0117sinimo re\u017eimas, kar\u0161to vandens re\u017eimas, \"WiFi\" valdymas, valdymas telefonu, \"SG ready\", saul\u0117s kolektori\u0173 palaikymas (PV sistema), GMCC kompresorius, ma\u017eas triuk\u0161mas.<\/p>\n<p>Naudojant R290 au\u0161inimo skyst\u012f galima gaminti auk\u0161tos temperat\u016bros vanden\u012f (iki 75 \u00b0C), o nuo -8 \u00b0C \u012fjungiama EVI technologija, kuri gerokai suma\u017eina energijos s\u0105naudas esant minusinei temperat\u016brai tiek kar\u0161to vandens gamybai, tiek \u0161ildymui. \u012erenginys taip pat ekonomi\u0161kai veikia esant -35 \u00b0C aplinkos temperat\u016brai, o skland\u017eiam ir pastoviam darbui u\u017etikrinti naudojama nuolatin\u0117s srov\u0117s inverterio technologija.<\/p>\n<p>Rekomenduojamas pavir\u0161iaus plotas (gerai izoliacijai u\u017etikrinti): iki 220 m2.<\/p>\n<table style=\"border-collapse: collapse; width: 144pt;\" border=\"0\" width=\"192\" cellspacing=\"0\" cellpadding=\"0\">\n<tbody>\n<tr style=\"height: 14.4pt;\">\n<td style=\"height: 14.4pt; width: 48pt;\" width=\"64\" height=\"19\"><a href=\"https:\/\/westonclimate.com\/wp-content\/uploads\/2026\/02\/CB-certification-1-phase-R290-heating-coolingdomestic-hot-water-heat-pump.pdf\" target=\"_blank\" rel=\"noopener\"><img fetchpriority=\"high\" decoding=\"async\" class=\"alignnone size-medium wp-image-11118\" src=\"https:\/\/westonclimate.com\/wp-content\/uploads\/2024\/10\/Cert_290_1-208x300.png\" alt=\"\" width=\"208\" height=\"300\" srcset=\"https:\/\/westonclimate.com\/wp-content\/uploads\/2024\/10\/Cert_290_1-208x300.png 208w, https:\/\/westonclimate.com\/wp-content\/uploads\/2024\/10\/Cert_290_1-711x1024.png 711w, https:\/\/westonclimate.com\/wp-content\/uploads\/2024\/10\/Cert_290_1-768x1106.png 768w, https:\/\/westonclimate.com\/wp-content\/uploads\/2024\/10\/Cert_290_1-8x12.png 8w, https:\/\/westonclimate.com\/wp-content\/uploads\/2024\/10\/Cert_290_1-600x864.png 600w, https:\/\/westonclimate.com\/wp-content\/uploads\/2024\/10\/Cert_290_1.png 784w\" sizes=\"(max-width: 208px) 100vw, 208px\" \/><\/a><\/td>\n<td style=\"width: 48pt;\" width=\"64\"><a href=\"https:\/\/westonclimate.com\/wp-content\/uploads\/2026\/02\/CE-EMC.pdf\" target=\"_blank\" rel=\"noopener\"><img decoding=\"async\" class=\"alignnone size-medium wp-image-11120\" src=\"https:\/\/westonclimate.com\/wp-content\/uploads\/2024\/10\/Cert_290_3-210x300.png\" alt=\"\" width=\"210\" height=\"300\" srcset=\"https:\/\/westonclimate.com\/wp-content\/uploads\/2024\/10\/Cert_290_3-210x300.png 210w, https:\/\/westonclimate.com\/wp-content\/uploads\/2024\/10\/Cert_290_3-716x1024.png 716w, https:\/\/westonclimate.com\/wp-content\/uploads\/2024\/10\/Cert_290_3-768x1098.png 768w, https:\/\/westonclimate.com\/wp-content\/uploads\/2024\/10\/Cert_290_3-8x12.png 8w, https:\/\/westonclimate.com\/wp-content\/uploads\/2024\/10\/Cert_290_3-600x858.png 600w, https:\/\/westonclimate.com\/wp-content\/uploads\/2024\/10\/Cert_290_3.png 801w\" sizes=\"(max-width: 210px) 100vw, 210px\" \/><\/a><\/td>\n<td style=\"width: 48pt;\" width=\"64\"><a href=\"https:\/\/westonclimate.com\/wp-content\/uploads\/2026\/02\/ROHS-test-report-R290-heatingcooling-heat-pump.pdf\" target=\"_blank\" rel=\"noopener\"><img decoding=\"async\" class=\"alignnone size-medium wp-image-11121\" src=\"https:\/\/westonclimate.com\/wp-content\/uploads\/2024\/10\/Cert_290_4-221x300.png\" alt=\"\" width=\"221\" height=\"300\" srcset=\"https:\/\/westonclimate.com\/wp-content\/uploads\/2024\/10\/Cert_290_4-221x300.png 221w, https:\/\/westonclimate.com\/wp-content\/uploads\/2024\/10\/Cert_290_4-754x1024.png 754w, https:\/\/westonclimate.com\/wp-content\/uploads\/2024\/10\/Cert_290_4-768x1043.png 768w, https:\/\/westonclimate.com\/wp-content\/uploads\/2024\/10\/Cert_290_4-9x12.png 9w, https:\/\/westonclimate.com\/wp-content\/uploads\/2024\/10\/Cert_290_4-600x815.png 600w, https:\/\/westonclimate.com\/wp-content\/uploads\/2024\/10\/Cert_290_4.png 896w\" sizes=\"(max-width: 221px) 100vw, 221px\" \/><\/a><\/td>\n<\/tr>\n<tr style=\"height: 14.4pt;\">\n<td style=\"height: 14.4pt;\" height=\"19\"><a href=\"https:\/\/westonclimate.com\/wp-content\/uploads\/2026\/02\/The-CE-LVD-of-single-phase-R290-side-blow-heating-coolingdhw-heat-pump-newest-57kw.pdf\" target=\"_blank\" rel=\"noopener\"><img loading=\"lazy\" decoding=\"async\" class=\"alignnone size-medium wp-image-11122\" src=\"https:\/\/westonclimate.com\/wp-content\/uploads\/2024\/10\/Cert_290_5-211x300.png\" alt=\"\" width=\"211\" height=\"300\" srcset=\"https:\/\/westonclimate.com\/wp-content\/uploads\/2024\/10\/Cert_290_5-211x300.png 211w, https:\/\/westonclimate.com\/wp-content\/uploads\/2024\/10\/Cert_290_5-720x1024.png 720w, https:\/\/westonclimate.com\/wp-content\/uploads\/2024\/10\/Cert_290_5-768x1093.png 768w, https:\/\/westonclimate.com\/wp-content\/uploads\/2024\/10\/Cert_290_5-8x12.png 8w, https:\/\/westonclimate.com\/wp-content\/uploads\/2024\/10\/Cert_290_5-600x854.png 600w, https:\/\/westonclimate.com\/wp-content\/uploads\/2024\/10\/Cert_290_5.png 820w\" sizes=\"(max-width: 211px) 100vw, 211px\" \/><\/a><\/td>\n<td><a href=\"https:\/\/westonclimate.com\/wp-content\/uploads\/2026\/02\/The-CE-LVD-of-single-phase-R290-side-blow-heating-coolingdhw-heat-pump.pdf\" target=\"_blank\" rel=\"noopener\"><img loading=\"lazy\" decoding=\"async\" class=\"alignnone size-medium wp-image-11123\" src=\"https:\/\/westonclimate.com\/wp-content\/uploads\/2024\/10\/Cert_290_6-208x300.png\" alt=\"\" width=\"208\" height=\"300\" srcset=\"https:\/\/westonclimate.com\/wp-content\/uploads\/2024\/10\/Cert_290_6-208x300.png 208w, https:\/\/westonclimate.com\/wp-content\/uploads\/2024\/10\/Cert_290_6-709x1024.png 709w, https:\/\/westonclimate.com\/wp-content\/uploads\/2024\/10\/Cert_290_6-768x1109.png 768w, https:\/\/westonclimate.com\/wp-content\/uploads\/2024\/10\/Cert_290_6-8x12.png 8w, https:\/\/westonclimate.com\/wp-content\/uploads\/2024\/10\/Cert_290_6-600x867.png 600w, https:\/\/westonclimate.com\/wp-content\/uploads\/2024\/10\/Cert_290_6.png 812w\" sizes=\"(max-width: 208px) 100vw, 208px\" \/><\/a><\/td>\n<td><a href=\"https:\/\/westonclimate.com\/wp-content\/uploads\/2026\/02\/ERP-R290heating-coolingdomestic-hot-water-heat-pump.pdf\" target=\"_blank\" rel=\"noopener\"><img loading=\"lazy\" decoding=\"async\" class=\"alignnone size-medium wp-image-11126\" src=\"https:\/\/westonclimate.com\/wp-content\/uploads\/2024\/10\/Cert_290_9-206x300.png\" alt=\"\" width=\"206\" height=\"300\" srcset=\"https:\/\/westonclimate.com\/wp-content\/uploads\/2024\/10\/Cert_290_9-206x300.png 206w, https:\/\/westonclimate.com\/wp-content\/uploads\/2024\/10\/Cert_290_9-702x1024.png 702w, https:\/\/westonclimate.com\/wp-content\/uploads\/2024\/10\/Cert_290_9-768x1120.png 768w, https:\/\/westonclimate.com\/wp-content\/uploads\/2024\/10\/Cert_290_9-8x12.png 8w, https:\/\/westonclimate.com\/wp-content\/uploads\/2024\/10\/Cert_290_9-600x875.png 600w, https:\/\/westonclimate.com\/wp-content\/uploads\/2024\/10\/Cert_290_9.png 803w\" sizes=\"(max-width: 206px) 100vw, 206px\" \/><\/a><\/td>\n<\/tr>\n<\/tbody>\n<\/table>\n<table style=\"border-collapse: collapse; width: 96pt;\" border=\"0\" width=\"128\" cellspacing=\"0\" cellpadding=\"0\">\n<tbody>\n<tr style=\"height: 15.0pt;\">\n<td style=\"height: 15.0pt; width: 48pt;\" width=\"64\" height=\"20\"><a href=\"https:\/\/westonclimate.com\/wp-content\/uploads\/2026\/02\/Energy_290_2.png\" target=\"_blank\" rel=\"noopener\"><img decoding=\"async\" src=\"https:\/\/westonclimate.com\/wp-content\/uploads\/2026\/02\/Energy_290_2.png\" \/><\/a><\/td>\n<td style=\"width: 48pt;\" width=\"64\"><a href=\"https:\/\/westonclimate.com\/wp-content\/uploads\/2026\/02\/curve_R290_120.pdf\" target=\"_blank\" rel=\"noopener\"><img loading=\"lazy\" decoding=\"async\" class=\"alignnone size-medium wp-image-11208\" src=\"https:\/\/westonclimate.com\/wp-content\/uploads\/2026\/02\/curv_R290_120-231x300.png\" alt=\"\" width=\"231\" height=\"300\" srcset=\"https:\/\/westonclimate.com\/wp-content\/uploads\/2026\/02\/curv_R290_120-231x300.png 231w, https:\/\/westonclimate.com\/wp-content\/uploads\/2026\/02\/curv_R290_120-787x1024.png 787w, https:\/\/westonclimate.com\/wp-content\/uploads\/2026\/02\/curv_R290_120-768x999.png 768w, https:\/\/westonclimate.com\/wp-content\/uploads\/2026\/02\/curv_R290_120-9x12.png 9w, https:\/\/westonclimate.com\/wp-content\/uploads\/2026\/02\/curv_R290_120-600x780.png 600w, https:\/\/westonclimate.com\/wp-content\/uploads\/2026\/02\/curv_R290_120.png 851w\" sizes=\"(max-width: 231px) 100vw, 231px\" \/><\/a><\/td>\n<\/tr>\n<\/tbody>\n<\/table>\n<p>&nbsp;<\/p>\n<p>&nbsp;<\/p>\n<p>&nbsp;<\/p>","protected":false},"featured_media":10408,"template":"","meta":[],"product_brand":[],"product_cat":[119,115,63,114,65],"product_tag":[],"class_list":{"0":"post-4996","1":"product","2":"type-product","3":"status-publish","4":"has-post-thumbnail","6":"product_cat-monobloc-weston-r290-230","7":"product_cat-monobloc-weston-r290","8":"product_cat-soojuspumbad","9":"product_cat-monobloc-weston-climate","10":"product_cat-soojuspump-monobloc","12":"first","13":"instock","14":"taxable","15":"shipping-taxable","16":"purchasable","17":"product-type-simple"},"_links":{"self":[{"href":"https:\/\/westonclimate.com\/lt\/wp-json\/wp\/v2\/product\/4996","targetHints":{"allow":["GET"]}}],"collection":[{"href":"https:\/\/westonclimate.com\/lt\/wp-json\/wp\/v2\/product"}],"about":[{"href":"https:\/\/westonclimate.com\/lt\/wp-json\/wp\/v2\/types\/product"}],"version-history":[{"count":16,"href":"https:\/\/westonclimate.com\/lt\/wp-json\/wp\/v2\/product\/4996\/revisions"}],"predecessor-version":[{"id":11225,"href":"https:\/\/westonclimate.com\/lt\/wp-json\/wp\/v2\/product\/4996\/revisions\/11225"}],"wp:featuredmedia":[{"embeddable":true,"href":"https:\/\/westonclimate.com\/lt\/wp-json\/wp\/v2\/media\/10408"}],"wp:attachment":[{"href":"https:\/\/westonclimate.com\/lt\/wp-json\/wp\/v2\/media?parent=4996"}],"wp:term":[{"taxonomy":"product_brand","embeddable":true,"href":"https:\/\/westonclimate.com\/lt\/wp-json\/wp\/v2\/product_brand?post=4996"},{"taxonomy":"product_cat","embeddable":true,"href":"https:\/\/westonclimate.com\/lt\/wp-json\/wp\/v2\/product_cat?post=4996"},{"taxonomy":"product_tag","embeddable":true,"href":"https:\/\/westonclimate.com\/lt\/wp-json\/wp\/v2\/product_tag?post=4996"}],"curies":[{"name":"wp","href":"https:\/\/api.w.org\/{rel}","templated":true}]}}