{"id":5206,"date":"2025-01-28T19:10:36","date_gmt":"2025-01-28T19:10:36","guid":{"rendered":"https:\/\/wmdcompany.eu\/?post_type=product&#038;p=5206"},"modified":"2026-04-29T15:52:22","modified_gmt":"2026-04-29T15:52:22","slug":"krf-jahutus-ja-kute-2-6-kw","status":"publish","type":"product","link":"https:\/\/westonclimate.com\/lt\/tooted\/krf-vesinimas-ir-sildymas-2-6-kw\/","title":{"rendered":"KRF \u0160ILDYMAS IR VANDENIMAS 2,6 kW"},"content":{"rendered":"<ul>\n<li>Deklaruotas paj\u0117gumas:<strong>\u00a02,6 kW<\/strong><\/li>\n<li>\u0160ildymo galios diapazonas:\u00a0<strong>940-3360W<\/strong><\/li>\n<li>Au\u0161inimo na\u0161umo diapazonas:\u00a0<strong>940-3300W<\/strong><\/li>\n<li>SCOP dekretas:\u00a0<strong>5,0 W\/W<\/strong><\/li>\n<li>SEER decl.:\u00a0<strong>6,6 W\/W<\/strong><\/li>\n<li>\"WiFi\" valdymas<strong>: \u012etraukta<\/strong><\/li>\n<li>Maitinimo \u012ftampa:\u00a0<strong>220-240\/50 V\/Hz<\/strong><\/li>\n<li>Kompresorius:\u00a0<strong>Nuolatin\u0117s srov\u0117s keitiklis<\/strong><\/li>\n<li>Ventiliatoriaus variklis:\u00a0<strong>Nuolatin\u0117s srov\u0117s keitiklis<\/strong><\/li>\n<li>Energijos klas\u0117:\u00a0<strong>iki A+++<\/strong><\/li>\n<li>Lauko oro temperat\u016bra ir (arba) v\u0117sinimas:\u00a0<strong>-15-53 \u00b0C<\/strong><\/li>\n<li>Lauko oro temperat\u016bra ir (arba) \u0161iluma:\u00a0<strong>-30-53 \u00b0C<\/strong><\/li>\n<li>Patalp\u0173 oro temperat\u016bra ir (arba) v\u0117sinimas:\u00a0<strong>17-32\u2070C<\/strong><\/li>\n<li>Patalp\u0173 oro temperat\u016bra ir (arba) \u0161iluma:\u00a0<strong>0-30\u2070C<\/strong><\/li>\n<li>Triuk\u0161mo lygis:\u00a0<strong>iki 45 dB(A)<\/strong><\/li>\n<li>Interjero svoris:\u00a0<strong>8,5 kg<\/strong><\/li>\n<li>I\u0161orin\u0117s dalies svoris:\u00a0<strong>25 kg<\/strong><\/li>\n<li>I\u0161matavimai (ilgis, plotis, auk\u0161tis):\u00a0<strong>698x255x190 mm<\/strong><\/li>\n<li>Matmenys \/ i\u0161or\u0117 (ilgis, plotis, auk\u0161tis):\u00a0<strong>712x276x459 mm<\/strong><\/li>\n<li>Pakuot\u0117s matmenys \/ vidiniai (ilgis, plotis, auk\u0161tis)::\u00a0<strong>764x325x257 mm<\/strong><\/li>\n<li>Pakuot\u0117s matmenys \/ i\u0161or\u0117 (ilgis, plotis, auk\u0161tis)::\u00a0<strong>765x310x481 mm<\/strong><\/li>\n<\/ul>","protected":false},"excerpt":{"rendered":"<p data-start=\"0\" data-end=\"46\"><strong data-start=\"36\" data-end=\"80\">\"Weston Climate\" oro kondicionierius KRF \u0160ILDYMAS IR VANDENIMAS 2,6 kW<\/strong> tai energij\u0105 taupantis (iki A+++), belaid\u017eiu ry\u0161iu valdomas prietaisas, kuris ir v\u0117sina, ir \u0161ildo. Jis veikia tyliai (iki 45 dB) pla\u010diame temperat\u016bros diapazone (nuo -30 iki +53 \u00b0C) ir u\u017etikrina malon\u0173 patalp\u0173 mikroklimat\u0105 i\u0161tisus metus. <strong data-start=\"329\" data-end=\"371\" data-is-last-node=\"\">Tinka ne didesniems kaip 35 m\u00b2 kambariams.<\/strong><\/p>","protected":false},"featured_media":7530,"template":"","meta":[],"product_brand":[],"product_cat":[126],"product_tag":[],"class_list":{"0":"post-5206","1":"product","2":"type-product","3":"status-publish","4":"has-post-thumbnail","6":"product_cat-konditsioneerid","8":"first","9":"instock","10":"taxable","11":"shipping-taxable","12":"purchasable","13":"product-type-simple"},"_links":{"self":[{"href":"https:\/\/westonclimate.com\/lt\/wp-json\/wp\/v2\/product\/5206","targetHints":{"allow":["GET"]}}],"collection":[{"href":"https:\/\/westonclimate.com\/lt\/wp-json\/wp\/v2\/product"}],"about":[{"href":"https:\/\/westonclimate.com\/lt\/wp-json\/wp\/v2\/types\/product"}],"version-history":[{"count":5,"href":"https:\/\/westonclimate.com\/lt\/wp-json\/wp\/v2\/product\/5206\/revisions"}],"predecessor-version":[{"id":9385,"href":"https:\/\/westonclimate.com\/lt\/wp-json\/wp\/v2\/product\/5206\/revisions\/9385"}],"wp:featuredmedia":[{"embeddable":true,"href":"https:\/\/westonclimate.com\/lt\/wp-json\/wp\/v2\/media\/7530"}],"wp:attachment":[{"href":"https:\/\/westonclimate.com\/lt\/wp-json\/wp\/v2\/media?parent=5206"}],"wp:term":[{"taxonomy":"product_brand","embeddable":true,"href":"https:\/\/westonclimate.com\/lt\/wp-json\/wp\/v2\/product_brand?post=5206"},{"taxonomy":"product_cat","embeddable":true,"href":"https:\/\/westonclimate.com\/lt\/wp-json\/wp\/v2\/product_cat?post=5206"},{"taxonomy":"product_tag","embeddable":true,"href":"https:\/\/westonclimate.com\/lt\/wp-json\/wp\/v2\/product_tag?post=5206"}],"curies":[{"name":"wp","href":"https:\/\/api.w.org\/{rel}","templated":true}]}}