{"id":5216,"date":"2025-01-29T17:46:51","date_gmt":"2025-01-29T17:46:51","guid":{"rendered":"https:\/\/wmdcompany.eu\/?post_type=product&#038;p=5216"},"modified":"2026-04-29T15:51:59","modified_gmt":"2026-04-29T15:51:59","slug":"krf-jahutus-ja-kute-3-4-kw","status":"publish","type":"product","link":"https:\/\/westonclimate.com\/lt\/tooted\/krf-vesinimas-ir-sildymas-3-4-kw\/","title":{"rendered":"KRF \u0160ILDYMAS IR VANDENIMAS 3,4 kW"},"content":{"rendered":"<ul>\n<li>Deklaruotas paj\u0117gumas:<strong> 3,4 kW<\/strong><\/li>\n<li>\u0160ildymo galios diapazonas: <strong>1000-3810W<\/strong><\/li>\n<li>Au\u0161inimo na\u0161umo diapazonas: <strong>1000-3770W<\/strong><\/li>\n<li>SCOP dekretas: <strong>5,0 W\/W<\/strong><\/li>\n<li>SEER decl.: <strong>6,1 W\/W<\/strong><\/li>\n<li>\"WiFi\" valdymas<strong>: \u012etraukta<\/strong><\/li>\n<li>Maitinimo \u012ftampa: <strong>220-240\/50 V\/Hz<\/strong><\/li>\n<li>Kompresorius: <strong>Nuolatin\u0117s srov\u0117s keitiklis<\/strong><\/li>\n<li>Ventiliatoriaus variklis: <strong>Nuolatin\u0117s srov\u0117s keitiklis<\/strong><\/li>\n<li>Energijos klas\u0117: <strong>iki A+++<\/strong><\/li>\n<li>Lauko oro temperat\u016bra ir (arba) v\u0117sinimas: <strong>-15-53 \u00b0C<\/strong><\/li>\n<li>Lauko oro temperat\u016bra ir (arba) \u0161iluma: <strong>-30-53 \u00b0C<\/strong><\/li>\n<li>Patalp\u0173 oro temperat\u016bra ir (arba) v\u0117sinimas: <strong>17-32\u2070C<\/strong><\/li>\n<li>Patalp\u0173 oro temperat\u016bra ir (arba) \u0161iluma: <strong>0-30\u2070C<\/strong><\/li>\n<li>Triuk\u0161mo lygis: <strong>iki 45 dB(A)<\/strong><\/li>\n<li>Interjero svoris: <strong>10 kg<\/strong><\/li>\n<li>I\u0161orin\u0117s dalies svoris: <strong>25 kg<\/strong><\/li>\n<li>I\u0161matavimai (ilgis, plotis, auk\u0161tis): <strong>777x250x201 mm<\/strong><\/li>\n<li>Matmenys \/ i\u0161or\u0117 (ilgis, plotis, auk\u0161tis): <strong>712x276x459 mm<\/strong><\/li>\n<li>Pakuot\u0117s matmenys ir (arba) vidiniai matmenys (ilgis, plotis, auk\u0161tis): <strong>840x315x260 mm<\/strong><\/li>\n<li>Pakuot\u0117s matmenys ir i\u0161or\u0117 (ilgis, plotis, auk\u0161tis): <strong>765x310x481 mm<\/strong><\/li>\n<\/ul>","protected":false},"excerpt":{"rendered":"<p><strong data-start=\"0\" data-end=\"44\" data-is-only-node=\"\">\"Weston Climate\" oro kondicionierius KRF HEAT AND COOL 3,4 kW<\/strong> tai energij\u0105 taupantis (iki A+++), belaid\u017eiu internetu valdomas prietaisas, kuris u\u017etikrina patog\u0173 v\u0117sinim\u0105 ir \u0161ildym\u0105 i\u0161tisus metus. \u0160ildymo galia svyruoja nuo 1000 iki 3810 W, o v\u0117sinimo galia - nuo 1000 iki 3770 W. Naudojant WiFi valdym\u0105, \u012frengin\u012f galima valdyti WiFi ry\u0161iu. Tylus veikimas (iki 45 dB) ir platus temperat\u016bros diapazonas (nuo -30 iki +53 \u00b0C) u\u017etikrina patikim\u0105 patalp\u0173 mikroklimat\u0105 i\u0161tisus metus. <strong data-start=\"329\" data-end=\"371\" data-is-last-node=\"\">Tinka ne didesniems kaip 45 m\u00b2 kambariams.<\/strong><\/p>\n<p>Pristatymo laikas iki 20 darbo dien\u0173.<\/p>","protected":false},"featured_media":7530,"template":"","meta":[],"product_brand":[],"product_cat":[126],"product_tag":[],"class_list":{"0":"post-5216","1":"product","2":"type-product","3":"status-publish","4":"has-post-thumbnail","6":"product_cat-konditsioneerid","8":"first","9":"instock","10":"taxable","11":"shipping-taxable","12":"purchasable","13":"product-type-simple"},"_links":{"self":[{"href":"https:\/\/westonclimate.com\/lt\/wp-json\/wp\/v2\/product\/5216","targetHints":{"allow":["GET"]}}],"collection":[{"href":"https:\/\/westonclimate.com\/lt\/wp-json\/wp\/v2\/product"}],"about":[{"href":"https:\/\/westonclimate.com\/lt\/wp-json\/wp\/v2\/types\/product"}],"version-history":[{"count":6,"href":"https:\/\/westonclimate.com\/lt\/wp-json\/wp\/v2\/product\/5216\/revisions"}],"predecessor-version":[{"id":9386,"href":"https:\/\/westonclimate.com\/lt\/wp-json\/wp\/v2\/product\/5216\/revisions\/9386"}],"wp:featuredmedia":[{"embeddable":true,"href":"https:\/\/westonclimate.com\/lt\/wp-json\/wp\/v2\/media\/7530"}],"wp:attachment":[{"href":"https:\/\/westonclimate.com\/lt\/wp-json\/wp\/v2\/media?parent=5216"}],"wp:term":[{"taxonomy":"product_brand","embeddable":true,"href":"https:\/\/westonclimate.com\/lt\/wp-json\/wp\/v2\/product_brand?post=5216"},{"taxonomy":"product_cat","embeddable":true,"href":"https:\/\/westonclimate.com\/lt\/wp-json\/wp\/v2\/product_cat?post=5216"},{"taxonomy":"product_tag","embeddable":true,"href":"https:\/\/westonclimate.com\/lt\/wp-json\/wp\/v2\/product_tag?post=5216"}],"curies":[{"name":"wp","href":"https:\/\/api.w.org\/{rel}","templated":true}]}}