{"id":5218,"date":"2025-01-29T17:59:47","date_gmt":"2025-01-29T17:59:47","guid":{"rendered":"https:\/\/wmdcompany.eu\/?post_type=product&#038;p=5218"},"modified":"2026-04-29T15:53:33","modified_gmt":"2026-04-29T15:53:33","slug":"krf-jahutus-ja-kute-6-8-kw","status":"publish","type":"product","link":"https:\/\/westonclimate.com\/lt\/tooted\/krf-vesinimas-ir-sildymas-6-8-kw\/","title":{"rendered":"KRF \u0160ILDYMAS IR VANDENIMAS 6,8 kW"},"content":{"rendered":"<ul>\n<li>Deklaruotas paj\u0117gumas:<strong> 6,8 kW<\/strong><\/li>\n<li>\u0160ildymo galios diapazonas: <strong>1850-7900W<\/strong><\/li>\n<li>Au\u0161inimo na\u0161umo diapazonas: <strong>1830-7800W<\/strong><\/li>\n<li>SCOP dekretas: <strong>5,0 W\/W<\/strong><\/li>\n<li>SEER decl.: <strong>6,5 W\/W<\/strong><\/li>\n<li>\"WiFi\" valdymas<strong>: \u012etraukta<\/strong><\/li>\n<li>Maitinimo \u012ftampa: <strong>220-240\/50 V\/Hz<\/strong><\/li>\n<li>Kompresorius: <strong>Nuolatin\u0117s srov\u0117s keitiklis<\/strong><\/li>\n<li>Ventiliatoriaus variklis: <strong>Nuolatin\u0117s srov\u0117s keitiklis<\/strong><\/li>\n<li>Energijos klas\u0117: <strong>iki A+++<\/strong><\/li>\n<li>Lauko oro temperat\u016bra ir (arba) v\u0117sinimas: <strong>-15-53 \u00b0C<\/strong><\/li>\n<li>Lauko oro temperat\u016bra ir (arba) \u0161iluma: <strong>-30-53 \u00b0C<\/strong><\/li>\n<li>Patalp\u0173 oro temperat\u016bra ir (arba) v\u0117sinimas: <strong>17-32\u2070C<\/strong><\/li>\n<li>Patalp\u0173 oro temperat\u016bra ir (arba) \u0161iluma: <strong>0-30\u2070C<\/strong><\/li>\n<li>Triuk\u0161mo lygis: <strong>iki 45 dB(A)<\/strong><\/li>\n<li>Interjero svoris:\u00a0<strong>16 kg<\/strong><\/li>\n<li>I\u0161orin\u0117s dalies svoris:\u00a0<strong>46 kg<\/strong><\/li>\n<li>I\u0161matavimai (ilgis, plotis, auk\u0161tis): <strong>1010x315x220 mm<\/strong><\/li>\n<li>Matmenys \/ i\u0161or\u0117 (ilgis, plotis, auk\u0161tis): <strong>920x699x380 mm<\/strong><\/li>\n<li>Pakuot\u0117s matmenys ir (arba) vidiniai matmenys (ilgis, plotis, auk\u0161tis): <strong>1096x390x297 mm<\/strong><\/li>\n<li>Pakuot\u0117s matmenys ir i\u0161or\u0117 (ilgis, plotis, auk\u0161tis): <strong>960x732x430 mm<\/strong><\/li>\n<\/ul>","protected":false},"excerpt":{"rendered":"<p><strong data-start=\"0\" data-end=\"59\" data-is-only-node=\"\">\"Weston Climate\" oro kondicionierius KRF \u0160ILDYMAS IR VANDENIMAS 6,8 kW<\/strong> tai energij\u0105 taupantis (iki A+++), belaid\u017eiu ry\u0161iu valdomas prietaisas, kuris ir v\u0117sina, ir \u0161ildo. \u0160ildymo galios diapazonas - 1850-7900 W, o v\u0117sinimo galios diapazonas - 1830-7800 W. Veikia tyliai (iki 45 dB) ir u\u017etikrina malon\u0173 patalp\u0173 mikroklimat\u0105 i\u0161tisus metus. <strong data-start=\"309\" data-end=\"351\" data-is-last-node=\"\">Tinka iki 85 m\u00b2 kambariams.<\/strong><\/p>\n<p>Pristatymo laikas iki 7 darbo dien\u0173.<\/p>","protected":false},"featured_media":7530,"template":"","meta":[],"product_brand":[],"product_cat":[126],"product_tag":[],"class_list":{"0":"post-5218","1":"product","2":"type-product","3":"status-publish","4":"has-post-thumbnail","6":"product_cat-konditsioneerid","8":"first","9":"instock","10":"taxable","11":"shipping-taxable","12":"purchasable","13":"product-type-simple"},"_links":{"self":[{"href":"https:\/\/westonclimate.com\/lt\/wp-json\/wp\/v2\/product\/5218","targetHints":{"allow":["GET"]}}],"collection":[{"href":"https:\/\/westonclimate.com\/lt\/wp-json\/wp\/v2\/product"}],"about":[{"href":"https:\/\/westonclimate.com\/lt\/wp-json\/wp\/v2\/types\/product"}],"version-history":[{"count":5,"href":"https:\/\/westonclimate.com\/lt\/wp-json\/wp\/v2\/product\/5218\/revisions"}],"predecessor-version":[{"id":9389,"href":"https:\/\/westonclimate.com\/lt\/wp-json\/wp\/v2\/product\/5218\/revisions\/9389"}],"wp:featuredmedia":[{"embeddable":true,"href":"https:\/\/westonclimate.com\/lt\/wp-json\/wp\/v2\/media\/7530"}],"wp:attachment":[{"href":"https:\/\/westonclimate.com\/lt\/wp-json\/wp\/v2\/media?parent=5218"}],"wp:term":[{"taxonomy":"product_brand","embeddable":true,"href":"https:\/\/westonclimate.com\/lt\/wp-json\/wp\/v2\/product_brand?post=5218"},{"taxonomy":"product_cat","embeddable":true,"href":"https:\/\/westonclimate.com\/lt\/wp-json\/wp\/v2\/product_cat?post=5218"},{"taxonomy":"product_tag","embeddable":true,"href":"https:\/\/westonclimate.com\/lt\/wp-json\/wp\/v2\/product_tag?post=5218"}],"curies":[{"name":"wp","href":"https:\/\/api.w.org\/{rel}","templated":true}]}}