{"id":6826,"date":"2025-04-10T13:41:17","date_gmt":"2025-04-10T13:41:17","guid":{"rendered":"https:\/\/wmdcompany.eu\/?post_type=product&#038;p=6826"},"modified":"2026-04-06T11:43:09","modified_gmt":"2026-04-06T11:43:09","slug":"jahutusseadme-siseosa-fan-coil","status":"publish","type":"product","link":"https:\/\/westonclimate.com\/lt\/tooted\/vidinis-ausinimo-ventiliatoriaus-rite\/","title":{"rendered":"Au\u0161inimo bloko vidin\u0117 sienin\u0117 dalis (ventiliatoriaus spiral\u0117)"},"content":{"rendered":"","protected":false},"excerpt":{"rendered":"<p>Lubin\u0117s kaset\u0117s ir sieniniai moduliai - tai itin efektyv\u016bs v\u0117sinimo ir \u0161ildymo \u012frenginiai, kuriuos \"Weston Climate\" suk\u016br\u0117 naudoti su monoblokiniais \u0161ilumos siurbliais.<\/p>\n<p>\u0160ildymo sistem\u0105 papild\u0119 \"Weston Climate\" sienine arba lubine kasete, atsikratysite b\u016btinyb\u0117s kambariuose \u012frengti atskir\u0105 v\u0117sinimo \u012frengin\u012f arba oro kondicionieri\u0173.<\/p>\n<ul>\n<li>Lubin\u0117s kaset\u0117s ir sieniniai moduliai veikia kartu su monoblokiniais \u0161ilumos siurbliais v\u0117sinimo ir \u0161ildymo re\u017eimu.<\/li>\n<li>\u0160ilumos siurblyje \u0161ilumos perdavimui naudojamas \u0161ildymo sistemoje cirkuliuojantis skystis (vanduo, antifrizas, glikolis). \u0160ie \u012frenginiai nereikalauja duj\u0173 jungties ar duj\u0173 u\u017epildymo, o vamzd\u017ei\u0173 jungtys gali b\u016bti atliekamos naudojant \u012fprastas med\u017eiagas, pavyzd\u017eiui, \u201eAlupex\u201c. \u012erengini\u0173 montavim\u0105 s\u0117kmingai gali atlikti visi santechnikos darbus i\u0161manantys montuotojai.<\/li>\n<li>Lubin\u0117se d\u0117\u017e\u0117se \u012frengti kondensato siurbliai, kuri\u0173 pak\u0117limo auk\u0161tis didesnis nei 10 m.<\/li>\n<li>Ma\u017eiausia v\u0117sinimo temperat\u016bra yra +2\u2070C, o did\u017eiausia \u0161ildymo temperat\u016bra - 75\u2070C.<\/li>\n<\/ul>","protected":false},"featured_media":7554,"template":"","meta":[],"product_brand":[],"product_cat":[212,211,213],"product_tag":[],"class_list":{"0":"post-6826","1":"product","2":"type-product","3":"status-publish","4":"has-post-thumbnail","6":"product_cat-kute-ja-jahutus","7":"product_cat-lisaseadmed","8":"product_cat-seinale","10":"first","11":"instock","12":"taxable","13":"shipping-taxable","14":"purchasable","15":"product-type-variable"},"_links":{"self":[{"href":"https:\/\/westonclimate.com\/lt\/wp-json\/wp\/v2\/product\/6826","targetHints":{"allow":["GET"]}}],"collection":[{"href":"https:\/\/westonclimate.com\/lt\/wp-json\/wp\/v2\/product"}],"about":[{"href":"https:\/\/westonclimate.com\/lt\/wp-json\/wp\/v2\/types\/product"}],"version-history":[{"count":3,"href":"https:\/\/westonclimate.com\/lt\/wp-json\/wp\/v2\/product\/6826\/revisions"}],"predecessor-version":[{"id":11515,"href":"https:\/\/westonclimate.com\/lt\/wp-json\/wp\/v2\/product\/6826\/revisions\/11515"}],"wp:featuredmedia":[{"embeddable":true,"href":"https:\/\/westonclimate.com\/lt\/wp-json\/wp\/v2\/media\/7554"}],"wp:attachment":[{"href":"https:\/\/westonclimate.com\/lt\/wp-json\/wp\/v2\/media?parent=6826"}],"wp:term":[{"taxonomy":"product_brand","embeddable":true,"href":"https:\/\/westonclimate.com\/lt\/wp-json\/wp\/v2\/product_brand?post=6826"},{"taxonomy":"product_cat","embeddable":true,"href":"https:\/\/westonclimate.com\/lt\/wp-json\/wp\/v2\/product_cat?post=6826"},{"taxonomy":"product_tag","embeddable":true,"href":"https:\/\/westonclimate.com\/lt\/wp-json\/wp\/v2\/product_tag?post=6826"}],"curies":[{"name":"wp","href":"https:\/\/api.w.org\/{rel}","templated":true}]}}