{"id":6846,"date":"2025-04-10T17:02:02","date_gmt":"2025-04-10T17:02:02","guid":{"rendered":"https:\/\/wmdcompany.eu\/?post_type=product&#038;p=6846"},"modified":"2026-04-06T11:42:42","modified_gmt":"2026-04-06T11:42:42","slug":"jahutusseadme-siseosa-fan-coil-laekassett","status":"publish","type":"product","link":"https:\/\/westonclimate.com\/lt\/tooted\/vidinio-ausinimo-bloko-ventiliatoriaus-rites-kasete\/","title":{"rendered":"Au\u0161inimo bloko vidin\u0117 dalis (ventiliatoriaus rit\u0117) kaset\u0117s kaset\u0117"},"content":{"rendered":"<p><strong>Funkcijos:<\/strong><\/p>\n<ul>\n<li>Kompakti\u0161kas dizainas \u2013 montuojama \u012f lubas<\/li>\n<li>Oro srautas: 340\u20132380 m\u00b3\/h<\/li>\n<li>Vienas \u012frenginys v\u0117sinimo ir \u0161ildymo re\u017eimui<\/li>\n<li>4 kryp\u010di\u0173 oro paskirstymas, u\u017etikrinantis tolygi\u0105 temperat\u016br\u0105<\/li>\n<li>3-grei\u010di\u0173 ventiliatorius (Auk\u0161tas\/Vidutinis\/\u017demas)<\/li>\n<li>Integruota kondensato i\u0161leidimo sistema (iki 1500 mm pak\u0117limo auk\u0161tis)<\/li>\n<li>Lengvas ir patvarus ABS skydelis<\/li>\n<li>Filtruojamas ir ilgaam\u017eis filtras<\/li>\n<li>Paprastas montavimas ir prie\u017ei\u016bra<\/li>\n<\/ul>\n<p><strong>Privalumai:<\/strong><\/p>\n<ul>\n<li>Tolygi ir patogi patalpos klimas visame kambaryje<\/li>\n<li>Efektyvus oro cirkuliacija ir geresn\u0117 patalp\u0173 oro kokyb\u0117<\/li>\n<li>Energij\u0105 taupantis darbas su optimizuotu ventiliatoriumi<\/li>\n<li>Diskretus sprendimas \u2013 neu\u017eima vietos<\/li>\n<li>A\u010di\u016b u\u017e 4 kryp\u010di\u0173 oro tiekim\u0105<\/li>\n<li>Tinka \u012fvairaus dyd\u017eio patalpoms<\/li>\n<\/ul>\n<p><strong>Technin\u0117 informacija:<\/strong><\/p>\n<ul>\n<li>Oro srautas: 340\u20132380 m\u00b3\/h<\/li>\n<li>V\u0117sinimo galia: 1920\u201312860 W<\/li>\n<li>\u0160ildymo galia: 3135\u201319430 W<\/li>\n<li>Ventiliatoriaus grei\u010diai: 3 (A \/ V \/ \u017d)<\/li>\n<li>Svoris: 12\u201336 kg<\/li>\n<\/ul>\n<p>&nbsp;<\/p>\n<table width=\"636\" data-start=\"100\" data-end=\"1836\">\n<tbody>\n<tr data-start=\"100\" data-end=\"256\">\n<td width=\"22\">Nr<\/td>\n<td colspan=\"3\" width=\"237\">Oro srautas (m\u00b3\/h)<\/td>\n<td width=\"64\">V\u0117sinimas (W)<\/td>\n<td width=\"59\">\u0160ildymas (W)<\/td>\n<td width=\"108\">Prietaiso matmenys (mm)<\/td>\n<td width=\"108\">Pakuot\u0117s matmenys (mm)<\/td>\n<td width=\"38\">Svoris (kg)<\/td>\n<\/tr>\n<tr>\n<td width=\"22\"><\/td>\n<td width=\"67\">Auk\u0161tas<\/td>\n<td width=\"62\">Vidutinis<\/td>\n<td width=\"108\">Madal<\/td>\n<td width=\"64\"><\/td>\n<td width=\"59\"><\/td>\n<td width=\"108\"><\/td>\n<td width=\"108\"><\/td>\n<td width=\"38\"><\/td>\n<\/tr>\n<tr data-start=\"415\" data-end=\"572\">\n<td width=\"22\" data-start=\"415\" data-end=\"420\" data-col-size=\"sm\">1<\/td>\n<td width=\"67\" data-col-size=\"sm\" data-start=\"432\" data-end=\"451\">340<\/td>\n<td width=\"62\" data-col-size=\"sm\" data-start=\"451\" data-end=\"470\">260<\/td>\n<td width=\"108\" data-col-size=\"sm\" data-start=\"470\" data-end=\"489\">170<\/td>\n<td width=\"64\" data-col-size=\"sm\" data-start=\"489\" data-end=\"503\">1920<\/td>\n<td width=\"59\" data-col-size=\"sm\" data-start=\"503\" data-end=\"514\">3135<\/td>\n<td width=\"108\" data-col-size=\"sm\" data-start=\"514\" data-end=\"536\">740\u00d7460\u00d7240<\/td>\n<td width=\"108\" data-col-size=\"sm\" data-start=\"536\" data-end=\"559\">800\u00d7480\u00d7270<\/td>\n<td width=\"38\" data-col-size=\"sm\" data-start=\"559\" data-end=\"572\">12<\/td>\n<\/tr>\n<tr data-start=\"573\" data-end=\"730\">\n<td width=\"22\" data-start=\"573\" data-end=\"578\" data-col-size=\"sm\">2<\/td>\n<td width=\"67\" data-col-size=\"sm\" data-start=\"590\" data-end=\"609\">510<\/td>\n<td width=\"62\" data-col-size=\"sm\" data-start=\"609\" data-end=\"628\">390<\/td>\n<td width=\"108\" data-col-size=\"sm\" data-start=\"628\" data-end=\"647\">260<\/td>\n<td width=\"64\" data-col-size=\"sm\" data-start=\"647\" data-end=\"661\">2810<\/td>\n<td width=\"59\" data-col-size=\"sm\" data-start=\"661\" data-end=\"672\">4550<\/td>\n<td width=\"108\" data-col-size=\"sm\" data-start=\"672\" data-end=\"694\">840\u00d7460\u00d7240<\/td>\n<td width=\"108\" data-col-size=\"sm\" data-start=\"694\" data-end=\"717\">900\u00d7480\u00d7270<\/td>\n<td width=\"38\" data-col-size=\"sm\" data-start=\"717\" data-end=\"730\">15<\/td>\n<\/tr>\n<tr data-start=\"731\" data-end=\"888\">\n<td width=\"22\" data-start=\"731\" data-end=\"736\" data-col-size=\"sm\">3<\/td>\n<td width=\"67\" data-col-size=\"sm\" data-start=\"748\" data-end=\"767\">680<\/td>\n<td width=\"62\" data-col-size=\"sm\" data-start=\"767\" data-end=\"786\">510<\/td>\n<td width=\"108\" data-col-size=\"sm\" data-start=\"786\" data-end=\"805\">340<\/td>\n<td width=\"64\" data-col-size=\"sm\" data-start=\"805\" data-end=\"819\">3720<\/td>\n<td width=\"59\" data-col-size=\"sm\" data-start=\"819\" data-end=\"830\">5982<\/td>\n<td width=\"108\" data-col-size=\"sm\" data-start=\"830\" data-end=\"852\">940\u00d7460\u00d7240<\/td>\n<td width=\"108\" data-col-size=\"sm\" data-start=\"852\" data-end=\"875\">1000\u00d7480\u00d7270<\/td>\n<td width=\"38\" data-col-size=\"sm\" data-start=\"875\" data-end=\"888\">16<\/td>\n<\/tr>\n<tr data-start=\"889\" data-end=\"1046\">\n<td width=\"22\" data-start=\"889\" data-end=\"894\" data-col-size=\"sm\">4<\/td>\n<td width=\"67\" data-col-size=\"sm\" data-start=\"906\" data-end=\"925\">850<\/td>\n<td width=\"62\" data-col-size=\"sm\" data-start=\"925\" data-end=\"944\">640<\/td>\n<td width=\"108\" data-col-size=\"sm\" data-start=\"944\" data-end=\"963\">430<\/td>\n<td width=\"64\" data-col-size=\"sm\" data-start=\"963\" data-end=\"977\">4660<\/td>\n<td width=\"59\" data-col-size=\"sm\" data-start=\"977\" data-end=\"988\">7360<\/td>\n<td width=\"108\" data-col-size=\"sm\" data-start=\"988\" data-end=\"1010\">1040\u00d7460\u00d7240<\/td>\n<td width=\"108\" data-col-size=\"sm\" data-start=\"1010\" data-end=\"1033\">1100\u00d7480\u00d7270<\/td>\n<td width=\"38\" data-col-size=\"sm\" data-start=\"1033\" data-end=\"1046\">18<\/td>\n<\/tr>\n<tr data-start=\"1047\" data-end=\"1204\">\n<td width=\"22\" data-start=\"1047\" data-end=\"1052\" data-col-size=\"sm\">5<\/td>\n<td width=\"67\" data-col-size=\"sm\" data-start=\"1064\" data-end=\"1083\">1020<\/td>\n<td width=\"62\" data-col-size=\"sm\" data-start=\"1083\" data-end=\"1102\">770<\/td>\n<td width=\"108\" data-col-size=\"sm\" data-start=\"1102\" data-end=\"1121\">510<\/td>\n<td width=\"64\" data-col-size=\"sm\" data-start=\"1121\" data-end=\"1135\">5558<\/td>\n<td width=\"59\" data-col-size=\"sm\" data-start=\"1135\" data-end=\"1146\">8720<\/td>\n<td width=\"108\" data-col-size=\"sm\" data-start=\"1146\" data-end=\"1168\">1140\u00d7460\u00d7240<\/td>\n<td width=\"108\" data-col-size=\"sm\" data-start=\"1168\" data-end=\"1191\">1200\u00d7480\u00d7270<\/td>\n<td width=\"38\" data-col-size=\"sm\" data-start=\"1191\" data-end=\"1204\">19<\/td>\n<\/tr>\n<tr data-start=\"1205\" data-end=\"1362\">\n<td width=\"22\" data-start=\"1205\" data-end=\"1210\" data-col-size=\"sm\">6<\/td>\n<td width=\"67\" data-col-size=\"sm\" data-start=\"1222\" data-end=\"1241\">1360<\/td>\n<td width=\"62\" data-col-size=\"sm\" data-start=\"1241\" data-end=\"1260\">1020<\/td>\n<td width=\"108\" data-col-size=\"sm\" data-start=\"1260\" data-end=\"1279\">680<\/td>\n<td width=\"64\" data-col-size=\"sm\" data-start=\"1279\" data-end=\"1293\">7282<\/td>\n<td width=\"59\" data-col-size=\"sm\" data-start=\"1293\" data-end=\"1304\">11381<\/td>\n<td width=\"108\" data-col-size=\"sm\" data-start=\"1304\" data-end=\"1326\">1340\u00d7460\u00d7240<\/td>\n<td width=\"108\" data-col-size=\"sm\" data-start=\"1326\" data-end=\"1349\">1400\u00d7480\u00d7270<\/td>\n<td width=\"38\" data-col-size=\"sm\" data-start=\"1349\" data-end=\"1362\">25<\/td>\n<\/tr>\n<tr data-start=\"1363\" data-end=\"1520\">\n<td width=\"22\" data-start=\"1363\" data-end=\"1368\" data-col-size=\"sm\">7<\/td>\n<td width=\"67\" data-col-size=\"sm\" data-start=\"1380\" data-end=\"1399\">1700<\/td>\n<td width=\"62\" data-col-size=\"sm\" data-start=\"1399\" data-end=\"1418\">1280<\/td>\n<td width=\"108\" data-col-size=\"sm\" data-start=\"1418\" data-end=\"1437\">850<\/td>\n<td width=\"64\" data-col-size=\"sm\" data-start=\"1437\" data-end=\"1451\">9093<\/td>\n<td width=\"59\" data-col-size=\"sm\" data-start=\"1451\" data-end=\"1462\">14218<\/td>\n<td width=\"108\" data-col-size=\"sm\" data-start=\"1462\" data-end=\"1484\">1640\u00d7460\u00d7240<\/td>\n<td width=\"108\" data-col-size=\"sm\" data-start=\"1484\" data-end=\"1507\">1700\u00d7480\u00d7270<\/td>\n<td width=\"38\" data-col-size=\"sm\" data-start=\"1507\" data-end=\"1520\">29<\/td>\n<\/tr>\n<tr data-start=\"1521\" data-end=\"1678\">\n<td width=\"22\" data-start=\"1521\" data-end=\"1526\" data-col-size=\"sm\">8<\/td>\n<td width=\"67\" data-col-size=\"sm\" data-start=\"1538\" data-end=\"1557\">2040<\/td>\n<td width=\"62\" data-col-size=\"sm\" data-start=\"1557\" data-end=\"1576\">1530<\/td>\n<td width=\"108\" data-col-size=\"sm\" data-start=\"1576\" data-end=\"1595\">1020<\/td>\n<td width=\"64\" data-col-size=\"sm\" data-start=\"1595\" data-end=\"1609\">10980<\/td>\n<td width=\"59\" data-col-size=\"sm\" data-start=\"1609\" data-end=\"1620\">16750<\/td>\n<td width=\"108\" data-col-size=\"sm\" data-start=\"1620\" data-end=\"1642\">1840\u00d7460\u00d7240<\/td>\n<td width=\"108\" data-col-size=\"sm\" data-start=\"1642\" data-end=\"1665\">1900\u00d7480\u00d7270<\/td>\n<td width=\"38\" data-col-size=\"sm\" data-start=\"1665\" data-end=\"1678\">33<\/td>\n<\/tr>\n<tr data-start=\"1679\" data-end=\"1836\">\n<td width=\"22\" data-start=\"1679\" data-end=\"1684\" data-col-size=\"sm\">9<\/td>\n<td width=\"67\" data-col-size=\"sm\" data-start=\"1696\" data-end=\"1715\">2380<\/td>\n<td width=\"62\" data-col-size=\"sm\" data-start=\"1715\" data-end=\"1734\">1790<\/td>\n<td width=\"108\" data-col-size=\"sm\" data-start=\"1734\" data-end=\"1753\">1190<\/td>\n<td width=\"64\" data-col-size=\"sm\" data-start=\"1753\" data-end=\"1767\">12860<\/td>\n<td width=\"59\" data-col-size=\"sm\" data-start=\"1767\" data-end=\"1778\">19430<\/td>\n<td width=\"108\" data-col-size=\"sm\" data-start=\"1778\" data-end=\"1800\">2040\u00d7460\u00d7240<\/td>\n<td width=\"108\" data-col-size=\"sm\" data-start=\"1800\" data-end=\"1823\">2100\u00d7480\u00d7270<\/td>\n<td width=\"38\" data-col-size=\"sm\" data-start=\"1823\" data-end=\"1836\">36<\/td>\n<\/tr>\n<\/tbody>\n<\/table>","protected":false},"excerpt":{"rendered":"<p>Lubin\u0117s kaset\u0117s ir sieniniai moduliai - tai itin efektyv\u016bs v\u0117sinimo ir \u0161ildymo \u012frenginiai, kuriuos \"Weston Climate\" suk\u016br\u0117 naudoti su monoblokiniais \u0161ilumos siurbliais.<\/p>\n<p>\u0160ildymo sistem\u0105 papild\u0119 \"Weston Climate\" sienine arba lubine kasete, atsikratysite b\u016btinyb\u0117s kambariuose \u012frengti atskir\u0105 v\u0117sinimo \u012frengin\u012f arba oro kondicionieri\u0173.<\/p>\n<ul>\n<li>Lubin\u0117s kaset\u0117s ir sieniniai moduliai veikia kartu su monoblokiniais \u0161ilumos siurbliais v\u0117sinimo ir \u0161ildymo re\u017eimu.<\/li>\n<li>\u0160ilumos siurblyje \u0161ilumos perdavimui naudojamas \u0161ildymo sistemoje cirkuliuojantis skystis (vanduo, antifrizas, glikolis). \u0160ie \u012frenginiai nereikalauja duj\u0173 jungties ar duj\u0173 u\u017epildymo, o vamzd\u017ei\u0173 jungtys gali b\u016bti atliekamos naudojant \u012fprastas med\u017eiagas, pavyzd\u017eiui, \u201eAlupex\u201c. \u012erengini\u0173 montavim\u0105 s\u0117kmingai gali atlikti visi santechnikos darbus i\u0161manantys montuotojai.<\/li>\n<li>Lubin\u0117se d\u0117\u017e\u0117se \u012frengti kondensato siurbliai, kuri\u0173 pak\u0117limo auk\u0161tis didesnis nei 10 m.<\/li>\n<li>Ma\u017eiausia v\u0117sinimo temperat\u016bra yra +2\u2070C, o did\u017eiausia \u0161ildymo temperat\u016bra - 75\u2070C.<\/li>\n<\/ul>\n<p>&nbsp;<\/p>\n<p>Minimalus u\u017esakymas 4 vnt.<\/p>","protected":false},"featured_media":11506,"template":"","meta":[],"product_brand":[],"product_cat":[212,214,211],"product_tag":[],"class_list":{"0":"post-6846","1":"product","2":"type-product","3":"status-publish","4":"has-post-thumbnail","6":"product_cat-kute-ja-jahutus","7":"product_cat-lakke","8":"product_cat-lisaseadmed","10":"first","11":"instock","12":"taxable","13":"shipping-taxable","14":"purchasable","15":"product-type-variable"},"_links":{"self":[{"href":"https:\/\/westonclimate.com\/lt\/wp-json\/wp\/v2\/product\/6846","targetHints":{"allow":["GET"]}}],"collection":[{"href":"https:\/\/westonclimate.com\/lt\/wp-json\/wp\/v2\/product"}],"about":[{"href":"https:\/\/westonclimate.com\/lt\/wp-json\/wp\/v2\/types\/product"}],"version-history":[{"count":11,"href":"https:\/\/westonclimate.com\/lt\/wp-json\/wp\/v2\/product\/6846\/revisions"}],"predecessor-version":[{"id":11514,"href":"https:\/\/westonclimate.com\/lt\/wp-json\/wp\/v2\/product\/6846\/revisions\/11514"}],"wp:featuredmedia":[{"embeddable":true,"href":"https:\/\/westonclimate.com\/lt\/wp-json\/wp\/v2\/media\/11506"}],"wp:attachment":[{"href":"https:\/\/westonclimate.com\/lt\/wp-json\/wp\/v2\/media?parent=6846"}],"wp:term":[{"taxonomy":"product_brand","embeddable":true,"href":"https:\/\/westonclimate.com\/lt\/wp-json\/wp\/v2\/product_brand?post=6846"},{"taxonomy":"product_cat","embeddable":true,"href":"https:\/\/westonclimate.com\/lt\/wp-json\/wp\/v2\/product_cat?post=6846"},{"taxonomy":"product_tag","embeddable":true,"href":"https:\/\/westonclimate.com\/lt\/wp-json\/wp\/v2\/product_tag?post=6846"}],"curies":[{"name":"wp","href":"https:\/\/api.w.org\/{rel}","templated":true}]}}