{"id":6879,"date":"2025-04-11T18:28:44","date_gmt":"2025-04-11T18:28:44","guid":{"rendered":"https:\/\/wmdcompany.eu\/?post_type=product&#038;p=6879"},"modified":"2025-10-02T09:03:42","modified_gmt":"2025-10-02T09:03:42","slug":"amber-jahutus-ja-kute-9-5-kw","status":"publish","type":"product","link":"https:\/\/westonclimate.com\/lt\/tooted\/gintarinis-ausinimas-ir-latakas-9-5-kw\/","title":{"rendered":"AMBER \u0160ILDYMAS IR VANDENIMAS 9,5 kW"},"content":{"rendered":"<ul>\n<li><strong>\"Nordic\" \u012frang\u0105 sudaro<\/strong>\n<ul>\n<li>mikroprocesoriumi valdomas i\u0161orinis dugno \u0161ildymo kabelis, kuris leid\u017eia tirpstan\u010diam vandeniui greitai pasi\u0161alinti net ir esant labai \u0161altam orui;<\/li>\n<li>karterio alyvos au\u0161inimo laidas, kuris neleid\u017eia kompresoriui veikti \u0161altai, tod\u0117l kompresorius i\u0161lieka \u0161iltas ir pailg\u0117ja jo tarnavimo laikas.<\/li>\n<\/ul>\n<\/li>\n<li><strong>Pagrindin\u0117s \"Amber\" serijos oro \u0161ilumos siurblio savyb\u0117s:<\/strong>\n<ul>\n<li>A++ energin\u0117 klas\u0117;<\/li>\n<li>Sezoninis na\u0161umo koeficientas (SCOP) 4.1;<\/li>\n<li>\u0160ildymo lauko oro temperat\u016bros diapazonas -30-24 \u00b0C;<\/li>\n<li>aplinkos oro temperat\u016bros diapazonas au\u0161inimui -20-43 \u00b0C;<\/li>\n<li>vidin\u0117 dalis su septyniais grei\u010diais;<\/li>\n<li>vidinis superre\u017eimas;<\/li>\n<li>itin ilgas p\u016btimo atstumas;<\/li>\n<li>i\u0161manusis at\u0161ildymas.<\/li>\n<\/ul>\n<\/li>\n<li><strong>Pagrindin\u0117 \u012franga:<\/strong>\n<ul>\n<li>automatinis paleidimas nutr\u016bkus elektros tiekimui;<\/li>\n<li>plaunami dulki\u0173 filtrai;<\/li>\n<li>turbo funkcija;<\/li>\n<li>i\u0161manusis i\u0161ankstinis \u0161ildymas;<\/li>\n<li>norim\u0105 temperat\u016br\u0105 patikrinti nuotolinio valdymo pulte, t. y. faktin\u0117je \u017emoni\u0173 buvimo vietoje;<\/li>\n<li>laikmatis;<\/li>\n<li>turi;<\/li>\n<li>\u017eemos \u012ftampos paleidimas;<\/li>\n<li>vaik\u0173 u\u017eraktas.<\/li>\n<\/ul>\n<\/li>\n<li><strong>Priedai \u012fskai\u010diuoti \u012f kain\u0105:<\/strong>\n<ul>\n<li>galimyb\u0117 valdyti i\u0161 i\u0161maniojo \u012frenginio;<\/li>\n<li>plazminis jonizatorius;<\/li>\n<li>nordicu \u012franga;<\/li>\n<li>+8 \u00b0C i\u0161laikymo funkcija;<\/li>\n<li>4D oro orientacija i\u0161 nuotolinio valdymo pulto;<\/li>\n<li>energijos taupymo re\u017eimas;<\/li>\n<li>miego re\u017eimai;<\/li>\n<li>dur\u0173 valdymas.<\/li>\n<\/ul>\n<\/li>\n<\/ul>","protected":false},"excerpt":{"rendered":"<p><strong>\"Weston Climate AMBER\" serijos naujos kartos oro kondicionierius su \u0161ilumos siurbliu (HEAT AND COOL 9,5 kW)<\/strong> skirtos at\u0161iaurioms \u0160iaur\u0117s \u0161ali\u0173 s\u0105lygoms. Jis pasi\u017eymi dideliu \u0161ildymo paj\u0117gumu esant \u017eemai temperat\u016brai ir puikiu efektyvumu. Tai u\u017etikrina naujausios technologijos ir aplinkai nekenksmingas \u0161aldymo agentas R32. \u012erengin\u012f galima valdyti per \"iOS\" ir \"Android\" i\u0161maniuosius \u012frenginius. \u012erenginyje yra gamykloje sumontuota \u0160iaur\u0117s \u0161ali\u0173 \u017eiemos \u012franga, kuri u\u017etikrina patikimum\u0105 \u0160iaur\u0117s \u0161ali\u0173 klimato s\u0105lygomis tiek \u0161ildant, tiek v\u0117sinant. <strong>\u012erenginys tinka 33-190 m\u00b2 ploto \u0161ildymui ir 20-110 m\u00b2 ploto v\u0117sinimui.<\/strong><\/p>","protected":false},"featured_media":7527,"template":"","meta":[],"product_brand":[],"product_cat":[126],"product_tag":[],"class_list":{"0":"post-6879","1":"product","2":"type-product","3":"status-publish","4":"has-post-thumbnail","6":"product_cat-konditsioneerid","8":"first","9":"instock","10":"taxable","11":"shipping-taxable","12":"purchasable","13":"product-type-simple"},"_links":{"self":[{"href":"https:\/\/westonclimate.com\/lt\/wp-json\/wp\/v2\/product\/6879","targetHints":{"allow":["GET"]}}],"collection":[{"href":"https:\/\/westonclimate.com\/lt\/wp-json\/wp\/v2\/product"}],"about":[{"href":"https:\/\/westonclimate.com\/lt\/wp-json\/wp\/v2\/types\/product"}],"version-history":[{"count":5,"href":"https:\/\/westonclimate.com\/lt\/wp-json\/wp\/v2\/product\/6879\/revisions"}],"predecessor-version":[{"id":9399,"href":"https:\/\/westonclimate.com\/lt\/wp-json\/wp\/v2\/product\/6879\/revisions\/9399"}],"wp:featuredmedia":[{"embeddable":true,"href":"https:\/\/westonclimate.com\/lt\/wp-json\/wp\/v2\/media\/7527"}],"wp:attachment":[{"href":"https:\/\/westonclimate.com\/lt\/wp-json\/wp\/v2\/media?parent=6879"}],"wp:term":[{"taxonomy":"product_brand","embeddable":true,"href":"https:\/\/westonclimate.com\/lt\/wp-json\/wp\/v2\/product_brand?post=6879"},{"taxonomy":"product_cat","embeddable":true,"href":"https:\/\/westonclimate.com\/lt\/wp-json\/wp\/v2\/product_cat?post=6879"},{"taxonomy":"product_tag","embeddable":true,"href":"https:\/\/westonclimate.com\/lt\/wp-json\/wp\/v2\/product_tag?post=6879"}],"curies":[{"name":"wp","href":"https:\/\/api.w.org\/{rel}","templated":true}]}}