{"id":6882,"date":"2025-04-12T08:46:17","date_gmt":"2025-04-12T08:46:17","guid":{"rendered":"https:\/\/wmdcompany.eu\/?post_type=product&#038;p=6882"},"modified":"2026-04-29T13:09:02","modified_gmt":"2026-04-29T13:09:02","slug":"fairy-jahutus-ja-kute-6-6-kw","status":"publish","type":"product","link":"https:\/\/westonclimate.com\/lt\/tooted\/fairy-ausinimas-ir-ausinimo-irenginys-6-6-kw\/","title":{"rendered":"FAIRY APSAUGA IR \u0160ILDYMAS 6,6 kW"},"content":{"rendered":"<ul>\n<li><strong>PAGRINDIN\u0116S NF SERIJOS ORO \u0160ILUMOS SIURBLIO SAVYB\u0116S: <\/strong>\n<ul>\n<li>A+ energin\u0117 klas\u0117;<\/li>\n<li>Sezoninis na\u0161umo koeficientas (SCOP) 4,0;<\/li>\n<li>galingas kompresorius;<\/li>\n<li>\u0160ildymo lauko oro temperat\u016bros diapazonas -25-30 \u00b0C;<\/li>\n<li>aplinkos oro temperat\u016bros diapazonas au\u0161inimui -15+50\u00b0C;<\/li>\n<li>i\u0161manusis at\u0161ildymas.<\/li>\n<\/ul>\n<\/li>\n<li><strong>PAGRINDIN\u0116 \u012eRANGA:<\/strong>\n<ul>\n<li>septyni\u0173 vidini\u0173 komponent\u0173 grei\u010diai;<\/li>\n<li>automatinis paleidimas nutr\u016bkus elektros tiekimui;<\/li>\n<li>plaunami dulki\u0173 filtrai;<\/li>\n<li>turbo funkcija;<\/li>\n<li>i\u0161manusis i\u0161ankstinis kompresoriaus \u0161ildymas;<\/li>\n<li>norim\u0105 temperat\u016br\u0105 patikrinti nuotolinio valdymo pulte, t. y. faktin\u0117je \u017emoni\u0173 buvimo vietoje;<\/li>\n<li>laikmatis;<\/li>\n<li>turi;<\/li>\n<li>\u017eemos \u012ftampos paleidimas; vaik\u0173 u\u017eraktas.<\/li>\n<\/ul>\n<\/li>\n<li><strong>PAPILDOMA \u012eRANGA \u012eTRAUKTA \u012e KAIN\u0104:<\/strong>\n<ul>\n<li>galimyb\u0117 valdyti i\u0161 i\u0161maniojo \u012frenginio;<\/li>\n<li>plazminis jonizatorius,<\/li>\n<li>nordicu \u012franga;<\/li>\n<li>+8 \u00b0C i\u0161laikymo funkcija;<\/li>\n<li>energijos taupymo re\u017eimas;<\/li>\n<li>miego re\u017eimas.<\/li>\n<\/ul>\n<\/li>\n<\/ul>\n<p><strong>M\u00f5\u00f5dud (laius\/s\u00fcgavus\/k\u00f5rgus)mm, kaal (kg)<\/strong><\/p>\n<ul>\n<li>siseosa: 1013xx221x307mm, kaal 14kg<\/li>\n<li>v\u00e4lisosa: 802x350x555, kaal 31kg<\/li>\n<\/ul>","protected":false},"excerpt":{"rendered":"<p><strong>\"Weston Climate Fairy Nordic\" serijos oro kondicionierius su \u0161ilumos siurbliu (\u0160ILDYMAS IR V\u0116SINIMAS 6,6 kW)<\/strong> skirtos at\u0161iaurioms \u0160iaur\u0117s \u0161ali\u0173 s\u0105lygoms. \u012erenginyje \u012fmontuota gamykloje sumontuota \u0160iaur\u0117s \u0161ali\u0173 \u017eiemos \u012franga, u\u017etikrinanti patikimum\u0105 \u0160iaur\u0117s \u0161ali\u0173 klimato s\u0105lygomis tiek \u0161ildymo, tiek v\u0117sinimo srityse. I\u0161maniojo \u012frenginio valdymo galimyb\u0117. <strong>\u012erenginys tinka 33-140 m\u00b2 ploto \u0161ildymui ir 33-80 m\u00b2 ploto v\u0117sinimui.<\/strong><\/p>","protected":false},"featured_media":7527,"template":"","meta":[],"product_brand":[],"product_cat":[126],"product_tag":[],"class_list":{"0":"post-6882","1":"product","2":"type-product","3":"status-publish","4":"has-post-thumbnail","6":"product_cat-konditsioneerid","8":"first","9":"instock","10":"taxable","11":"shipping-taxable","12":"purchasable","13":"product-type-simple"},"_links":{"self":[{"href":"https:\/\/westonclimate.com\/lt\/wp-json\/wp\/v2\/product\/6882","targetHints":{"allow":["GET"]}}],"collection":[{"href":"https:\/\/westonclimate.com\/lt\/wp-json\/wp\/v2\/product"}],"about":[{"href":"https:\/\/westonclimate.com\/lt\/wp-json\/wp\/v2\/types\/product"}],"version-history":[{"count":8,"href":"https:\/\/westonclimate.com\/lt\/wp-json\/wp\/v2\/product\/6882\/revisions"}],"predecessor-version":[{"id":11610,"href":"https:\/\/westonclimate.com\/lt\/wp-json\/wp\/v2\/product\/6882\/revisions\/11610"}],"wp:featuredmedia":[{"embeddable":true,"href":"https:\/\/westonclimate.com\/lt\/wp-json\/wp\/v2\/media\/7527"}],"wp:attachment":[{"href":"https:\/\/westonclimate.com\/lt\/wp-json\/wp\/v2\/media?parent=6882"}],"wp:term":[{"taxonomy":"product_brand","embeddable":true,"href":"https:\/\/westonclimate.com\/lt\/wp-json\/wp\/v2\/product_brand?post=6882"},{"taxonomy":"product_cat","embeddable":true,"href":"https:\/\/westonclimate.com\/lt\/wp-json\/wp\/v2\/product_cat?post=6882"},{"taxonomy":"product_tag","embeddable":true,"href":"https:\/\/westonclimate.com\/lt\/wp-json\/wp\/v2\/product_tag?post=6882"}],"curies":[{"name":"wp","href":"https:\/\/api.w.org\/{rel}","templated":true}]}}