{"id":6883,"date":"2025-04-12T08:50:47","date_gmt":"2025-04-12T08:50:47","guid":{"rendered":"https:\/\/wmdcompany.eu\/?post_type=product&#038;p=6883"},"modified":"2026-04-29T13:12:03","modified_gmt":"2026-04-29T13:12:03","slug":"fairy-jahutus-ja-kute-4-7-kw-4-0","status":"publish","type":"product","link":"https:\/\/westonclimate.com\/lt\/tooted\/fairy-ausinimas-ir-ausinimo-irenginys-4-7-kw-4-0\/","title":{"rendered":"FAIRY \u0160ILDYMAS IR VANDENS APSAUGA 4,7 kW 4,0"},"content":{"rendered":"<ul>\n<li><strong>PAGRINDIN\u0116S NF SERIJOS ORO \u0160ILUMOS SIURBLIO SAVYB\u0116S:<\/strong>\n<ul>\n<li>A+ energin\u0117 klas\u0117;<\/li>\n<li>Sezoninis na\u0161umo koeficientas (SCOP) 4,0;<\/li>\n<li>galingas kompresorius;<\/li>\n<li>\u0160ildymo lauko oro temperat\u016bros diapazonas -25-30 \u00b0C;<\/li>\n<li>aplinkos oro temperat\u016bros diapazonas au\u0161inimui -15+50\u00b0C;<\/li>\n<li>i\u0161manusis at\u0161ildymas.<\/li>\n<\/ul>\n<\/li>\n<li><strong>PAGRINDIN\u0116 \u012eRANGA:<\/strong>\n<ul>\n<li>septyni\u0173 vidini\u0173 komponent\u0173 grei\u010diai;<\/li>\n<li>automatinis paleidimas nutr\u016bkus elektros tiekimui;<\/li>\n<li>plaunami dulki\u0173 filtrai;<\/li>\n<li>turbo funkcija;<\/li>\n<li>i\u0161manusis i\u0161ankstinis kompresoriaus \u0161ildymas;<\/li>\n<li>norim\u0105 temperat\u016br\u0105 patikrinti nuotolinio valdymo pulte, t. y. faktin\u0117je \u017emoni\u0173 buvimo vietoje;<\/li>\n<li>laikmatis;<\/li>\n<li>turi;<\/li>\n<li>\u017eemos \u012ftampos paleidimas;<\/li>\n<li>vaik\u0173 u\u017eraktas.<\/li>\n<\/ul>\n<\/li>\n<li><strong>PAPILDOMA \u012eRANGA \u012eTRAUKTA \u012e KAIN\u0104:<\/strong>\n<ul>\n<li>galimyb\u0117 valdyti i\u0161 i\u0161maniojo \u012frenginio;<\/li>\n<li>plazminis jonizatorius;<\/li>\n<li>nordicu \u012franga;<\/li>\n<li>+8 \u00b0C i\u0161laikymo funkcija;<\/li>\n<li>energijos taupymo re\u017eimas;<\/li>\n<li>miego re\u017eimas.<\/li>\n<\/ul>\n<\/li>\n<\/ul>\n<p><strong>M\u00f5\u00f5dud (laius\/s\u00fcgavus\/k\u00f5rgus)mm, kaal (kg)<\/strong><\/p>\n<ul>\n<li>siseosa: 1122xx247x329mm, kaal 17kg<\/li>\n<li>v\u00e4lisosa: 958x402x660, kaal 42kg<\/li>\n<\/ul>","protected":false},"excerpt":{"rendered":"<p><strong>\"Weston Climate Fairy Nordic\" serijos oro \u0161ilumos siurblio oro kondicionierius (HEAT &amp; COOL 4,7 kW 4,0)<\/strong> skirtos at\u0161iaurioms \u0160iaur\u0117s \u0161ali\u0173 s\u0105lygoms. \u012erenginyje \u012fmontuota gamykloje sumontuota \u0160iaur\u0117s \u0161ali\u0173 \u017eiemos \u012franga, u\u017etikrinanti patikimum\u0105 \u0160iaur\u0117s \u0161ali\u0173 klimato s\u0105lygomis tiek \u0161ildymo, tiek v\u0117sinimo srityse. I\u0161maniojo \u012frenginio valdymo galimyb\u0117. <strong>\u012erenginys tinka 33-170 m\u00b2 ploto \u0161ildymui ir 44-100 m\u00b2 ploto v\u0117sinimui.<\/strong><\/p>\n<p>Sezoninis na\u0161umo koeficientas (SCOP) 4,0.<\/p>","protected":false},"featured_media":7527,"template":"","meta":[],"product_brand":[],"product_cat":[126],"product_tag":[],"class_list":{"0":"post-6883","1":"product","2":"type-product","3":"status-publish","4":"has-post-thumbnail","6":"product_cat-konditsioneerid","8":"first","9":"instock","10":"taxable","11":"shipping-taxable","12":"purchasable","13":"product-type-simple"},"_links":{"self":[{"href":"https:\/\/westonclimate.com\/lt\/wp-json\/wp\/v2\/product\/6883","targetHints":{"allow":["GET"]}}],"collection":[{"href":"https:\/\/westonclimate.com\/lt\/wp-json\/wp\/v2\/product"}],"about":[{"href":"https:\/\/westonclimate.com\/lt\/wp-json\/wp\/v2\/types\/product"}],"version-history":[{"count":6,"href":"https:\/\/westonclimate.com\/lt\/wp-json\/wp\/v2\/product\/6883\/revisions"}],"predecessor-version":[{"id":11611,"href":"https:\/\/westonclimate.com\/lt\/wp-json\/wp\/v2\/product\/6883\/revisions\/11611"}],"wp:featuredmedia":[{"embeddable":true,"href":"https:\/\/westonclimate.com\/lt\/wp-json\/wp\/v2\/media\/7527"}],"wp:attachment":[{"href":"https:\/\/westonclimate.com\/lt\/wp-json\/wp\/v2\/media?parent=6883"}],"wp:term":[{"taxonomy":"product_brand","embeddable":true,"href":"https:\/\/westonclimate.com\/lt\/wp-json\/wp\/v2\/product_brand?post=6883"},{"taxonomy":"product_cat","embeddable":true,"href":"https:\/\/westonclimate.com\/lt\/wp-json\/wp\/v2\/product_cat?post=6883"},{"taxonomy":"product_tag","embeddable":true,"href":"https:\/\/westonclimate.com\/lt\/wp-json\/wp\/v2\/product_tag?post=6883"}],"curies":[{"name":"wp","href":"https:\/\/api.w.org\/{rel}","templated":true}]}}